{"id":871,"date":"2014-11-28T20:38:29","date_gmt":"2014-11-28T18:38:29","guid":{"rendered":"http:\/\/aaloe.ee\/?post_type=product&#038;p=871"},"modified":"2025-10-30T20:02:22","modified_gmt":"2025-10-30T18:02:22","slug":"aloe-first","status":"publish","type":"product","link":"https:\/\/aaloe.ee\/et\/toode\/aloe-first\/","title":{"rendered":"Aloe First"},"content":{"rendered":"<h2><span style=\"color: #99cc00;\">Aloe First\u2122<\/span><\/h2>\n<h3><strong><span style=\"color: #ff9900;\">Pihustusvedelik aaloega<\/span><\/strong><\/h3>\n<p style=\"text-align: justify;\"><span style=\"color: #999999;\">78% Aloe Verat+ 11 erinevat \u00fcrti<\/span><\/p>\n<p style=\"text-align: justify;\"><span style=\"color: #999999;\">Rahustava toimega vedelik sisaldab aaloed, taruvaiku ja 11 hoolikalt valitud taimeekstrakti. Vedelik toidab ja rahustab nahka, sellel on antibakteriaalne toime.<\/span><\/p>\n<p class=\"western\" lang=\"en-US\"><span style=\"color: #999999;\">Aaloepihusti on asendamatu esmaabivahend, mis sisaldab suures koguses aaloegeeli ja teisi nahaprobleemide vastu aitavaid koostisaineid:<\/span><\/p>\n<ul>\n<li><span style=\"color: #999999;\">taruvaik parandab aaloegeeli kaitsvaid ja p\u00f5letikuvastaseid omadusi,<\/span><\/li>\n<li><span style=\"color: #999999;\">allantoiin on naha kaitsekomponent,<\/span><\/li>\n<li><span style=\"color: #999999;\">ravimtaimed &#8211; saialill, raudrohi, liivatee, kummel, v\u00f5ilill, eukal\u00fcpt, kannatuslill, ingver, kurgirohi, sandlipuu.<\/span><\/li>\n<\/ul>\n<p><span style=\"color: #999999;\">Kasutamine:<\/span><\/p>\n<ul>\n<li><span style=\"color: #999999;\">desinfitseerib marrastuste, nahavigastuste ja -infektsioonide korral<\/span><\/li>\n<li><span style=\"color: #999999;\">valuvaigistava ja rahustava toimega &#8211; p\u00f5letushaavad<\/span><\/li>\n<li><span style=\"color: #999999;\">antibakteriaalse toimega<\/span><\/li>\n<li><span style=\"color: #999999;\">s\u00fcgavalt niisutav ja toitev &#8211; p\u00e4ikesep\u00f5letus<\/span><\/li>\n<li><span style=\"color: #999999;\">turseid alandav &#8211; p\u00f5letikud v\u00f5i sporditraumad<\/span><\/li>\n<li><span style=\"color: #999999;\">s\u00fcgelusevastane toime &#8211; putukahammustused, allergiad, l\u00f6\u00f6bed, dermatiit<\/span><\/li>\n<li><span style=\"color: #999999;\">haavad paranevad kiirelt ning suuremate k\u00e4rnadeta<\/span><\/li>\n<li><span style=\"color: #999999;\">lamatiste puhul<\/span><\/li>\n<li><span style=\"color: #999999;\">nohu puhul pihustada nina\u00f5\u00f5nde &#8211; alandab limaskesta turset<\/span><\/li>\n<li><span style=\"color: #999999;\">kurguvalu puhul pihustada kurku<\/span><\/li>\n<li><span style=\"color: #999999;\">palavikukompressina v\u00e4ikelastele<\/span><\/li>\n<li><span style=\"color: #999999;\">peale epileerimist ja raseerimist<\/span><\/li>\n<li><span style=\"color: #999999;\">enne juuste v\u00e4rvimist ning keemilist lokki pihustada juustesse ja peanahale<\/span><\/li>\n<li><span style=\"color: #999999;\">kaitseb juukseid p\u00e4ikese ja kloori kahjuliku m\u00f5ju eest<\/span><\/li>\n<li><span style=\"color: #999999;\">aitab taastada juuksekasvu, kasutada koos aaloe-jojoba\u0161ampooniga.<\/span><\/li>\n<\/ul>\n<p style=\"text-align: justify;\"><span style=\"color: #999999;\">473ml<\/span><\/p>\n<p><span style=\"color: #999999;\"><span style=\"color: #ff9900;\">Vaata :<\/span><\/span> <span style=\"color: #999999;\">Aloe First\u2122<\/span>\u00a0<span style=\"color: #99cc00;\"> <a style=\"color: #99cc00;\" href=\"http:\/\/aaloe.ee\/wp-content\/uploads\/2014\/11\/kood-40.pdf\">kood 40<\/a><\/span><strong><br \/>\n<\/strong><\/p>\n","protected":false},"excerpt":{"rendered":"<h3><span style=\"color: #ff9900;\">Pihustusvedelik aaloega<\/span><\/h3>\n<p><span style=\"color: #999999;\">\u201eAloe First\u201c on esmaabivahend nahainfektsioonide ja p\u00f5letiku vastu.<\/span><\/p>\n<p><span style=\"color: #999999;\">Rahustava toimega vedelik sisaldab aaloed, taruvaiku ja 11 hoolikalt valitud taimeekstrakti. Vedelik toidab ja rahustab nahka, sellel on antibakteriaalne toime.<\/span><\/p>\n<p><span style=\"color: #999999;\">473ml<\/span><\/p>\n<p><span style=\"color: #999999;\"><strong>Kood:<\/strong> 40<\/span><\/p>\n","protected":false},"featured_media":4074,"template":"","meta":[],"product_brand":[],"product_cat":[171,185],"product_tag":[],"class_list":{"0":"post-871","1":"product","2":"type-product","3":"status-publish","4":"has-post-thumbnail","6":"product_cat-hygieen-suuhooldus","7":"product_cat-personaalhooldus","9":"first","10":"instock","11":"taxable","12":"shipping-taxable","13":"purchasable","14":"product-type-simple"},"jetpack_sharing_enabled":true,"_links":{"self":[{"href":"https:\/\/aaloe.ee\/et\/wp-json\/wp\/v2\/product\/871","targetHints":{"allow":["GET"]}}],"collection":[{"href":"https:\/\/aaloe.ee\/et\/wp-json\/wp\/v2\/product"}],"about":[{"href":"https:\/\/aaloe.ee\/et\/wp-json\/wp\/v2\/types\/product"}],"wp:featuredmedia":[{"embeddable":true,"href":"https:\/\/aaloe.ee\/et\/wp-json\/wp\/v2\/media\/4074"}],"wp:attachment":[{"href":"https:\/\/aaloe.ee\/et\/wp-json\/wp\/v2\/media?parent=871"}],"wp:term":[{"taxonomy":"product_brand","embeddable":true,"href":"https:\/\/aaloe.ee\/et\/wp-json\/wp\/v2\/product_brand?post=871"},{"taxonomy":"product_cat","embeddable":true,"href":"https:\/\/aaloe.ee\/et\/wp-json\/wp\/v2\/product_cat?post=871"},{"taxonomy":"product_tag","embeddable":true,"href":"https:\/\/aaloe.ee\/et\/wp-json\/wp\/v2\/product_tag?post=871"}],"curies":[{"name":"wp","href":"https:\/\/api.w.org\/{rel}","templated":true}]}}