{"id":866,"date":"2014-11-28T20:30:40","date_gmt":"2014-11-28T18:30:40","guid":{"rendered":"http:\/\/aaloe.ee\/?post_type=product&#038;p=866"},"modified":"2025-10-30T20:03:26","modified_gmt":"2025-10-30T18:03:26","slug":"aloe-msm-gel","status":"publish","type":"product","link":"https:\/\/aaloe.ee\/et\/toode\/aloe-msm-gel\/","title":{"rendered":"Aloe MSM Gel"},"content":{"rendered":"<h3><span style=\"color: #99cc00;\">Aloe MSM Gel\u2122<\/span><\/h3>\n<h3><span style=\"color: #ff9900;\">Aaloegeel loodusliku v\u00e4\u00e4vliga (MSM)<\/span><\/h3>\n<p><span style=\"color: #999999;\">ALOE MSM GEL \u2013 Orgaanilise v\u00e4\u00e4vli (MSM) puudus t\u00e4nap\u00e4eval inimese organismis on \u00fcha sagedasem mitmesuguste terviseprobleemide p\u00f5hjuseks. Selle elemendi vajakaj\u00e4\u00e4mise korral kannatab tugi- ja liikumisaparaat. K\u00f5hrkoe rakuseinad kaotavad neile iseloomuliku l\u00e4bilaskvuse ning hakkavad n\u00f5rgemini omastama toitaineid. Kui see protsess j\u00e4tkub pikema aja jooksul, v\u00f5ivad alguse saada p\u00f5letikulised protsessi<span class=\"text_exposed_show\">d. Orgaanilise v\u00e4\u00e4vli puuduj\u00e4\u00e4gi korral organismis aeglustub juuste ja k\u00fc\u00fcnte kasv, v\u00e4heneb nahaaluse kollageeni tootmine, suureneb tselluliidi tekke t\u00f5en\u00e4osus, nahale ilmuvad vistrikud ning see muutub tundlikuks mistahes allergia suhtes.<br \/>\nFirma Forever Living Products toodetav aaloe MSM geel on kudede poolt kergesti omastatav vahend, mis leevendab v\u00e4\u00e4vli puudust organismis. Selle toote peamisteks koostisosadeks on stabiliseeritud Aloe Vera geel, orgaaniline v\u00e4\u00e4vel (MSM) ja taimeekstraktid. See on l\u00e4bipaistev, riideid mitte m\u00e4\u00e4riv vahend. Stabiliseeritud geeli \u00fcks koostisosa \u2013 ligniin \u2013 tagab geeli s\u00fcgavale nahka imendumise ning orgaanilise v\u00e4\u00e4vli (MSM) kudedesse tungimise. Meie liigeste painduvus ja v\u00e4limus olenevad suurel m\u00e4\u00e4ral kogu organismi k\u00f5hrkoe seisundist. Selle koe p\u00f5hiliseks ehitusmaterjaliks ning vananemis-, ja degeneratsiooniprotsesside<wbr \/> eest kaitsvaks elemendiks on orgaaniline v\u00e4\u00e4vel.<br \/>\nLooduslik orgaaniline v\u00e4\u00e4vel MSM (met\u00fc\u00fclsulfon\u00fcmetaan) on sidekoe ja liigeste peamine koostisosa. Seda leidub organismi igas rakus. MSM toimib p\u00f5letikuvastaselt ja valuvaigistavalt.<br \/>\nAaloe MSM geel toimib t\u00f5husalt paljudel puhkudel:<br \/>\n\u2022 sobib ideaalselt valulikele ja kangetele liigestele<br \/>\n\u2022 imep\u00e4rane vahend lihaste ja k\u00f5\u00f5luste venituse korral<br \/>\n\u2022 v\u00e4hendab reumaatilisi lihasvalusid<br \/>\n\u2022 t\u00f5hus sporditraumade korral<br \/>\n\u2022 parandab pindmiste haavade ja p\u00f5letuste paranemist<br \/>\n\u2022 kiirendab k\u00fc\u00fcneplaadi keratiniseerumisprotsesse<br \/>\n\u2022 aitab vistrike puhul<br \/>\n\u2022 parandab juuksekasvu<br \/>\n\u2022 peatab juuste v\u00e4ljalangemise eriti rasvase peanaha korral<br \/>\n\u2022 hoiab \u00e4ra nahaaluse kollageeni kadumist<br \/>\n\u2022 soodustab tselluliidi tekkep\u00f5hjuste k\u00f5rvaldamist<br \/>\n\u2022 veenilaienditele<br \/>\nMSM geel kantakse otse valulikule kohale. \u00d5rnalt masseerides h\u00f5\u00f5rutakse see naha sisse. Suurte valude korral on tarvis protseduuri korrata. Aaloe koostisesse kuuluv ligniin soodustab orgaanilise v\u00e4\u00e4vli ja preparaadi teiste koostisosade tungimist valutekitavasse kohta (elundisse), mida on tarvis taastada. See geel on valuvaigistav vahend ilma k\u00f5rvaltoimeta. Aaloe MSM geel on suurep\u00e4rane p\u00f5letikuvastane ja rahustav vahend. <\/span><\/span><\/p>\n<p><span style=\"color: #999999;\">118ml<\/span><\/p>\n<p><span style=\"color: #ff9900;\"><strong><span style=\"color: #99cc00;\">Vaata :<\/span> <\/strong>Aloe MSM Gel\u2122<\/span><span style=\"color: #99cc00;\"> <a style=\"color: #99cc00;\" href=\"http:\/\/aaloe.ee\/wp-content\/uploads\/2014\/11\/kood-205.pdf\">kood 205<\/a><\/span><strong><br \/>\n<\/strong><\/p>\n","protected":false},"excerpt":{"rendered":"<h3><span style=\"color: #ff9900;\">Aaloegeel loodusliku v\u00e4\u00e4vliga (MSM)<\/span><\/h3>\n<p><span style=\"color: #999999;\">40% Aloe Verat<\/span><\/p>\n<p style=\"text-align: justify;\"><span style=\"color: #999999;\">Geel sisaldab aaloed, MSMi (orgaanilist v\u00e4\u00e4vlit) ja ravimtaimede ekstrakte, mis leevendavad pehmete kudede, lihaste ja liigeste valu, p\u00f5letikku ning annavad reipust. See l\u00e4bipaistev, l\u00f5hnatu, riideid mittem\u00e4\u00e4riv geel on v\u00e4\u00e4rt vahend spordis\u00f5pradele.<\/span><\/p>\n<p><span style=\"color: #999999;\">118ml<\/span><\/p>\n<p><span style=\"color: #999999;\"><strong>Kood:<\/strong> 205<\/span><\/p>\n","protected":false},"featured_media":4076,"template":"","meta":[],"product_brand":[],"product_cat":[185],"product_tag":[],"class_list":{"0":"post-866","1":"product","2":"type-product","3":"status-publish","4":"has-post-thumbnail","6":"product_cat-personaalhooldus","8":"first","9":"instock","10":"taxable","11":"shipping-taxable","12":"purchasable","13":"product-type-simple"},"jetpack_sharing_enabled":true,"_links":{"self":[{"href":"https:\/\/aaloe.ee\/et\/wp-json\/wp\/v2\/product\/866","targetHints":{"allow":["GET"]}}],"collection":[{"href":"https:\/\/aaloe.ee\/et\/wp-json\/wp\/v2\/product"}],"about":[{"href":"https:\/\/aaloe.ee\/et\/wp-json\/wp\/v2\/types\/product"}],"wp:featuredmedia":[{"embeddable":true,"href":"https:\/\/aaloe.ee\/et\/wp-json\/wp\/v2\/media\/4076"}],"wp:attachment":[{"href":"https:\/\/aaloe.ee\/et\/wp-json\/wp\/v2\/media?parent=866"}],"wp:term":[{"taxonomy":"product_brand","embeddable":true,"href":"https:\/\/aaloe.ee\/et\/wp-json\/wp\/v2\/product_brand?post=866"},{"taxonomy":"product_cat","embeddable":true,"href":"https:\/\/aaloe.ee\/et\/wp-json\/wp\/v2\/product_cat?post=866"},{"taxonomy":"product_tag","embeddable":true,"href":"https:\/\/aaloe.ee\/et\/wp-json\/wp\/v2\/product_tag?post=866"}],"curies":[{"name":"wp","href":"https:\/\/api.w.org\/{rel}","templated":true}]}}