{"id":849,"date":"2014-11-28T20:08:15","date_gmt":"2014-11-28T18:08:15","guid":{"rendered":"http:\/\/aaloe.ee\/?post_type=product&#038;p=849"},"modified":"2025-10-30T20:04:22","modified_gmt":"2025-10-30T18:04:22","slug":"aloe-scrub","status":"publish","type":"product","link":"https:\/\/aaloe.ee\/et\/toode\/aloe-scrub\/","title":{"rendered":"Aloe Scrub &#8211; Aaloekoorija"},"content":{"rendered":"<h3><span style=\"color: #99cc00;\">Aloe Scrub\u2122<\/span><\/h3>\n<h3><span style=\"color: #ff9900;\">Aaloekoorija<\/span><\/h3>\n<p><span style=\"color: #999999;\">31% Aloe Verat<\/span><\/p>\n<p style=\"text-align: justify;\"><span style=\"color: #999999;\">\u00d5rn nahakoorija, milles ei sisaldu teravaid koostisosi. Jojoba\u00f5li mikroosakesed puhastavad \u00f5rnalt nahka ning eemaldavad t\u00f5husalt sarvestunud nahakihi. Aaloega koorija eemaldab surnud naharakud ning valmistab naha ette niisutuseks.<\/span><\/p>\n<p><span style=\"color: #999999;\">Aaloekoorija eemaldab surnud naharakkude kihi, valmistab naha niisutuseks ette ning stimuleerib uute rakkude kasvu.<\/span><\/p>\n<p><span style=\"color: #999999;\">Aaloekoorija on \u00f5rn, h\u00e4stipuhastav nahahooldusvahend igap\u00e4evaseks kasutuseks.<\/span><\/p>\n<p><span style=\"color: #999999;\">Kasutamine: Kandke koorija m\u00e4rjale nahale ning masseerige nahka 2-3 minutit \u00f5rnalt s\u00f5rmeotstega ringjaid liigutusi tehes. Vajadusel korrake protseduuri. Seej\u00e4rel peske koorija veega p\u00f5hjalikult maha ning kuivatage nahk. V\u00e4ltige silma sattumist.<\/span><\/p>\n<p><span style=\"color: #999999;\">99g<\/span><\/p>\n<p><span style=\"color: #999999;\"><span style=\"color: #ff9900;\">Vaata : Aloe Scrub\u2122<\/span>\u00a0<\/span> <span style=\"color: #99cc00;\"><a style=\"color: #99cc00;\" href=\"http:\/\/aaloe.ee\/wp-content\/uploads\/2014\/11\/kood-238.pdf\">kood 238<\/a><\/span><strong><br \/>\n<\/strong><\/p>\n","protected":false},"excerpt":{"rendered":"<h3><span style=\"color: #ff9900;\">Aaloekoorija<\/span><\/h3>\n<p><span style=\"color: #999999;\">31% Aloe Verat<\/span><\/p>\n<p><span style=\"color: #999999;\">\u00d5rn nahakoorija, milles ei sisaldu teravaid aineid. Jojooba\u00f5li mikroosakesed puhastavad \u00f5rnalt nahka ning eemaldavad t\u00f5husalt sarvestunud nahakihi.<\/span><\/p>\n<p><span style=\"color: #999999;\"><strong>KOGUS:\u00a0<\/strong>\u00a099g<\/span><\/p>\n<p><span style=\"color: #999999;\"><strong>KOOD:<\/strong> 238<\/span><\/p>\n","protected":false},"featured_media":4070,"template":"","meta":[],"product_brand":[],"product_cat":[171,185],"product_tag":[],"class_list":{"0":"post-849","1":"product","2":"type-product","3":"status-publish","4":"has-post-thumbnail","6":"product_cat-hygieen-suuhooldus","7":"product_cat-personaalhooldus","9":"first","10":"instock","11":"taxable","12":"shipping-taxable","13":"purchasable","14":"product-type-simple"},"jetpack_sharing_enabled":true,"_links":{"self":[{"href":"https:\/\/aaloe.ee\/et\/wp-json\/wp\/v2\/product\/849","targetHints":{"allow":["GET"]}}],"collection":[{"href":"https:\/\/aaloe.ee\/et\/wp-json\/wp\/v2\/product"}],"about":[{"href":"https:\/\/aaloe.ee\/et\/wp-json\/wp\/v2\/types\/product"}],"wp:featuredmedia":[{"embeddable":true,"href":"https:\/\/aaloe.ee\/et\/wp-json\/wp\/v2\/media\/4070"}],"wp:attachment":[{"href":"https:\/\/aaloe.ee\/et\/wp-json\/wp\/v2\/media?parent=849"}],"wp:term":[{"taxonomy":"product_brand","embeddable":true,"href":"https:\/\/aaloe.ee\/et\/wp-json\/wp\/v2\/product_brand?post=849"},{"taxonomy":"product_cat","embeddable":true,"href":"https:\/\/aaloe.ee\/et\/wp-json\/wp\/v2\/product_cat?post=849"},{"taxonomy":"product_tag","embeddable":true,"href":"https:\/\/aaloe.ee\/et\/wp-json\/wp\/v2\/product_tag?post=849"}],"curies":[{"name":"wp","href":"https:\/\/api.w.org\/{rel}","templated":true}]}}