{"id":844,"date":"2014-11-28T20:00:10","date_gmt":"2014-11-28T18:00:10","guid":{"rendered":"http:\/\/aaloe.ee\/?post_type=product&#038;p=844"},"modified":"2025-10-30T20:05:24","modified_gmt":"2025-10-30T18:05:24","slug":"aloe-propolis-creme","status":"publish","type":"product","link":"https:\/\/aaloe.ee\/et\/toode\/aloe-propolis-creme\/","title":{"rendered":"Taruvaiguga aaloekreem"},"content":{"rendered":"<h3><span style=\"color: #99cc00;\">Aloe Propolis Creme\u2122<\/span><\/h3>\n<h3><span style=\"color: #ff9900;\">Taruvaiguga aaloekreem<\/span><\/h3>\n<p><span style=\"color: #999999;\">74% Aloe Verat<\/span><\/p>\n<p><span style=\"color: #999999;\">Taruvaik t\u00f5stab esile aaloegeeli omadused. Need kaks komponenti sobivad v\u00e4ga h\u00e4sti kokku, kaitstes nahka keskkonna kahjuliku m\u00f5ju eest. E\u00ad-vitamiin aeglustab naha vananemisprotsessi, olles samas kerge ultraviolettkiirte filter. A\u00ad-vitamiini nimetatakse nahavitamiiniks \u0096- see on vajalik nahakudede uuenemiseks. C\u00ad-vitamiin on tarvilik sidekudede normaalseks funktsioneerimiseks.<\/span><\/p>\n<p><span style=\"color: #999999;\">Taruvaiguga aaloekreem on meeldiva l\u00f5hna ja tihke tekstuuriga. See sobib kasutamiseks \u00fclikuiva naha korral &#8211; k\u00e4tel, k\u00fc\u00fcnarnukkidel, p\u00f5lvedel, kandadel. V\u00e4ga hea abimees kannal\u00f5hede korral. Eriti hea on kreem probleemsel nahal, leevendades s\u00fcgelust ja ketendust ekseemide, allergiate, psoriaasi puhul.<\/span><\/p>\n<p><span style=\"color: #999999;\">Kreem ei sisalda vett, seet\u00f5ttu sobib see ideaalselt kasutamiseks k\u00fclmal aastaajal tuulest, k\u00fclmast ja muutlikust ilmast r\u00e4situd nahale.<\/span><\/p>\n<p><span style=\"color: #999999;\">\u0095 Sobib k\u00f5ikidele nahat\u00fc\u00fcpidele.<\/span><br \/>\n<span style=\"color: #999999;\">\u0095 Rahustava toimega.<\/span><br \/>\n<span style=\"color: #999999;\">\u0095 Suurep\u00e4rane niisutaja ja p\u00f5letikuvastane vahend.<\/span><\/p>\n<p><span style=\"color: #999999;\">113ml<\/span><\/p>\n<p><span style=\"color: #ff9900;\"><span style=\"color: #99cc00;\"><strong>Vaata:<\/strong><\/span> Aloe Propolis Creme\u2122\u00a0<\/span> <span style=\"color: #99cc00;\"><a style=\"color: #99cc00;\" href=\"http:\/\/aaloe.ee\/wp-content\/uploads\/2014\/11\/kood-51.pdf\">kood 51<\/a><\/span><strong><br \/>\n<\/strong><\/p>\n<p>&nbsp;<\/p>\n","protected":false},"excerpt":{"rendered":"<p><span style=\"color: #999999;\">74% Aloe Verat<\/span><\/p>\n<p style=\"text-align: justify;\"><span style=\"color: #999999;\">Kreem sobib ise\u00e4ranis tuule ja k\u00fclma r\u00e4situd ning muutlikust ilmast m\u00f5jutatud nahale. Kreem ei sisalda vett, seep\u00e4rast sobib see ideaalselt k\u00fclmaks aastaajaks. Aaloe ja taruvaik on koosluses kummeli, A- ja E-vitamiiniga.<\/span><\/p>\n<p><span style=\"color: #999999;\">113ml<\/span><\/p>\n<p><span style=\"color: #999999;\"><strong>Kood:<\/strong> <\/span>51<\/p>\n<p>&nbsp;<\/p>\n","protected":false},"featured_media":4963,"template":"","meta":[],"product_brand":[],"product_cat":[185],"product_tag":[],"class_list":{"0":"post-844","1":"product","2":"type-product","3":"status-publish","4":"has-post-thumbnail","6":"product_cat-personaalhooldus","8":"first","9":"instock","10":"taxable","11":"shipping-taxable","12":"purchasable","13":"product-type-simple"},"jetpack_sharing_enabled":true,"_links":{"self":[{"href":"https:\/\/aaloe.ee\/et\/wp-json\/wp\/v2\/product\/844","targetHints":{"allow":["GET"]}}],"collection":[{"href":"https:\/\/aaloe.ee\/et\/wp-json\/wp\/v2\/product"}],"about":[{"href":"https:\/\/aaloe.ee\/et\/wp-json\/wp\/v2\/types\/product"}],"wp:featuredmedia":[{"embeddable":true,"href":"https:\/\/aaloe.ee\/et\/wp-json\/wp\/v2\/media\/4963"}],"wp:attachment":[{"href":"https:\/\/aaloe.ee\/et\/wp-json\/wp\/v2\/media?parent=844"}],"wp:term":[{"taxonomy":"product_brand","embeddable":true,"href":"https:\/\/aaloe.ee\/et\/wp-json\/wp\/v2\/product_brand?post=844"},{"taxonomy":"product_cat","embeddable":true,"href":"https:\/\/aaloe.ee\/et\/wp-json\/wp\/v2\/product_cat?post=844"},{"taxonomy":"product_tag","embeddable":true,"href":"https:\/\/aaloe.ee\/et\/wp-json\/wp\/v2\/product_tag?post=844"}],"curies":[{"name":"wp","href":"https:\/\/api.w.org\/{rel}","templated":true}]}}