{"id":838,"date":"2014-11-28T19:42:25","date_gmt":"2014-11-28T17:42:25","guid":{"rendered":"http:\/\/aaloe.ee\/?post_type=product&#038;p=838"},"modified":"2025-10-30T20:07:02","modified_gmt":"2025-10-30T18:07:02","slug":"aloe-moisturizing-lotion","status":"publish","type":"product","link":"https:\/\/aaloe.ee\/et\/toode\/aloe-moisturizing-lotion\/","title":{"rendered":"Niisutav aaloekreem"},"content":{"rendered":"<h2><span style=\"color: #008000;\"><span style=\"color: #99cc00;\">Aloe Moisturizing Lotion\u2122<\/span><strong><br \/>\n<\/strong><\/span><\/h2>\n<h3><span style=\"color: #ff9900;\">Niisutav aaloekreem<\/span><\/h3>\n<p><span style=\"color: #999999;\">36% Aloe Verat<\/span><\/p>\n<p class=\"western\" lang=\"en-US\"><span style=\"color: #999999;\">P\u00e4ike, tuul ja saastunud \u00f5hk avaldavad iga p\u00e4ev nahale negatiivset m\u00f5ju. Niisutav aaloekreem on nahale selle keskkonna kahjulikkuse vastu asendamatu abimees.<\/span><\/p>\n<p class=\"western\" lang=\"en-US\"><span style=\"color: #999999;\">Aaloekreem on v\u00f5rratu niisutaja, see ei lase niiskusel naha kaudu aurustuda. Toode sisaldab elastiini ja kollageeni, mis aitavad nahal sileda, pehme ja elastsena p\u00fcsida. Niisutav aaloekreem on rikkaliku tekstuuriga ning sobib mitte \u00fcksnes naha kaotatud niiskuse taastamiseks, vaid muudab selle ka pehmemaks ja siidjaks.<\/span><\/p>\n<p class=\"western\" lang=\"en-US\"><span style=\"color: #999999;\">Niisutavat aaloekreemi v\u00f5ib kasutada n\u00e4o-, k\u00e4te- ja kehakreemina. See tungib s\u00fcgavale rakkudesse ja aitab vastu seista vananemisprotsessile.<\/span><\/p>\n<p class=\"western\" lang=\"en-US\"><span style=\"color: #999999;\">Niisutav aaloekreem on suurep\u00e4rane jumestuse aluskreemina.<\/span><\/p>\n<p class=\"western\" lang=\"en-US\"><span lang=\"et-EE\" style=\"color: #999999;\">\u00a0<\/span><span style=\"color: #999999;\">118 ml<\/span><\/p>\n<p><span style=\"color: #ff9900;\"><strong><span style=\"color: #99cc00;\">Vaata:<\/span><\/strong> Aloe Moisturizing Lotion\u2122\u00a0<\/span><span style=\"color: #99cc00;\"> <a style=\"color: #99cc00;\" href=\"http:\/\/aaloe.ee\/wp-content\/uploads\/2014\/11\/kood-63.pdf\">kood 63<\/a><\/span><strong><br \/>\n<\/strong><\/p>\n","protected":false},"excerpt":{"rendered":"<p><span style=\"color: #999999;\">36% Aloe Verat<\/span><\/p>\n<p><span style=\"color: #999999;\">Rikkaliku tekstuuriga niisutavat kreemi v\u00f5ib kasutada n\u00e4o-, k\u00e4te- ja kehakreemina, see imendub kiiresti ja s\u00fcgavale, niisutades nahka \u00fclih\u00e4sti. Sisaldab kollageeni ja elastiini, mis aitavad s\u00e4ilitada sileda ja elastse naha ning v\u00f5itlevad vananemisprotsesside vastu. Kreem sobib suurep\u00e4raselt jumestuse aluskreemiks. Lanoliinivaba.<\/span><\/p>\n<p><span style=\"color: #999999;\">118 ml<\/span><\/p>\n<p><span style=\"color: #999999;\"><strong>Kood:<\/strong> 63<\/span><\/p>\n","protected":false},"featured_media":4084,"template":"","meta":[],"product_brand":[],"product_cat":[185,182],"product_tag":[],"class_list":{"0":"post-838","1":"product","2":"type-product","3":"status-publish","4":"has-post-thumbnail","6":"product_cat-personaalhooldus","7":"product_cat-nahahooldus","9":"first","10":"instock","11":"taxable","12":"shipping-taxable","13":"purchasable","14":"product-type-simple"},"jetpack_sharing_enabled":true,"_links":{"self":[{"href":"https:\/\/aaloe.ee\/et\/wp-json\/wp\/v2\/product\/838","targetHints":{"allow":["GET"]}}],"collection":[{"href":"https:\/\/aaloe.ee\/et\/wp-json\/wp\/v2\/product"}],"about":[{"href":"https:\/\/aaloe.ee\/et\/wp-json\/wp\/v2\/types\/product"}],"wp:featuredmedia":[{"embeddable":true,"href":"https:\/\/aaloe.ee\/et\/wp-json\/wp\/v2\/media\/4084"}],"wp:attachment":[{"href":"https:\/\/aaloe.ee\/et\/wp-json\/wp\/v2\/media?parent=838"}],"wp:term":[{"taxonomy":"product_brand","embeddable":true,"href":"https:\/\/aaloe.ee\/et\/wp-json\/wp\/v2\/product_brand?post=838"},{"taxonomy":"product_cat","embeddable":true,"href":"https:\/\/aaloe.ee\/et\/wp-json\/wp\/v2\/product_cat?post=838"},{"taxonomy":"product_tag","embeddable":true,"href":"https:\/\/aaloe.ee\/et\/wp-json\/wp\/v2\/product_tag?post=838"}],"curies":[{"name":"wp","href":"https:\/\/api.w.org\/{rel}","templated":true}]}}