{"id":824,"date":"2014-11-28T19:21:22","date_gmt":"2014-11-28T17:21:22","guid":{"rendered":"http:\/\/aaloe.ee\/?post_type=product&#038;p=824"},"modified":"2025-10-30T20:08:20","modified_gmt":"2025-10-30T18:08:20","slug":"aloe-vera-gelly","status":"publish","type":"product","link":"https:\/\/aaloe.ee\/et\/toode\/aloe-vera-gelly\/","title":{"rendered":"Aloe Vera Gelly &#8211; Aaloegeel"},"content":{"rendered":"<h3><span style=\"color: #99cc00;\">Aloe Vera Gelly\u2122<\/span><\/h3>\n<h3><span style=\"color: #ff9900;\">Aaloegeel<\/span><\/h3>\n<p class=\"western\" lang=\"en-US\"><span style=\"color: #999999;\">Aaloed on iidsetest aegadest kasutatud naha\u00e4rrituste leevendamiseks. Aaloegeel on v\u00e4rvitu, niisutav, rahustav ja toitev nahahooldusvahend, mis on valmistatud 3-5 aastase aaloe lehe sisust. \u00d5rn stabiliseeritud geel on aaloelehe sisemusega peaaegu identne.\u00a0Hea ja vajalik toode traumade, p\u00f5letuste, p\u00f5letike, marrastuste, allergiate, naha kuivuse (n\u00e4omaskina, kehale), sinikate, paistetuste, hambap\u00f5letike jne.. puhul. \u00a0<\/span><\/p>\n<ul>\n<li>\n<p align=\"JUSTIFY\"><span style=\"color: #999999;\">Geel toidab, niisutab ja pehmendab nahka. Tasandab armkudet \u2013 vanad armid, rasedusarmid.<\/span><\/p>\n<\/li>\n<li>\n<p align=\"JUSTIFY\"><span style=\"color: #999999;\">P\u00f5letushaavade (leegi, elektri v\u00f5i kemikaalide m\u00f5just; radiatsioonikahjustused) ja ka p\u00e4ikesep\u00f5letuse esmaabivahend. Erinevad haavad. Valuvaigistava ja s\u00fcgavalt jahutava toimega. Kiirendab naharakkude uuenemist ja kasvu.<\/span><\/p>\n<\/li>\n<li>\n<p align=\"JUSTIFY\"><span style=\"color: #999999;\">Leevendab s\u00fcgelust, p\u00f5letikku ja kipitust, alandab turseid. Suurep\u00e4rane putukahammustuste korral.<\/span><\/p>\n<\/li>\n<li>\n<p align=\"JUSTIFY\"><span style=\"color: #999999;\">Ohatiste puhul.<\/span><\/p>\n<\/li>\n<li>\n<p align=\"JUSTIFY\"><span style=\"color: #999999;\">Mehaaniliste vigastuste puhul: l\u00f6\u00f6gid, kukkumised, sporditraumad. Aitab v\u00e4ltida sinikate teket (mida kiiremini nahale peale kanda saab, seda parem tulemus; kasutada mitu korda p\u00e4evas).<\/span><\/p>\n<\/li>\n<li>\n<p align=\"JUSTIFY\"><span style=\"color: #999999;\">V\u00f5ib kasutada silmageelina nii silmade alla kui ka laugudele.<\/span><\/p>\n<\/li>\n<li>\n<p align=\"JUSTIFY\"><span style=\"color: #999999;\">Suurep\u00e4rane s\u00fcgavalt niisutavaks n\u00e4omaskiks.<\/span><\/p>\n<\/li>\n<li>\n<p align=\"JUSTIFY\"><span style=\"color: #999999;\">V\u00f5ib kasutada suu\u00f5\u00f5nes \u2013 igeme-, kurgu-, neelu-, keele-, kurgumandlip\u00f5letiku, stomatiidi, periodontiidi, limaskesta haavandite korral (soovitav kasutada koos aaloe esmaabispreiga Aloe First).<\/span><\/p>\n<\/li>\n<li>\n<p align=\"JUSTIFY\"><span style=\"color: #999999;\">Akne, furunklite ja tavaliste vistrike korral.<\/span><\/p>\n<\/li>\n<li>\n<p align=\"JUSTIFY\"><span style=\"color: #999999;\">Hea vahend peanaha toitmiseks, kui esineb ketendust v\u00f5i k\u00f5\u00f5ma. Kanda geeli peanahale ja masseerida; imendub v\u00e4ga kiiresti, aitab v\u00e4ltida juuste v\u00e4ljalangemist. Juuksurid kasutavad geeli enne juuste v\u00e4rvimist ja p\u00fcsilokkide tegemist, et kaitsta peanahka kemikaalide \u00e4rritava m\u00f5ju eest.<\/span><\/p>\n<\/li>\n<li>\n<p align=\"JUSTIFY\"><span style=\"color: #999999;\">M\u00f5jub nahahaigustele leevendavalt, nt. psoriaas, ekseemid, dermatiidid, seenhaigused (kasutada mitu korda p\u00e4evas).<\/span><\/p>\n<\/li>\n<li>\n<p align=\"JUSTIFY\"><span style=\"color: #999999;\">K\u00fclmakahjustuste puhul \u2013 aaloe parandab nahaalust verevarustust ja kiirendab naha uuenemist, seet\u00f5ttu paranevad k\u00fclmakahjustused kiiremini ning v\u00e4iksemate komplikatsioonidega.<\/span><\/p>\n<\/li>\n<li>\n<p align=\"JUSTIFY\"><span style=\"color: #999999;\">Veenilaienditele &#8211; taanduvad ja muutuvad heledamaks. Kasutada tuleb regulaarselt.<\/span><\/p>\n<\/li>\n<li>\n<p align=\"JUSTIFY\"><span style=\"color: #999999;\">Hemorroidid (regulaarselt kasutada).<\/span><\/p>\n<\/li>\n<li>\n<p align=\"JUSTIFY\"><span style=\"color: #999999;\">G\u00fcnekoloogilised probleemid (p\u00f5letikud).\u00a0<\/span><\/p>\n<\/li>\n<li>\n<p align=\"JUSTIFY\"><span style=\"color: #999999;\">Nohu puhul ninna \u2013 alandab nina limaskesta turset ja avab hingamisteed. \u00a0<\/span><\/p>\n<p align=\"JUSTIFY\"><span style=\"color: #999999;\">\u00a0Aaloegeel peaks k\u00f5igil olema esmaabikapis, sest see kulub \u00e4ra alati, kui nahal on abi vaja.<\/span><\/p>\n<\/li>\n<\/ul>\n<p class=\"western\" lang=\"en-US\"><span style=\"color: #999999;\">KASUTAMINE: Enne geeli kasutamist puhastage nahk hoolikalt kohast, kuhu soovite geeli kanda. Kasutage geeli ohtralt, vastavalt vajadusele 3-4 korda p\u00e4evas. \u00a0Aaloest on alati abi.<\/span><\/p>\n<p><span style=\"color: #999999;\">118ml<\/span><\/p>\n<p><span style=\"color: #ff9900;\">Vaata : <span style=\"color: #999999;\">Aloe Vera Gelly\u2122<\/span><\/span><span style=\"color: #999999;\">\u00a0<\/span><span style=\"color: #99cc00;\"> <a style=\"color: #99cc00;\" href=\"http:\/\/aaloe.ee\/wp-content\/uploads\/2014\/11\/kood-61.pdf\">kood 61<\/a><\/span><strong><br \/>\n<\/strong><\/p>\n","protected":false},"excerpt":{"rendered":"<p><span style=\"color: #999999;\">85% Aloe Verat<\/span><\/p>\n<p><span style=\"color: #999999;\">L\u00e4bipaitsev, niisutav, rahustav, toitev vahend on valmistatud aaloelehe siseosast. Geel on t\u00f5husaks abiks mitmesuguste nahaprobleemide korral, mist\u00f5ttu peaks see alati esmaabikarbis olema. Sobib kasutamiseks kogu perele.\u00a0<\/span><\/p>\n<p><span style=\"color: #999999;\"><strong>Kogus<\/strong>: 118 ml<\/span><\/p>\n<p><span style=\"color: #999999;\"><strong>Kood<\/strong>: 61<\/span><\/p>\n","protected":false},"featured_media":4072,"template":"","meta":[],"product_brand":[],"product_cat":[185],"product_tag":[],"class_list":{"0":"post-824","1":"product","2":"type-product","3":"status-publish","4":"has-post-thumbnail","6":"product_cat-personaalhooldus","8":"first","9":"instock","10":"taxable","11":"shipping-taxable","12":"purchasable","13":"product-type-simple"},"jetpack_sharing_enabled":true,"_links":{"self":[{"href":"https:\/\/aaloe.ee\/et\/wp-json\/wp\/v2\/product\/824","targetHints":{"allow":["GET"]}}],"collection":[{"href":"https:\/\/aaloe.ee\/et\/wp-json\/wp\/v2\/product"}],"about":[{"href":"https:\/\/aaloe.ee\/et\/wp-json\/wp\/v2\/types\/product"}],"wp:featuredmedia":[{"embeddable":true,"href":"https:\/\/aaloe.ee\/et\/wp-json\/wp\/v2\/media\/4072"}],"wp:attachment":[{"href":"https:\/\/aaloe.ee\/et\/wp-json\/wp\/v2\/media?parent=824"}],"wp:term":[{"taxonomy":"product_brand","embeddable":true,"href":"https:\/\/aaloe.ee\/et\/wp-json\/wp\/v2\/product_brand?post=824"},{"taxonomy":"product_cat","embeddable":true,"href":"https:\/\/aaloe.ee\/et\/wp-json\/wp\/v2\/product_cat?post=824"},{"taxonomy":"product_tag","embeddable":true,"href":"https:\/\/aaloe.ee\/et\/wp-json\/wp\/v2\/product_tag?post=824"}],"curies":[{"name":"wp","href":"https:\/\/api.w.org\/{rel}","templated":true}]}}