{"id":715,"date":"2014-11-27T19:53:33","date_gmt":"2014-11-27T17:53:33","guid":{"rendered":"http:\/\/aaloe.ee\/?post_type=product&#038;p=715"},"modified":"2025-10-30T20:09:20","modified_gmt":"2025-10-30T18:09:20","slug":"aloe-ever-shield-deodorant","status":"publish","type":"product","link":"https:\/\/aaloe.ee\/et\/toode\/aloe-ever-shield-deodorant\/","title":{"rendered":"Aloe Ever Shield Deodorant &#8211; Aaloega pulkdeodorant"},"content":{"rendered":"<p><span style=\"color: #999999;\"><strong><span style=\"color: #ff9900;\">Vaata ka :<\/span><span style=\"color: #ff9900;\">\u00a0<\/span><a style=\"color: #99cc00;\" href=\"http:\/\/aaloe.ee\/wp-content\/uploads\/2014\/11\/kood-67.pdf\">Aloe Ever Shield Deodorant<\/a> \u2122<\/strong><\/span><\/p>\n<p><span style=\"color: #999999;\">Aloe Ever-Shield\u201c tagab t\u00f5husa kaitse ebameeldiva higil\u00f5hna eest. Hea kaitse ebameeldiva higil\u00f5hna eest. Ei m\u00e4\u00e4ri riideid ega j\u00e4ta valgeid rante riietele. Aumiiniumsooladeta. Deodoranti v\u00f5ib kasutada kohe p\u00e4rast depilatsiooni. Aaloega deodorant pakub t\u00f5husat kaitset hommikust \u00f5htuni. \u00a0 T\u00f5hus, meeldiv, turvaline! Toode kulub aeglaselt, vastupidavus umbes aasta.<\/span><\/p>\n<p><span style=\"color: #999999;\"><span style=\"color: #99cc00;\"><strong>KASUTAMINE:<\/strong> <\/span>kandke\u00a0deodoranti iga p\u00e4ev kaenlaaluste\u00a0piirkonda.<\/span><\/p>\n<p><span style=\"color: #999999;\">Kogus: 92g<\/span><\/p>\n<p>&nbsp;<\/p>\n","protected":false},"excerpt":{"rendered":"<p><span style=\"color: #99cc00;\"><strong>Sisaldab 4,4% Aloe Verat<\/strong><\/span><\/p>\n<p><span style=\"color: #999999;\">Hea kaitse ebameeldiva higil\u00f5hna eest nii meestele kui ka naistele. Alumiiniumsooladeta. Deodoranti v\u00f5ib kasutada kohe p\u00e4rast depilatsiooni. T\u00f5hus, meeldiv, turvaline ja kestab kaua!<\/span><\/p>\n<p><span style=\"color: #999999;\"><strong>Kogus:<\/strong> 92g<\/span><\/p>\n<p><span style=\"color: #999999;\"><strong>Kood :<\/strong> 523<\/span><\/p>\n","protected":false},"featured_media":4173,"template":"","meta":[],"product_brand":[],"product_cat":[171,185],"product_tag":[],"class_list":{"0":"post-715","1":"product","2":"type-product","3":"status-publish","4":"has-post-thumbnail","6":"product_cat-hygieen-suuhooldus","7":"product_cat-personaalhooldus","9":"first","10":"instock","11":"taxable","12":"shipping-taxable","13":"purchasable","14":"product-type-simple"},"jetpack_sharing_enabled":true,"_links":{"self":[{"href":"https:\/\/aaloe.ee\/et\/wp-json\/wp\/v2\/product\/715","targetHints":{"allow":["GET"]}}],"collection":[{"href":"https:\/\/aaloe.ee\/et\/wp-json\/wp\/v2\/product"}],"about":[{"href":"https:\/\/aaloe.ee\/et\/wp-json\/wp\/v2\/types\/product"}],"wp:featuredmedia":[{"embeddable":true,"href":"https:\/\/aaloe.ee\/et\/wp-json\/wp\/v2\/media\/4173"}],"wp:attachment":[{"href":"https:\/\/aaloe.ee\/et\/wp-json\/wp\/v2\/media?parent=715"}],"wp:term":[{"taxonomy":"product_brand","embeddable":true,"href":"https:\/\/aaloe.ee\/et\/wp-json\/wp\/v2\/product_brand?post=715"},{"taxonomy":"product_cat","embeddable":true,"href":"https:\/\/aaloe.ee\/et\/wp-json\/wp\/v2\/product_cat?post=715"},{"taxonomy":"product_tag","embeddable":true,"href":"https:\/\/aaloe.ee\/et\/wp-json\/wp\/v2\/product_tag?post=715"}],"curies":[{"name":"wp","href":"https:\/\/api.w.org\/{rel}","templated":true}]}}