{"id":710,"date":"2014-11-27T19:48:03","date_gmt":"2014-11-27T17:48:03","guid":{"rendered":"http:\/\/aaloe.ee\/?post_type=product&#038;p=710"},"modified":"2025-10-30T20:10:27","modified_gmt":"2025-10-30T18:10:27","slug":"forever-bright-tooth-gel","status":"publish","type":"product","link":"https:\/\/aaloe.ee\/et\/toode\/forever-bright-tooth-gel\/","title":{"rendered":"Forever Bright ToothGel &#8211; Hambageel taruvaigu ja aaloega"},"content":{"rendered":"<p><strong><span style=\"color: #99cc00;\">Vaata ka :<\/span>\u00a0<span style=\"color: #ff9900;\"><a style=\"color: #ff9900;\" href=\"http:\/\/aaloe.ee\/wp-content\/uploads\/2014\/11\/kood-28.pdf\">Forever Bright ToothGel<\/a> \u2122<\/span><br \/>\n<\/strong><strong><span style=\"color: #99cc00;\">Vaata ka :<\/span>\u00a0<span style=\"color: #ff9900;\"><a style=\"color: #ff9900;\" href=\"http:\/\/aaloe.ee\/wp-content\/uploads\/2014\/11\/Forever-hambageel.pdf\">Forever hambageel<\/a><\/span><\/strong><\/p>\n<div class=\"_xlr\">\n<div id=\"id_58a3177626b2d2d02659632\" class=\"text_exposed_root text_exposed\" style=\"text-align: left;\"><span style=\"color: #999999;\">Forever Bright ToothGel &#8211; Hambageel<\/span><br \/>\n<span style=\"color: #999999;\"> Seda toodet loodi mitu aastat, p\u00f5hikomponendid on aaloe, taruvaik ja looduslik m\u00fcnt.<\/span><\/div>\n<div class=\"text_exposed_root text_exposed\" style=\"text-align: left;\"><span style=\"color: #999999;\">NB! Toode ei sisalda fluoriidi ja on \u00fcks parimaid saada olevaid hambageele!\u00a0Teadmiseks: fluoriid p\u00e4rsib m\u00f5ttetegevust ja suures koguses v\u00f5ib tekitada hammastele kahjustusi.<\/span><\/div>\n<div class=\"text_exposed_root text_exposed\" style=\"text-align: left;\"><span style=\"color: #999999;\">Sisaldab lisaks veel mesilasvaha, mis j\u00e4tab hambapinna libedaks (katt ei moodustu nii kiiresti)<span class=\"text_exposed_show\"><br \/>\nKasutamine: hernetera suurune kogus v\u00f5i v\u00e4hem<br \/>\nSobib ka v\u00e4ikestele lastele.<br \/>\nMiks kasutada just seda toodet:<br \/>\n\u2022 valgendab hambaid pleegitavaid aineid kasutamata<br \/>\n\u2022 igemete veritsuse ja suu\u00f5\u00f5nehaavandite korral<br \/>\n\u2022 ei lase hambakivil tekkida<br \/>\n\u2022 kui kasutad hambaniiti, eemaldab ka vana hambakivi<br \/>\n\u2022 hoiab \u00e4ra suus olevad p\u00f5letikud ja ravib vajadusel<br \/>\n\u2022 rahustab suu limaskesta<br \/>\n\u2022 ei ole alla neelates kahjulik, v\u00f5ib j\u00e4tta vajadusel (p\u00f5letike puhul) suu loputamata ja \u00fclej\u00e4\u00e4k v\u00e4lja s\u00fclitada.<br \/>\n\u2022 j\u00e4tab v\u00e4rske tunde kogu p\u00e4evaks<br \/>\n\u2022 hoiab hambapinna libeda (mesilasvaha kaitseb hamba pinda)<br \/>\n\u2022 hea, v\u00e4rske maitsega (looduslik piparm\u00fcnt)<br \/>\n\u2022 sobib ka taimetoitlasele (ei sisalda loomseid k\u00f5rvalprodukte)<br \/>\n\u2022 v\u00f5ib pesta hambaid ka LOOMADEL!<br \/>\nSobib kasutamiseks kogu perele.<\/span><\/span><\/div>\n<div class=\"text_exposed_root text_exposed\"><span class=\"text_exposed_show\" style=\"color: #999999;\"><br \/>\nKogus: 130 g\u00a0<\/span><\/div>\n<div class=\"text_exposed_root text_exposed\"><span style=\"color: #999999;\">Kood : 028<\/span><\/div>\n<div class=\"text_exposed_root text_exposed\"><span style=\"color: #999999;\">\u00a0<\/span><\/div>\n<div id=\"fbPhotoSnowliftProductsTagList\" class=\"pts fbPhotoProductsTagList\"><\/div>\n<div id=\"fbPhotoSnowliftLegacyTagList\" class=\"pts fbPhotoLegacyTagList\"><\/div>\n<div id=\"fbPhotoSnowliftCallToActionButton\" class=\"fbPhotosPhotoButtons\"><\/div>\n<div id=\"fbPhotoSnowliftOwnerButtons\" class=\"mvm fbPhotosPhotoOwnerButtons stat_elem\"><\/div>\n<div id=\"fbPhotoSnowliftOriginalStory\" class=\"_56lj\"><\/div>\n<\/div>\n<div id=\"fbPhotoSnowliftFundraiser\"><\/div>\n<div id=\"fbPhotoSnowliftSendTip\"><\/div>\n<div id=\"fbPhotoSnowliftViews\" class=\"_4p3v\"><\/div>\n<div id=\"fbPhotoSnowliftFeedback\" class=\"fbPhotosSnowliftFeedback\"><\/div>\n","protected":false},"excerpt":{"rendered":"<p><span style=\"color: #999999;\"><strong>Sisaldab 35% Aloe Verat<br \/>\nEI SISALDA FLUORIIDI!<\/strong><\/span><\/p>\n<p><span style=\"color: #999999;\">T\u00f5husa hambapuhastusvahendi aluseks on aaloegeel. Puhastab suurep\u00e4raselt hambad, ei kriimusta emaili, tagab v\u00e4rske hinge\u00f5hu. Hambageel sobib kasutamiseks tervele perele!\u00a0<\/span><\/p>\n<p><span style=\"color: #999999;\">Kogus: 130g<\/span><\/p>\n<p><span style=\"color: #999999;\">Kood : 028<\/span><\/p>\n","protected":false},"featured_media":4169,"template":"","meta":[],"product_brand":[],"product_cat":[171,185],"product_tag":[],"class_list":{"0":"post-710","1":"product","2":"type-product","3":"status-publish","4":"has-post-thumbnail","6":"product_cat-hygieen-suuhooldus","7":"product_cat-personaalhooldus","9":"first","10":"instock","11":"taxable","12":"shipping-taxable","13":"purchasable","14":"product-type-simple"},"jetpack_sharing_enabled":true,"_links":{"self":[{"href":"https:\/\/aaloe.ee\/et\/wp-json\/wp\/v2\/product\/710","targetHints":{"allow":["GET"]}}],"collection":[{"href":"https:\/\/aaloe.ee\/et\/wp-json\/wp\/v2\/product"}],"about":[{"href":"https:\/\/aaloe.ee\/et\/wp-json\/wp\/v2\/types\/product"}],"wp:featuredmedia":[{"embeddable":true,"href":"https:\/\/aaloe.ee\/et\/wp-json\/wp\/v2\/media\/4169"}],"wp:attachment":[{"href":"https:\/\/aaloe.ee\/et\/wp-json\/wp\/v2\/media?parent=710"}],"wp:term":[{"taxonomy":"product_brand","embeddable":true,"href":"https:\/\/aaloe.ee\/et\/wp-json\/wp\/v2\/product_brand?post=710"},{"taxonomy":"product_cat","embeddable":true,"href":"https:\/\/aaloe.ee\/et\/wp-json\/wp\/v2\/product_cat?post=710"},{"taxonomy":"product_tag","embeddable":true,"href":"https:\/\/aaloe.ee\/et\/wp-json\/wp\/v2\/product_tag?post=710"}],"curies":[{"name":"wp","href":"https:\/\/api.w.org\/{rel}","templated":true}]}}