{"id":705,"date":"2014-11-27T19:40:49","date_gmt":"2014-11-27T17:40:49","guid":{"rendered":"http:\/\/aaloe.ee\/?post_type=product&#038;p=705"},"modified":"2025-10-30T20:11:22","modified_gmt":"2025-10-30T18:11:22","slug":"aloe-lips","status":"publish","type":"product","link":"https:\/\/aaloe.ee\/et\/toode\/aloe-lips\/","title":{"rendered":"Aloe Lips &#8211; Huulepalsam aaloe ja taruvaiguga"},"content":{"rendered":"<h3><span style=\"color: #99cc00;\">Aloe Lips\u2122<\/span><\/h3>\n<h3><span style=\"color: #ff9900;\">Taskuapteek<\/span><\/h3>\n<p><span style=\"color: #999999;\">\u201eAloe Lips\u201c on suurep\u00e4rane\u00a0huulte hooldusvahend. T\u00e4nu\u00a0jujuubi\u00f5lile ja mesilasvahale\u00a0kaitseb see huuli igal aastaajal.\u00a0\u201eAloe Lips\u201c niisutab, toidab ja\u00a0ravib l\u00f5henenud ja kuivanud\u00a0huuli.\u00a0H\u00fcgieeniline huulepulk tasuks\u00a0endale soetada enne suusareisi,\u00a0p\u00e4ikesevanne v\u00f5i loodusmatka.\u00a0See on t\u00f5hus abimees ka\u00a0putukahammustuste, torgete,\u00a0kriimustuste ja p\u00f5letuste korral.\u00a0Huulepalsam aitab taastada karedaid ja l\u00f5henenud huuli. \u00a0Peale selle aitab huulepalsam rahustada punetavaid, kihelevaid ja \u00e4rritunud kudesid. Tegu on asendamatu tootega igap\u00e4evases nahahoolduses.<\/span><\/p>\n<p><span style=\"color: #999999;\">4,25g<\/span><\/p>\n<p><span style=\"color: #999999;\"><span style=\"color: #ff9900;\"><strong><span style=\"color: #99cc00;\">Vaata<\/span> <\/strong>: <strong>Aloe Lips\u2122<\/strong><\/span><\/span><strong><span style=\"color: #ff9900;\"> <a style=\"color: #ff9900;\" href=\"http:\/\/aaloe.ee\/wp-content\/uploads\/2014\/11\/kood-22.pdf\">kood 22<\/a><\/span><br \/>\n<\/strong><\/p>\n","protected":false},"excerpt":{"rendered":"<h2><span style=\"color: #99cc00;\">Huulepalsam aaloe ja taruvaiguga<\/span><\/h2>\n<p><span style=\"color: #999999;\">Sisaldab 35% aaloed, taruvaiku, \u00a0jujuubi\u00f5li, mesilasvaha.<\/span><br \/>\n<span style=\"color: #999999;\"> Kasutamiseks \u00a0aastaringselt nii suurtele kui ka v\u00e4ikestele: <span class=\"text_exposed_show\"><br \/>\n* huuled<br \/>\n* katkine koht<\/span><span class=\"text_exposed_show\"><br \/>\n* putukahammustused<br \/>\n* ohatised<br \/>\n* vistrikud<\/span><\/span><\/p>\n<p><span style=\"color: #999999;\">V\u00e4ga hea huulel\u00e4ige koos v\u00e4rvilise huulepulgaga kasutades!<\/span><\/p>\n","protected":false},"featured_media":4167,"template":"","meta":[],"product_brand":[],"product_cat":[171,185],"product_tag":[],"class_list":{"0":"post-705","1":"product","2":"type-product","3":"status-publish","4":"has-post-thumbnail","6":"product_cat-hygieen-suuhooldus","7":"product_cat-personaalhooldus","9":"first","10":"instock","11":"taxable","12":"shipping-taxable","13":"purchasable","14":"product-type-simple"},"jetpack_sharing_enabled":true,"_links":{"self":[{"href":"https:\/\/aaloe.ee\/et\/wp-json\/wp\/v2\/product\/705","targetHints":{"allow":["GET"]}}],"collection":[{"href":"https:\/\/aaloe.ee\/et\/wp-json\/wp\/v2\/product"}],"about":[{"href":"https:\/\/aaloe.ee\/et\/wp-json\/wp\/v2\/types\/product"}],"wp:featuredmedia":[{"embeddable":true,"href":"https:\/\/aaloe.ee\/et\/wp-json\/wp\/v2\/media\/4167"}],"wp:attachment":[{"href":"https:\/\/aaloe.ee\/et\/wp-json\/wp\/v2\/media?parent=705"}],"wp:term":[{"taxonomy":"product_brand","embeddable":true,"href":"https:\/\/aaloe.ee\/et\/wp-json\/wp\/v2\/product_brand?post=705"},{"taxonomy":"product_cat","embeddable":true,"href":"https:\/\/aaloe.ee\/et\/wp-json\/wp\/v2\/product_cat?post=705"},{"taxonomy":"product_tag","embeddable":true,"href":"https:\/\/aaloe.ee\/et\/wp-json\/wp\/v2\/product_tag?post=705"}],"curies":[{"name":"wp","href":"https:\/\/api.w.org\/{rel}","templated":true}]}}