{"id":6739,"date":"2025-11-17T18:29:39","date_gmt":"2025-11-17T16:29:39","guid":{"rendered":"https:\/\/aaloe.ee\/?post_type=product&#038;p=6739"},"modified":"2025-11-17T21:29:57","modified_gmt":"2025-11-17T19:29:57","slug":"forever-absorbent-d","status":"publish","type":"product","link":"https:\/\/aaloe.ee\/et\/toode\/forever-absorbent-d\/","title":{"rendered":"Forever Absorbent-D"},"content":{"rendered":"<p><strong><span style=\"color: #99cc00;\">Kellele see m\u00f5eldud on?<\/span><\/strong><\/p>\n<p>K\u00f5igile t\u00e4iskasvanutele, kes soovivad tagada, et nende keha saaks p\u00e4evase D-vitamiini annuse. Lisaboonusena on Forever Absorbent-D magusa ja v\u00e4rske viigikaktuse maitsega.<\/p>\n<p><strong><span style=\"color: #99cc00;\">Toote eelised:<\/span><\/strong><\/p>\n<p>D-vitamiin<br \/>\nPuuviljane n\u00e4rimistablett<br \/>\nE-vitamiin ja maitsev viigikaktus<\/p>\n<p><strong><span style=\"color: #99cc00;\">Vees ja rasvlahustuvad vitamiinid<\/span><\/strong><\/p>\n<p>Vitamiinid v\u00f5ivad olla vees lahustuvad v\u00f5i rasvlahustuvad. Nagu nimedki viitavad, viitab see sellele, kuidas vitamiine tuleks v\u00f5tta, kuid erinevus seisneb selles, kuidas keha vitamiine t\u00f6\u00f6tleb. Vees lahustuvad vitamiinid ei ladestu, vaid erituvad kehast higi ja uriiniga. K\u00f5ik B-vitamiinid ja C-vitamiin on vees lahustuvad. A-, D-, E- ja K-vitamiinid on aga rasvlahustuvad. See t\u00e4hendab, et keha ladestub rasvkoesse, et need vajadusel vabaneksid.<\/p>\n<p><strong><span style=\"color: #99cc00;\">D-vitamiin<\/span><\/strong><\/p>\n<p>D3-vitamiin on D-vitamiini vorm, mida toodetakse nahas p\u00e4ikese k\u00e4es viibides. D3-vitamiini v\u00f5ib leida ka sellistest toitudest nagu kala, liha ja munad. Forever Absorbent-D D3-vitamiini allikas on lambavill. D-vitamiin aitab kaasa normaalse lihasfunktsiooni ja immuuns\u00fcsteemi normaalsele talitlusele ning kaltsiumi ja fosfori normaalsele imendumisele.<\/p>\n<p><strong><span style=\"color: #99cc00;\">Antioks\u00fcdantne E-vitamiin<\/span><\/strong><\/p>\n<p>Lisaks D-vitamiinile sisaldab Forever Absorbent-D ka E-vitamiini. E-vitamiin on antioks\u00fcdant, mis aitab kaitsta rakke oks\u00fcdatiivse stressi eest. Nagu D-vitamiin, on see rasvlahustuv vitamiin.<\/p>\n<p><strong><span style=\"color: #99cc00;\">Armas viigikaktus<\/span><\/strong><\/p>\n<p>Forever Absorbent-D on t\u00f5eline maiuspala. See on t\u00e4nu viigikaktusele, mis maitseb nagu meloni, vaarika ja maasika kombinatsioon. See vili annab n\u00e4rimistabletile ka r\u00f5\u00f5msa roosa v\u00e4rvuse.<\/p>\n<p><strong><span style=\"color: #99cc00;\">Kasutamine:<\/span><\/strong><\/p>\n<p>Soovitatav p\u00e4evane annus: \u00dcks n\u00e4rimistablett 2 korda p\u00e4evas. Hoida tihedalt suletuna jahedas ja kuivas kohas. \u00c4rge kasutage, kui kaitseplomm on katki v\u00f5i puudub.<\/p>\n<p><span style=\"color: #ff9900;\">See toode on t\u00e4iskasvanutele m\u00f5eldud toidulisand. \u00c4rge \u00fcletage soovitatavat p\u00e4evast annust. See toidulisand ei asenda mitmekesist ja tasakaalustatud toitumist ning tervislikku eluviisi. Hoida lastele k\u00e4ttesaamatus kohas. Liigne kasutamine v\u00f5ib p\u00f5hjustada lahtistavat toimet.<\/span><\/p>\n<p><strong><span style=\"color: #808000;\">Koostisosad:<\/span><\/strong><br \/>\nMaguaine (sorbitool), fruktoos, viigikaktuse (Opuntia ficus-indica) t\u00e4ismahlapulber (11%), E-vitamiin (D-alfa-tokofer\u00fc\u00fclatsetaat), paakumisvastane aine (steariinhape, rasvhapete magneesiumisoolad, r\u00e4nidioksiid), happesuse regulaator (sidrunhape), l\u00f5hna- ja maitseained (apelsin), D-vitamiin (kolekaltsiferool).<\/p>\n<table border=\"0\" cellspacing=\"0\" cellpadding=\"0\">\n<tbody>\n<tr>\n<td class=\"xl66\" colspan=\"3\">Toitev\u00e4\u00e4rtus soovitatava p\u00e4evase annuse kohta: 2 tabletti, (% RI*):<\/td>\n<\/tr>\n<tr>\n<td class=\"xl72\"><\/td>\n<td class=\"xl73\">Kogus<\/td>\n<td class=\"xl74\">% RI*<\/td>\n<\/tr>\n<tr>\n<td class=\"xl68\">E-vitamiini (<span class=\"font6\">\u03b1<\/span><span class=\"font5\">-TE)<\/span><\/td>\n<td>24 mg<\/td>\n<td class=\"xl69\">200%<\/td>\n<\/tr>\n<tr>\n<td class=\"xl70\">D-vitamiini<\/td>\n<td class=\"xl67\">40 \u00b5g<\/td>\n<td class=\"xl71\">800%<\/td>\n<\/tr>\n<tr>\n<td class=\"xl65\" colspan=\"3\">* RI = P\u00e4evane v\u00f5rdluskogus<\/td>\n<\/tr>\n<\/tbody>\n<\/table>\n","protected":false},"excerpt":{"rendered":"<h4><span style=\"color: #ff9900;\">D-vitamiini n\u00e4rimistablett<\/span><\/h4>\n<p>D-vitamiin n\u00e4rimistableti kujul. See erkroosa toidulisand sisaldab ka E-vitamiini ja viigikaktust, mis annab sellele magusa ja v\u00e4rskendava maitse.<\/p>\n<p>60 tabletti<\/p>\n<p>Kood: 672<\/p>\n","protected":false},"featured_media":6740,"template":"","meta":[],"product_brand":[],"product_cat":[15],"product_tag":[],"class_list":{"0":"post-6739","1":"product","2":"type-product","3":"status-publish","4":"has-post-thumbnail","6":"product_cat-toidulisandid","8":"first","9":"instock","10":"taxable","11":"shipping-taxable","12":"purchasable","13":"product-type-simple"},"jetpack_sharing_enabled":true,"_links":{"self":[{"href":"https:\/\/aaloe.ee\/et\/wp-json\/wp\/v2\/product\/6739","targetHints":{"allow":["GET"]}}],"collection":[{"href":"https:\/\/aaloe.ee\/et\/wp-json\/wp\/v2\/product"}],"about":[{"href":"https:\/\/aaloe.ee\/et\/wp-json\/wp\/v2\/types\/product"}],"wp:featuredmedia":[{"embeddable":true,"href":"https:\/\/aaloe.ee\/et\/wp-json\/wp\/v2\/media\/6740"}],"wp:attachment":[{"href":"https:\/\/aaloe.ee\/et\/wp-json\/wp\/v2\/media?parent=6739"}],"wp:term":[{"taxonomy":"product_brand","embeddable":true,"href":"https:\/\/aaloe.ee\/et\/wp-json\/wp\/v2\/product_brand?post=6739"},{"taxonomy":"product_cat","embeddable":true,"href":"https:\/\/aaloe.ee\/et\/wp-json\/wp\/v2\/product_cat?post=6739"},{"taxonomy":"product_tag","embeddable":true,"href":"https:\/\/aaloe.ee\/et\/wp-json\/wp\/v2\/product_tag?post=6739"}],"curies":[{"name":"wp","href":"https:\/\/api.w.org\/{rel}","templated":true}]}}