{"id":6702,"date":"2025-10-15T21:38:17","date_gmt":"2025-10-15T18:38:17","guid":{"rendered":"https:\/\/aaloe.ee\/?post_type=product&#038;p=6702"},"modified":"2025-11-17T21:32:14","modified_gmt":"2025-11-17T19:32:14","slug":"c-vitamiiniga-kirgastav-naopiim","status":"publish","type":"product","link":"https:\/\/aaloe.ee\/et\/toode\/c-vitamiiniga-kirgastav-naopiim\/","title":{"rendered":"C-vitamiiniga kirgastav n\u00e4opiim"},"content":{"rendered":"<h4><span style=\"color: #999999;\">Loomulik kuma<\/span><\/h4>\n<p><span style=\"color: #999999;\">Alusta oma p\u00e4eva s\u00e4ravama ja s\u00e4ravama nahaga. Foreveri C-vitamiini s\u00e4ra andev n\u00e4opiim annab sinu hommikurutiinile loomuliku ja noorusliku kuma. See s\u00e4ra andev n\u00e4opiim sisaldab 6% rasvlahustuvat C-vitamiini ja sellel on siidine tekstuur, mis sulab nahka.<\/span><\/p>\n<p><span style=\"color: #999999;\"><strong>Kellele see sobib?<\/strong><\/span><\/p>\n<p><span style=\"color: #999999;\">K\u00f5igile, kes soovivad oma hommikurutiini t\u00e4iendada v\u00f5imsa, kuid \u00f5rna seerumilaadse C-vitamiiniga n\u00e4opiimaga, mis aitab nahatooni heledamaks muuta ja \u00fchtlustada. Seej\u00e4rel kanna \u00f5htul peale Forever Bakuchiol toitev n\u00e4opiim.<\/span><\/p>\n<p><span style=\"color: #999999;\"><strong>Toote eelised:<\/strong><\/span><\/p>\n<ol>\n<li><span style=\"color: #999999;\">Siidine n\u00e4opiim, mis muudab naha s\u00e4ravamaks ja s\u00e4ravamaks2.<\/span><\/li>\n<li><span style=\"color: #999999;\">Rasvlahustuv C-vitamiini vorm<\/span><\/li>\n<li><span style=\"color: #999999;\">Niisutavad koostisosad nagu jojoba, gl\u00fctseriin ja aaloe vera<\/span><\/li>\n<li><span style=\"color: #999999;\">Nahahooldus, mis sobib sinu hommikurutiini<\/span><\/li>\n<\/ol>\n<p><span style=\"color: #999999;\"><strong>C-vitamiin<\/strong><\/span><\/p>\n<p><span style=\"color: #999999;\">Foreveri C-vitamiinis kasutatav C-vitamiini vorm on tetraheks\u00fc\u00fcldets\u00fc\u00fclaskorbaat (THD), mis on stabiilne ja rasvlahustuv, v\u00f5imaldades sellel toimida kauem kui vees lahustuvatel vormidel. C-vitamiin aitab \u00fchtlustada nahatooni, v\u00e4hendada tumedate laikude n\u00e4htavust ja n\u00e4htavust ning anda nahale s\u00e4ra. See on ka antioks\u00fcdant, mis aitab kaitsta nahka vabade radikaalide m\u00f5ju eest.<\/span><\/p>\n<p><span style=\"color: #999999;\"><strong>Pidage meeles p\u00e4ikesekaitsekreemi kasutamist<\/strong><\/span><\/p>\n<p><span style=\"color: #999999;\">Foreveri C-vitamiin heledab ja \u00fchtlustab nahatooni, seega on oluline oma nahka rohkem kaitsta, olenemata aastaajast. Seega pidage meeles p\u00e4ikesekaitsekreemi, n\u00e4iteks kaitsva p\u00e4evase kreemi SPF 20 kasutamist.<\/span><\/p>\n<p><span style=\"color: #999999;\"><strong>Niisutus, niisutus, niisutus<\/strong><\/span><\/p>\n<p><span style=\"color: #999999;\">Tooted sisaldavad koostisosi, mis niisutavad nahka v\u00f5imalikult t\u00f5husalt. H\u00fcdrol\u00fc\u00fcsitud jojoba estrid ja pantenool, mis on saadud B-vitamiinist pantoteenhappest, aitavad s\u00e4ilitada naha loomulikku kaitsekihti. Gl\u00fctseriin transpordib vett \u00f5hust naha pinnakihti ja suurendab naha niiskustaset. Loomulikult on kaasas ka meie enda hooldav ja niisutav aaloe vera.<\/span><\/p>\n<p><span style=\"color: #999999;\"><strong>Osa teie rutiinist<\/strong><\/span><\/p>\n<p><span style=\"color: #999999;\">Foreveri C-vitamiin on suurep\u00e4rane t\u00e4iendus teie hommikurutiinile. See sobib h\u00e4sti k\u00f5igi meie teiste nahahooldustoodetega. N\u00e4iteks saate seda kombineerida LOGIC by Forever sarjaga. Kasutage seda p\u00e4rast LOGIC by Forever tasakaalustava aaloeekstrakti ja enne LOGIC by Forever rahustava geelniisutaja kasutamist. \u00c4rge unustage p\u00e4ikesekaitsekreemi viimasena peale kanda. \u00d5htul on pealekandmise j\u00e4rjekord sama, aga vahetage Forever C-vitamiin Forever Bakuchioli vastu.<\/span><\/p>\n<p><span style=\"color: #999999;\">Forever C-vitamiin on Dermatest\u00ae dermatoloogilistes testides hinnatud SUUREP\u00c4RASEKS.<\/span><\/p>\n<p><span style=\"color: #999999;\"><strong>Teised sarja tooted<\/strong><\/span><\/p>\n<p><span style=\"color: #999999;\">T\u00e4iendage Forever Bakuchiol toitva n\u00e4opiimaga, mis on m\u00f5eldud \u00f6iseks kasutamiseks.<\/span><\/p>\n<p><span style=\"color: #ff9900;\"><strong>Kasutamine:<\/strong><\/span><\/p>\n<p><span style=\"color: #999999;\">Kandke igal hommikul p\u00e4rast puhastamist n\u00e4ole ja kaelale 1-2 pumpamist. Seej\u00e4rel kasutage niisutajat ja p\u00e4ikesekaitsekreemi.<\/span><\/p>\n<p><span style=\"color: #ff9900;\"><strong>Koostis:<\/strong><\/span><\/p>\n<div class=\"additional-ingrediants\"><span style=\"color: #999999;\">Aloe Barbadensis Leaf Juice, Aqua, Caprylic\/Capric Triglyceride, Tetrahexyldecyl Ascorbate, Propanediol, Glycerin, Isosorbide Dicaprylate, Ethyl Linoleate, Polysorbate 20, Panthenol, Phenoxyethanol, Hydroxyacetophenone, Arginine, Hydrolyzed Jojoba Esters, Hydroxyethyl Acrylate\/Sodium Acryloyldimethyl Taurate Copolymer, Acrylates\/C10-30 Alkyl Acrylate Crosspolymer, Caprylyl Glycol, Disodium EDTA, C15-23 Alkane, Decyl Glucoside, Pentylene Glycol, Hydrolyzed Soy Protein, Potassium Sorbate, Hexylene Glycol, Ethylhexylglycerin, Citric Acid, C13-14 Alkane, Sodium Benzoate, Ascorbic Acid.<\/span><\/div>\n","protected":false},"excerpt":{"rendered":"<p><span style=\"color: #999999;\">M\u00f5eldud kasutamiseks p\u00e4evasel ajal- annab nahale s\u00e4ra.Kirgastav naopiim 6% kliiniiselt testitud C-vitamiini kontsentratsiooniga aitab hoida naha kirkama ja s\u00e4ravama v\u00e4limuse.<\/span><\/p>\n<p><span style=\"color: #999999;\">30ml<\/span><\/p>\n<p><span style=\"color: #999999;\"><strong>Kood: 686<\/strong><\/span><\/p>\n","protected":false},"featured_media":6703,"template":"","meta":[],"product_brand":[],"product_cat":[170,182],"product_tag":[],"class_list":{"0":"post-6702","1":"product","2":"type-product","3":"status-publish","4":"has-post-thumbnail","6":"product_cat-eksklusiivsed-tooted","7":"product_cat-nahahooldus","9":"first","10":"instock","11":"taxable","12":"shipping-taxable","13":"purchasable","14":"product-type-simple"},"jetpack_sharing_enabled":true,"_links":{"self":[{"href":"https:\/\/aaloe.ee\/et\/wp-json\/wp\/v2\/product\/6702","targetHints":{"allow":["GET"]}}],"collection":[{"href":"https:\/\/aaloe.ee\/et\/wp-json\/wp\/v2\/product"}],"about":[{"href":"https:\/\/aaloe.ee\/et\/wp-json\/wp\/v2\/types\/product"}],"wp:featuredmedia":[{"embeddable":true,"href":"https:\/\/aaloe.ee\/et\/wp-json\/wp\/v2\/media\/6703"}],"wp:attachment":[{"href":"https:\/\/aaloe.ee\/et\/wp-json\/wp\/v2\/media?parent=6702"}],"wp:term":[{"taxonomy":"product_brand","embeddable":true,"href":"https:\/\/aaloe.ee\/et\/wp-json\/wp\/v2\/product_brand?post=6702"},{"taxonomy":"product_cat","embeddable":true,"href":"https:\/\/aaloe.ee\/et\/wp-json\/wp\/v2\/product_cat?post=6702"},{"taxonomy":"product_tag","embeddable":true,"href":"https:\/\/aaloe.ee\/et\/wp-json\/wp\/v2\/product_tag?post=6702"}],"curies":[{"name":"wp","href":"https:\/\/api.w.org\/{rel}","templated":true}]}}