{"id":6562,"date":"2025-05-12T00:21:46","date_gmt":"2025-05-11T21:21:46","guid":{"rendered":"https:\/\/aaloe.ee\/?post_type=product&#038;p=6562"},"modified":"2025-10-30T20:40:32","modified_gmt":"2025-10-30T18:40:32","slug":"rahustav-niisutusgeel-logic-by-forever","status":"publish","type":"product","link":"https:\/\/aaloe.ee\/et\/toode\/rahustav-niisutusgeel-logic-by-forever\/","title":{"rendered":"Rahustav Niisutusgeel Logic by Forever"},"content":{"rendered":"<p><strong><span style=\"color: #ff9900;\">Tasakaalustav niisutaja<\/span><\/strong><\/p>\n<p>Kerge, pehme ja niisutav l\u00f5hnatu n\u00e4okreem. Sisaldab kaasaegseid koostisosi, mis keskenduvad naha niisutamisele. Rahustab ja hooldab nahka ning muudab selle imeliselt siledaks ja ideaalselt tasakaalustatuks. Kasutage hommikul ja \u00f5htul. Sobib k\u00f5ikidele nahat\u00fc\u00fcpidele.<\/p>\n<p><strong><span style=\"color: #ff9900;\">Kellele see sobib?<\/span><\/strong><\/p>\n<p>Ideaalne valik kasutajale, kellele meeldivad kerged kreemid. Sobib igas vanuses ja igat t\u00fc\u00fcpi nahale \u2013 eriti h\u00e4sti sobib see kombineeritud nahale. Kombineeritud nahk tundub vahel kuiv ja vahel rasune ning vahel kumbki mitte. Enamikul inimestel, kellel pole spetsiifilisi nahaprobleeme v\u00f5i kes peavad oma nahka normaalseks, on tegelikult kombineeritud nahk.<\/p>\n<p><strong><span style=\"color: #ff9900;\">Toote eelised:<\/span><\/strong><\/p>\n<p>Intensiivne niisutaja looduslike taimeekstraktidega<br \/>\nGeeljas kreem, mis imendub kiiresti nahka, j\u00e4tmata kleepuvat tunnet<br \/>\nRahustav nahahooldustoode vananemisvastaste omadustega<br \/>\nP\u00e4eva- ja \u00f6\u00f6kreem k\u00f5ikidele nahat\u00fc\u00fcpidele, sobib h\u00e4sti kombineeritud nahale<\/p>\n<p><strong><span style=\"color: #ff9900;\">Looduse enda niisutajad<\/span><\/strong><\/p>\n<p>Koostis sisaldab kaasaegseid, taimseid koostisosi, mis on keskendunud nahahooldusele. Peamine koostisosa on meie enda aaloe vera, mis toidab, pehmendab ja niisutab nahka. Seda t\u00e4iendavad looduslikud taimeekstraktid, mis j\u00e4tavad naha terveks. Koostisosade hulka kuuluvad nahahooldust pakkuv granaat\u00f5unaekstrakt, antioks\u00fcdantne valge mooruspuu ekstrakt, millel on ka s\u00e4ra andev toime, rahustav neiujuukspuu ekstrakt ja niiskust siduv baobabi ekstrakt, mis on tuntud oma vananemisvastase toime poolest.<\/p>\n<p><strong><span style=\"color: #ff9900;\">Kvaliteetne nahahooldus<\/span><\/strong><\/p>\n<p>Gl\u00fctseriin toidab ja niisutab nahka ning aitab luua kaitsekihi. B3-vitamiin pinguldab ja silub nahka. Aminohapped arginiin ja skvalaan omavad pehmendavat ja niisutavat toimet. See sisaldab ka antioks\u00fcdantseid C- ja E-vitamiine.<\/p>\n<p><strong><span style=\"color: #ff9900;\">Geelip\u00f5hine koostis<\/span><\/strong><\/p>\n<p>H\u00e4mmastava koostisosa LOGIC by Forever rahustava geelniisutaja tugevus peitub selle koostises. Geelip\u00f5hine koostis imendub nahka j\u00e4\u00e4ke j\u00e4tmata \u2013 nahk muutub niisutatuks ja pehmeks. K\u00f5ik koostisosade loetelus olevad koostisosad j\u00f5uavad sinna, kuhu vaja. Ilma kleepuva tundeta. Sellest niisutusboostist v\u00f5ib saada teie lemmikniisutaja iga p\u00e4ev!<\/p>\n<p>LOGIC by Forever rahustav geelniisutaja on saanud Dermatest\u00ae dermatoloogilistes testides SUUREP\u00c4RASE hinde.<\/p>\n<p><strong><span style=\"color: #ff9900;\">Teised sarja tooted<\/span><\/strong><\/p>\n<p>Meie uuenduslik nahahooldussari sisaldab ka: LOGIC by Forever aaloe geeliga puhastusvahendit ja Foreveri LOGIC tasakaalustavat aaloe essentsi.<\/p>\n<p><strong><span style=\"color: #99cc00;\">Kasutamine:<\/span><\/strong><\/p>\n<p>Kasutage hommikul ja \u00f5htul. Masseerige \u00f5rnalt m\u00f5\u00f5dukas kogus n\u00e4ole ja kaelale.<\/p>\n<p>Parima tulemuse saavutamiseks kombineerige seda toodet oma nahahooldusrutiinis LOGIC by Forever aloe geelpuhastusvahendi ja LOGIC by Forever tasakaalustava aaloe essentsiga.<\/p>\n<p><strong><span style=\"color: #99cc00;\">Koostis:<\/span><\/strong><\/p>\n<div class=\"additional-content\">\n<p><span dir=\"auto\">Aloe Barbadensis lehemahl, vesi, propaandiool, gl\u00fctseriin, koko-kapr\u00fclaat\/kapraat, et\u00fc\u00fclheks\u00fc\u00fclolivaat, niatsiinamiid, naatriumakr\u00fclaatide kopol\u00fcmeer, digl\u00fctseriin, 1,2-heksandiool, tset\u00fc\u00fclalkohol, fenoks\u00fcetanool, gl\u00fctser\u00fc\u00fclstearaattsitraat, h\u00fcdroks\u00fcet\u00fc\u00fclakr\u00fclaat\/naatriumakr\u00fclo\u00fc\u00fcldimet\u00fc\u00fcltauraadi kopol\u00fcmeer, letsitiin, pol\u00fcgl\u00fctser\u00fc\u00fcl-3 stearaat, arginiin, kaaliumsorbaat, skvalaan, h\u00fcdrol\u00fc\u00fcsitud letsitiin, h\u00fcdrol\u00fc\u00fcsitud sojavalk, dinaatrium EDTA, sidrunhape, naatriumbensoaat, riisi aminohapped, tokoferool, soja\u00f5li, Ficus Carica puuviljaekstrakt, Punica Granatumi puuviljaekstrakt, Morus Alba puuviljaekstrakt, h\u00f5lmikpuu p\u00e4hkli ekstrakt, proliin, h\u00fcdrol\u00fc\u00fcsitud Adansonia Digitata seemneekstrakt, askorbiinhape.<\/span><\/p>\n<\/div>\n<p>&nbsp;<\/p>\n","protected":false},"excerpt":{"rendered":"<h3 class=\"product-title mb-1\"><span dir=\"auto\" style=\"color: #ff9900;\">LOGIC by Forever\u2122 rahustav geelniisutaja<\/span><\/h3>\n<h3 class=\"product-title mb-1\">Tasakaalustav niisutaja<\/h3>\n<p>&nbsp;<\/p>\n<p>Kerge, pehme ja niisutav n\u00e4okreem. Sisaldab kaasaegseid koostisosi, mis keskenduvad naha tasakaalustamisele ja niisutamisele. Sobib k\u00f5ikidele nahat\u00fc\u00fcpidele, kuid on spetsiaalselt loodud kombineeritud nahale.<\/p>\n<p><strong><span dir=\"auto\">59 ml<\/span><\/strong><\/p>\n<p>Kood: 669<\/p>\n","protected":false},"featured_media":6563,"template":"","meta":[],"product_brand":[],"product_cat":[170,182],"product_tag":[],"class_list":{"0":"post-6562","1":"product","2":"type-product","3":"status-publish","4":"has-post-thumbnail","6":"product_cat-eksklusiivsed-tooted","7":"product_cat-nahahooldus","9":"first","10":"instock","11":"taxable","12":"shipping-taxable","13":"purchasable","14":"product-type-simple"},"jetpack_sharing_enabled":true,"_links":{"self":[{"href":"https:\/\/aaloe.ee\/et\/wp-json\/wp\/v2\/product\/6562","targetHints":{"allow":["GET"]}}],"collection":[{"href":"https:\/\/aaloe.ee\/et\/wp-json\/wp\/v2\/product"}],"about":[{"href":"https:\/\/aaloe.ee\/et\/wp-json\/wp\/v2\/types\/product"}],"wp:featuredmedia":[{"embeddable":true,"href":"https:\/\/aaloe.ee\/et\/wp-json\/wp\/v2\/media\/6563"}],"wp:attachment":[{"href":"https:\/\/aaloe.ee\/et\/wp-json\/wp\/v2\/media?parent=6562"}],"wp:term":[{"taxonomy":"product_brand","embeddable":true,"href":"https:\/\/aaloe.ee\/et\/wp-json\/wp\/v2\/product_brand?post=6562"},{"taxonomy":"product_cat","embeddable":true,"href":"https:\/\/aaloe.ee\/et\/wp-json\/wp\/v2\/product_cat?post=6562"},{"taxonomy":"product_tag","embeddable":true,"href":"https:\/\/aaloe.ee\/et\/wp-json\/wp\/v2\/product_tag?post=6562"}],"curies":[{"name":"wp","href":"https:\/\/api.w.org\/{rel}","templated":true}]}}