{"id":6558,"date":"2025-05-11T23:59:13","date_gmt":"2025-05-11T20:59:13","guid":{"rendered":"https:\/\/aaloe.ee\/?post_type=product&#038;p=6558"},"modified":"2025-10-31T22:58:08","modified_gmt":"2025-10-31T20:58:08","slug":"tasakaalustav-aaloe-essents-logic-by-forever","status":"publish","type":"product","link":"https:\/\/aaloe.ee\/et\/toode\/tasakaalustav-aaloe-essents-logic-by-forever\/","title":{"rendered":"Tasakaalustav aaloe-essents Logic by Forever"},"content":{"rendered":"<h4><strong><span style=\"color: #99cc00;\">Tasakaalustab ja puhastab<\/span><\/strong><\/h4>\n<p>Foreveri LOGIC tasakaalustav aaloeekstrakt tasakaalustab pH-taset, niisutab nahka ja \u00fchtlustab nahatooni. Puhastab ja j\u00e4tab naha v\u00e4rske tundega. Lisaks eemaldab see viimased puhastusvahendi j\u00e4\u00e4gid ja annab n\u00e4okreemile parimad tingimused ideaalse m\u00f5ju avaldamiseks nahale. Sobib k\u00f5ikidele nahat\u00fc\u00fcpidele.<\/p>\n<h4><strong><span style=\"color: #99cc00;\">Kellele?<\/span><\/strong><\/h4>\n<p>See toode sobib k\u00f5igile, kes soovivad oma naha eest korralikult hoolitseda. Foreveri LOGIC tasakaalustava aaloeekstrakti \u00f5rn, kuid t\u00f5hus koostis sobib igas vanuses ja igale nahat\u00fc\u00fcbile \u2013 eriti h\u00e4sti kombineeritud nahale. Seganahk tundub vahel kuiv, vahel rasune ja vahel kumbki mitte. Enamikul inimestel, kellel pole mingeid spetsiifilisi nahaprobleeme v\u00f5i kes peavad oma nahka normaalseks, on tegelikult seganahk.<\/p>\n<h4><strong><span style=\"color: #99cc00;\">Toote eelised:<\/span><\/strong><\/h4>\n<ul>\n<li>toitev ja v\u00e4rskendav essents<\/li>\n<li>krigisevpuhas nahk: eemaldab rasu, mustuse ja surnud naharakud<\/li>\n<li>stabiliseerib naha pH tasakaalu<\/li>\n<li>l\u00f5hna- ja alkoholivaba koostis<\/li>\n<\/ul>\n<h3><strong><span style=\"color: #99cc00;\">Mis on essents?<\/span><\/strong><\/h3>\n<p>Essents on nagu eriti toitev n\u00e4ovesi, millel on veidi rikkalikum tekstuur ja geeljas konsistents. Kui nahka pestakse puhastusvahendi ja aluselise kraaniveega, siis naha loomulik pH tasakaal h\u00e4irub. N\u00e4ovesi taastab naha loomulikult kergelt happelise keskkonna. Puhastusvahend toimib naha pinnal ja avab poorid, kuid toonik sulgeb poorid ja takistab mustuse ja \u00f5li kogunemist pooridesse. Essents pakub k\u00f5iki neid eeliseid, lisaks toidab ja niisutab nahka s\u00fcgavuti.<\/p>\n<h4><strong><span style=\"color: #99cc00;\">T\u00f5husad koostisosad<\/span><\/strong><\/h4>\n<p>Foreveri LOGIC tasakaalustav aaloeekstrakt sisaldab t\u00f5husaid koostisosi, mis v\u00e4rskendavad ja rahustavad nahka ning taastavad selle niiskuse ja pH tasakaalu. See sisaldab rikkalikult nahka niisutavaid ja hooldavaid koostisosi, n\u00e4iteks sorbitooli, pinguldavat ja antioks\u00fcdantset rohelise tee ekstrakti ning Foreveri aaloed.<\/p>\n<h4><strong><span style=\"color: #99cc00;\">\u00d5rn niisutus<\/span><\/strong><\/h4>\n<p>Nahka niisutav beetagl\u00fckaan seob vett, niisutab ja rahustab. Karrageeni ekstrakti on lisatud selle nahahooldusomaduste t\u00f5ttu. Selle asemel ei sisalda valemi koostisosad l\u00f5hnaaineid ega alkoholi. Seep\u00e4rast sobib LOGIC by Forever tasakaalustav aaloeekstrakt ka tundliku nahaga inimestele.<\/p>\n<p><strong><span style=\"color: #99cc00;\">LOGIC by Forever tasakaalustav aaloeekstrakt on Dermatest\u00ae dermatoloogilistes testides hinnatud SUUREP\u00c4RASEKS.<\/span><\/strong><\/p>\n<p>&nbsp;<\/p>\n<p><strong><span style=\"color: #000000;\">Teised sarja tooted<\/span><\/strong><\/p>\n<p>Meie uuenduslik nahahooldussari sisaldab ka: LOGIC by Forever aaloe geeliga puhastusvahendit ja LOGIC by Forever rahustavat geeliga niisutajat.<\/p>\n<h4><strong><span style=\"color: #99cc00;\">Kasutamine:\u00a0<\/span><\/strong><\/h4>\n<p>Kasutage iga p\u00e4ev hommikul ja \u00f5htul. V\u00f5tke v\u00e4ike kogus toodet s\u00f5rmedele v\u00f5i vatipadjale ja p\u00fchkige \u00f5rnalt oma n\u00e4gu ja kaela.<\/p>\n<p>Kasuta p\u00e4rast LOGIC by Forever aloe geelpuhastusvahendi kasutamist. L\u00f5puks kanna peale seerum ja LOGIC by Forever rahustav geelniisutaja.<\/p>\n<h3><strong><span style=\"color: #99cc00;\">Koostis:\u00a0<\/span><\/strong><\/h3>\n<p>Aloe Barbadensis Leaf Juice, Aqua, Propanediol, Sorbitol, Betaine, 1,2-Hexanediol, Potassium Sorbate, Glycerin, Citric Acid, Sodium Hyaluronate, Cucumis Sativus Fruit Extract, Chondrus Crispus Extract, Disodium EDTA, Sodium Benzoate, Pentylene Glycol, Camellia Sinensis Leaf Extract, Phenoxyethanol, Ascorbic Acid, Spirodela Polyrhiza Extract, Gluconolactone, Beta-Glucan.<\/p>\n","protected":false},"excerpt":{"rendered":"<h3><span style=\"color: #99cc00;\">Tasakaalustab ja puhastab<\/span><\/h3>\n<p>Foreveri LOGIC tasakaalustav aaloeekstrakt niisutab, tasakaalustab pH-taset ja \u00fchtlustab nahatooni. Puhastab ja j\u00e4tab naha v\u00e4rske tundega. Sobib k\u00f5ikidele nahat\u00fc\u00fcpidele, aga eriti h\u00e4sti kombineeritud nahale.<\/p>\n<p><strong>73ml<\/strong><\/p>\n<p><strong>Kood: 668<\/strong><\/p>\n","protected":false},"featured_media":6559,"template":"","meta":[],"product_brand":[],"product_cat":[170,182],"product_tag":[],"class_list":{"0":"post-6558","1":"product","2":"type-product","3":"status-publish","4":"has-post-thumbnail","6":"product_cat-eksklusiivsed-tooted","7":"product_cat-nahahooldus","9":"first","10":"instock","11":"taxable","12":"shipping-taxable","13":"purchasable","14":"product-type-simple"},"jetpack_sharing_enabled":true,"_links":{"self":[{"href":"https:\/\/aaloe.ee\/et\/wp-json\/wp\/v2\/product\/6558","targetHints":{"allow":["GET"]}}],"collection":[{"href":"https:\/\/aaloe.ee\/et\/wp-json\/wp\/v2\/product"}],"about":[{"href":"https:\/\/aaloe.ee\/et\/wp-json\/wp\/v2\/types\/product"}],"wp:featuredmedia":[{"embeddable":true,"href":"https:\/\/aaloe.ee\/et\/wp-json\/wp\/v2\/media\/6559"}],"wp:attachment":[{"href":"https:\/\/aaloe.ee\/et\/wp-json\/wp\/v2\/media?parent=6558"}],"wp:term":[{"taxonomy":"product_brand","embeddable":true,"href":"https:\/\/aaloe.ee\/et\/wp-json\/wp\/v2\/product_brand?post=6558"},{"taxonomy":"product_cat","embeddable":true,"href":"https:\/\/aaloe.ee\/et\/wp-json\/wp\/v2\/product_cat?post=6558"},{"taxonomy":"product_tag","embeddable":true,"href":"https:\/\/aaloe.ee\/et\/wp-json\/wp\/v2\/product_tag?post=6558"}],"curies":[{"name":"wp","href":"https:\/\/api.w.org\/{rel}","templated":true}]}}