{"id":6554,"date":"2025-05-11T23:50:28","date_gmt":"2025-05-11T20:50:28","guid":{"rendered":"https:\/\/aaloe.ee\/?post_type=product&#038;p=6554"},"modified":"2025-10-31T23:01:09","modified_gmt":"2025-10-31T21:01:09","slug":"aaloe-pesugeel-logic-by-forever","status":"publish","type":"product","link":"https:\/\/aaloe.ee\/et\/toode\/aaloe-pesugeel-logic-by-forever\/","title":{"rendered":"Aaloe-pesugeel Logic by Forever"},"content":{"rendered":"<h2><strong><span style=\"color: #99cc00;\">V\u00e4rskendav ja toitev puhastusgeel<\/span><\/strong><\/h2>\n<p><span style=\"color: #ffcc00;\"><strong>LOGIC by Forever aloe geelpuhastusgeel<\/strong><\/span> on l\u00f5hnavaba puhastusgeel, mis sobib igale nahat\u00fc\u00fcbile. Selle \u00f5rnad puhastavad koostisosad toidavad, rahustavad ja s\u00e4ilitavad niiskust. \u00d5rnalt vahutav koostis j\u00e4tab naha v\u00e4rskeks, puhastades samal ajal \u00f5rnalt ja t\u00f5husalt ilma seda kuivatamata.<\/p>\n<p><strong><span style=\"color: #99cc00;\">Kellele?<\/span><\/strong><\/p>\n<p>Hea puhastus on hea nahahooldusrutiini oluline osa ja sel eesm\u00e4rgil on oluline kasutada tundlikule n\u00e4onahale sobivat puhastusvahendit. LOGIC by Forever aaloe geeliga puhastusvahend sobib igas vanuses ja igale nahat\u00fc\u00fcbile \u2013 eriti h\u00e4sti sobib see kombineeritud nahale. Seganahk tundub vahel kuiv, vahel rasune ja vahel kumbki mitte. Enamikul inimestel, kellel pole mingeid spetsiifilisi nahaprobleeme v\u00f5i kes peavad oma nahka normaalseks, on tegelikult seganahk.<\/p>\n<h3><strong><span style=\"color: #99cc00;\">Toote eelised:<\/span><\/strong><\/h3>\n<ul>\n<li>\u00f5rn, kuid t\u00f5hus puhastusvahend<\/li>\n<li>pehme vahutav ja nahka hooldav koostis<\/li>\n<li>pehmendavaid ja niisutavaid koostisosi<\/li>\n<li>toode sobib igale nahat\u00fc\u00fcbile, eriti hea kombineeritud nahale<\/li>\n<li>nahahooldusrutiini alus<\/li>\n<\/ul>\n<p>Hommikune ja \u00f5htune puhastamine loob aluse v\u00e4rskele nahale ja on eeltingimus teiste nahahooldustoodete t\u00f5husaks toimimiseks. Eriti oluline on puhastamine \u00f5htul, et eemaldada k\u00f5ik, mis on nahale p\u00e4eva jooksul kogunenud: meik, \u00f5husaaste ja j\u00e4\u00e4kained, mida nahk higistades toodab.<\/p>\n<h3><strong><span style=\"color: #99cc00;\">Loodusest p\u00e4rit puhastusvahendid<\/span><\/strong><\/h3>\n<p><strong><span style=\"color: #ffcc00;\">LOGIC by Forever aaloe geelpuhastusvahend<\/span><\/strong> sisaldab kookosest saadud puhastusaineid, mis moodustavad \u00f5rna ja rikkaliku vahu. Acacia concinna on Aasia akaatsiapuu, millel on pikaajaline \u00f5rna ja pH-tasakaalustatud puhastamise traditsioon. T\u00e4nu geelitehnoloogiale saab k\u00f5iki taimseid aineid kapseldada paksu geeli sisse. See t\u00e4hendab ka seda, et nahk suudab puhastusvahendit paremini omastada.<\/p>\n<p><strong><span style=\"color: #ffcc00;\">Flora pakutav hooldus<\/span><\/strong><\/p>\n<p>Selle v\u00e4rskendava puhastusgeeli peamine koostisosa on meie enda aaloe vera, millel on nahka niisutavad, pehmendavad ja niisutavad omadused. Seega puhastab puhastusgeel nahka ja muudab selle pehmeks ilma seda kuivatamata. Aafrikast ja L\u00e4his-Idast p\u00e4rit Egiptuse balaniitpuu (Balanites aegyptiaca) ekstrakt rahustab \u00e4rritunud nahka, toidab ja s\u00e4ilitab niiskust. Koostisainete hulka kuulub ka pruudiloori ekstrakt, mis sisaldab \u00f5rnu puhastavaid aineid, mis hooldavad nahka. LOGIC by Forever aaloe geeliga puhastusvahend sisaldab ka h\u00fcdroks\u00fcatsetofenooni ja C-vitamiini, mis on antioks\u00fcdandid.<\/p>\n<p><strong><span style=\"color: #99cc00;\">LOGIC by Forever aaloe geeliga puhastusvahend on Dermatest\u00ae dermatoloogilistes testides hinnatud SUUREP\u00c4RASEKS.<\/span><\/strong><\/p>\n<p><strong><span style=\"color: #ffcc00;\">Teised sarja tooted<\/span><\/strong><\/p>\n<p>Meie uuenduslik nahahooldussari sisaldab ka: LOGIC by Forever tasakaalustavat aaloeekstrakti ja LOGIC by Forever rahustavat geelniisutajat.<\/p>\n<h3><strong><span style=\"color: #99cc00;\">Kasutamine:<\/span><\/strong><\/h3>\n<p>Kasutage iga p\u00e4ev hommikul ja \u00f5htul. V\u00f5ta m\u00e4rgadele s\u00f5rmedele rikkalik kogus toodet ja kanna ringjate liigutustega \u00fcle kogu n\u00e4o ja kaela. Loputage hoolikalt veega.<\/p>\n<p>Parima tulemuse saavutamiseks kasutage seej\u00e4rel LOGIC by Foreveri tasakaalustavat aaloeekstrakti ja LOGIC by Foreveri rahustavat geelniisutajat.<\/p>\n<h3><strong><span style=\"color: #99cc00;\">Koostis:<\/span><\/strong><\/h3>\n<p>Aloe Barbadensis Leaf Juice, Aqua, Cocamidopropyl Hydroxysultaine, Disodium Cocoyl Glutamate, Hydroxyethylcellulose, Acrylates\/C10-30 Alkyl Acrylate Crosspolymer, Sorbitan Oleate Decylglucoside Crosspolymer, Hydroxyacetophenone, Glycolipids, Xylitylglucoside, Arginine, Sodium Chloride, Potassium Sorbate, Disodium EDTA, Anhydroxylitol, Chlorphenesin, Balanites Aegyptiaca Fruit Extract, Acacia Concinna Fruit Extract, Citric Acid, Sodium Benzoate, Xylitol, Hydrolyzed Jojoba Esters, Gypsophila Paniculata Root Extract, Ascorbic Acid.<\/p>\n","protected":false},"excerpt":{"rendered":"<h2><span style=\"color: #99cc00;\"><strong>V\u00e4rskendav ja toitev puhastusgeel<\/strong><\/span><\/h2>\n<p><span style=\"color: #ffae00;\"><strong>LOGIC by Forever aaloe geeliga puhastusvahend<\/strong> <\/span>on l\u00f5hnavaba ja sobib igale nahat\u00fc\u00fcbile, kuid on spetsiaalselt loodud kombineeritud nahale. Selle \u00f5rnad puhastavad koostisosad niisutavad, rahustavad ja s\u00e4ilitavad niiskust.<\/p>\n<p><strong>88 ml<\/strong><\/p>\n<p><strong>KOOD: 667<\/strong><\/p>\n","protected":false},"featured_media":6555,"template":"","meta":[],"product_brand":[],"product_cat":[170,182],"product_tag":[],"class_list":{"0":"post-6554","1":"product","2":"type-product","3":"status-publish","4":"has-post-thumbnail","6":"product_cat-eksklusiivsed-tooted","7":"product_cat-nahahooldus","9":"first","10":"instock","11":"taxable","12":"shipping-taxable","13":"purchasable","14":"product-type-simple"},"jetpack_sharing_enabled":true,"_links":{"self":[{"href":"https:\/\/aaloe.ee\/et\/wp-json\/wp\/v2\/product\/6554","targetHints":{"allow":["GET"]}}],"collection":[{"href":"https:\/\/aaloe.ee\/et\/wp-json\/wp\/v2\/product"}],"about":[{"href":"https:\/\/aaloe.ee\/et\/wp-json\/wp\/v2\/types\/product"}],"wp:featuredmedia":[{"embeddable":true,"href":"https:\/\/aaloe.ee\/et\/wp-json\/wp\/v2\/media\/6555"}],"wp:attachment":[{"href":"https:\/\/aaloe.ee\/et\/wp-json\/wp\/v2\/media?parent=6554"}],"wp:term":[{"taxonomy":"product_brand","embeddable":true,"href":"https:\/\/aaloe.ee\/et\/wp-json\/wp\/v2\/product_brand?post=6554"},{"taxonomy":"product_cat","embeddable":true,"href":"https:\/\/aaloe.ee\/et\/wp-json\/wp\/v2\/product_cat?post=6554"},{"taxonomy":"product_tag","embeddable":true,"href":"https:\/\/aaloe.ee\/et\/wp-json\/wp\/v2\/product_tag?post=6554"}],"curies":[{"name":"wp","href":"https:\/\/api.w.org\/{rel}","templated":true}]}}