{"id":6551,"date":"2025-05-11T23:29:07","date_gmt":"2025-05-11T20:29:07","guid":{"rendered":"https:\/\/aaloe.ee\/?post_type=product&#038;p=6551"},"modified":"2025-10-31T23:03:38","modified_gmt":"2025-10-31T21:03:38","slug":"komplekt-logic-by-forever","status":"publish","type":"product","link":"https:\/\/aaloe.ee\/et\/toode\/komplekt-logic-by-forever\/","title":{"rendered":"Komplekt Logic by Forever"},"content":{"rendered":"<h3><span style=\"color: #99cc00;\">Nahahoolduskomplekt igale nahat\u00fc\u00fcbile<\/span><\/h3>\n<p>LOGIC Forever sisaldab t\u00e4iesti looduslikke koostisosi. Sarja tooted on mugava suurusega ja sobivad ideaalselt reisidele kaasa v\u00f5tmiseks. Sarja kolm toodet loovad aluse \u00f5rnale, kuid t\u00f5husale nahahooldusrutiinile. Kombineeri oma rutiini teiste lemmiktoodetega v\u00f5i naudi lihtsat rutiini, mis annab tulemusi. Ilma lisadeta, esmaklassiline hooldus teie nahale. Sobib k\u00f5ikidele nahat\u00fc\u00fcpidele, kuid on spetsiaalselt loodud kombineeritud nahale. Allahindlus toodete komplektide ostmisel, mida ostaksite eraldi.<\/p>\n<p><strong><span style=\"color: #99cc00;\">Kellele?<\/span><\/strong><\/p>\n<p>LOGIC by Forever sobib igas vanuses ja igale nahat\u00fc\u00fcbile \u2013 eriti h\u00e4sti sobib see kombineeritud nahale. Seganahk tundub vahel kuiv, vahel rasune ja vahel kumbki mitte. Enamikul inimestel, kellel pole mingeid spetsiifilisi nahaprobleeme v\u00f5i kes peavad oma nahka normaalseks, on tegelikult seganahk.<\/p>\n<p><strong><span style=\"color: #99cc00;\">Toote eelised:<\/span><\/strong><\/p>\n<p>Komplekt, mis sisaldab \u00f5rnatoimelist puhastusgeeli, pH-taset tasakaalustavat essentsi ja nahka sulatavat niisutajat.<br \/>\nlooduslikud koostisosad<br \/>\nSobiv suurus, mis sobib ka reisimiseks<br \/>\nsobib igale nahat\u00fc\u00fcbile, hea kombineeritud nahale<br \/>\nMa n\u00e4en, et see toimib.<\/p>\n<p>LOGIC by Forever keskendub \u00f5rnadele, kuid t\u00f5husatele taimsetele koostisosadele geelip\u00f5hises valemis, mis imendub nahka kergesti. Tooted niisutavad, pehmendavad, hooldavad ja pinguldavad nahka. L\u00f5hnavaba ja loodud tundlikule n\u00e4onahale.<\/p>\n<p><strong><span style=\"color: #99cc00;\">Pakendi sisu<\/span><\/strong><\/p>\n<p><strong><span style=\"color: #ff9900;\">LOGIC by Forever aloe cleanser<\/span><\/strong> \u2013 puhastusgeel, mis moodustab pehme vahu, hooldab nahka, on rikastatud Egiptuse aaloe ja akaatsia ekstraktidega ning sisaldab kookosp\u00e4hklist saadud puhastavaid aineid.<\/p>\n<p><strong><span style=\"color: #ff9900;\">LOGIC by Forever Balancing aaloe essents<\/span><\/strong> \u2013 \u00fclimalt toitev n\u00e4ovesi, mis tasakaalustab pH-taset, niisutab nahka ja \u00fchtlustab nahatooni.<\/p>\n<p><strong><span style=\"color: #ff9900;\">LOGIC Forever Calming Gel<\/span><\/strong> \u2013 intensiivne niisutaja, mis sisaldab kiiresti imenduvaid taimeekstrakte.<\/p>\n<p><span style=\"color: #99cc00;\">LOGIC by Forever sai Dermatest\u00ae dermatoloogilistes testides hindeks <strong>SUUREP\u00c4RANE<\/strong>.<\/span><\/p>\n<h3><strong><span style=\"color: #99cc00;\">Kasutus:\u00a0<\/span><\/strong><\/h3>\n<p>Kasutage seda p\u00e4eval ja \u00f6\u00f6sel. V\u00f5ta m\u00e4rgadele s\u00f5rmedele rikkalik kogus <strong>LOGIC by Forever aaloe geeliga puhastusvahendit<\/strong> ja kanna ringjate liigutustega kogu n\u00e4ole ja kaelale. Loputa probleem \u00e4ra.<\/p>\n<p>V\u00f5ta s\u00f5rmedele v\u00f5i vatipadjale ohtralt <strong>LOGIC by Foreveri aaloeekstrakti<\/strong> ja h\u00f5\u00f5ru \u00f5rnalt oma n\u00e4gu ja kaela.<\/p>\n<p>Masseeri m\u00f5\u00f5dukas kogus <strong>LOGIC by Forever Soothing Gel Moisturizerit<\/strong> s\u00f5rmeotstega \u00f5rnalt n\u00e4ole ja kaelale.<\/p>\n<p>Koos saate sellest parima v\u00e4lja v\u00f5tta.<\/p>\n<p><strong><span style=\"color: #99cc00;\">KOOSTISOSAD:<\/span><\/strong><\/p>\n<p><strong>LOGIC by Forever aloe gel cleanser<\/strong><\/p>\n<p>Aloe Barbadensis Leaf Juice, Aqua, Cocamidopropyl Hydroxysultaine, Disodium Cocoyl Glutamate, Hydroxyethylcellulose, Acrylates\/C10-30 Alkyl Acrylate Crosspolymer, Sorbitan Oleate Decylglucoside Crosspolymer, Hydroxyacetophenone, Glycolipids, Xylitylglucoside, Arginine, Sodium Chloride, Potassium Sorbate, Disodium EDTA, Anhydroxylitol, Chlorphenesin, Balanites Aegyptiaca Fruit Extract, Acacia Concinna Fruit Extract, Citric Acid, Sodium Benzoate, Xylitol, Hydrolyzed Jojoba Esters, Gypsophila Paniculata Root Extract, Ascorbic Acid.<\/p>\n<p><strong>LOGIC by Forever balancing aloe essence<\/strong><\/p>\n<p>Aloe Barbadensis Leaf Juice, Aqua, Propanediol, Sorbitol, Betaine, 1,2-Hexanediol, Potassium Sorbate, Glycerin, Citric Acid, Sodium Hyaluronate, Cucumis Sativus Fruit Extract, Chondrus Crispus Extract, Disodium EDTA, Sodium Benzoate, Pentylene Glycol, Camellia Sinensis Leaf Extract, Phenoxyethanol, Ascorbic Acid, Spirodela Polyrhiza Extract, Gluconolactone, Beta-Glucan.<\/p>\n<p><strong>LOGIC by Forever soothing gel moisturizer<\/strong><\/p>\n<p>Aloe Barbadensis Leaf Juice, Aqua, Propanediol, Glycerin, Coco-Caprylate\/Caprate, Ethylhexyl Olivate, Niacinamide, Sodium Acrylates Copolymer, Diglycerin, 1,2-Hexanediol, Cetyl Alcohol, Phenoxyethanol, Glyceryl Stearate Citrate, Hydroxyethyl Acrylate\/Sodium Acryloyldimethyl Taurate Copolymer, Lecithin, Polyglyceryl-3 Stearate, Arginine, Potassium Sorbate, Squalane, Hydrogenated Lecithin, Hydrolyzed Soy Protein, Disodium EDTA, Citric Acid, Sodium Benzoate, Rice Amino Acids, Tocopherol, Glycine Soja Oil, Ficus Carica Fruit Extract, Punica Granatum Fruit Extract, Morus Alba Fruit Extract, Ginkgo Biloba Nut Extract, Proline, Hydrolyzed Adansonia Digitata Seed Extract, Ascorbic Acid.<\/p>\n","protected":false},"excerpt":{"rendered":"<p>&nbsp;<\/p>\n<p>Nahahoolduskomplekt k\u00f5ikidele nahat\u00fc\u00fcpidele<\/p>\n<p>LOGIC Forever sisaldab loodusliku p\u00e4ritoluga koostisosi. Tooted on mugava suurusega ja sobivad ideaalselt reisimiseks. Sobib k\u00f5ikidele nahat\u00fc\u00fcpidele, kuid on spetsiaalselt loodud kombineeritud nahale.<\/p>\n<p>Kood: \u00a0673<\/p>\n","protected":false},"featured_media":6552,"template":"","meta":[],"product_brand":[],"product_cat":[170,182],"product_tag":[],"class_list":{"0":"post-6551","1":"product","2":"type-product","3":"status-publish","4":"has-post-thumbnail","6":"product_cat-eksklusiivsed-tooted","7":"product_cat-nahahooldus","9":"first","10":"instock","11":"taxable","12":"shipping-taxable","13":"purchasable","14":"product-type-simple"},"jetpack_sharing_enabled":true,"_links":{"self":[{"href":"https:\/\/aaloe.ee\/et\/wp-json\/wp\/v2\/product\/6551","targetHints":{"allow":["GET"]}}],"collection":[{"href":"https:\/\/aaloe.ee\/et\/wp-json\/wp\/v2\/product"}],"about":[{"href":"https:\/\/aaloe.ee\/et\/wp-json\/wp\/v2\/types\/product"}],"wp:featuredmedia":[{"embeddable":true,"href":"https:\/\/aaloe.ee\/et\/wp-json\/wp\/v2\/media\/6552"}],"wp:attachment":[{"href":"https:\/\/aaloe.ee\/et\/wp-json\/wp\/v2\/media?parent=6551"}],"wp:term":[{"taxonomy":"product_brand","embeddable":true,"href":"https:\/\/aaloe.ee\/et\/wp-json\/wp\/v2\/product_brand?post=6551"},{"taxonomy":"product_cat","embeddable":true,"href":"https:\/\/aaloe.ee\/et\/wp-json\/wp\/v2\/product_cat?post=6551"},{"taxonomy":"product_tag","embeddable":true,"href":"https:\/\/aaloe.ee\/et\/wp-json\/wp\/v2\/product_tag?post=6551"}],"curies":[{"name":"wp","href":"https:\/\/api.w.org\/{rel}","templated":true}]}}