{"id":6432,"date":"2025-03-04T21:32:02","date_gmt":"2025-03-04T19:32:02","guid":{"rendered":"https:\/\/aaloe.ee\/?post_type=product&#038;p=6432"},"modified":"2025-10-30T19:47:37","modified_gmt":"2025-10-30T17:47:37","slug":"aaloe-avokaadoseep","status":"publish","type":"product","link":"https:\/\/aaloe.ee\/et\/toode\/aaloe-avokaadoseep\/","title":{"rendered":"Aaloe-Avokaadoseep"},"content":{"rendered":"<h3><span style=\"color: #99cc00;\">Puhas nahk \u2013 terve p\u00e4eva<\/span><\/h3>\n<p>V\u00e4rske ja niisutav seep sisaldab aaloe- ja avokaado\u00f5li ning sobib k\u00f5ikidele nahat\u00fc\u00fcpidele. Puhastab \u00f5rnalt ja t\u00f5husalt. Vastupandamatult v\u00e4rske tsitruse l\u00f5hn.<\/p>\n<h3><span style=\"color: #99cc00;\">Kellele?<\/span><\/h3>\n<p>Avocado Face &amp; Body Soap on v\u00e4rske ja l\u00f5hnav seep, mis sobib h\u00e4sti igasse vannituppa. See sobib k\u00f5ikidele nahat\u00fc\u00fcpidele ning selle r\u00f5\u00f5msameelne l\u00f5hn meeldib nii naistele kui meestele.<\/p>\n<h3><span style=\"color: #99cc00;\">Toote eelised:<\/span><\/h3>\n<ul>\n<li>\u00f5rn ja t\u00f5hus seep<\/li>\n<li>\u00a0nahka toitev Aloe vera ja avokaado\u00f5li<\/li>\n<li>niisutav ja kaitsev gl\u00fctseriin<\/li>\n<li>imeliselt v\u00e4rske tsitruse l\u00f5hn<\/li>\n<li>seep k\u00f5ikidele nahat\u00fc\u00fcpidele<\/li>\n<\/ul>\n<h3><span style=\"color: #99cc00;\">Ilu loodusest<\/span><\/h3>\n<p>Loomulik ilu saab alguse puhtast ja v\u00e4rskest nahast. Ja puhas, v\u00e4rske nahk tuleb loodusest. Forever Living Products on uurinud ja arendanud looduslikke nahahooldustooteid 40 aastat. See toode sisaldab Aloe verat, mis on meie \u00e4ritegevuse aluseks, ja ka avokaado\u00f5li.<\/p>\n<h3><span style=\"color: #99cc00;\">Nahka toitev Aloe vera ja avokaado<\/span><\/h3>\n<p>Avokaadol, nagu Aloe veral, on palju nahka hooldavaid omadusi. See toidab, pehmendab ja niisutab ning lisaks sellele rahustab nahka. Aloe Avocado Face &amp; Body Soap koostises on sellega kaasas niiskust s\u00e4ilitav gl\u00fctseriin, mis aitab nahka kaitsta. Koostisosad loovad koos toote, mis sobib enamikule kasutajatest. Seep puhastab rasuse naha \u00f5rnalt ja seda \u00e4rritamata. Seep ravib kuiva ja tundlikku nahka, s\u00e4ilitades naha olulise niiskustasakaalu.<\/p>\n<h3><span style=\"color: #99cc00;\">\u00d5rn hooldus pealaest jalatallani<\/span><\/h3>\n<p>Aloe Avokaado n\u00e4o- ja kehaseep sobib suurep\u00e4raselt kogu kehale. See puhastab \u00f5rnalt, v\u00e4rskendab ja j\u00e4tab nahale vastupandamatult v\u00e4rske tunde. Nahk tundub puhas, sile ja v\u00e4rskendav.<\/p>\n<p>Aloe Avokaado n\u00e4o- ja kehaseep on hinnatud SUUREP\u00c4RANE Dermatest\u00ae l\u00e4biviidud dermatoloogilistes testides.<\/p>\n<h3><span style=\"color: #99cc00;\">Kasutamine<\/span><\/h3>\n<p>Seepi v\u00f5ib kasutada n\u00e4ole ja kogu kehale. Loputage hoolikalt ja kuivatage nahk.<\/p>\n<h3><span style=\"color: #99cc00;\">Koostis:<\/span><\/h3>\n<div class=\"additional-ingrediants\">Sodium Palmate, Sodium Cocoate, Aqua, Glycerin, Parfum, Hydrogenated Vegetable Oil, Persea Gratissima Oil, Benzyl Benzoate, Sodium Chloride, Aloe Barbadensis Leaf Juice, Sodium Gluconate, Limonene, Tetrasodium Glutamate Diacetat, Geraniol, Citral, Linalool, Potassium Sorbate, Citric Acid, Sodium Benzoate, Ascorbid Acid, Cl 77891, Cl 47005, Cl 77499, Cl77491, Cl 77492, Cl 14700, Cl 42053.<\/div>\n","protected":false},"excerpt":{"rendered":"<h3><span style=\"color: #99cc00;\">Puhas nahk \u2013 terve p\u00e4eva<\/span><\/h3>\n<p>V\u00e4rske ja niisutav seep sisaldab aaloe- ja avokaado\u00f5li ning sobib k\u00f5ikidele nahat\u00fc\u00fcpidele. Puhastab \u00f5rnalt ja t\u00f5husalt. Vastupandamatult v\u00e4rske tsitruse l\u00f5hn.<\/p>\n<p><strong>142 g<\/strong><\/p>\n<p>Kood: 284<\/p>\n","protected":false},"featured_media":5673,"template":"","meta":[],"product_brand":[],"product_cat":[182,185],"product_tag":[],"class_list":{"0":"post-6432","1":"product","2":"type-product","3":"status-publish","4":"has-post-thumbnail","6":"product_cat-nahahooldus","7":"product_cat-personaalhooldus","9":"first","10":"instock","11":"taxable","12":"shipping-taxable","13":"purchasable","14":"product-type-simple"},"jetpack_sharing_enabled":true,"_links":{"self":[{"href":"https:\/\/aaloe.ee\/et\/wp-json\/wp\/v2\/product\/6432","targetHints":{"allow":["GET"]}}],"collection":[{"href":"https:\/\/aaloe.ee\/et\/wp-json\/wp\/v2\/product"}],"about":[{"href":"https:\/\/aaloe.ee\/et\/wp-json\/wp\/v2\/types\/product"}],"wp:featuredmedia":[{"embeddable":true,"href":"https:\/\/aaloe.ee\/et\/wp-json\/wp\/v2\/media\/5673"}],"wp:attachment":[{"href":"https:\/\/aaloe.ee\/et\/wp-json\/wp\/v2\/media?parent=6432"}],"wp:term":[{"taxonomy":"product_brand","embeddable":true,"href":"https:\/\/aaloe.ee\/et\/wp-json\/wp\/v2\/product_brand?post=6432"},{"taxonomy":"product_cat","embeddable":true,"href":"https:\/\/aaloe.ee\/et\/wp-json\/wp\/v2\/product_cat?post=6432"},{"taxonomy":"product_tag","embeddable":true,"href":"https:\/\/aaloe.ee\/et\/wp-json\/wp\/v2\/product_tag?post=6432"}],"curies":[{"name":"wp","href":"https:\/\/api.w.org\/{rel}","templated":true}]}}