{"id":6339,"date":"2024-12-17T16:38:36","date_gmt":"2024-12-17T14:38:36","guid":{"rendered":"https:\/\/aaloe.ee\/?post_type=product&#038;p=6339"},"modified":"2025-10-31T23:13:03","modified_gmt":"2025-10-31T21:13:03","slug":"aaloemahlade-trio","status":"publish","type":"product","link":"https:\/\/aaloe.ee\/et\/toode\/aaloemahlade-trio\/","title":{"rendered":"Aaloemahlade  4-PACK (4 liitrit)"},"content":{"rendered":"<h4><span style=\"color: #ff9900;\">Joodav C-vitamiini toitumine Aloe Vera toidulisand kolmes maitses<\/span><\/h4>\n<p>Neli\u00a0 liitrit meie joodavat Aloe Vera kolme maitsega toidulisandit, mis on pakitud kenasse pappkarpi. Pakendis on maitsestamata Forever Aloe Vera Gel, j\u00f5hvika- ja \u00f5unamaitseline Forever Aloe Berry Nectar ning Forever Aloe Peaches, mis maitseb nagu p\u00e4ikesek\u00fcpsed virsikud. K\u00f5ik joogid koosnevad k\u00e4sitsi korjatud ja koristatud k\u00fcpse Aloe vera parimast ja kvaliteetsest sisegeelist. Sisaldab on C-vitamiin.<\/p>\n<h4><span style=\"color: #ff9900;\">Kellele?<\/span><\/h4>\n<p>Pakend sobib kingituseks ja on hea viis oma igap\u00e4evaelu muuta. Meie joodavad Aloe Vera toidulisandid sobivad k\u00f5igile, kes soovivad uut eluviisi. Sisaldab C-vitamiini, mis aitab v\u00e4hendada mao v\u00e4simust ja kurnatust ning immuuns\u00fcsteemi normaalset talitlust.<\/p>\n<h4><span style=\"color: #ff9900;\">Toote eelised:<\/span><\/h4>\n<p>neli erinevat maitset meie populaarsest Aloe Vera toidulisandist<br \/>\nC-vitamiin, mis aitab v\u00e4hendada v\u00e4simust ja kurnatust ning immuuns\u00fcsteemi normaalset talitlust<br \/>\nkeskkonnas\u00f5bralik PET-pudel<br \/>\nP\u00e4ikese k\u00e4es valminud Aloe vera viljakatelt p\u00f5llumaadelt<\/p>\n<p>Head toodet ei saa valmistada halvast toorainest. Seet\u00f5ttu kasvatatakse meie Aloe verat (Aloe Barbadensis Miller) k\u00fclvikorra alusel viljakal p\u00f5llumaal ja kliimas, kus p\u00e4ike paistab \u00fcle 200 tunni. Kui Aloe Vera on kergesti k\u00fcps, korjatakse see k\u00e4sitsi. Kasutame ainult parimat sisegeeli, mis stabiliseeritakse ja seej\u00e4rel kasutatakse Forever Aloe Vera geeli peamise koostisosana. Aloe Vera l\u00e4bib oma teekonnal arvukalt t\u00e4pseid teste alates koostisosadest kuni valmistooteni, et saaksime garanteerida, et tooted on ohutud ja kvaliteetsed. Meie aloe vera on ka sertifitseeritud Rahvusvahelise Aloe Teadusn\u00f5ukogu (IASC) poolt, mis on t\u00f5end selle esmaklassilisest kvaliteedist.<\/p>\n<p>PET-pudel keskkonna jaoks<\/p>\n<p>Selle\u00a0 tootmisega on palju vaeva n\u00e4htud. Seet\u00f5ttu on pakend valmistatud 100% taaskasutatavast PET materjalist. Ja see pole veel k\u00f5ik, sest pudel on valmistatud 50% ulatuses taaskasutatud materjalist. Sest meil on ainult \u00fcks maakera.<\/p>\n<h4><span style=\"color: #ff9900;\">Kasutusjuhend:<\/span><\/h4>\n<p>Enne kasutamist loksutada.<br \/>\nSoovitatav p\u00e4evane annus: V\u00f5tke kolm 40 ml annust p\u00e4evas. Segage annus 240 ml vee v\u00f5i mahlaga.<br \/>\nS\u00e4ilitamine: Avatud pakendit hoida k\u00fclmkapis (kuni 7 \u00b0C). S\u00e4ilitamine on 30 p\u00e4eva jooksul alates avamisest, mitte kauem kui teates m\u00e4rgitud.<\/p>\n<p>Toode on t\u00e4iskasvanutele m\u00f5eldud toidulisand. Soovitatavat loksutamisannust ei tohi \u00fcletada. Toidulisand ei asenda mitmek\u00fclgset ja tasakaalustatud elu ega tervislikku eluviisi. Hoida lastele k\u00e4ttesaamatus kohas.<\/p>\n<h3><span style=\"color: #ff9900;\">Koostisosade loetelu:<\/span><\/h3>\n<p><span style=\"color: #99cc00;\"><strong>Forever Aloe Vera geel<\/strong><\/span><br \/>\nStabiliseeritud aloe vera ( Aloe barbadensis ) geel [aloe vera sisegeel (99,7%), C-vitamiin (L-askorbiinhape), antioks\u00fcdant (L-askorbiinhape), happesuse regulaator (sidrunhape)].<\/p>\n<p>Toitev\u00e4\u00e4rtus soovitatava p\u00e4evaannuse kohta: 120 ml (% RI*),<\/p>\n<p>Aloe Vera geel 119,6 ml, C-vitamiin 67 mg (84%),<\/p>\n<p>*RI = \u00f6\u00f6p\u00e4evase tarbimise kontrollv\u00e4\u00e4rtus<\/p>\n<p><span style=\"color: #99cc00;\"><strong>Forever Aloe Berry Nectar<\/strong><\/span><br \/>\nStabiliseeritud aloe vera ( Aloe barbadensis ) geel [aloe vera sisegeel (90,7%), C-vitamiin (L-askorbiinhape), antioks\u00fcdant (L-askorbiinhape), happesuse regulaator (sidrunhape)], \u00f5una ( Malus domestica ) mahla kontsentraat (4%), fruktoos, j\u00f5hvika (Vaccinium macrocarpon) mahla kontsentraat (2%).<\/p>\n<p>Toitev\u00e4\u00e4rtus soovitatava p\u00e4evaannuse kohta: 120 ml (% RI*),<\/p>\n<p>Aloe Vera geel 108,8 ml, C-vitamiin 67 mg (84%),<\/p>\n<p>*RI = \u00f6\u00f6p\u00e4evase tarbimise kontrollv\u00e4\u00e4rtus<\/p>\n<p><span style=\"color: #99cc00;\"><strong>Forever Aloe Peaches<\/strong><\/span><br \/>\nStabiliseeritud aloe vera ( Aloe barbadensis ) geel [aloe vera sisegeel (84,3%), C-vitamiin (L-askorbiinhape), antioks\u00fcdant (L-askorbiinhape), happesuse regulaator (sidrunhape)], virsiku ( Prunus persica ) p\u00fcree ( 8% ), fruktoos, viinamarja ( Vitis vinifera ) mahla kontsentraat, virsiku aroom.<\/p>\n<p>Toitev\u00e4\u00e4rtus soovitatava p\u00e4evaannuse kohta: 120 ml (% RI*),<\/p>\n<p>Aloe Vera geel 101,2 ml, C-vitamiin 31,5 mg (39%),<\/p>\n<p>*RI = \u00f6\u00f6p\u00e4evase tarbimise kontrollv\u00e4\u00e4rtus<\/p>\n<p>Juhime t\u00e4helepanu, et toote sisu v\u00f5ib muutuda ja pakendil olev teave kehtib.<\/p>\n<p><strong><span style=\"color: #99cc00;\">Forever Aloe Mango<\/span><\/strong><\/p>\n<p>Forever Aloe Mango \u2122 sisaldab k\u00f5iki meie lipulaeva Forever Aloe Vera Gel\u00ae eeliseid, sisaldades 86% puhast Aloe Verat ja lisades erinevaid toitaineid ja maitset looduslikust troopilisest mangop\u00fcreest. Mangod on t\u00e4is toitaineid ja sisaldavad olulisi vitamiine, n\u00e4iteks C -vitamiini. Forever Aloe Mango \u2122 viljad koristatakse k\u00f5rgeima k\u00fcpsusastmega, et tagada rikkalik maitse ja toitainete sisaldus \u00f5igel tasemel.<\/p>\n<p>Aloe Veral on looduslikud puhastusv\u00f5imed, mis aitavad teie kehal toitaineid omastada. Aaloes sisalduvad ainulaadsed pol\u00fcsahhariidid, acemannan ja muud toitained aitavad toetada seedimist ja immuuns\u00fcsteemi.<\/p>\n<p>Nagu k\u00f5ik meie Aloe Vera geelijoogid, on ka Forever Aloe Mango \u2122 aseptiliselt t\u00f6\u00f6deldud, mis v\u00f5imaldab valemil olla lisatud s\u00e4ilitusaineid ning pakendatud 100% taaskasutatavatest materjalidest valmistatud Tetra pakendisse, et saaksite nautida Aloe Vera geeli v\u00e4rsket maitset koos k\u00f5igi aaloe tugevate omadustega, nagu loodus on ette n\u00e4inud.<\/p>\n<div class=\"o-faq__header js-toggle-content js-is-active\" aria-controls=\"ingredients\">\n<h4 class=\"o-faq__title\"><span style=\"color: #ff9900;\">Koostisained<\/span><\/h4>\n<div class=\"o-faq__header-icon\">Stabiliseeritud Aloe vera-geel (\u00a0<em>Aloe barbadensis<\/em>\u00a0) [Aloe vera-geel (86%), C-vitamiin (askorbiinhape), antioks\u00fcdant (askorbiinhape), happesuse regulaator (sidrunhape)], mangop\u00fcree kontsentraat (\u00a0<em>Mangifera indica L.<\/em>\u00a0) ( 10%), fruktoos, mango maitse.<\/div>\n<\/div>\n<div id=\"ingredients\" class=\"o-faq__content js-is-visible\">\n<p><em>Pange t\u00e4hele, et sisu v\u00f5ib muutuda, kuid pakendil olev teave on alati kehtiv.<\/em><\/p>\n<div class=\"o-faq__header js-toggle-content js-is-active\" aria-controls=\"nutritionalInformation\">\n<h4 class=\"o-faq__title\"><span style=\"color: #ff9900;\">Toitumisalane teave<\/span><\/h4>\n<div class=\"o-faq__header-icon\"><strong><u>Toitainete kogus RI*<\/u><\/strong><\/div>\n<\/div>\n<div id=\"nutritionalInformation\" class=\"o-faq__content js-is-visible\">\n<p>Aloe vera geel 103 ml \u2013<\/p>\n<p>C-vitamiin 67,5 mg 84,4%<\/p>\n<\/div>\n<\/div>\n","protected":false},"excerpt":{"rendered":"<p>Joodavat\u00a0 C-vitamiini asendab Aloe Vera nelja maitsega toidulisand.<br \/>\nNeli liitrit meie joodavat Aloe Vera nelja maitsega toidulisandit, mis on pakitud kenasse pappkarpi.<\/p>\n<p>Kogus: 4 x 1 liiter<\/p>\n<p>Kood: 8444<\/p>\n","protected":false},"featured_media":6499,"template":"","meta":[],"product_brand":[],"product_cat":[14],"product_tag":[],"class_list":{"0":"post-6339","1":"product","2":"type-product","3":"status-publish","4":"has-post-thumbnail","6":"product_cat-joogid","8":"first","9":"instock","10":"taxable","11":"shipping-taxable","12":"purchasable","13":"product-type-simple"},"jetpack_sharing_enabled":true,"_links":{"self":[{"href":"https:\/\/aaloe.ee\/et\/wp-json\/wp\/v2\/product\/6339","targetHints":{"allow":["GET"]}}],"collection":[{"href":"https:\/\/aaloe.ee\/et\/wp-json\/wp\/v2\/product"}],"about":[{"href":"https:\/\/aaloe.ee\/et\/wp-json\/wp\/v2\/types\/product"}],"wp:featuredmedia":[{"embeddable":true,"href":"https:\/\/aaloe.ee\/et\/wp-json\/wp\/v2\/media\/6499"}],"wp:attachment":[{"href":"https:\/\/aaloe.ee\/et\/wp-json\/wp\/v2\/media?parent=6339"}],"wp:term":[{"taxonomy":"product_brand","embeddable":true,"href":"https:\/\/aaloe.ee\/et\/wp-json\/wp\/v2\/product_brand?post=6339"},{"taxonomy":"product_cat","embeddable":true,"href":"https:\/\/aaloe.ee\/et\/wp-json\/wp\/v2\/product_cat?post=6339"},{"taxonomy":"product_tag","embeddable":true,"href":"https:\/\/aaloe.ee\/et\/wp-json\/wp\/v2\/product_tag?post=6339"}],"curies":[{"name":"wp","href":"https:\/\/api.w.org\/{rel}","templated":true}]}}