{"id":6334,"date":"2024-12-17T16:26:27","date_gmt":"2024-12-17T14:26:27","guid":{"rendered":"https:\/\/aaloe.ee\/?post_type=product&#038;p=6334"},"modified":"2025-10-31T23:16:00","modified_gmt":"2025-10-31T21:16:00","slug":"aaloemahla-mini-trio-3x330ml","status":"publish","type":"product","link":"https:\/\/aaloe.ee\/et\/toode\/aaloemahla-mini-trio-3x330ml\/","title":{"rendered":"Aaloemahla mini Trio 3x330ml"},"content":{"rendered":"<h1><span style=\"color: #ff9900;\">Aaloemahl<\/span><\/h1>\n<p>Mahl on valmistatud k\u00fclmpressi meetodil Aloe Vera Barbadensis Miller lehtede sisemisest geeljast osast, milles on s\u00e4ilinud kogu taime naturaalne v\u00e4gi. Aaloesisaldus mahlas on 99.7%.\u00a0 Mahlas on palju erinevaid komponente:<\/p>\n<ul>\n<li>\n<p align=\"justify\">rikkalikult\u00a0vitamiine \u2013\u00a0A-, C- ja E-vitamiini, B-grupi vitamiine,\u00a0sh\u00a0B12-vitamiini ning foolhapet<\/p>\n<\/li>\n<li>\n<p align=\"justify\">mineraale \u2013\u00a0kaltsiumi, naatriumi, kaaliumi, rauda, kroomi, magneesiumi, mangaani, vaske ja tsinki<\/p>\n<\/li>\n<li>\n<p align=\"justify\">aminohappeid &#8211; 20-st inimese vajalikust on aaloes tervelt 19<\/p>\n<\/li>\n<li>\n<p align=\"justify\">suhkruid \u2013 terve rida olulisi\u00a0pol\u00fcsahhariide,\u00a0mis aitavad organismi kaitsta mitmesuguste viirusr\u00fcnnakute, lihtsate v\u00f5i \u00e4gedate k\u00fclmetushaiguste eest, samuti v\u00f5ivad need aidata kaasa immuuns\u00fcsteemi tasakaalustamisel<\/p>\n<\/li>\n<li>\n<p align=\"justify\">ens\u00fc\u00fcme &#8211;\u00a0osalevad seedimises; aaloe \u00fchtlustab soolestiku talitlust<\/p>\n<\/li>\n<li>\n<p align=\"justify\">taimseid steroole \u2013\u00a0aloe vera sisaldab kolme peamist taimset sterooli, mis toimivad\u00a0tugevate\u00a0p\u00f5letikuvastaste\u00a0ainetena<\/p>\n<\/li>\n<li>\n<p align=\"justify\">saponiine \u2013\u00a0vees tugevasti vahutavad\u00a0antimikroobsed seepained,\u00a0mis\u00a0v\u00f5itlevad bakterite, viiruste, p\u00e4rmseente vastu organismis<\/p>\n<\/li>\n<li>\n<p align=\"justify\">ligniini \u2013 t\u00e4nu sellele suudab aaloe tungida s\u00fcgavale nahakihtidesse<\/p>\n<\/li>\n<li>\n<p align=\"justify\">antrakinoone \u2013 tugeva valuvaigistava toimega ained, millel on antibakteriaalsed\u00a0ja viirusevastased omadused<\/p>\n<\/li>\n<li>\n<p align=\"justify\">salits\u00fc\u00fclhapet\u00a0\u2013\u00a0aspiriinile sarnanev \u00fchend, mis seespidiselt tarvitatuna v\u00f5itleb p\u00f5letike vastu,\u00a0see on ka\u00a0liigestele hea<\/p>\n<\/li>\n<li>\n<p align=\"justify\">bioflavonoide\u00a0ehk PP-vitamiine \u2013 need tugevdavad veresooni, kapillaaride seinu<\/p>\n<\/li>\n<li>\n<p align=\"justify\">rikkalikus valikus spordif\u00fcsioloogias olulisi\u00a0elektrol\u00fc\u00fcte<\/p>\n<\/li>\n<li>\n<p align=\"justify\">aaloe t\u00f5stab fibroblastide aktiivsust \u2013 need kiud moodustavad naha struktuuri ja t\u00e4nu neile on nahk elastne. Mida rohkem on kiude, seda noorem paistab nahk!<\/p>\n<p align=\"justify\">Aaloemahlal on t\u00f5hus p\u00f5letiku- ja mikroobidevastane toime organismile.<\/p>\n<p align=\"justify\">Aaloemahlale ei ole lisatud suhkrut ega s\u00e4ilitusaineid. Gluteenivaba. Vegan. Soovituslikult tarvitada 30-120 ml p\u00e4evas. Avatuna hoida k\u00fclmkapis.<\/p>\n<p><strong><span style=\"color: #99cc00;\">Loe lisaks:<\/span> <\/strong><strong><span style=\"color: #ff9900;\"><a style=\"color: #ff9900;\" href=\"http:\/\/aaloe.ee\/wp-content\/uploads\/2019\/09\/aloe-vera-gel.pdf\">aloe-vera-gel<\/a><\/span><\/strong><\/li>\n<\/ul>\n","protected":false},"excerpt":{"rendered":"<p class=\"intro variant a1P0V000003R0XzUAK\">Nagu looduse loodud aaloe. Kujutage ette, et l\u00f5ikate aaloelehe katki ja tarvitate selles olevat geeli otse lehest. Meie aaloemahl on peaaegu sama v\u00e4rske kui geel otse lehest!<\/p>\n<p class=\"variant a1P0V000003R0XzUAK\">See v\u00e4\u00e4rt jook sai esimesena Rahvusvaheliselt Aaloeteadusn\u00f5ukogult (IASC) sertifikaadi, mis kinnitab toote ehedust ja t\u00f5husust. Seda valmistatakse ehedast lehe sisemuse geelist. Selles ei ole suhkrut, gluteeni ega lisatud s\u00e4ilitusaineid.<\/p>\n<p>Mugav v\u00e4ike pakend hea kaasa v\u00f5tta!<\/p>\n<p>VEGAN<\/p>\n<p><strong>Kogus:<\/strong> 3x330ml<\/p>\n<p><strong>Kood:<\/strong> 7163<\/p>\n","protected":false},"featured_media":6335,"template":"","meta":[],"product_brand":[],"product_cat":[14],"product_tag":[],"class_list":{"0":"post-6334","1":"product","2":"type-product","3":"status-publish","4":"has-post-thumbnail","6":"product_cat-joogid","8":"first","9":"instock","10":"taxable","11":"shipping-taxable","12":"purchasable","13":"product-type-simple"},"jetpack_sharing_enabled":true,"_links":{"self":[{"href":"https:\/\/aaloe.ee\/et\/wp-json\/wp\/v2\/product\/6334","targetHints":{"allow":["GET"]}}],"collection":[{"href":"https:\/\/aaloe.ee\/et\/wp-json\/wp\/v2\/product"}],"about":[{"href":"https:\/\/aaloe.ee\/et\/wp-json\/wp\/v2\/types\/product"}],"wp:featuredmedia":[{"embeddable":true,"href":"https:\/\/aaloe.ee\/et\/wp-json\/wp\/v2\/media\/6335"}],"wp:attachment":[{"href":"https:\/\/aaloe.ee\/et\/wp-json\/wp\/v2\/media?parent=6334"}],"wp:term":[{"taxonomy":"product_brand","embeddable":true,"href":"https:\/\/aaloe.ee\/et\/wp-json\/wp\/v2\/product_brand?post=6334"},{"taxonomy":"product_cat","embeddable":true,"href":"https:\/\/aaloe.ee\/et\/wp-json\/wp\/v2\/product_cat?post=6334"},{"taxonomy":"product_tag","embeddable":true,"href":"https:\/\/aaloe.ee\/et\/wp-json\/wp\/v2\/product_tag?post=6334"}],"curies":[{"name":"wp","href":"https:\/\/api.w.org\/{rel}","templated":true}]}}