{"id":6229,"date":"2024-11-04T23:52:24","date_gmt":"2024-11-04T21:52:24","guid":{"rendered":"https:\/\/aaloe.ee\/?post_type=product&#038;p=6229"},"modified":"2025-10-30T19:46:33","modified_gmt":"2025-10-30T17:46:33","slug":"toitev-juukseoli","status":"publish","type":"product","link":"https:\/\/aaloe.ee\/et\/toode\/toitev-juukseoli\/","title":{"rendered":"Toitev juukse\u00f5li"},"content":{"rendered":"<div class=\"flex max-w-full flex-col flex-grow\">\n<div class=\"min-h-8 text-message flex w-full flex-col items-end gap-2 whitespace-normal break-words [.text-message+&amp;]:mt-5\" dir=\"auto\" data-message-author-role=\"assistant\" data-message-id=\"657b730e-9450-43c8-8639-600f8c837d8e\" data-message-model-slug=\"gpt-4o\">\n<div class=\"flex w-full flex-col gap-1 empty:hidden first:pt-[3px]\">\n<div class=\"markdown prose w-full break-words dark:prose-invert light\">\n<h3><span style=\"color: #99cc00;\">Toote omadused<\/span><\/h3>\n<ul>\n<li><strong>Niisutab ja v\u00e4hendab kahusust:<\/strong> Tagab siidiselt siledad juuksed ilma raskuseta.<\/li>\n<li><strong>Sisaldab kuut taime\u00f5li:<\/strong> Abessiinia-, jojoobi-, pataua-, tsubaki-, pequi- ja saflori\u00f5li niisutavad ja toidavad juukseid.<\/li>\n<li><strong>Silikoonivaba koostis<\/strong><\/li>\n<li><strong>T\u00e4pset doseerimist v\u00f5imaldav pipett:<\/strong> Mugav t\u00e4pseks pealekandmiseks.<\/li>\n<\/ul>\n<p>Taime\u00f5lid tugevdavad ja kaitsevad juukseid keskkonnam\u00f5jude eest. Lisaks muudab peedi ekstrakt juuksed siledaks ja tervisliku v\u00e4limusega. Juukse\u00f5li sobib k\u00f5igile juukset\u00fc\u00fcpidele ning seda v\u00f5ib kasutada nii m\u00e4rgadel kui ka kuivadel juustel. \u00d5lil on kerge lillel\u00f5hn, mis imendub kiiresti, j\u00e4ttes juuksed mitterasvaseks.<\/p>\n<h3><span style=\"color: #99cc00;\"><strong>Kasutamine:<\/strong> <\/span><\/h3>\n<p>Kanna paar tilka \u00f5li peopesale, h\u00f5\u00f5ru k\u00e4ed kokku ja kanna niisketele v\u00f5i kuivadele juustele keskosast otsteni.<\/p>\n<\/div>\n<\/div>\n<\/div>\n<\/div>\n<div class=\"mb-2 flex gap-3 empty:hidden -ml-2\">\n<div class=\"items-center justify-start rounded-xl p-1 flex\">\n<div class=\"flex items-center\">\n<h3 class=\"additional-ingrediants\"><span style=\"color: #99cc00;\">Koostis:<\/span><\/h3>\n<div class=\"additional-content\">\n<p>C15-19 Alkane, Isoamyl Laurate, Caprylic\/Capric Triglyceride, Crambe Abyssinica Seed Oil Phytosterol Esters, Simmondsia Chinensis (Jojoba) Seed Oil, Camellia Japonica Seed Oil, Parfum, Oenocarpus Bataua Fruit Oil, Caryocar Brasiliense Fruit Oil, Carthamus Tinctorius (Safflower) Seed Oil, Benzyl Benzoate, Tocopheryl Acetate, Aloe Barbadensis Leaf Extract, Beta Vulgaris (Beet) Root Extract, Hexyl Cinnamal, Linalool, Benzyl Salicylate, Citronellol, Tocopherol.<\/p>\n<\/div>\n<div class=\"flex\"><\/div>\n<div class=\"flex items-center pb-0\"><span class=\"overflow-hidden text-clip whitespace-nowrap text-sm\">4o<\/span><\/div>\n<\/div>\n<\/div>\n<\/div>\n","protected":false},"excerpt":{"rendered":"<h4><span style=\"color: #99cc00;\">Nourishing Hair Oil &#8211;<\/span><\/h4>\n<p>on hooldav, taimsel koostisel p\u00f5hinev juukse\u00f5li, mis sisaldab Aloe verat ja kuut erinevat taime\u00f5li. See niisutab, annab juustele s\u00e4ra, v\u00e4hendab kahusust ja hoiab \u00e4ra juukseotste l\u00f5henemist, olles t\u00e4iesti silikoonivaba.<\/p>\n<p>30ml<\/p>\n<p>Kood: 645<\/p>\n","protected":false},"featured_media":6230,"template":"","meta":[],"product_brand":[],"product_cat":[182,185],"product_tag":[],"class_list":{"0":"post-6229","1":"product","2":"type-product","3":"status-publish","4":"has-post-thumbnail","6":"product_cat-nahahooldus","7":"product_cat-personaalhooldus","9":"first","10":"instock","11":"taxable","12":"shipping-taxable","13":"purchasable","14":"product-type-simple"},"jetpack_sharing_enabled":true,"_links":{"self":[{"href":"https:\/\/aaloe.ee\/et\/wp-json\/wp\/v2\/product\/6229","targetHints":{"allow":["GET"]}}],"collection":[{"href":"https:\/\/aaloe.ee\/et\/wp-json\/wp\/v2\/product"}],"about":[{"href":"https:\/\/aaloe.ee\/et\/wp-json\/wp\/v2\/types\/product"}],"wp:featuredmedia":[{"embeddable":true,"href":"https:\/\/aaloe.ee\/et\/wp-json\/wp\/v2\/media\/6230"}],"wp:attachment":[{"href":"https:\/\/aaloe.ee\/et\/wp-json\/wp\/v2\/media?parent=6229"}],"wp:term":[{"taxonomy":"product_brand","embeddable":true,"href":"https:\/\/aaloe.ee\/et\/wp-json\/wp\/v2\/product_brand?post=6229"},{"taxonomy":"product_cat","embeddable":true,"href":"https:\/\/aaloe.ee\/et\/wp-json\/wp\/v2\/product_cat?post=6229"},{"taxonomy":"product_tag","embeddable":true,"href":"https:\/\/aaloe.ee\/et\/wp-json\/wp\/v2\/product_tag?post=6229"}],"curies":[{"name":"wp","href":"https:\/\/api.w.org\/{rel}","templated":true}]}}