{"id":6226,"date":"2024-11-04T23:32:53","date_gmt":"2024-11-04T21:32:53","guid":{"rendered":"https:\/\/aaloe.ee\/?post_type=product&#038;p=6226"},"modified":"2025-10-30T19:45:28","modified_gmt":"2025-10-30T17:45:28","slug":"forever-malosi-meeste-parfuum","status":"publish","type":"product","link":"https:\/\/aaloe.ee\/et\/toode\/forever-malosi-meeste-parfuum\/","title":{"rendered":"Forever Malosi- meeste parf\u00fc\u00fcm"},"content":{"rendered":"<div class=\"flex max-w-full flex-col flex-grow\">\n<div class=\"min-h-8 text-message flex w-full flex-col items-end gap-2 whitespace-normal break-words [.text-message+&amp;]:mt-5\" dir=\"auto\" data-message-author-role=\"assistant\" data-message-id=\"5beb2262-39ac-43d7-944e-b4ebc2e3cbd1\" data-message-model-slug=\"gpt-4o-mini\">\n<div class=\"flex w-full flex-col gap-1 empty:hidden first:pt-[3px]\">\n<div class=\"markdown prose w-full break-words dark:prose-invert light\">\n<h4><span style=\"color: #99cc00;\"><strong>Peamised omadused:<\/strong><\/span><\/h4>\n<ul>\n<li><strong>Maskuliinne l\u00f5hn:<\/strong> Tugev maitse, milles segunevad bergamoti ja santelipuu soojad noodid koos ts\u00fcpruse ja tsitrusviljade v\u00e4rskendava aroomiga.<\/li>\n<li><strong>Vegan:<\/strong> Toode sobib taimetoitlastele ja veganitele.<\/li>\n<li><strong>Inspiratsioon Samoani loodusest:<\/strong> L\u00f5hn toob esile troopilised rannad ja kristallselged veed.<\/li>\n<\/ul>\n<h4><span style=\"color: #99cc00;\"><strong>Kellele sobib?<\/strong><\/span><\/h4>\n<p>Forever Malosi Fine Fragrance on ideaalne neile, kes otsivad vastupandamatut, maskuliinset ja aistlikku l\u00f5hna, milles on koos mausteised puu noodid.<\/p>\n<h4><span style=\"color: #99cc00;\"><strong>Kuidas l\u00f5hna \u00f5igesti kasutada:<\/strong><\/span><\/h4>\n<ul>\n<li><strong>S\u00e4ilitamine:<\/strong> Hoia l\u00f5hna jahedas ja pimedas kohas, n\u00e4iteks k\u00fclmikus, et v\u00e4ltida aroomi n\u00f5rgenemist.<\/li>\n<li><strong>Kasutamine:<\/strong> Kanna l\u00f5hna niisutatud nahale, et see p\u00fcsiks kauem. Soovitav on pihustada l\u00f5hna pulsikohtadele, nagu kael, randmed ja k\u00fc\u00fcnarpaelad. Samuti v\u00f5ib l\u00f5hnastada \u00f5hku ja jalutada l\u00e4bi l\u00f5hnapilve, et saavutada \u00fchtlane aroomi katmine.<\/li>\n<\/ul>\n<p><strong>Lisav\u00f5imalus:<\/strong> Proovi ka Forever Alofa Fine Fragrance&#8217;i, mis on m\u00f5eldud naistele.<\/p>\n<p>Forever Malosi Fine Fragrance on suurep\u00e4rane valik, et lisada oma igap\u00e4evaellu maskuliinsust ja stiili!<\/p>\n<\/div>\n<\/div>\n<\/div>\n<\/div>\n<div class=\"mb-2 flex gap-3 empty:hidden -ml-2\">\n<div class=\"items-center justify-start rounded-xl p-1 flex\">\n<div class=\"flex items-center\">\n<p>&nbsp;<\/p>\n<div class=\"flex items-center pb-0\"><span class=\"overflow-hidden text-clip whitespace-nowrap text-sm\">4o mini<\/span><\/div>\n<\/div>\n<\/div>\n<\/div>\n","protected":false},"excerpt":{"rendered":"<p>Forever Malosi Fine Fragrance &#8211;<\/p>\n<p>on meeste jaoks m\u00f5eldud v\u00fcrtsikas maskuliinne l\u00f5hn, millel on soojad puidust noodid ja mis p\u00fcsib kaua. L\u00f5hn on inspireeritud Samoani k\u00fclalislahkest kultuurist, kus s\u00f5na &#8220;malosi&#8221; t\u00e4hendab j\u00f5udu.<\/p>\n<p>30ml<\/p>\n<p>Toote kood: 644<\/p>\n","protected":false},"featured_media":6227,"template":"","meta":[],"product_brand":[],"product_cat":[182,185],"product_tag":[],"class_list":{"0":"post-6226","1":"product","2":"type-product","3":"status-publish","4":"has-post-thumbnail","6":"product_cat-nahahooldus","7":"product_cat-personaalhooldus","9":"first","10":"instock","11":"taxable","12":"shipping-taxable","13":"purchasable","14":"product-type-simple"},"jetpack_sharing_enabled":true,"_links":{"self":[{"href":"https:\/\/aaloe.ee\/et\/wp-json\/wp\/v2\/product\/6226","targetHints":{"allow":["GET"]}}],"collection":[{"href":"https:\/\/aaloe.ee\/et\/wp-json\/wp\/v2\/product"}],"about":[{"href":"https:\/\/aaloe.ee\/et\/wp-json\/wp\/v2\/types\/product"}],"wp:featuredmedia":[{"embeddable":true,"href":"https:\/\/aaloe.ee\/et\/wp-json\/wp\/v2\/media\/6227"}],"wp:attachment":[{"href":"https:\/\/aaloe.ee\/et\/wp-json\/wp\/v2\/media?parent=6226"}],"wp:term":[{"taxonomy":"product_brand","embeddable":true,"href":"https:\/\/aaloe.ee\/et\/wp-json\/wp\/v2\/product_brand?post=6226"},{"taxonomy":"product_cat","embeddable":true,"href":"https:\/\/aaloe.ee\/et\/wp-json\/wp\/v2\/product_cat?post=6226"},{"taxonomy":"product_tag","embeddable":true,"href":"https:\/\/aaloe.ee\/et\/wp-json\/wp\/v2\/product_tag?post=6226"}],"curies":[{"name":"wp","href":"https:\/\/api.w.org\/{rel}","templated":true}]}}