{"id":6223,"date":"2024-11-04T23:13:10","date_gmt":"2024-11-04T21:13:10","guid":{"rendered":"https:\/\/aaloe.ee\/?post_type=product&#038;p=6223"},"modified":"2025-10-30T19:44:29","modified_gmt":"2025-10-30T17:44:29","slug":"forever-alofa-naiste-parfuum","status":"publish","type":"product","link":"https:\/\/aaloe.ee\/et\/toode\/forever-alofa-naiste-parfuum\/","title":{"rendered":"Forever Alofa-naiste parf\u00fc\u00fcm"},"content":{"rendered":"<h4><span style=\"color: #99cc00;\"><strong>Peamised omadused:<\/strong><\/span><\/h4>\n<ul>\n<li><span style=\"color: #000000;\"><strong>Sensuaalne ja naiselik l\u00f5hn:<\/strong> <\/span>Kompositsioon sisaldab sooja jasmiini, pehmeid santelipuu noote ja kerget tsitruse puudutust.<\/li>\n<li><strong>Vegaanne:<\/strong> Toode sobib taimetoitlastele ja veganitele.<\/li>\n<li><strong>Inspiratsioon Samoani loodusest:<\/strong> L\u00f5hn toob esile troopilised rannad ja kristallselged veed.<\/li>\n<\/ul>\n<p><span style=\"color: #99cc00;\"><strong>Kellele sobib?<\/strong> <\/span><\/p>\n<p>Forever Alofa Fine Fragrance on ideaalne neile, kes soovivad nautida vastupandamatut ja naiselikku l\u00f5hna, milles on koos lille- ja tsitrusenoote.<\/p>\n<h4><span style=\"color: #99cc00;\"><strong>Kuidas l\u00f5hna \u00f5igesti kasutada:<\/strong><\/span><\/h4>\n<ul>\n<li><strong>S\u00e4ilitamine:<\/strong> Hoia l\u00f5hna jahedas ja pimedas kohas, n\u00e4iteks k\u00fclmikus, et v\u00e4ltida aroomi n\u00f5rgenemist.<\/li>\n<li><strong>Kandmine:<\/strong> Kanna l\u00f5hna niisutatud nahale, et see p\u00fcsiks kauem. Soovitav on pihustada l\u00f5hna pulsikohtadele, nagu kael, randmed ja k\u00fc\u00fcnarpaelad. Samuti v\u00f5ib l\u00f5hnastada \u00f5hku ja jalutada l\u00e4bi l\u00f5hnapilve, et saavutada \u00fchtlane aroomi katmine.<\/li>\n<\/ul>\n<p><span style=\"color: #99cc00;\"><strong>Lisav\u00f5imalus:<\/strong><\/span><\/p>\n<p>Proovi ka Forever Malosi Fine Fragrance&#8217;i, mis on m\u00f5eldud meestele.<\/p>\n<p>Forever Alofa Fine Fragrance on ideaalne valik, et lisada oma igap\u00e4evaellu sensuaalsust ja naiselikkust!<\/p>\n","protected":false},"excerpt":{"rendered":"<h4><span style=\"color: #99cc00;\">Forever Alofa Fine Fragrance &#8211;<\/span><\/h4>\n<p>on naistele m\u00f5eldud l\u00f5hn, mis \u00fchendab endas vastupandamatut sensuaalsust ja naiselikkust. See soe lilleline aroom, millele lisab veidi tsitrusekargust, on inspireeritud Samoani k\u00fclalislahkest kultuurist.<\/p>\n<p>30ml<\/p>\n<p>Toote kood: 643<\/p>\n","protected":false},"featured_media":6224,"template":"","meta":[],"product_brand":[],"product_cat":[182,185],"product_tag":[],"class_list":{"0":"post-6223","1":"product","2":"type-product","3":"status-publish","4":"has-post-thumbnail","6":"product_cat-nahahooldus","7":"product_cat-personaalhooldus","9":"first","10":"instock","11":"taxable","12":"shipping-taxable","13":"purchasable","14":"product-type-simple"},"jetpack_sharing_enabled":true,"_links":{"self":[{"href":"https:\/\/aaloe.ee\/et\/wp-json\/wp\/v2\/product\/6223","targetHints":{"allow":["GET"]}}],"collection":[{"href":"https:\/\/aaloe.ee\/et\/wp-json\/wp\/v2\/product"}],"about":[{"href":"https:\/\/aaloe.ee\/et\/wp-json\/wp\/v2\/types\/product"}],"wp:featuredmedia":[{"embeddable":true,"href":"https:\/\/aaloe.ee\/et\/wp-json\/wp\/v2\/media\/6224"}],"wp:attachment":[{"href":"https:\/\/aaloe.ee\/et\/wp-json\/wp\/v2\/media?parent=6223"}],"wp:term":[{"taxonomy":"product_brand","embeddable":true,"href":"https:\/\/aaloe.ee\/et\/wp-json\/wp\/v2\/product_brand?post=6223"},{"taxonomy":"product_cat","embeddable":true,"href":"https:\/\/aaloe.ee\/et\/wp-json\/wp\/v2\/product_cat?post=6223"},{"taxonomy":"product_tag","embeddable":true,"href":"https:\/\/aaloe.ee\/et\/wp-json\/wp\/v2\/product_tag?post=6223"}],"curies":[{"name":"wp","href":"https:\/\/api.w.org\/{rel}","templated":true}]}}