{"id":6216,"date":"2024-11-04T19:45:10","date_gmt":"2024-11-04T17:45:10","guid":{"rendered":"https:\/\/aaloe.ee\/?post_type=product&#038;p=6216"},"modified":"2025-10-31T23:21:05","modified_gmt":"2025-10-31T21:21:05","slug":"taastav-nahahooldusoli","status":"publish","type":"product","link":"https:\/\/aaloe.ee\/et\/toode\/taastav-nahahooldusoli\/","title":{"rendered":"Taastav nahahooldus\u00f5li"},"content":{"rendered":"<p>Forever Replenishing Skin Oil on luksuslik n\u00e4o\u00f5li, mis annab nahale uut eluj\u00f5udu ja elastsust. See sisaldab nahka hooldavaid ja rahustavaid koostisosade segu, mis muudab naha pehmeks ja elastseks, sobides ka tundlikule nahale. Toode on silikonivaba.<\/p>\n<p><strong>Kellele sobib?<\/strong> See n\u00e4ohooldustoode on m\u00f5eldud k\u00f5igile, kes soovivad oma nahast eriti h\u00e4sti hoolt kanda. See on ideaalne k\u00fcpsele nahale, kuid sobib igas vanuses ja igat t\u00fc\u00fcpi nahale.<\/p>\n<p><strong>Toote eelised:<\/strong><\/p>\n<ul>\n<li>Hooldav ja rahustav \u00f5li, mis sisaldab hoolikalt valitud koostisosade segu, sobides ka tundlikule nahale.<\/li>\n<li>Sisaldab kurkkuyrt (borage) seemne\u00f5li, Aloe verat ja bisabolooli.<\/li>\n<li>Rikastatud A-, C- ja E-vitamiinidega, mis toetavad naha tervist.<\/li>\n<li>Aitab s\u00e4ilitada naha niiskust ja annab noorusliku tunde.<\/li>\n<\/ul>\n<p><strong>Toimeained:<\/strong> A-vitamiin (retiny\u00fclpalmitaat) aitab tasandada nahka ja v\u00e4hendada jooni ning kortse. Antioks\u00fcdantsed C- ja E-vitamiinid kaitsevad naharakke oks\u00fcdatiivse stressi eest ning E-vitamiin aitab luua nahale kaitsekihi.<\/p>\n<p><strong>Koostisosade erip\u00e4ra:<\/strong><\/p>\n<ul>\n<li>Kurgiseemne\u00f5li niisutab ja rahustab kuiva ning \u00e4rritunud nahka.<\/li>\n<li>Saflori seemne\u00f5li toidab ja niisutab nahka, samas kui bisabolool, mis saadakse Eremanthus-asterikasest, rahustab ja pehmendab nahka.<\/li>\n<li>Aloe vera aitab s\u00e4ilitada niiskust ja pehmendada nahka.<\/li>\n<\/ul>\n<h4>Taimemaailma kangelased<\/h4>\n<p>Replenishing skin Oil\u2019is sisalduv kurgiseemne\u00f5li nii pehmendab kui hooldab nahka. Sellel on ka rahustav toime, seega sobib see kuivale ja \u00e4rritunud nahale. Toode sisaldab ka nahka hooldavat saflooriseemne\u00f5li, mis kirgastab ja niisutab kuiva nahka ning rahustavat ja pehmendavat bisabolooli Brasiilias kasvavast Eremanthus aster taimest. Ja loomulikult on meie enda niisutav ja pehmendav Aloe vera. H\u00f5\u00f5ru paar tilka n\u00e4ole ja kaelale ning tunneta erinevust.<\/p>\n<p>Kasutada peale puhastamist enne n\u00e4okreemi. Kandke paar tilka n\u00e4ole ja kaelale ning masseerige hoolikalt s\u00f5rmeotstega, et tunda vahet!<\/p>\n<p>Forever Replenishing Skin Oil aitab nahal p\u00fcsida pehme ja kauem sile.<\/p>\n<p>&nbsp;<\/p>\n<h4>Koostis:<\/h4>\n<p>Caprylic\/Capric Triglyceride, C15-19 Alkane, Tocopheryl Acetate, Hydrogenated Polyisobutene, Retinyl Palmitate, Borago Officinalis Seed Oil, Parfum, Bisabolol, Lecithin, Carthamus Tinctorius Seed Oil, Glycine Soja Oil, Limonene, Linalool, Aloe Barbadensis Leaf Extract, Geraniol, Citronellol, Tocopherol, Ascorbyl Palmitate.<\/p>\n","protected":false},"excerpt":{"rendered":"<h4>Forever Replenishing Skin Oil<\/h4>\n<p>on luksuslik n\u00e4o\u00f5li, mis annab nahale uut eluj\u00f5udu ja elastsust. See sisaldab nahka hooldavaid ja rahustavaid koostisosade segu, mis muudab naha pehmeks ja elastseks, sobides ka tundlikule nahale. Toode on silikonivaba.<\/p>\n<h4>Toote kood: 653<\/h4>\n","protected":false},"featured_media":6217,"template":"","meta":[],"product_brand":[],"product_cat":[170,182],"product_tag":[],"class_list":{"0":"post-6216","1":"product","2":"type-product","3":"status-publish","4":"has-post-thumbnail","6":"product_cat-eksklusiivsed-tooted","7":"product_cat-nahahooldus","9":"first","10":"instock","11":"taxable","12":"shipping-taxable","13":"purchasable","14":"product-type-simple"},"jetpack_sharing_enabled":true,"_links":{"self":[{"href":"https:\/\/aaloe.ee\/et\/wp-json\/wp\/v2\/product\/6216","targetHints":{"allow":["GET"]}}],"collection":[{"href":"https:\/\/aaloe.ee\/et\/wp-json\/wp\/v2\/product"}],"about":[{"href":"https:\/\/aaloe.ee\/et\/wp-json\/wp\/v2\/types\/product"}],"wp:featuredmedia":[{"embeddable":true,"href":"https:\/\/aaloe.ee\/et\/wp-json\/wp\/v2\/media\/6217"}],"wp:attachment":[{"href":"https:\/\/aaloe.ee\/et\/wp-json\/wp\/v2\/media?parent=6216"}],"wp:term":[{"taxonomy":"product_brand","embeddable":true,"href":"https:\/\/aaloe.ee\/et\/wp-json\/wp\/v2\/product_brand?post=6216"},{"taxonomy":"product_cat","embeddable":true,"href":"https:\/\/aaloe.ee\/et\/wp-json\/wp\/v2\/product_cat?post=6216"},{"taxonomy":"product_tag","embeddable":true,"href":"https:\/\/aaloe.ee\/et\/wp-json\/wp\/v2\/product_tag?post=6216"}],"curies":[{"name":"wp","href":"https:\/\/api.w.org\/{rel}","templated":true}]}}