{"id":6200,"date":"2024-11-04T18:43:21","date_gmt":"2024-11-04T16:43:21","guid":{"rendered":"https:\/\/aaloe.ee\/?post_type=product&#038;p=6200"},"modified":"2025-11-19T22:33:33","modified_gmt":"2025-11-19T20:33:33","slug":"forever-immune-gummy","status":"publish","type":"product","link":"https:\/\/aaloe.ee\/et\/toode\/forever-immune-gummy\/","title":{"rendered":"Forever Immune Gummy"},"content":{"rendered":"<div class=\"flex max-w-full flex-col flex-grow\">\n<div class=\"min-h-8 text-message flex w-full flex-col items-end gap-2 whitespace-normal break-words [.text-message+&amp;]:mt-5\" dir=\"auto\" data-message-author-role=\"assistant\" data-message-id=\"239f00d1-0e05-4a73-98cd-0dffef23fe51\" data-message-model-slug=\"gpt-4o-mini\">\n<div class=\"flex w-full flex-col gap-1 empty:hidden first:pt-[3px]\">\n<div class=\"markdown prose w-full break-words dark:prose-invert light\">\n<p>+++Forever Immune\u2122 Gummy on maitsvad, pehmed ja kergesti n\u00e4ritavad vitamiinide n\u00e4rimistabletid, mis on loodud immuuns\u00fcsteemi toetamiseks. Need on\u00a0 vegan, \u017eelatiinivabad ja gluteenivabad kummikommid sisaldavad 10 erinevat vitamiini ja tsinki, sealhulgas B6-, A-, B12-, C- ja D-vitamiine, mis aitavad s\u00e4ilitada immuuns\u00fcsteemi normaalset talitlust.<\/p>\n<h4><strong>Toote eelised:<\/strong><\/h4>\n<ul>\n<li><strong>Maitsev troopiline maitse:<\/strong> Kummikommid maitsevad nagu troopilised puuviljad, pakkudes nauditavat viisi vitamiinide tarbimiseks.<\/li>\n<li><strong>Vegan ja gluteenivaba:<\/strong> Koostis on t\u00e4iesti taimne, \u017eelatiinivaba ja gluteenivaba.<\/li>\n<li><strong>Immuuns\u00fcsteemi tugi:<\/strong> Vitamiinid ja tsink aitavad tugevdada immuuns\u00fcsteemi ning kaitsevad rakke oks\u00fcdatiivse stressi eest.<\/li>\n<li><strong>Tsingi t\u00e4htsus:<\/strong> Sisaldab tsinki, mis on oluline immuuns\u00fcsteemi toetamiseks, kuna keha ei tooda seda ise.+++<\/li>\n<li><strong>Energia ja vastupidavus:<\/strong> Vitamiinid C, B6 ja B12 toetavad normaalset energiavahetust ja aitavad s\u00e4ilitada energiat terve p\u00e4eva jooksul.<\/li>\n<li><strong>Toitumisalased eelised:<\/strong> \u017delatiini-, gluteeni- ja s\u00e4ilitusainetevaba, madala suhkrusisaldusega, sobides erinevate toitumisviiside jaoks.<\/li>\n<\/ul>\n<p>Forever Immune Gummy on ideaalne valik t\u00e4iskasvanutele, kes soovivad oma vitamiinide saamist muuta l\u00f5busamaks ja maitsvamaks, samal ajal pakkudes organismile vajalikku tuge.<\/p>\n<p>Vali Forever Immune Gummy, et toetada oma immuuns\u00fcsteemi ja nautida tervislikku eluviisi!<\/p>\n<\/div>\n<\/div>\n<\/div>\n<\/div>\n<div class=\"items-center justify-start rounded-xl p-1 flex\">\n<div class=\"flex items-center\">\n<p>&nbsp;<\/p>\n<div class=\"flex items-center pb-0\"><span class=\"overflow-hidden text-clip whitespace-nowrap text-sm\">4o mini<\/span><\/div>\n<\/div>\n<\/div>\n<table>\n<tbody>\n<tr>\n<td><strong>Aktiivained<\/strong><\/td>\n<td><strong>2 kummikommi (p\u00e4evane annus)<\/strong><\/td>\n<td><strong>VTV %<\/strong><\/td>\n<\/tr>\n<tr>\n<td>C-vitamiin<\/td>\n<td>80 mg<\/td>\n<td>100%<\/td>\n<\/tr>\n<tr>\n<td>E-vitamiin<\/td>\n<td>12 mg \u03b1-TE<\/td>\n<td>100%<\/td>\n<\/tr>\n<tr>\n<td>Niatsiin<\/td>\n<td>16 mg<\/td>\n<td>100%<\/td>\n<\/tr>\n<tr>\n<td>A-vitamiin<\/td>\n<td>400 \u00b5g<\/td>\n<td>50%<\/td>\n<\/tr>\n<tr>\n<td>Biotiin<\/td>\n<td>50 \u00b5g<\/td>\n<td>100%<\/td>\n<\/tr>\n<tr>\n<td>B12-vitamiin<\/td>\n<td>2,5 \u00b5g<\/td>\n<td>100%<\/td>\n<\/tr>\n<tr>\n<td>D-vitamiin<\/td>\n<td>5 \u00b5g<\/td>\n<td>100%<\/td>\n<\/tr>\n<tr>\n<td>B6-vitamiin<\/td>\n<td>1,4 mg<\/td>\n<td>100%<\/td>\n<\/tr>\n<tr>\n<td>K-vitamiin<\/td>\n<td>75 \u00b5g<\/td>\n<td>100%<\/td>\n<\/tr>\n<tr>\n<td>Foolhape<\/td>\n<td>200 \u00b5g<\/td>\n<td>100%<\/td>\n<\/tr>\n<tr>\n<td>Tsink<\/td>\n<td>10 mg<\/td>\n<td>100%<\/td>\n<\/tr>\n<\/tbody>\n<\/table>\n<p>VTV &#8211; v\u00f5rdlev toitev\u00e4\u00e4rtus<\/p>\n<p><strong>Koostisosad:<\/strong>\u00a0gl\u00fckoosisiirup, sahharoos, modifitseeritud toidut\u00e4rklis, vitamiinid ja mineraalid, happesuse regulaatorid (sidrunhape, naatriumtsitraadid), looduslik mango l\u00f5hna- ja maitseaine, keskmise ahelaga trigl\u00fctseriidid (kookosest), glaseeraine (karnaubavaha), v\u00e4rviandvate toiduainete (safloori, porgandi, \u00f5una) kontsentreeritud mahl. Sisaldab p\u00e4hklit (kookos).<\/p>\n<p><strong>Tarvitamine<\/strong><strong>:\u00a0<\/strong>Soovituslik tarvitada 2 kummikommi \u00f6\u00f6p\u00e4evas.<\/p>\n<p><strong>Hoiatused<\/strong><strong>:\u00a0<\/strong>\u00c4rge \u00fcletage soovituslikku p\u00e4evanormi. Toidulisand ei asenda t\u00e4isv\u00e4\u00e4rtuslikku toitumist. Oluline on toituda mitmekesiselt ja tasakaalustatult ning elada tervislikult. T\u00e4iskasvanutele ja lastele alates 12. eluaastast. Lapseootel ja imetavatel naistel on soovitatav pidada n\u00f5u tervishoiuspetsialistidega. \u00c4rge tarvitage, kui olete toote koostisosade suhtes tundlik.<\/p>\n<p><strong>S\u00e4ilitamine:\u00a0<\/strong>Hoidke kindlalt suletuna kuivas ja jahedas kohas. \u00c4rge tarvitage, kui tihend on kahjustatud v\u00f5i seda ei ole. Hoidke lastele k\u00e4ttesaamatus kohas.<\/p>\n<p><strong>Toode ei ole ette n\u00e4htud \u00fchegi haiguse diagnoosimiseks, leevendamiseks ega ravimiseks.<\/strong><\/p>\n","protected":false},"excerpt":{"rendered":"<p>Troopiliste puuviljade maitsega kummikommid sisaldavad B6-, A-, B12-, C- ja D-vitamiine ja tsinki. mis soodustavad immuuns\u00fcsteemi aktiivsust. Pehmed ja kergesti n\u00e4ritavad vitamiinide n\u00e4rimistabletid.<\/p>\n<p>Vegan.<\/p>\n<p>200 g, 60 kummikommi.<\/p>\n<p>Toote kood: 566<\/p>\n","protected":false},"featured_media":6201,"template":"","meta":[],"product_brand":[],"product_cat":[15],"product_tag":[],"class_list":{"0":"post-6200","1":"product","2":"type-product","3":"status-publish","4":"has-post-thumbnail","6":"product_cat-toidulisandid","8":"first","9":"instock","10":"taxable","11":"shipping-taxable","12":"purchasable","13":"product-type-simple"},"jetpack_sharing_enabled":true,"_links":{"self":[{"href":"https:\/\/aaloe.ee\/et\/wp-json\/wp\/v2\/product\/6200","targetHints":{"allow":["GET"]}}],"collection":[{"href":"https:\/\/aaloe.ee\/et\/wp-json\/wp\/v2\/product"}],"about":[{"href":"https:\/\/aaloe.ee\/et\/wp-json\/wp\/v2\/types\/product"}],"wp:featuredmedia":[{"embeddable":true,"href":"https:\/\/aaloe.ee\/et\/wp-json\/wp\/v2\/media\/6201"}],"wp:attachment":[{"href":"https:\/\/aaloe.ee\/et\/wp-json\/wp\/v2\/media?parent=6200"}],"wp:term":[{"taxonomy":"product_brand","embeddable":true,"href":"https:\/\/aaloe.ee\/et\/wp-json\/wp\/v2\/product_brand?post=6200"},{"taxonomy":"product_cat","embeddable":true,"href":"https:\/\/aaloe.ee\/et\/wp-json\/wp\/v2\/product_cat?post=6200"},{"taxonomy":"product_tag","embeddable":true,"href":"https:\/\/aaloe.ee\/et\/wp-json\/wp\/v2\/product_tag?post=6200"}],"curies":[{"name":"wp","href":"https:\/\/api.w.org\/{rel}","templated":true}]}}