{"id":599,"date":"2014-11-26T22:08:38","date_gmt":"2014-11-26T20:08:38","guid":{"rendered":"http:\/\/aaloe.ee\/?post_type=product&#038;p=599"},"modified":"2025-04-01T23:31:09","modified_gmt":"2025-04-01T20:31:09","slug":"forever-bee-propolis","status":"publish","type":"product","link":"https:\/\/aaloe.ee\/et\/toode\/forever-bee-propolis\/","title":{"rendered":"Forever Bee Propolis &#8211; Foreveri taruvaigutabletid"},"content":{"rendered":"<h2><span style=\"color: #99cc00;\"><strong>Forever Bee Propolis\u2122<\/strong><\/span><\/h2>\n<h3 style=\"text-align: justify;\"><span style=\"color: #ff9900;\"><strong>Taruvaigu tabletid<\/strong><\/span><\/h3>\n<p style=\"text-align: justify;\"><span style=\"color: #999999;\">Taruvaiku tuntakse looduse parima antibiootikumina. See tugevdab organismi. Tegu on naturaalse vahendiga, mida v\u00f5ib tarvitada terve pere. Taruvaigutabletid on rikastatud mesilasema piimaga.<\/span><\/p>\n<h3><span style=\"color: #ff9900;\"><strong>Otse tarust teile<\/strong><\/span><\/h3>\n<p>Populaarne toidulisand, mis sisaldab autentset mesilaste toodetud taruvaiku.\u00a0Inimesed on mesilaste toodetud taruvaiku hinnanud juba iidsetest aegadest.<\/p>\n<h3><span style=\"color: #ff9900;\"><strong>Kellele?<\/strong><\/span><\/h3>\n<p>Forever Bee Propolis \u2122 sobib k\u00f5igile ja eriti neile, kes soovivad proovida kaasaegset, kuid traditsioonilist toidulisandit.\u00a0Taruvaik on paljudele juba tuntud nahahooldustoodete raviainena.\u00a0N\u00fc\u00fcd saad proovida taruvaiku toidulisandina.<\/p>\n<h3><span style=\"color: #ff9900;\"><strong>Mis on taruvaik?<\/strong><\/span><\/h3>\n<p>Taruvaik on aine, mida mesilased kasutavad oma pesade desinfitseerimiseks.\u00a0Taruvaiku tundsid juba vanad kreeklased.\u00a0Nimetus olevat tulnud nende j\u00e4rgi: pro Polis = linna jaoks.\u00a0Taruvaik koosneb peamiselt puude pungadest ning kuuse ja m\u00e4nni varjunditest saadud vaikudest ja vahadest.\u00a0Selle t\u00e4pne keemiline koostis v\u00f5ib aga erineda olenevalt taru asukohast ja sellest, millised taimed mesilaste k\u00e4sutuses on.<\/p>\n<h3><span style=\"color: #ff9900;\"><strong>Koguge hoolikalt<\/strong><\/span><\/h3>\n<p>Mesilased koguvad lendudel koostisosi ja teevad need taruvaigust, mida nad oma taru pinnale pintseldavad.\u00a0Et mitte rikkuda taru tasakaalu, kogutakse taru ja taru kohta vaid umbes 80\u2013100 grammi taruvaiku.\u00a0Foreveri taruvaigu puhtuse tagamiseks kasutame spetsiaalseid kogujaid.<\/p>\n<h3><span style=\"color: #ff9900;\"><strong>Pika traditsiooniga toidulisand<\/strong><\/span><\/h3>\n<p>Erinevatest kultuuridest p\u00e4rit inimesed on taruvaiku otse tarust kasutanud aegade algusest peale.\u00a0Kaasaegsetel inimestel on lihtsam juurdep\u00e4\u00e4s: \u00fcks Forever Bee Propolis\u2122 tablett sisaldab 500 mg taruvaiku.\u00a0Inimesed \u00fcle maailma on meie mesindussaadusi hinnanud juba aastaid.\u00a0Nad kasutavad ainult parimat toorainet ja v\u00f5ite olla kindel, et Forever Bee Propolis \u2122 on t\u00f6\u00f6deldud \u00fclima hoolega, alates tarust kuni valmistooteni.<\/p>\n<div class=\"o-faq__header js-toggle-content js-is-active\" aria-controls=\"ingredients\">\n<h3 class=\"o-faq__title\"><span style=\"color: #ff9900;\">Koostisained<\/span><\/h3>\n<div class=\"o-faq__header-icon\">Mesilastaruvaigu pulber,\u00a0<strong>sojavalgu<\/strong>\u00a0isolaat [\u00a0<strong>sojavalgu<\/strong>\u00a0isolaat, emulgaator (\u00a0<strong>sojaletsitiin<\/strong>\u00a0)], jaanileivapuu kummi, meepulber [meepulber, maltodekstriin] stabilisaator (r\u00e4nidioksiid, steariinhape), aromaatsed ained, mesilasema tarretise ekstrakt.<\/div>\n<\/div>\n<div id=\"ingredients\" class=\"o-faq__content js-is-visible\">\n<p>Allergeenid: vaata\u00a0\u00a0<strong>paksus kirjas<\/strong>\u00a0teksti.<\/p>\n<p><em>Juhime t\u00e4helepanu, et toote sisu v\u00f5ib muutuda ja pakendil olev teave kehtib.<\/em><\/p>\n<div class=\"o-faq__header js-toggle-content js-is-active\" aria-controls=\"nutritionalInformation\">\n<h3 class=\"o-faq__title\"><span style=\"color: #ff9900;\">Toitev\u00e4\u00e4rtus<\/span><\/h3>\n<div class=\"o-faq__header-icon\">Toitev\u00e4\u00e4rtus soovitatava p\u00e4evaannuse kohta (2 tabletti):<\/div>\n<\/div>\n<div id=\"nutritionalInformation\" class=\"o-faq__content js-is-visible\">\n<table border=\"1\" cellspacing=\"1\" cellpadding=\"1\">\n<tbody>\n<tr>\n<td><strong>Toitaine<\/strong><\/td>\n<td><strong>1 laud.<\/strong><\/td>\n<td><strong>2 tabelit.<\/strong><\/td>\n<\/tr>\n<tr>\n<td>Mesilase taruvaigu pulber<\/td>\n<td>500 mg<\/td>\n<td>1000 mg<\/td>\n<\/tr>\n<\/tbody>\n<\/table>\n<div class=\"o-faq__header js-toggle-content js-is-active\" aria-controls=\"instructions\">\n<h3 class=\"o-faq__title\"><span style=\"color: #ff9900;\">Juhised<\/span><\/h3>\n<\/div>\n<div id=\"instructions\" class=\"o-faq__content js-is-visible\">\n<p>Soovitatav p\u00e4evane annus: \u00fcks tablett kaks korda p\u00e4evas.<\/p>\n<p><em>See toode on toidulisand.\u00a0Soovitatavat \u00f6\u00f6p\u00e4evast annust ei tohi \u00fcletada.\u00a0Toidulisand ei asenda mitmek\u00fclgset ja tasakaalustatud toitumist ega tervislikku eluviisi.\u00a0Hoida lastele k\u00e4ttesaamatus kohas.<\/em><\/p>\n<\/div>\n<\/div>\n<\/div>\n<h5><span style=\"color: #999999;\"><strong>Lae alla \u00a0toote lisainfo PDF-s:\u00a0<\/strong><\/span><strong><span style=\"color: #99cc00;\">\u00a0<a style=\"color: #99cc00;\" href=\"http:\/\/aaloe.ee\/wp-content\/uploads\/2014\/11\/kood-27.pdf\">Forever Bee Propolis\u2122 <\/a><\/span><br \/>\n<\/strong><\/h5>\n","protected":false},"excerpt":{"rendered":"<h3><span style=\"color: #99cc00;\">Foreveri taruvaigutabletid <\/span><\/h3>\n<p><span style=\"color: #999999;\">Taruvaiku tuntakse looduse parima antibiootikumina. See tugevdab organismi. Tegu on naturaalse vahendiga, mida v\u00f5ib tarvitada terve pere. Taruvaigutabletid on rikastatud mesilasema piimaga. <\/span><\/p>\n<p><span style=\"color: #999999;\">Kood: 027<\/span><\/p>\n<p><span style=\"color: #999999;\">60 tabletti<\/span><\/p>\n","protected":false},"featured_media":4957,"template":"","meta":[],"product_brand":[],"product_cat":[17],"product_tag":[],"class_list":{"0":"post-599","1":"product","2":"type-product","3":"status-publish","4":"has-post-thumbnail","6":"product_cat-mesilastooted","8":"first","9":"instock","10":"taxable","11":"shipping-taxable","12":"purchasable","13":"product-type-simple"},"jetpack_sharing_enabled":true,"_links":{"self":[{"href":"https:\/\/aaloe.ee\/et\/wp-json\/wp\/v2\/product\/599","targetHints":{"allow":["GET"]}}],"collection":[{"href":"https:\/\/aaloe.ee\/et\/wp-json\/wp\/v2\/product"}],"about":[{"href":"https:\/\/aaloe.ee\/et\/wp-json\/wp\/v2\/types\/product"}],"wp:featuredmedia":[{"embeddable":true,"href":"https:\/\/aaloe.ee\/et\/wp-json\/wp\/v2\/media\/4957"}],"wp:attachment":[{"href":"https:\/\/aaloe.ee\/et\/wp-json\/wp\/v2\/media?parent=599"}],"wp:term":[{"taxonomy":"product_brand","embeddable":true,"href":"https:\/\/aaloe.ee\/et\/wp-json\/wp\/v2\/product_brand?post=599"},{"taxonomy":"product_cat","embeddable":true,"href":"https:\/\/aaloe.ee\/et\/wp-json\/wp\/v2\/product_cat?post=599"},{"taxonomy":"product_tag","embeddable":true,"href":"https:\/\/aaloe.ee\/et\/wp-json\/wp\/v2\/product_tag?post=599"}],"curies":[{"name":"wp","href":"https:\/\/api.w.org\/{rel}","templated":true}]}}