{"id":588,"date":"2014-11-26T21:45:25","date_gmt":"2014-11-26T19:45:25","guid":{"rendered":"http:\/\/aaloe.ee\/?post_type=product&#038;p=588"},"modified":"2025-11-19T23:30:10","modified_gmt":"2025-11-19T21:30:10","slug":"forever-nutraq10","status":"publish","type":"product","link":"https:\/\/aaloe.ee\/et\/toode\/forever-nutraq10\/","title":{"rendered":"Forever NutraQ10"},"content":{"rendered":"<h3><span style=\"color: #99cc00;\">Forever NutraQ10\u2122<\/span><\/h3>\n<h3><span style=\"color: #ff9900;\">S\u00fcdameabi<\/span><\/h3>\n<p style=\"text-align: justify;\"><span style=\"color: #999999;\">Mikroelementide kombinatsioon segatuna looduslike \u00fcrtidega- unikaalne segu kogu maailmas. Forever NutraQ10 on meie\u00a0s\u00fcdame r\u00fctmi ja iga meie keha raku energia toetaja.<\/span><\/p>\n<p style=\"text-align: justify;\"><span style=\"color: #999999;\">\u201eForever NutraQ10\u201c on eriline\u00a0segu, mis varustab s\u00fcdant ja\u00a0veresoonkonda kolme sorti\u00a0oluliste toitainetega. See hoiab\u00a0vere homots\u00fcsteiinitaseme\u00a0normis, varustab organismi\u00a0koens\u00fc\u00fcmiga Q10 ja\u00a0antioks\u00fcdantidega. \u00dcheskoos\u00a0toimides parandavad need\u00a0koostisained s\u00fcdameveresoonkonna\u00a0seisukorda.\u00a0Koens\u00fc\u00fcmi Q10 toodab\u00a0organism ise. See on vajalik\u00a0s\u00fcdame ja veresoonkonna\u00a0talitluseks. Koens\u00fc\u00fcmi Q10 j\u00e4\u00e4b\u00a0vananedes v\u00e4hemaks. Siis on see\u00a0meile aga just k\u00f5ige vajalikum.\u00a0Peale selle aitab \u201eForever\u00a0NutraQ10\u201c meie s\u00fcdant ja\u00a0veresooni homots\u00fcsteiini \u00f5ige\u00a0taseme s\u00e4ilitamisega veres \u2013\u00a0B-grupi vitamiinid (B6- ja\u00a0B12-vitamiin, foolhape) hoiavad\u00a0homots\u00fcsteiini koguse tervele\u00a0organismile omasel madalal\u00a0tasemel. See hoiab s\u00fcdame\u00a0ja veresoonkonna tervena.\u00a0\u201eForever NutraQ10\u201c sisaldab\u00a0veel naturaalseid taimeekstrakte\u00a0(viinamarjaseemne, kollajuure,\u00a0viirukipuu ja oliivilehe), mille\u00a0soodne m\u00f5ju s\u00fcdamele ja\u00a0veresoonkonnale on uuringutega\u00a0t\u00f5estatud. Pealekauba oleme\u00a0lisanud selliseid mineraale\u00a0nagu magneesiumi ja kroomi\u00a0(parandavad s\u00fcdame talitlust),\u00a0letsitiini (\u201e\u00f5litab\u201c veresooned\u00a0ja mobiliseerib rasvad) ning\u00a0t\u00f5husaid antioks\u00fcdante C- ja\u00a0E-vitamiini.\u00a0Kasutage neid \u201eForever\u00a0NutraQ10\u201c v\u00f5rratuid omadusi\u00a0\u00e4ra ja segage seda klaasi\u00a0aaloemahla sisse, et saaksite\u00a0\u00fchtlasi aaloe kasulikud ained.\u00a0See on suurep\u00e4rane abi teie\u00a0s\u00fcdamele!<\/span><\/p>\n<p style=\"text-align: justify;\"><span style=\"color: #99cc00;\">SOOVITATAV:<\/span> <span style=\"color: #999999;\">\u00fcks pakk p\u00e4evas.\u00a0Lahustage paki sisu 100 ml vees v\u00f5i\u00a0mahlas ja jooge \u00e4ra.<\/span><\/p>\n<p><span style=\"color: #999999;\">VEGAN<\/span><\/p>\n<p><span style=\"color: #999999;\">30 pakki<\/span><\/p>\n<p><span style=\"color: #999999;\">Kood : 312<\/span><\/p>\n<p><span style=\"color: #999999;\">Lae alla \u00a0toote lisainfo PDF-s:<\/span>\u00a0<span style=\"color: #99cc00;\">\u00a0<a style=\"color: #99cc00;\" href=\"http:\/\/aaloe.ee\/wp-content\/uploads\/2014\/11\/Kood-312.pdf\">Forever NutraQ10\u2122<\/a><\/span><strong><br \/>\n<\/strong><\/p>\n","protected":false},"excerpt":{"rendered":"<div>\n<h3 class=\"variant a1Pd0000002JUJSEA4\"><strong><span style=\"color: #99cc00;\">Forever NutraQ10<\/span><\/strong><\/h3>\n<p class=\"intro variant a1Pd0000002JUJSEA4\"><span style=\"color: #999999;\">See toidulisand on loodud nii, et see sulaks kergesti aaloemahlas ja annaks s\u00fcdamele ja veresoonkonnale olulisi toitaineid.<\/span><\/p>\n<p class=\"variant a1Pd0000002JUJSEA4\"><span style=\"color: #999999;\">Hoiab homots\u00fcsteiini taseme normis, varustab antioks\u00fcdantide ja koens\u00fc\u00fcmiga Q10, et rakud saaksid \u00f5igesti funktsioneerida. K\u00f5ik need koostisained kokku parandavad s\u00fcdame ja veresoonkonna seisundit.<\/span><\/p>\n<\/div>\n<div>\n<div class=\"price variant a1Pd0000002JUJSEA4\"><span style=\"color: #999999;\">\u00dcKS PORTSJON ON 1 PAKK. \u00dches karbis on 30 pakki \u00e1 3,5 g.<\/span><\/div>\n<div class=\"price variant a1Pd0000002JUJSEA4\"><span style=\"color: #999999;\">Kood: 312<\/span><\/div>\n<div class=\"share-wrap\"><\/div>\n<\/div>\n","protected":false},"featured_media":4131,"template":"","meta":[],"product_brand":[],"product_cat":[15],"product_tag":[],"class_list":{"0":"post-588","1":"product","2":"type-product","3":"status-publish","4":"has-post-thumbnail","6":"product_cat-toidulisandid","8":"first","9":"instock","10":"taxable","11":"shipping-taxable","12":"purchasable","13":"product-type-simple"},"jetpack_sharing_enabled":true,"_links":{"self":[{"href":"https:\/\/aaloe.ee\/et\/wp-json\/wp\/v2\/product\/588","targetHints":{"allow":["GET"]}}],"collection":[{"href":"https:\/\/aaloe.ee\/et\/wp-json\/wp\/v2\/product"}],"about":[{"href":"https:\/\/aaloe.ee\/et\/wp-json\/wp\/v2\/types\/product"}],"wp:featuredmedia":[{"embeddable":true,"href":"https:\/\/aaloe.ee\/et\/wp-json\/wp\/v2\/media\/4131"}],"wp:attachment":[{"href":"https:\/\/aaloe.ee\/et\/wp-json\/wp\/v2\/media?parent=588"}],"wp:term":[{"taxonomy":"product_brand","embeddable":true,"href":"https:\/\/aaloe.ee\/et\/wp-json\/wp\/v2\/product_brand?post=588"},{"taxonomy":"product_cat","embeddable":true,"href":"https:\/\/aaloe.ee\/et\/wp-json\/wp\/v2\/product_cat?post=588"},{"taxonomy":"product_tag","embeddable":true,"href":"https:\/\/aaloe.ee\/et\/wp-json\/wp\/v2\/product_tag?post=588"}],"curies":[{"name":"wp","href":"https:\/\/api.w.org\/{rel}","templated":true}]}}