{"id":5686,"date":"2024-01-06T20:11:17","date_gmt":"2024-01-06T18:11:17","guid":{"rendered":"https:\/\/aaloe.ee\/?post_type=product&#038;p=5686"},"modified":"2025-06-23T17:02:17","modified_gmt":"2025-06-23T14:02:17","slug":"forever-sensatiable-kiudainerikas-narimistablett","status":"publish","type":"product","link":"https:\/\/aaloe.ee\/et\/toode\/forever-sensatiable-kiudainerikas-narimistablett\/","title":{"rendered":"Forever Sensatiable-Kiudainerikas n\u00e4rimistablett"},"content":{"rendered":"<p class=\"tw-data-text tw-text-large tw-ta\" dir=\"ltr\" data-placeholder=\"T\u00f5lge\" data-ved=\"2ahUKEwiot-2HqMmDAxUNKRAIHVMZD5EQ3ewLegQIBRAQ\"><span class=\"Y2IQFc\" lang=\"et\" style=\"color: #99cc00;\"><strong>KIRJELDUS<\/strong> <\/span><\/p>\n<p class=\"tw-data-text tw-text-large tw-ta\" dir=\"ltr\" data-placeholder=\"T\u00f5lge\" data-ved=\"2ahUKEwiot-2HqMmDAxUNKRAIHVMZD5EQ3ewLegQIBRAQ\"><span class=\"Y2IQFc\" lang=\"et\">Kiudainerikas n\u00e4rimistablett Forever Sensatiable on vaniljemaitseline n\u00e4rimistablett, mis v\u00f5imaldab lisada toiduks kasutatavaid kiudaineid ja valke. Toidulisand sisaldab muuhulgas programmi DX4, mis v\u00f5imaldab aidata vabaneda negatiivsetest m\u00f5tetest ja halbadest harjumustest, samuti informatiivselt ja tutvustada toitumist ja elustiili. <\/span><\/p>\n<p class=\"tw-data-text tw-text-large tw-ta\" dir=\"ltr\" data-placeholder=\"T\u00f5lge\" data-ved=\"2ahUKEwiot-2HqMmDAxUNKRAIHVMZD5EQ3ewLegQIBRAQ\"><span class=\"Y2IQFc\" lang=\"et\"><span style=\"color: #99cc00;\"><strong>Kellele?<\/strong><\/span> <\/span><\/p>\n<p class=\"tw-data-text tw-text-large tw-ta\" dir=\"ltr\" data-placeholder=\"T\u00f5lge\" data-ved=\"2ahUKEwiot-2HqMmDAxUNKRAIHVMZD5EQ3ewLegQIBRAQ\"><span class=\"Y2IQFc\" lang=\"et\">Forever Sensatiable on t\u00e4iskasvanutele m\u00f5eldud toidulisand. See t\u00f6\u00f6tab k\u00f5igi jaoks, j\u00e4tkake kiudainete kasutamist. Sisaldab gl\u00fckomannaani, mis suudab siduda palju vett ja seej\u00e4rel paisub maos. <\/span><\/p>\n<p class=\"tw-data-text tw-text-large tw-ta\" dir=\"ltr\" data-placeholder=\"T\u00f5lge\" data-ved=\"2ahUKEwiot-2HqMmDAxUNKRAIHVMZD5EQ3ewLegQIBRAQ\"><span class=\"Y2IQFc\" lang=\"et\"><span style=\"color: #99cc00;\"><strong>Toote eelised:<\/strong><\/span> <\/span><\/p>\n<p class=\"tw-data-text tw-text-large tw-ta\" dir=\"ltr\" data-placeholder=\"T\u00f5lge\" data-ved=\"2ahUKEwiot-2HqMmDAxUNKRAIHVMZD5EQ3ewLegQIBRAQ\"><span class=\"Y2IQFc\" lang=\"et\">Gl\u00fckomannaan, mis seob vett P\u00e4rmi h\u00fcdrol\u00fcsaat ja kaerakliid Maitsev n\u00e4rimistablett, mis maitseb nagu vanilje <\/span><\/p>\n<p class=\"tw-data-text tw-text-large tw-ta\" dir=\"ltr\" data-placeholder=\"T\u00f5lge\" data-ved=\"2ahUKEwiot-2HqMmDAxUNKRAIHVMZD5EQ3ewLegQIBRAQ\"><span class=\"Y2IQFc\" lang=\"et\"><span style=\"color: #99cc00;\"><strong>Seotud veega<\/strong><\/span><\/span><\/p>\n<p class=\"tw-data-text tw-text-large tw-ta\" dir=\"ltr\" data-placeholder=\"T\u00f5lge\" data-ved=\"2ahUKEwiot-2HqMmDAxUNKRAIHVMZD5EQ3ewLegQIBRAQ\"><span class=\"Y2IQFc\" lang=\"et\"> Forever Sensatiable sisaldab gl\u00fckomannaani. Gl\u00fckomannaan on hea vett siduv taimne kiudaine. Seet\u00f5ttu on tablettide v\u00f5tmisel oluline juua vett, tabletid paisuvad maos. Toode sisaldab ka kaerakliisid, mis sisaldavad peaaegu kaks korda rohkem kiudaineid ja valku kui kaerahelbed. <\/span><\/p>\n<p class=\"tw-data-text tw-text-large tw-ta\" dir=\"ltr\" data-placeholder=\"T\u00f5lge\" data-ved=\"2ahUKEwiot-2HqMmDAxUNKRAIHVMZD5EQ3ewLegQIBRAQ\"><span class=\"Y2IQFc\" lang=\"et\"><span style=\"color: #99cc00;\"><strong>P\u00e4rmi h\u00fcdrol\u00fcsaat<\/strong><\/span> <\/span><\/p>\n<p class=\"tw-data-text tw-text-large tw-ta\" dir=\"ltr\" data-placeholder=\"T\u00f5lge\" data-ved=\"2ahUKEwiot-2HqMmDAxUNKRAIHVMZD5EQ3ewLegQIBRAQ\"><span class=\"Y2IQFc\" lang=\"et\">Forever Sensatiable sisaldab kapsa ja magusa funktsionaalse valgu p\u00e4rmi h\u00fcdrol\u00fc\u00fcsi. P\u00e4rmi h\u00fcdrol\u00fcsaat ehk Saccharomyces cerevisiae on p\u00e4rmiliik, mida on tuhandeid aastaid kasutatud k\u00fcpsetistes, k\u00e4\u00e4ritatud toitude ja jookide valmistamisel. <\/span><\/p>\n<p class=\"tw-data-text tw-text-large tw-ta\" dir=\"ltr\" data-placeholder=\"T\u00f5lge\" data-ved=\"2ahUKEwiot-2HqMmDAxUNKRAIHVMZD5EQ3ewLegQIBRAQ\"><span class=\"Y2IQFc\" lang=\"et\"><span style=\"color: #99cc00;\"><strong>Nautige puhta s\u00fcdametunnistusega<\/strong><\/span> <\/span><\/p>\n<p class=\"tw-data-text tw-text-large tw-ta\" dir=\"ltr\" data-placeholder=\"T\u00f5lge\" data-ved=\"2ahUKEwiot-2HqMmDAxUNKRAIHVMZD5EQ3ewLegQIBRAQ\"><span class=\"Y2IQFc\" lang=\"et\">Forever Sensatiable&#8217;il on maitsev vanilje maitse koos sidrunimaitsega. V\u00f5tke \u00fcks tablett igal ajal p\u00e4eva jooksul (kuni 8 tabletti p\u00e4eva jooksul) \u2013 see on nagu v\u00e4ikese koogit\u00fcki s\u00f6\u00f6mine. Nii hea, et ei taha n\u00e4ksidagi. <\/span><\/p>\n<div id=\"ProductUsage\" class=\"col-12 scroll-links mt-100 ng-star-inserted\">\n<h4 class=\"text-center text-uppercase prod-desc pb-4\"><span style=\"color: #99cc00;\">KASUTAMINE<\/span><\/h4>\n<h4 class=\"desc-container\"><strong>Soovitatav p\u00e4evane annus: 8 n\u00e4rimistabletti. V\u00f5tke 1-2 n\u00e4rimistabletti (maksimaalselt 8 tabletti p\u00e4evas) mis tahes ajal p\u00e4eva jooksul. V\u00f5tke tabletid rohke veega, et need ei satuks makku. Inimesed, kellel on neelamisraskused, ei tohiks seda toidulisandit kasutada. Toidulisand on suur hulgal nn T\u00e4iskasvanutele m\u00f5eldud toidulisand. Soovitatavat \u00f6\u00f6p\u00e4evast annust ei tohi \u00fcletada. Toidulisandit ei tohiks kasutada mitmek\u00fclgse asendajana.<\/strong><\/h4>\n<\/div>\n<div id=\"KeyIncredients\" class=\"incredient-container\">\n<div class=\"ng-star-inserted\">\n<div class=\"additional-content\">\n<p class=\"tw-data-text tw-text-large tw-ta\" dir=\"ltr\" data-placeholder=\"T\u00f5lge\" data-ved=\"2ahUKEwiot-2HqMmDAxUNKRAIHVMZD5EQ3ewLegQIBRAQ\"><span class=\"Y2IQFc\" lang=\"et\">Hoida kuivas, jahedas ja lastele k\u00e4ttesaamatus kohas. <\/span><\/p>\n<h3 class=\"tw-data-text tw-text-large tw-ta\" dir=\"ltr\" data-placeholder=\"T\u00f5lge\" data-ved=\"2ahUKEwiot-2HqMmDAxUNKRAIHVMZD5EQ3ewLegQIBRAQ\"><span style=\"color: #99cc00;\"><strong><span class=\"Y2IQFc\" lang=\"et\">Koostisosade loetelu:<\/span><\/strong><\/span><\/h3>\n<p class=\"tw-data-text tw-text-large tw-ta\" dir=\"ltr\" data-placeholder=\"T\u00f5lge\" data-ved=\"2ahUKEwiot-2HqMmDAxUNKRAIHVMZD5EQ3ewLegQIBRAQ\"><span class=\"Y2IQFc\" lang=\"et\">Kaerakliid (Avena sativa), magusaine (sorbitool), meepulber, aroom (vanill, sidrun), keskmise ahelaga trigl\u00fctseriidide pulber, stabilisaator (mikrokristalne tselluloos, ristseotud naatriumkarboks\u00fcmet\u00fc\u00fcltselluloostselluloos), p\u00e4rmi h\u00fcdrol\u00fcsaat (p\u00f6\u00f6k, akvaariumi sulfaat) (Saccharomyces cerevisiae), gl\u00fckomannaan. <\/span><\/p>\n<p class=\"tw-data-text tw-text-large tw-ta\" dir=\"ltr\" data-placeholder=\"T\u00f5lge\" data-ved=\"2ahUKEwiot-2HqMmDAxUNKRAIHVMZD5EQ3ewLegQIBRAQ\"><span class=\"Y2IQFc\" lang=\"et\">Allergeenid: m\u00e4rgitud paksus kirjas. magusaine. <\/span><\/p>\n<p class=\"tw-data-text tw-text-large tw-ta\" dir=\"ltr\" data-placeholder=\"T\u00f5lge\" data-ved=\"2ahUKEwiot-2HqMmDAxUNKRAIHVMZD5EQ3ewLegQIBRAQ\"><span class=\"Y2IQFc\" lang=\"et\">Liigne kasutamine v\u00f5ib avaldada lahtistavat toimet. Veenduge, et sisu ei muutuks. Ajakohane teave koostisainete kohta on toote <a href=\"https:\/\/redfoxbuy.com.ua\/\" target=\"_blank\" rel=\"noopener\">redfoxbuy<\/a>. <\/span><\/p>\n<p class=\"tw-data-text tw-text-large tw-ta\" dir=\"ltr\" data-placeholder=\"T\u00f5lge\" data-ved=\"2ahUKEwiot-2HqMmDAxUNKRAIHVMZD5EQ3ewLegQIBRAQ\"><span class=\"Y2IQFc\" lang=\"et\"><strong>Tehtud usas<\/strong><\/span><\/p>\n<p><strong>Toitev\u00e4\u00e4rtus vastavalt soovitatavale p\u00e4evaannusele (8 tabletti), (%RI*):<\/strong><\/p>\n<p class=\"tw-data-text tw-text-large tw-ta\" dir=\"ltr\" data-placeholder=\"T\u00f5lge\" data-ved=\"2ahUKEwiot-2HqMmDAxUNKRAIHVMZD5EQ3ewLegQIBRAQ\"><span class=\"Y2IQFc\" lang=\"et\"> 8 tabletti % RI* P\u00e4rmi h\u00fcdrol\u00fcsaadid 500 mg &#8211; <\/span><\/p>\n<p class=\"tw-data-text tw-text-large tw-ta\" dir=\"ltr\" data-placeholder=\"T\u00f5lge\" data-ved=\"2ahUKEwiot-2HqMmDAxUNKRAIHVMZD5EQ3ewLegQIBRAQ\"><span class=\"Y2IQFc\" lang=\"et\">Gl\u00fckomannaan 150 mg &#8211; * <\/span><\/p>\n<p class=\"tw-data-text tw-text-large tw-ta\" dir=\"ltr\" data-placeholder=\"T\u00f5lge\" data-ved=\"2ahUKEwiot-2HqMmDAxUNKRAIHVMZD5EQ3ewLegQIBRAQ\"><span class=\"Y2IQFc\" lang=\"et\">RI = \u00f6\u00f6p\u00e4evase tarbimise kontrollv\u00e4\u00e4rtus, &#8211; <\/span><\/p>\n<p class=\"tw-data-text tw-text-large tw-ta\" dir=\"ltr\" data-placeholder=\"T\u00f5lge\" data-ved=\"2ahUKEwiot-2HqMmDAxUNKRAIHVMZD5EQ3ewLegQIBRAQ\"><span class=\"Y2IQFc\" lang=\"et\">RI ei ole t\u00e4psustatud.<\/span><\/p>\n<\/div>\n<\/div>\n<\/div>\n<pre id=\"tw-target-text\" class=\"tw-data-text tw-text-large tw-ta\" dir=\"ltr\" data-placeholder=\"T\u00f5lge\" data-ved=\"2ahUKEwiot-2HqMmDAxUNKRAIHVMZD5EQ3ewLegQIBRAQ\"><span class=\"Y2IQFc\" lang=\"et\">\u00a0<\/span><\/pre>\n","protected":false},"excerpt":{"rendered":"<pre id=\"tw-target-text\" class=\"tw-data-text tw-text-large tw-ta\" dir=\"ltr\" data-placeholder=\"T\u00f5lge\" data-ved=\"2ahUKEwiot-2HqMmDAxUNKRAIHVMZD5EQ3ewLegQIBRAQ\"><span class=\"Y2IQFc\" lang=\"et\">Kiudainerikas n\u00e4rimistablett\r\n\r\nKiudained ja valgud Ning maitsev vanilje maitse. Forever Sensatiable on toidulisand, mis sisaldab muuhulgas gl\u00fckomannaani ja uut funktsionaalset valku, p\u00e4rmi h\u00fcdrol\u00fcsaati.<\/span><\/pre>\n<p>&nbsp;<\/p>\n<p>64 tabletti (111 g)<\/p>\n<p>Kood: 665<\/p>\n","protected":false},"featured_media":5687,"template":"","meta":[],"product_brand":[],"product_cat":[15,20],"product_tag":[],"class_list":{"0":"post-5686","1":"product","2":"type-product","3":"status-publish","4":"has-post-thumbnail","6":"product_cat-toidulisandid","7":"product_cat-kehakaal-ja-toitumine","9":"first","10":"instock","11":"taxable","12":"shipping-taxable","13":"purchasable","14":"product-type-simple"},"jetpack_sharing_enabled":true,"_links":{"self":[{"href":"https:\/\/aaloe.ee\/et\/wp-json\/wp\/v2\/product\/5686","targetHints":{"allow":["GET"]}}],"collection":[{"href":"https:\/\/aaloe.ee\/et\/wp-json\/wp\/v2\/product"}],"about":[{"href":"https:\/\/aaloe.ee\/et\/wp-json\/wp\/v2\/types\/product"}],"wp:featuredmedia":[{"embeddable":true,"href":"https:\/\/aaloe.ee\/et\/wp-json\/wp\/v2\/media\/5687"}],"wp:attachment":[{"href":"https:\/\/aaloe.ee\/et\/wp-json\/wp\/v2\/media?parent=5686"}],"wp:term":[{"taxonomy":"product_brand","embeddable":true,"href":"https:\/\/aaloe.ee\/et\/wp-json\/wp\/v2\/product_brand?post=5686"},{"taxonomy":"product_cat","embeddable":true,"href":"https:\/\/aaloe.ee\/et\/wp-json\/wp\/v2\/product_cat?post=5686"},{"taxonomy":"product_tag","embeddable":true,"href":"https:\/\/aaloe.ee\/et\/wp-json\/wp\/v2\/product_tag?post=5686"}],"curies":[{"name":"wp","href":"https:\/\/api.w.org\/{rel}","templated":true}]}}