{"id":5666,"date":"2024-01-02T13:58:04","date_gmt":"2024-01-02T11:58:04","guid":{"rendered":"https:\/\/aaloe.ee\/?post_type=product&#038;p=5666"},"modified":"2025-10-30T19:48:34","modified_gmt":"2025-10-30T17:48:34","slug":"habemeajamispalsam-gentlemans-pride","status":"publish","type":"product","link":"https:\/\/aaloe.ee\/et\/toode\/habemeajamispalsam-gentlemans-pride\/","title":{"rendered":"Habemeajamispalsam &#8211; Gentleman&#8217;s Pride"},"content":{"rendered":"<pre id=\"tw-target-text\" class=\"tw-data-text tw-text-large tw-ta\" dir=\"ltr\" data-placeholder=\"T\u00f5lge\" data-ved=\"2ahUKEwjAwKG71b6DAxXvIxAIHaV2A0cQ3ewLegQIARAQ\"><span class=\"Y2IQFc\" lang=\"et\">V\u00e4rske meheliku l\u00f5hnaga raseerimisj\u00e4rgne balsam.<\/span>\r\n\r\n<span class=\"Y2IQFc\" lang=\"et\">V\u00e4rskendav habemeajamisj\u00e4rgne kreem, mis sisaldab Aloe Verat, rosmariini ja kurki. Rahustab ja niisutab nahka \u2013 ning muudab selle imeliselt pehmeks ja siledaks.<\/span>\r\n\r\n118 ml\r\nKood: 70<\/pre>\n","protected":false},"excerpt":{"rendered":"<p>V\u00e4rske meheliku l\u00f5hnaga raseerimisj\u00e4rgne balsam. V\u00e4rskendav habemeajamisj\u00e4rgne kreem, mis sisaldab Aloe Verat, rosmariini ja kurki. Rahustab ja niisutab nahka \u2013 ning muudab selle imeliselt pehmeks ja siledaks. 118 ml Kood: 70<\/p>\n","protected":false},"featured_media":5667,"template":"","meta":[],"product_brand":[],"product_cat":[182,185],"product_tag":[],"class_list":{"0":"post-5666","1":"product","2":"type-product","3":"status-publish","4":"has-post-thumbnail","6":"product_cat-nahahooldus","7":"product_cat-personaalhooldus","9":"first","10":"instock","11":"taxable","12":"shipping-taxable","13":"purchasable","14":"product-type-simple"},"jetpack_sharing_enabled":true,"_links":{"self":[{"href":"https:\/\/aaloe.ee\/et\/wp-json\/wp\/v2\/product\/5666","targetHints":{"allow":["GET"]}}],"collection":[{"href":"https:\/\/aaloe.ee\/et\/wp-json\/wp\/v2\/product"}],"about":[{"href":"https:\/\/aaloe.ee\/et\/wp-json\/wp\/v2\/types\/product"}],"wp:featuredmedia":[{"embeddable":true,"href":"https:\/\/aaloe.ee\/et\/wp-json\/wp\/v2\/media\/5667"}],"wp:attachment":[{"href":"https:\/\/aaloe.ee\/et\/wp-json\/wp\/v2\/media?parent=5666"}],"wp:term":[{"taxonomy":"product_brand","embeddable":true,"href":"https:\/\/aaloe.ee\/et\/wp-json\/wp\/v2\/product_brand?post=5666"},{"taxonomy":"product_cat","embeddable":true,"href":"https:\/\/aaloe.ee\/et\/wp-json\/wp\/v2\/product_cat?post=5666"},{"taxonomy":"product_tag","embeddable":true,"href":"https:\/\/aaloe.ee\/et\/wp-json\/wp\/v2\/product_tag?post=5666"}],"curies":[{"name":"wp","href":"https:\/\/api.w.org\/{rel}","templated":true}]}}