{"id":5644,"date":"2023-12-19T17:52:59","date_gmt":"2023-12-19T15:52:59","guid":{"rendered":"https:\/\/aaloe.ee\/?post_type=product&#038;p=5644"},"modified":"2025-10-30T19:49:33","modified_gmt":"2025-10-30T17:49:33","slug":"aloe-liquid-soap-aaloe-vedelseep","status":"publish","type":"product","link":"https:\/\/aaloe.ee\/et\/toode\/aloe-liquid-soap-aaloe-vedelseep\/","title":{"rendered":"Aloe Liquid Soap- Aaloega vedelseep"},"content":{"rendered":"<p id=\"tw-target-text\" class=\"tw-data-text tw-text-large tw-ta\" dir=\"ltr\" data-placeholder=\"T\u00f5lge\" data-ved=\"2ahUKEwiOtvvy7JuDAxVyLRAIHf2RAFkQ3ewLegQIBRAQ\"><span class=\"Y2IQFc\" lang=\"et\">Aloe vedelseep sisaldab nahka hooldavat aaloe verat ja argaania\u00f5li, aga ka looduslikult puhastavaid koostisosi, nagu kookosp\u00e4hkel. Hellita end seebiga, mis annab imelise puhtustunde nahka kuivatamata. <\/span><\/p>\n<p class=\"tw-data-text tw-text-large tw-ta\" dir=\"ltr\" data-placeholder=\"T\u00f5lge\" data-ved=\"2ahUKEwiOtvvy7JuDAxVyLRAIHf2RAFkQ3ewLegQIBRAQ\"><span class=\"Y2IQFc\" lang=\"et\"><strong>Kellele?<\/strong> <\/span><\/p>\n<p class=\"tw-data-text tw-text-large tw-ta\" dir=\"ltr\" data-placeholder=\"T\u00f5lge\" data-ved=\"2ahUKEwiOtvvy7JuDAxVyLRAIHf2RAFkQ3ewLegQIBRAQ\"><span class=\"Y2IQFc\" lang=\"et\">Aloe vedelseep sobib kogu perele, ka tundliku nahaga inimestele. Seda saab kasutada \u00fcle kogu keha ning see l\u00f5hnab v\u00e4rskelt ja h\u00e4sti \u2013 ja mitte liiga tugevalt. <\/span><\/p>\n<p class=\"tw-data-text tw-text-large tw-ta\" dir=\"ltr\" data-placeholder=\"T\u00f5lge\" data-ved=\"2ahUKEwiOtvvy7JuDAxVyLRAIHf2RAFkQ3ewLegQIBRAQ\"><span class=\"Y2IQFc\" lang=\"et\"><strong>Seep: traditsioonidega toode<\/strong> <\/span><\/p>\n<p class=\"tw-data-text tw-text-large tw-ta\" dir=\"ltr\" data-placeholder=\"T\u00f5lge\" data-ved=\"2ahUKEwiOtvvy7JuDAxVyLRAIHf2RAFkQ3ewLegQIBRAQ\"><span class=\"Y2IQFc\" lang=\"et\">Esimene seep oli rohkem nagu k\u00e4sn ja vanim retsept p\u00e4rineb aastast 3000 eKr. teedelt. Vana-Egiptuses kombineeriti p\u00e4rast seda \u00f5lid tuhaga, millest tekkinud t\u00fckke kasutati puhastamiseks. K\u00f5lab kahtlaselt nagu seep, kas pole? Seepi, nagu meie praegust seepi, hakati L\u00e4his-Idas valmistama aastal 500 pKr. \u00fcmber \u2013 ja kuigi aeg-ajalt peeti jutlusi seebi ja vee patususest, oli seep siin, et j\u00e4\u00e4da. Mahedad ja hooldavad koostisained Me k\u00f5ik kasutame seepi iga p\u00e4ev, mitu korda p\u00e4evas. Seet\u00f5ttu on oluline valida toode, mis ei kuivata nahka, vaid puhastab seda \u00f5rnalt, hooldab samal ajal nahka ja aitab s\u00e4ilitada niiskust. Meie enda nahahooldusvahend Aloe Vera on Aloe vedelseebi jaoks ideaalne alus. Puhas ja siidiselt sile viimistlus Toode sisaldab ka looduslikult puhastavaid kookose koostisosi ja paljusid nahka hooldavaid koostisosi. Muuhulgas argaania\u00f5li, mis on kerge ja kiiresti imenduv \u00f5li, mis muudab naha siledaks, aga ka jojobaestrid, kurgi- ja arnikaekstrakt. Kokkuv\u00f5ttes t\u00f5eliselt armas seep, mis l\u00f5hnab imeliselt v\u00e4rskelt \u2013 ja mitte liiga tugevalt. Hellita end igap\u00e4evase luksusega Aloe vedelseep on nii mahe, et seda v\u00f5ib kasutada kogu kehal, ka tundlikul nahal. Moodustab siidise vahu ning j\u00e4tab naha imeliselt puhtaks ja meeldiva tunde. Aloe vedelseep on pakendatud ka mugavasse ja h\u00fcgieenilisse pumppudelisse, mis sobib nii du\u0161i alla kui ka kraanikaussi. Paljud ostavad kalleid kreeme, kuid ei huvita, millist seepi pere kasutab. Luba endale paremat seepi \u2013 ja m\u00e4rka erinevust. Imeline igap\u00e4evane luksus! Aloe vedelseep on Dermatestini\u00ae poolt dermatoloogilistes testides hinnatud <\/span><span class=\"Y2IQFc\" lang=\"et\"><strong>SUUREP\u00c4RANE.<\/strong> <\/span><\/p>\n<p class=\"tw-data-text tw-text-large tw-ta\" dir=\"ltr\" data-placeholder=\"T\u00f5lge\" data-ved=\"2ahUKEwiOtvvy7JuDAxVyLRAIHf2RAFkQ3ewLegQIBRAQ\"><span class=\"Y2IQFc\" lang=\"et\"><strong>KASUTAMINE:<\/strong><\/span><\/p>\n<p class=\"tw-data-text tw-text-large tw-ta\" dir=\"ltr\" data-placeholder=\"T\u00f5lge\" data-ved=\"2ahUKEwiOtvvy7JuDAxVyLRAIHf2RAFkQ3ewLegQIBRAQ\"><span class=\"Y2IQFc\" lang=\"et\">V\u00f5tke v\u00e4ike kogus Aloe vedelseepi m\u00e4rgadele k\u00e4tele. Masseerige \u00f5rnalt vahule ja peske nahk. Aloe vedelseepi saab kasutada kogu kehal. Loputage hoolikalt.<\/span><\/p>\n","protected":false},"excerpt":{"rendered":"<p id=\"tw-target-text\" class=\"tw-data-text tw-text-large tw-ta\" dir=\"ltr\" data-placeholder=\"T\u00f5lge\" data-ved=\"2ahUKEwiOtvvy7JuDAxVyLRAIHf2RAFkQ3ewLegQIBRAQ\"><span class=\"Y2IQFc\" lang=\"et\">Puhas igap\u00e4evane luksus kogu eluks Aloe vedelseep sisaldab nahka hooldavat aaloe verat ja argaania\u00f5li, aga ka looduslikult puhastavaid koostisosi, nagu kookosp\u00e4hkel. Hellita end seebiga, mis annab imelise puhtuse&#8230;<\/span><\/p>\n<p dir=\"ltr\" data-placeholder=\"T\u00f5lge\" data-ved=\"2ahUKEwiOtvvy7JuDAxVyLRAIHf2RAFkQ3ewLegQIBRAQ\">Kood: 633<\/p>\n<p dir=\"ltr\" data-placeholder=\"T\u00f5lge\" data-ved=\"2ahUKEwiOtvvy7JuDAxVyLRAIHf2RAFkQ3ewLegQIBRAQ\">473ml<\/p>\n","protected":false},"featured_media":5645,"template":"","meta":[],"product_brand":[],"product_cat":[171,185],"product_tag":[],"class_list":{"0":"post-5644","1":"product","2":"type-product","3":"status-publish","4":"has-post-thumbnail","6":"product_cat-hygieen-suuhooldus","7":"product_cat-personaalhooldus","9":"first","10":"instock","11":"taxable","12":"shipping-taxable","13":"purchasable","14":"product-type-simple"},"jetpack_sharing_enabled":true,"_links":{"self":[{"href":"https:\/\/aaloe.ee\/et\/wp-json\/wp\/v2\/product\/5644","targetHints":{"allow":["GET"]}}],"collection":[{"href":"https:\/\/aaloe.ee\/et\/wp-json\/wp\/v2\/product"}],"about":[{"href":"https:\/\/aaloe.ee\/et\/wp-json\/wp\/v2\/types\/product"}],"wp:featuredmedia":[{"embeddable":true,"href":"https:\/\/aaloe.ee\/et\/wp-json\/wp\/v2\/media\/5645"}],"wp:attachment":[{"href":"https:\/\/aaloe.ee\/et\/wp-json\/wp\/v2\/media?parent=5644"}],"wp:term":[{"taxonomy":"product_brand","embeddable":true,"href":"https:\/\/aaloe.ee\/et\/wp-json\/wp\/v2\/product_brand?post=5644"},{"taxonomy":"product_cat","embeddable":true,"href":"https:\/\/aaloe.ee\/et\/wp-json\/wp\/v2\/product_cat?post=5644"},{"taxonomy":"product_tag","embeddable":true,"href":"https:\/\/aaloe.ee\/et\/wp-json\/wp\/v2\/product_tag?post=5644"}],"curies":[{"name":"wp","href":"https:\/\/api.w.org\/{rel}","templated":true}]}}