{"id":5141,"date":"2023-03-29T17:02:23","date_gmt":"2023-03-29T14:02:23","guid":{"rendered":"http:\/\/aaloe.ee\/et\/?post_type=product&#038;p=5141"},"modified":"2024-01-02T16:34:20","modified_gmt":"2024-01-02T14:34:20","slug":"forever-marine-collagen","status":"publish","type":"product","link":"https:\/\/aaloe.ee\/et\/toode\/forever-marine-collagen\/","title":{"rendered":"Forever Marine Collagen"},"content":{"rendered":"<section class=\"u-section-spacing\">\n<div class=\"u-container u-container--narrow\">\n<p><span style=\"color: #99cc00;\"><strong>Nahahooldus seestpoolt<\/strong><\/span><\/p>\n<p>Nahk j\u00e4\u00e4b pring ja elastne, kui seda t\u00f6\u00f6delda sobivate puhastus- ja niisutavate toodetega, kuid parima tulemuse saab vaid nahka ka seestpoolt hooldades.\u00a0Seet\u00f5ttu oleme kasutanud uusimaid teadusuuringuid ja tehnikaid, et v\u00e4lja t\u00f6\u00f6tada toidulisand, mis varustab keha kollageeniga ja aitab kaasa ka parimate v\u00f5imalike tulemuste saavutamisele.\u00a0Unikaalne Forever Marine Collagen sisaldab kollageeni, vitamiine ja mineraale, mis m\u00f5jutavad naha loomulikku ilu.<\/p>\n<p><span style=\"color: #99cc00;\"><strong>Kellele?<\/strong><\/span><\/p>\n<p>Teie nahk n\u00e4itab, kuidas teil l\u00e4heb, ja sisemine mina peegeldub v\u00e4ljastpoolt.\u00a0Forever Marine Collagen sobib naistele ja meestele, kes soovivad hoolitseda oma naha eest seestpoolt ja v\u00e4lja n\u00e4ha terve ja nooruslik.\u00a0Toidulisand sobib neile, kes soovivad oma nahale midagi v\u00e4ga erilist lisada.<\/p>\n<p><span style=\"color: #99cc00;\"><strong>Mis on kollageen?<\/strong><\/span><\/p>\n<p>Kollageen on valk, mis esineb kehas loomulikult.\u00a070% nahast on kollageen, seda leidub ka k\u00fc\u00fcntes ja juustes.\u00a0Loomade kollageeni saadakse veistelt ja mere kollageeni kaladest.\u00a0Merekollageen imendub kehas kergemini, kuna selle peptiidimolekulid on v\u00e4iksemad.\u00a0Kalap\u00fc\u00fck on reguleeritud range kvaliteedikontrolliga ning see j\u00e4rgib vastutustundliku kalap\u00fc\u00fcgi p\u00f5him\u00f5tteid j\u00e4tkusuutliku kalavaru s\u00e4ilitamiseks.<\/p>\n<p><span style=\"color: #99cc00;\"><strong>Parim j\u00f5ud<\/strong><\/span><\/p>\n<p>Keha toodab kollageeni, kombineerides aminohappeid ja toitaineid, mis on saadud valgurikkast toidust nagu kana, oad, munad ja kala.\u00a0Lisaks vajab protsess vitamiine ja mineraalaineid, nagu C-vitamiin ja tsink, mida leidub tsitrusviljades ja k\u00f6\u00f6giviljades.\u00a0Seet\u00f5ttu saab kollageeni tootmist toetada \u00f5ige toitumisega.\u00a0Forever Marine Collagen sisaldab C-vitamiini, mis soodustab normaalset kollageeni moodustumist, ja tsinki, mis aitab kaasa normaalsete k\u00fc\u00fcnte s\u00e4ilimisele.\u00a0Lisaks sisaldab see A-vitamiini, mis aitab s\u00e4ilitada normaalset nahka, biotiini, mis aitab kaasa naha ja juuste normaalsele seisundile ning koens\u00fc\u00fcmi Q10.<\/p>\n<p><span style=\"color: #99cc00;\"><strong>Taimsed koostisosad<\/strong><\/span><\/p>\n<p>Lisaks kollageenile sisaldab Forever Marine Collagen tervet rida taimseid koostisosi, nagu acerola kirss, roheline tee, goji marja ja musta pipra ekstrakt piperiin.\u00a0Need koostisosad annavad Forever Marine Collagenile v\u00e4rske ja kirbe marjase maitse.<\/p>\n<p><span style=\"color: #99cc00;\"><strong>Mugavad annustamispakendid<\/strong><\/span><\/p>\n<p>Pole pulbrit, segadust ega t\u00fckke.\u00a0Forever Marine Collagen on mugavates annustes pakendites eelsegatud toidulisand, mida saad igale poole kaasa v\u00f5tta.\u00a0Toidulisand kalale ei maitse, kuid v\u00e4rsked koostisosad annavad sellele kirbe marjase maitse.<\/p>\n<\/div>\n<\/section>\n<section class=\"u-section-spacing\">\n<div class=\"u-container u-container--narrow\">\n<div class=\"o-faq\">\n<div class=\"o-faq__header js-toggle-content\" aria-controls=\"ingredients\">\n<h3 class=\"o-faq__title\"><span style=\"color: #ff9900;\">Koostisained<\/span><\/h3>\n<\/div>\n<\/div>\n<\/div>\n<\/section>\n<p><strong>Kogus \u00fches pakis\u00a0\u00a0\u00a0\u00a0\u00a0\u00a0\u00a0\u00a0\u00a0\u00a0\u00a0\u00a0\u00a0\u00a0\u00a0\u00a0\u00a0\u00a0\u00a0\u00a0\u00a0\u00a0\u00a0\u00a0\u00a0\u00a0\u00a0\u00a0\u00a0\u00a0\u00a0\u00a0\u00a0\u00a0\u00a0\u00a0\u00a0\u00a0\u00a0\u00a0\u00a0\u00a0\u00a0\u00a0\u00a0\u00a0\u00a0\u00a0\u00a0\u00a0\u00a0\u00a0\u00a0\u00a0\u00a0\u00a0\u00a0\u00a0\u00a0\u00a0\u00a0\u00a0\u00a0\u00a0 VTV* (%)<\/strong><\/p>\n<p>A-vitamiin (beetakaroteen)\u00a0\u00a0\u00a0\u00a0\u00a0\u00a0\u00a0\u00a0\u00a0\u00a0\u00a0\u00a0\u00a0\u00a0\u00a0\u00a0\u00a0 \u00a0\u00a0\u00a0\u00a0\u00a0\u00a0\u00a0120 \u03bcg\u00a0\u00a0\u00a0\u00a0\u00a0\u00a0\u00a0\u00a0\u00a0\u00a0\u00a0\u00a0\u00a0\u00a0\u00a0\u00a0\u00a0\u00a0\u00a0 15<\/p>\n<p>C-vitamiin (naatrium-L-askorbaat)\u00a0\u00a0\u00a0\u00a0\u00a0\u00a0\u00a0\u00a0\u00a0\u00a0\u00a0\u00a0\u00a0\u00a0 12 mg\u00a0\u00a0\u00a0\u00a0\u00a0\u00a0\u00a0\u00a0\u00a0\u00a0\u00a0\u00a0\u00a0\u00a0\u00a0\u00a0\u00a0\u00a0 15<\/p>\n<p>Biotiin (D-biotiin)\u00a0\u00a0\u00a0\u00a0\u00a0\u00a0\u00a0\u00a0\u00a0\u00a0\u00a0\u00a0\u00a0\u00a0\u00a0\u00a0\u00a0\u00a0\u00a0\u00a0\u00a0\u00a0\u00a0\u00a0\u00a0\u00a0\u00a0\u00a0\u00a0\u00a0\u00a0\u00a0\u00a0\u00a0\u00a0\u00a0\u00a0\u00a0 30 \u00b5g\u00a0\u00a0\u00a0\u00a0\u00a0\u00a0\u00a0\u00a0\u00a0\u00a0\u00a0\u00a0\u00a0\u00a0\u00a0\u00a0\u00a0\u00a0\u00a0\u00a0\u00a0 60<\/p>\n<p>Tsink (tsinkgl\u00fckonaat)\u00a0\u00a0\u00a0\u00a0\u00a0\u00a0\u00a0\u00a0\u00a0\u00a0\u00a0\u00a0\u00a0\u00a0\u00a0\u00a0\u00a0\u00a0\u00a0\u00a0\u00a0\u00a0\u00a0\u00a0\u00a0\u00a0\u00a0\u00a0\u00a0\u00a0\u00a0\u00a0 4,2 mg\u00a0\u00a0\u00a0\u00a0\u00a0\u00a0\u00a0\u00a0\u00a0\u00a0\u00a0\u00a0\u00a0\u00a0\u00a0\u00a0\u00a0\u00a0\u00a0 42<\/p>\n<p><strong>KALA<\/strong>\u00a0kollageen\u00a0\u00a0\u00a0\u00a0\u00a0\u00a0\u00a0\u00a0\u00a0\u00a0\u00a0\u00a0\u00a0\u00a0\u00a0\u00a0\u00a0\u00a0\u00a0\u00a0\u00a0\u00a0\u00a0\u00a0\u00a0\u00a0\u00a0\u00a0\u00a0\u00a0\u00a0\u00a0\u00a0\u00a0\u00a0\u00a0\u00a0\u00a0\u00a0\u00a0\u00a0\u00a0 3 g\u00a0\u00a0\u00a0\u00a0\u00a0\u00a0\u00a0\u00a0\u00a0\u00a0\u00a0\u00a0\u00a0\u00a0\u00a0\u00a0\u00a0\u00a0\u00a0\u00a0\u00a0\u00a0\u00a0\u00a0\u00a0 \u2013<\/p>\n<p>Hiina teep\u00f5\u00f5sa ekstrakt (lehtedest)\u00a0\u00a0\u00a0\u00a0\u00a0\u00a0\u00a0\u00a0\u00a0\u00a0\u00a0\u00a0 50 mg \u00a0\u00a0\u00a0\u00a0\u00a0\u00a0\u00a0\u00a0\u00a0\u00a0\u00a0 \u00a0\u00a0\u00a0\u00a0\u00a0\u00a0\u00a0\u00a0\u00a0&#8211;<\/p>\n<p>(P\u00e4evane annus sisaldab &lt;1 mg (\u2013)-epigallokatehhiin-3-gallaati)<\/p>\n<p>* V\u00f5rdlev toitev\u00e4\u00e4rtus<\/p>\n<p><span style=\"color: #ff9900;\"><strong>Koostisosad:<\/strong>\u00a0<\/span><strong>KALA<\/strong>\u00a0kollageen (vesi,\u00a0<strong>KALA<\/strong>\u00a0kollageen\u00a0 (21,4%)), mahlakontsentraadid (19.6%) [\u00f5una (<em>Malus domestica<\/em>) (puuviljadest), sileda malpiigia (<em>Malpighia glabra L.<\/em>) (puuviljast eskobillast)], magusained: er\u00fctritool ja\u00a0<em>Stevia<\/em>\u2019st saadud stevioolgl\u00fckosiidid, happesuse regulaator sidrunhape, naatrium-L-askorbaat, paksendajad: pektiin ja akaatsiavaik, L-isoleutsiin, beetakaroteen, aedporgandi (<em>Daucus carota L.<\/em>) mahlakontsentraat (juurtest), taral\u00f5nga (<em>Lycium barbarum L.<\/em>) ekstrakt (marjadest),\u00a0 kunstlikud l\u00f5hnaained (muskaatviinamarja ja avokaado), hiina teep\u00f5\u00f5sa (<em>Camellia sinensis L.<\/em>) ekstrakt (lehtedest), tsinkgl\u00fckonaat, emulgaator p\u00e4evalilleletsitiin, koens\u00fc\u00fcm Q10, s\u00e4ilitusaine kaaliumsorbaat, musta pipra (<em>Piper nigrum<\/em>) ekstrakt (viljadest), D-biotiin.<\/p>\n<p>&nbsp;<\/p>\n<p><span style=\"color: #ff9900;\"><strong>Tarvitamine:<\/strong>\u00a0<\/span>\u00fcks pakk p\u00e4evas. Mitte tarbida t\u00fchja k\u00f5huga. Ei ole tarbimiseks rasedatele ega imetavatele naistele ning alla 18 aasta vanustele lastele. Mitte tarbida p\u00e4evas 800\u00a0mg v\u00f5i rohkem (\u2013)-epigallokatehhiin-3-gallaati. Mitte tarbida, kui tarbite samal p\u00e4eval muid rohelist teed sisaldavaid tooteid. \u00c4rge tarvitage, kui pakk on avatud v\u00f5i kahjustatud. Hoidke lastele k\u00e4ttesaamatus kohas. \u00c4rge \u00fcletage soovitatud annust. Ei asenda t\u00e4isv\u00e4\u00e4rtuslikku toitumist. \u00dcleliigne tarbimine v\u00f5ib p\u00f5hjustada k\u00f5hulahtisust.<\/p>\n<p>&nbsp;<\/p>\n","protected":false},"excerpt":{"rendered":"<p><strong>Magusainetega toidulisand\u00a0<\/strong><\/p>\n<p>Kollageeni, taimeekstraktide ja vitamiinidega toidulisand nahale. A-vitamiin, tsink ja biotiin aitavad naha, juuste ja k\u00fc\u00fcnte seisundi normaalsena hoida. C-vitamiin aitab toetada veresoonte, naha ja luude \u00f5igeks funktsioneerimiseks vajaliku kollageeni normaalset moodustumist.<\/p>\n<p>30 pakki<\/p>\n<p>Netokogus 536,4 g<\/p>\n<p><strong>Kood: 613<\/strong><\/p>\n<h1><\/h1>\n","protected":false},"featured_media":5142,"template":"","meta":[],"product_brand":[],"product_cat":[15],"product_tag":[],"class_list":{"0":"post-5141","1":"product","2":"type-product","3":"status-publish","4":"has-post-thumbnail","6":"product_cat-toidulisandid","8":"first","9":"instock","10":"taxable","11":"shipping-taxable","12":"purchasable","13":"product-type-simple"},"jetpack_sharing_enabled":true,"_links":{"self":[{"href":"https:\/\/aaloe.ee\/et\/wp-json\/wp\/v2\/product\/5141","targetHints":{"allow":["GET"]}}],"collection":[{"href":"https:\/\/aaloe.ee\/et\/wp-json\/wp\/v2\/product"}],"about":[{"href":"https:\/\/aaloe.ee\/et\/wp-json\/wp\/v2\/types\/product"}],"wp:featuredmedia":[{"embeddable":true,"href":"https:\/\/aaloe.ee\/et\/wp-json\/wp\/v2\/media\/5142"}],"wp:attachment":[{"href":"https:\/\/aaloe.ee\/et\/wp-json\/wp\/v2\/media?parent=5141"}],"wp:term":[{"taxonomy":"product_brand","embeddable":true,"href":"https:\/\/aaloe.ee\/et\/wp-json\/wp\/v2\/product_brand?post=5141"},{"taxonomy":"product_cat","embeddable":true,"href":"https:\/\/aaloe.ee\/et\/wp-json\/wp\/v2\/product_cat?post=5141"},{"taxonomy":"product_tag","embeddable":true,"href":"https:\/\/aaloe.ee\/et\/wp-json\/wp\/v2\/product_tag?post=5141"}],"curies":[{"name":"wp","href":"https:\/\/api.w.org\/{rel}","templated":true}]}}