{"id":512,"date":"2014-11-24T23:16:18","date_gmt":"2014-11-24T21:16:18","guid":{"rendered":"http:\/\/aaloe.ee\/?post_type=product&#038;p=512"},"modified":"2025-06-23T17:01:47","modified_gmt":"2025-06-23T14:01:47","slug":"fields-of-greens","status":"publish","type":"product","link":"https:\/\/aaloe.ee\/et\/toode\/fields-of-greens\/","title":{"rendered":"Fields of Greens &#8211; Rohelised aasad"},"content":{"rendered":"<h3><span style=\"color: #99cc00;\">Fields of Greens\u2122<\/span><\/h3>\n<h3 style=\"text-align: justify;\"><span style=\"color: #ff9900;\">Rohelised aasad<\/span><\/h3>\n<p><span style=\"color: #999999;\">T\u00e4nap\u00e4eva rutakas elustiil sunnib meid \u00fcha sagedamini langetama valiku tervisliku ja naturaalse toidu asemel kiirelt valmiva s\u00f6\u00f6gi kasuks. \u201eForever Living Products\u201c pakub v\u00e4lja lahenduse \u2013 \u201eFields of Greens\u201c. Tegu on v\u00e4ga h\u00e4sti tasakaalustatud toidulisandiga, mis aitab kompenseerida toitainete puudu-j\u00e4\u00e4gi. Tootes sisaldub rohkelt vitamiine, mineraale, valke, aminohappeid, ens\u00fc\u00fcme ja kloro-f\u00fclli. Lisandit \u201eFields of Greens\u201c iseloomustab toiteelementide k\u00fcllus, mis on saadud odra ja nisuidudest, lutsernist ja Cayenne\u2019i piprast. Odraidud sisaldavad j\u00e4rgmisi mineraale: kaaliumit, kaltsiumit, magnee-siumit, rauda, naatriumit, vaske, fosforit, tsinki ja mangaani. Nisuidud on toitev\u00e4\u00e4rtuslikud taimed, mis sisaldavad ohtralt eri vitamiine ja mineraale. Lutsern on v\u00f5rratu vitamiinide (A-, B6-, E- ja K-vitamiini) ning mineraalide allikas. Cayenne\u2019i pipart kasutatakse juba ammustest aegadest meditsiinis \u2013 see t\u00f5hustab verevarustust ning seedimist. Toode sisaldab mett, milles on palju kasulikke aineid: vitamiine, mineraale ja aminohappeid. Mett kasutatakse juba iidsetest aegadest ravimi ja energiaallikana. \u201eFields of Greens\u201c on h\u00e4sti tasakaalustatud toidulisand, mis sisaldab vitamiine, mineraale, aminohappeid, ens\u00fc\u00fc-me, klorof\u00fclli ja rohkelt kiudaineid. \u201eFields of Greens\u201c on suurep\u00e4rane energia ja tervise <a href=\"https:\/\/buketio.com.ua\/\" target=\"_blank\" rel=\"noopener\">\u0441\u0430\u0439\u0442<\/a>.<\/span><\/p>\n<p><strong><span style=\"color: #99cc00;\">SOOVITUSLIK\u00a0TARVITAMINE:<\/span><\/strong> <span style=\"color: #999999;\">\u00fcks tablett kaks\u00a0korda p\u00e4evas toidulisandina.<\/span><\/p>\n<p><span style=\"color: #999999;\">80 tabletti<\/span><\/p>\n<p><span style=\"color: #999999;\">Kood : 68<\/span><\/p>\n<h4><span style=\"color: #999999;\">Lae alla \u00a0toote lisainfo PDF-s: \u00a0<\/span><strong><span style=\"color: #008000;\"><span style=\"color: #99cc00;\">\u00a0<\/span><\/span><\/strong><span style=\"color: #008000;\"><span style=\"color: #99cc00;\"><a style=\"color: #99cc00;\" href=\"http:\/\/aaloe.ee\/wp-content\/uploads\/2014\/11\/Kood-68.pdf\">Fields of Greens\u2122<\/a><\/span><\/span><strong><br \/>\n<\/strong><\/h4>\n","protected":false},"excerpt":{"rendered":"<div>\n<h3 class=\"variant a1Pd0000002JUIAEA4\"><span style=\"color: #99cc00;\">Rohelised aasad<\/span><\/h3>\n<p class=\"intro variant a1Pd0000002JUIAEA4\"><span style=\"color: #999999;\">Eriti h\u00e4sti tasakaalustatud toidulisand. Selle toitained p\u00e4rinevad lutserni-, odra- ja nisuidudest ning Cayenne\u2019i piprast.<\/span><\/p>\n<p class=\"variant a1Pd0000002JUIAEA4\"><span style=\"color: #999999;\">See on vitamiinide, mineraalide, aminohapete ja ens\u00fc\u00fcmide kokteil, mis sisaldab klorof\u00fclli ja taimekiudu. Toidulisand on esmaklassiline toitainete allikas ja v\u00f5imalus varustada organismi kiiresti elut\u00e4htsate ainetega.<\/span><\/p>\n<\/div>\n<div>\n<div class=\"price variant a1Pd0000002JUIAEA4\"><span style=\"color: #999999;\">KOGUS: 80 tabletti<\/span><\/div>\n<div class=\"price variant a1Pd0000002JUIAEA4\"><span style=\"color: #999999;\">KOOD: 068<\/span><\/div>\n<\/div>\n","protected":false},"featured_media":4653,"template":"","meta":[],"product_brand":[],"product_cat":[15],"product_tag":[],"class_list":{"0":"post-512","1":"product","2":"type-product","3":"status-publish","4":"has-post-thumbnail","6":"product_cat-toidulisandid","8":"first","9":"instock","10":"taxable","11":"shipping-taxable","12":"purchasable","13":"product-type-simple"},"jetpack_sharing_enabled":true,"_links":{"self":[{"href":"https:\/\/aaloe.ee\/et\/wp-json\/wp\/v2\/product\/512","targetHints":{"allow":["GET"]}}],"collection":[{"href":"https:\/\/aaloe.ee\/et\/wp-json\/wp\/v2\/product"}],"about":[{"href":"https:\/\/aaloe.ee\/et\/wp-json\/wp\/v2\/types\/product"}],"wp:featuredmedia":[{"embeddable":true,"href":"https:\/\/aaloe.ee\/et\/wp-json\/wp\/v2\/media\/4653"}],"wp:attachment":[{"href":"https:\/\/aaloe.ee\/et\/wp-json\/wp\/v2\/media?parent=512"}],"wp:term":[{"taxonomy":"product_brand","embeddable":true,"href":"https:\/\/aaloe.ee\/et\/wp-json\/wp\/v2\/product_brand?post=512"},{"taxonomy":"product_cat","embeddable":true,"href":"https:\/\/aaloe.ee\/et\/wp-json\/wp\/v2\/product_cat?post=512"},{"taxonomy":"product_tag","embeddable":true,"href":"https:\/\/aaloe.ee\/et\/wp-json\/wp\/v2\/product_tag?post=512"}],"curies":[{"name":"wp","href":"https:\/\/api.w.org\/{rel}","templated":true}]}}