{"id":5089,"date":"2022-12-16T15:39:48","date_gmt":"2022-12-16T13:39:48","guid":{"rendered":"http:\/\/aaloe.ee\/et\/?post_type=product&#038;p=5089"},"modified":"2025-10-30T19:51:51","modified_gmt":"2025-10-30T17:51:51","slug":"jahutav-aaloepiim","status":"publish","type":"product","link":"https:\/\/aaloe.ee\/et\/toode\/jahutav-aaloepiim\/","title":{"rendered":"Jahutav aaloekreem"},"content":{"rendered":"<h4 dir=\"auto\"><span style=\"color: #ff9900;\">Jahutav aaloekreem<\/span><\/h4>\n<p dir=\"auto\">Kerge v\u00e4rskenduskreem tekitab kiiresti jahedustunde, v\u00e4rskendab lihaseid ja soodustab taastumist. Sisaldab mentooli, eukal\u00fcpti\u00f5li, kamprit, rosmariiniekstrakti ja met\u00fc\u00fclsulfon\u00fc\u00fclmetaani (MSM) \u2013 orgaanilist v\u00e4\u00e4vli\u00fchendit (meie organismis leiduvate mineraalide koguse poolest on v\u00e4\u00e4vel kolmandal kohal). Tundke m\u00f5nu l\u00f5dvestusest, masseerides v\u00e4sinud lihaseid ja liigeseid pika p\u00e4eva v\u00f5i suurema kehalise koormuse j\u00e4rel aaloepiimaga.<\/p>\n<div dir=\"auto\"><\/div>\n<h2 dir=\"auto\"><span style=\"color: #ff6600;\">Korduma kippuvad k\u00fcsimused<\/span><\/h2>\n<div dir=\"auto\"><span style=\"color: #99cc00;\"><strong>Milleks jahutavat aaloekreemi kasutatakse?<\/strong><\/span><br \/>\nJahutav aaloekreem sobib suurep\u00e4raselt aktiivse eluviisiga inimestele. See v\u00e4rskendab ja l\u00f5dvestab pika p\u00e4eva v\u00f5i treeningu j\u00e4rel. Mitterasvane kerge toode sisaldab v\u00e4rskendavat aaloed, mentooli, eukal\u00fcpti ja muid nahka rahustavaid koostisaineid.<br \/>\n<strong><span style=\"color: #99cc00;\">Kas jahutav aaloekreem toimib samuti kui soojendav aaloekreem?<\/span><\/strong><br \/>\nPaljud jahutava aaloekreemi koostisained on samad nagu soojendaval aaloekreemilgi. Aga erinevalt soojendavast aaloekreemist see mitte ei soojenda, vaid v\u00e4rskendab ja jahutab.<br \/>\n<strong><span style=\"color: #99cc00;\">Kas jahutav aaloekreem tuleb soojendava aaloekreemi asemele?<\/span><\/strong><br \/>\nJah, jahutavat aaloekreemi hakatakse 16. detsembrist 2022. a m\u00fc\u00fcma k\u00f5igis EL-i riikides. N\u00f5nda ei tunne teie ega teie kliendid mingeid t\u00f5rkeid, kui 17. detsembril 2022. a l\u00f5petatakse k\u00f5igis EL-i riikides soojendava aaloekreemi m\u00fc\u00fck. V\u00e4ljaspool EL-i m\u00fc\u00fcakse soojendavat aaloekreemi edasi.<br \/>\n<strong><span style=\"color: #99cc00;\">Millised on jahutava aaloekreemi aktiivained?<\/span><\/strong><br \/>\nEttev\u00f5tte Forever jahutavas aaloekreemis on j\u00e4rgmised aktiiv-koostisained:<br \/>\n\u2022 hariliku aaloe (Aloe barbadensis) lehtede mahl, mis niisutab ja pehmendab nahka ning v\u00f5imaldab toodet kergemini nahka masseerida<br \/>\n\u2022 mentoolikristallid, mis jahutavad ja v\u00e4rskendavad t\u00f5husalt<br \/>\n\u2022 kamper, mis rahustab ja l\u00f5dvestab, kui seda nahka masseerida<br \/>\n\u2022 eukal\u00fcpti\u00f5li, mis jahutab, rahustab ja aitab v\u00e4sinud lihaseid l\u00f5dvestada<br \/>\n<strong><span style=\"color: #99cc00;\">Millise tunde jahutav aaloekreem tekitab?<\/span><\/strong><br \/>\nKui kanda toode v\u00e4simusest valutavatele kohtadele, siis mentool ja eukal\u00fcpt ergutavad, jahutavad meeldivalt ning l\u00f5dvestavad lihaseid ja liigeseid.<br \/>\n<strong><span style=\"color: #99cc00;\">Kas v\u00f5ib v\u00e4ita, et jahutav aaloekreem ravib valu?<\/span><\/strong><br \/>\nEL-i reeglite j\u00e4rgi ei tohi kasutada v\u00e4iteid valu leevendamise kohta, sest neid peetakse meditsiinilisteks v\u00e4ideteks.<br \/>\n<strong><span style=\"color: #99cc00;\">Kas v\u00f5ib v\u00e4ita, et jahutav aaloekreem aitab sporditraumade korral?<\/span><\/strong><br \/>\nV\u00f5ib v\u00e4ita, et selle tootega masseerimine v\u00e4rskendab ja rahustab lihaseid enne ja p\u00e4rast trenni, kuid ei v\u00f5i v\u00e4ita, et see ravib mingeid traumasid.<br \/>\n<strong><span style=\"color: #99cc00;\">Kas jahutav aaloekreem on kosmeetikatoode?<\/span><\/strong><br \/>\nEi. M\u00e4rkate kindlasti, et erinevalt kosmeetikatoodete pakenditest ei ole jahutava aaloekreemi tuubil koostisaineid kirjas. See on niimoodi p\u00f5hjusel, et toode on ette n\u00e4htud jahutamiseks, mis ei ole kosmeetikatoote funktsioon.<br \/>\n<strong><span style=\"color: #99cc00;\">Kas jahutavat aaloekreemi on loomade peal katsetatud?<\/span><\/strong><br \/>\nForever Living Productsil on hea meel olla loomade eetilise kohtlemise programmi toetaja. Mitte \u00fchtegi meie valmistatud h\u00fcgieenitoodet ei katsetata loomade peal.<br \/>\n<span style=\"color: #99cc00;\"><strong>Kas jahutavat aaloekreemi v\u00f5ib seespidiselt kasutada?<\/strong><\/span><br \/>\nJahutav aaloekreem on ette n\u00e4htud \u00fcksnes v\u00e4lispidiseks kasutuseks.<br \/>\n<strong><span style=\"color: #99cc00;\">Kas jahutavat aaloekreemi v\u00f5ib intiimpiirkonnas kasutada?<\/span><\/strong><br \/>\nEi. Kui toode satub silma v\u00f5i intiimpiirkonda, peske hoolikalt veega. Kui \u00e4rritus p\u00fcsib, pidage n\u00f5u arstiga.<br \/>\n<strong><span style=\"color: #99cc00;\">Kas jahutavat aaloekreemi v\u00f5ib kasutada tundlikul nahal?<\/span><\/strong><br \/>\nEnne uue v\u00e4lispidise toote kasutuselev\u00f5ttu on alati soovituslik seda k\u00f5igepealt proovida v\u00e4ikesel nahapinnal, n\u00e4iteks kanda v\u00e4ike kogus toodet k\u00fc\u00fcnarnukile. Toote on sertifitseerinud <strong><span style=\"color: #99cc00;\">Dermatest<\/span><\/strong>. S\u00f5ltumatute katsetuste k\u00e4igus ei t\u00e4heldatud mingeid naha\u00e4rrituse tundem\u00e4rke.<br \/>\n<strong><span style=\"color: #99cc00;\">Kas jahutavat aaloekreemi v\u00f5ib kanda n\u00e4ole ja p\u00e4ikesep\u00f5lenud nahale?<\/span><\/strong><br \/>\nEi. Jahutavat aaloekreemi v\u00f5ib kanda ainult kaelast allapoole. \u00c4rge kasutage toodet n\u00e4ol, intiimpiirkonnas ega p\u00e4ikesep\u00f5lenud nahal.<br \/>\n<strong><span style=\"color: #99cc00;\">Kui sageli v\u00f5ib jahutavat aaloekreemi kasutada?<\/span><\/strong><br \/>\nJahutavat aaloekreemi v\u00f5ib kasutada nii sageli kui vaja, et lihaseid pika p\u00e4eva v\u00f5i treeningu j\u00e4rel l\u00f5dvestada.<br \/>\n<strong><span style=\"color: #99cc00;\">Kui palju peaks jahutavat aaloekreemi korraga kasutama?<\/span><\/strong><br \/>\nV\u00f5ite jahutavat aaloekreemi kanda ohtralt kohtadele, mida soovite rahustada ja v\u00e4rskendada (v\u00e4lja arvatud n\u00e4gu, intiimpiirkonnad ja p\u00e4ikesep\u00f5lenud nahk).<br \/>\n<strong><span style=\"color: #99cc00;\">Kas v\u00f5in jahutavat aaloekreemi kasutada, kui ootan last, imetan v\u00f5i tarvitan ravimeid?<\/span><\/strong><br \/>\nKui ootate last, imetate, tarvitate retsepti- v\u00f5i k\u00e4sim\u00fc\u00fcgiravimeid v\u00f5i teil on terviseh\u00e4dasid, pidage enne toote kasutamist n\u00f5u arstiga.<br \/>\n<strong><span style=\"color: #99cc00;\">Mis vanusest alates v\u00f5ib jahutavat aaloekreemi kasutada?<\/span><\/strong><br \/>\nJahutavat aaloekreemi soovitatakse t\u00e4iskasvanutele alates 18. eluaastast.<br \/>\n<strong><span style=\"color: #99cc00;\">Kui pikk on jahutava aaloekreemi k\u00f5lblikkusaeg?<\/span><\/strong><br \/>\nForeveri jahutava aaloekreemi k\u00f5lblikkusaeg on kaks aastat. K\u00f5lblikkusaja kuup\u00e4eva leiate tuubi laineliselt osalt.<br \/>\n<strong><span style=\"color: #99cc00;\">Kas jahutava aaloekreemi pakendi saab \u00fcmber t\u00f6\u00f6delda?<\/span><\/strong><br \/>\nSelle toote pakendile on m\u00e4rgitud number 7, mis t\u00e4hendab segaplasti. Tuub on valmistatud suure tihedusega pol\u00fcet\u00fcleenist (nr 2) ja kork pol\u00fcprop\u00fcleenist (nr 5). Uurige j\u00e4rele, kas kohalikud k\u00e4itlejad v\u00f5tavad sellist liiki plastpakendi vastu. V\u00f5ib-olla tuleb sortides tuub ja kork eri pr\u00fcgisse panna.<br \/>\n<strong><span style=\"color: #99cc00;\">Millised sertifikaadid jahutaval aaloekreemil on?<\/span><\/strong><br \/>\nJahutaval aaloekreemil on halal- ja ko\u0161\u0161er-sertifikaat ning k\u00f5igi hinnatud Rahvusvahelise Aaloeteadusn\u00f5ukogu sertifikaat.<br \/>\n<strong><span style=\"color: #99cc00;\">Kas jahutav aaloekreem sobib taimetoitlastele ja veganitele?<\/span><\/strong><br \/>\nJah. Jahutav aaloekreem sobib taimetoitlastele ja veganitele.<br \/>\n<strong><span style=\"color: #99cc00;\">Kas jahutav aaloekreem on gluteenivaba?<\/span><\/strong><br \/>\nJah. Jahutav aaloekreem on gluteenivaba.<br \/>\n<strong><span style=\"color: #99cc00;\">Millest jahutav aaloekreem koosneb?<\/span><\/strong><br \/>\nAloe Barbadensis Leaf Juice (Stabilized Aloe Vera Gel), Aqua, Dimethyl Sulfone, Menthol,<br \/>\nArginine, Glycerin, Carbomer, Dimethicone, Eucalyptus Globulus Leaf Oil, Limonene, Linalool,<br \/>\nPhenoxyethanol, Disodium EDTA, Caprylyl Glycol, Camphor, Potassium Sorbate, Citric Acid,<br \/>\nHexylene Glycol, Ethylhexylglycerin, Allantoin, Polysorbate 80, Sodium Benzoate, Ascorbic Acid,<br \/>\nSodium Hyaluronate, Glycine Soja Oil, Tocopherol, Borago Officinalis Extract, 1-2-Hexanediol,<br \/>\nRosmarinus Officinalis Leaf Extract.<\/div>\n","protected":false},"excerpt":{"rendered":"<p>Kerge v\u00e4rskenduspiim tekitab kiiresti jahedustunde, v\u00e4rskendab lihaseid ja soodustab taastumist.&#8217;<\/p>\n<p>Kogus: 118 ml<\/p>\n<p>Kood: 564<\/p>\n","protected":false},"featured_media":5696,"template":"","meta":[],"product_brand":[],"product_cat":[185],"product_tag":[],"class_list":{"0":"post-5089","1":"product","2":"type-product","3":"status-publish","4":"has-post-thumbnail","6":"product_cat-personaalhooldus","8":"first","9":"instock","10":"taxable","11":"shipping-taxable","12":"purchasable","13":"product-type-simple"},"jetpack_sharing_enabled":true,"_links":{"self":[{"href":"https:\/\/aaloe.ee\/et\/wp-json\/wp\/v2\/product\/5089","targetHints":{"allow":["GET"]}}],"collection":[{"href":"https:\/\/aaloe.ee\/et\/wp-json\/wp\/v2\/product"}],"about":[{"href":"https:\/\/aaloe.ee\/et\/wp-json\/wp\/v2\/types\/product"}],"wp:featuredmedia":[{"embeddable":true,"href":"https:\/\/aaloe.ee\/et\/wp-json\/wp\/v2\/media\/5696"}],"wp:attachment":[{"href":"https:\/\/aaloe.ee\/et\/wp-json\/wp\/v2\/media?parent=5089"}],"wp:term":[{"taxonomy":"product_brand","embeddable":true,"href":"https:\/\/aaloe.ee\/et\/wp-json\/wp\/v2\/product_brand?post=5089"},{"taxonomy":"product_cat","embeddable":true,"href":"https:\/\/aaloe.ee\/et\/wp-json\/wp\/v2\/product_cat?post=5089"},{"taxonomy":"product_tag","embeddable":true,"href":"https:\/\/aaloe.ee\/et\/wp-json\/wp\/v2\/product_tag?post=5089"}],"curies":[{"name":"wp","href":"https:\/\/api.w.org\/{rel}","templated":true}]}}