{"id":5082,"date":"2022-12-10T00:00:48","date_gmt":"2022-12-09T22:00:48","guid":{"rendered":"http:\/\/aaloe.ee\/et\/?post_type=product&#038;p=5082"},"modified":"2024-01-06T18:56:33","modified_gmt":"2024-01-06T16:56:33","slug":"forever-plant-protein","status":"publish","type":"product","link":"https:\/\/aaloe.ee\/et\/toode\/forever-plant-protein\/","title":{"rendered":"Forever Plant Protein"},"content":{"rendered":"<h3><span style=\"color: #99cc00;\"><strong>Kui teie eesm\u00e4rgid on k\u00f5rged<\/strong><\/span><\/h3>\n<p>Kas kavatsete teha midagi kiiret, maitsvat ja lihtsat?\u00a0Forever Plant Protein on alati valmis, kui olete liikvel.\u00a0Sega, raputa, joo \u2013 nii valmistad lihtsa vaevaga sn\u00e4ki, mis pole mitte ainult maitsev, vaid ka ideaalne just Sulle, kes s\u00f6\u00f6d hoolikalt.\u00a0Forever Plant Protein sisaldab tohutult 17 grammi valku portsjoni kohta.<\/p>\n<h3><span style=\"color: #99cc00;\"><strong>Kellele?<\/strong><\/span><\/h3>\n<p>Mitmek\u00fclgne ja tervislik toitumine koos regulaarse treeninguga \u2013 see on tervise ja heaolu retsept.\u00a0Aktiivne elustiil v\u00f5ib aga vajada k\u00e4ep\u00e4raseid abivahendeid igap\u00e4evaste toimetuste tegemisel.\u00a0Sega lusikat\u00e4is Forever Plant Proteini vee v\u00f5i magustamata taimejoogiga.\u00a0Vali n\u00e4iteks soja-, kaera-, mandli-, india p\u00e4hkli- v\u00f5i kookosejook.\u00a0Sobib aktiivse eluviisiga valgurikkaks vahepalaks peale treeningut.\u00a0Suurep\u00e4rane ka kiireks, maitsvaks ja lihtsaks suupisteks liikvel olles.<\/p>\n<h3><span style=\"color: #99cc00;\"><strong>Toote eelised:<\/strong><\/span><\/h3>\n<ul>\n<li>17 grammi valku portsjoni kohta<\/li>\n<li>T\u00e4iesti vegan koostis<\/li>\n<li>T\u00e4ielik vanilje maitse<\/li>\n<\/ul>\n<h3><span style=\"color: #99cc00;\"><strong>Vegan valgukokteil<\/strong><\/span><\/h3>\n<p>Forever Plant Protein on t\u00e4ielikult vegan, piima- ja sojavaba.\u00a0Herne- ja k\u00f5rvitsaproteiin soodustavad normaalse lihasmassi s\u00e4ilimist.\u00a0Rikkalik vaniljemaitseline shake sisaldab 17 grammi valku portsjoni kohta.\u00a0Pakend sisaldab 15 annust.<\/p>\n<div class=\"o-faq__header js-toggle-content js-is-active\" aria-controls=\"ingredients\">\n<h3 class=\"o-faq__title\"><span style=\"color: #99cc00;\">Koostisained<\/span><\/h3>\n<div class=\"o-faq__header-icon\">Hernevalgu isolaat (\u00a0<em>Pisum sativum L.<\/em>\u00a0) (59%), k\u00f5rvitsavalgu (\u00a0<em>Cucurbita pepo L.<\/em>\u00a0) pulber (26%), l\u00f5hna- ja maitseaine (vanill), maltodekstriin, frukto-oligosahhariidid, keskmise ahelaga trigl\u00fctseriidid, paksendaja (guarkummi), l\u00f5hna- ja maitseaine, paakumisvastane aine (magneesiumoksiid), magusaine (stevioolgl\u00fckosiidid), aloe vera (\u00a0<em>Aloe barbadensis<\/em>\u00a0) pulber.<\/div>\n<\/div>\n<div id=\"ingredients\" class=\"o-faq__content js-is-visible\">\n<p><em>Sisaldab magusainet.<\/em><\/p>\n<p><em>Juhime t\u00e4helepanu, et toote sisu v\u00f5ib muutuda ja pakendil olev teave kehtib.<\/em><\/p>\n<div class=\"o-faq__header js-toggle-content js-is-active\" aria-controls=\"nutritionalInformation\">\n<h3 class=\"o-faq__title\"><span style=\"color: #99cc00;\">Toitev\u00e4\u00e4rtus<\/span><\/h3>\n<div class=\"o-faq__header-icon\">Toitev\u00e4\u00e4rtus soovitatava p\u00e4evase portsjoni kohta (1 lusikas 26 g):<\/div>\n<\/div>\n<div id=\"nutritionalInformation\" class=\"o-faq__content js-is-visible\">\n<table border=\"1\" cellspacing=\"1\" cellpadding=\"1\">\n<tbody>\n<tr>\n<td><strong>Toitaine<\/strong><\/td>\n<td><strong>Summa<\/strong><\/td>\n<td><strong>%RI*<\/strong><\/td>\n<\/tr>\n<tr>\n<td>Herneproteiini<\/td>\n<td>13 mg<\/td>\n<td>26 %<\/td>\n<\/tr>\n<tr>\n<td>K\u00f5rvitsa valk<\/td>\n<td>4 mg<\/td>\n<td>8 %<\/td>\n<\/tr>\n<tr>\n<td>Aloe Vera pulber<\/td>\n<td>18 mg<\/td>\n<td>\u00a0&#8211;<\/td>\n<\/tr>\n<\/tbody>\n<\/table>\n<p>*RI = soovituslik p\u00e4evane tarbimine<\/p>\n<div class=\"o-faq__header js-toggle-content js-is-active\" aria-controls=\"instructions\">\n<h3 class=\"o-faq__title\"><span style=\"color: #99cc00;\">Juhised<\/span><\/h3>\n<div class=\"o-faq__header-icon\">Sega 1 lusikas Forever Plant Proteini 240 ml vees v\u00f5i magustamata taimses joogis.\u00a0Enne kasutamist loksutage korralikult.\u00a0Vali n\u00e4iteks soja-, kaera-, mandli-, india p\u00e4hkli- v\u00f5i kookosejook.<\/div>\n<\/div>\n<div id=\"instructions\" class=\"o-faq__content js-is-visible\">\n<p><em>See toode on toidulisand.\u00a0Soovitatavat \u00f6\u00f6p\u00e4evast annust ei tohi \u00fcletada.\u00a0Toidulisand ei asenda mitmek\u00fclgset ja tasakaalustatud toitumist ega tervislikku eluviisi.\u00a0Hoida kuivas ja jahedas lastele k\u00e4ttesaamatus kohas.<\/em><\/p>\n<\/div>\n<\/div>\n<\/div>\n","protected":false},"excerpt":{"rendered":"<p>Magusainega toidulisand\u00a0Forever Plant Protein\u2122<\/p>\n<p>Eluj\u00f5u jaoks: harilik aaloe v\u00f5ib aidata v\u00e4simusest v\u00f5itu saada ning toetada normaalset f\u00fc\u00fcsilist seisundit ja seedetrakti normaalset t\u00f6\u00f6d.<\/p>\n<p><strong>Kogus:<\/strong>\u00a0390 g (15 x 26 g)<\/p>\n<p><strong>Kood:<\/strong> 656<\/p>\n","protected":false},"featured_media":5083,"template":"","meta":[],"product_brand":[],"product_cat":[20,15],"product_tag":[],"class_list":{"0":"post-5082","1":"product","2":"type-product","3":"status-publish","4":"has-post-thumbnail","6":"product_cat-kehakaal-ja-toitumine","7":"product_cat-toidulisandid","9":"first","10":"instock","11":"taxable","12":"shipping-taxable","13":"purchasable","14":"product-type-simple"},"jetpack_sharing_enabled":true,"_links":{"self":[{"href":"https:\/\/aaloe.ee\/et\/wp-json\/wp\/v2\/product\/5082","targetHints":{"allow":["GET"]}}],"collection":[{"href":"https:\/\/aaloe.ee\/et\/wp-json\/wp\/v2\/product"}],"about":[{"href":"https:\/\/aaloe.ee\/et\/wp-json\/wp\/v2\/types\/product"}],"wp:featuredmedia":[{"embeddable":true,"href":"https:\/\/aaloe.ee\/et\/wp-json\/wp\/v2\/media\/5083"}],"wp:attachment":[{"href":"https:\/\/aaloe.ee\/et\/wp-json\/wp\/v2\/media?parent=5082"}],"wp:term":[{"taxonomy":"product_brand","embeddable":true,"href":"https:\/\/aaloe.ee\/et\/wp-json\/wp\/v2\/product_brand?post=5082"},{"taxonomy":"product_cat","embeddable":true,"href":"https:\/\/aaloe.ee\/et\/wp-json\/wp\/v2\/product_cat?post=5082"},{"taxonomy":"product_tag","embeddable":true,"href":"https:\/\/aaloe.ee\/et\/wp-json\/wp\/v2\/product_tag?post=5082"}],"curies":[{"name":"wp","href":"https:\/\/api.w.org\/{rel}","templated":true}]}}