{"id":5035,"date":"2022-10-20T13:34:48","date_gmt":"2022-10-20T10:34:48","guid":{"rendered":"http:\/\/aaloe.ee\/et\/?post_type=product&#038;p=5035"},"modified":"2024-01-06T18:57:26","modified_gmt":"2024-01-06T16:57:26","slug":"dx4","status":"publish","type":"product","link":"https:\/\/aaloe.ee\/et\/toode\/dx4\/","title":{"rendered":"DX4"},"content":{"rendered":"<p><span style=\"color: #99cc00;\"><strong>PEAMISED EELISED:<\/strong><\/span><\/p>\n<ul>\n<li>\u00d5pite t\u00e4helepanelikkust<\/li>\n<li>Seate eesm\u00e4rgi muuta \u00fchte v\u00e4ikest harjumust<\/li>\n<li>\u00d5pite p\u00f6\u00f6rama t\u00e4helepanu sellele, mida s\u00f6\u00f6te<\/li>\n<li>Toetate soolestiku t\u00f6\u00f6d ja seedimist<\/li>\n<li>Toetate maksa normaalset talitlust<\/li>\n<li>Kaitsete rakke oks\u00fcdatsioonistressi eest<\/li>\n<li>Toetate lihasmassi ja luude struktuuri<\/li>\n<li>T\u00f5hustate toitainete omastamist<\/li>\n<\/ul>\n<p><span style=\"color: #99cc00;\"><strong>MIS ONKOMPLEKTIS?<\/strong><\/span><\/p>\n<p><strong>Forever Therm PlusTM\u00a0 &#8211; 12 tabletti<\/strong><\/p>\n<p>Sisaldab B-ja C-vitamiini ning naturaalset p\u00e4ritolu kofeiini. B-ja C-vitamiin aitavad toetada normaalset energiaringlust. <strong>Uuendatud koostis!<\/strong><\/p>\n<p><strong>Forever Multi FizzTM &#8211; 4 kihisevat tabletti<\/strong><\/p>\n<p>B-, C-ja E-vitamiiniga, aitab tarvitada piisavalt vedelikke, muudab vee arbuusimaitseliseks. <strong>Uus toode!<\/strong><\/p>\n<p><strong>Forever LemonBlastTM\u00a0 &#8211;\u00a04 pakki<\/strong><\/p>\n<p>Sisaldab vees lahustuvaid kiudaineid, kurkumipulbrit, magneesiumi ja muid taimset p\u00e4ritolu komponente. Magneesium aitab toetada elektrol\u00fc\u00fctide tasakaalu. Enne tarvitamist segage vette. <strong>Uus toode!<\/strong><\/p>\n<p><strong>Forever SensatiableTM &#8211;\u00a032 n\u00e4rimistabletti<\/strong><\/p>\n<p>Kaera ja h\u00fcdrol\u00fc\u00fcsitud p\u00e4rmiga h\u00f5rgud n\u00e4rimistabletid. Sisaldavad palju kiudaineid, millel on eriline omadus imada vett ja tekitada t\u00e4isk\u00f5hutunne. <strong>Uus toode!<\/strong><\/p>\n<p><strong>Forever Plant ProteinTM &#8211;\u00a01 pakk<\/strong><\/p>\n<p>Vegantoode, mis toetab lihasmassi ja luude normaalset talitlust. 17 g hernevalgu isolaati ja k\u00f5rvitsavalku. <strong>Uus toode!<\/strong><\/p>\n<p><strong>Aaloemahl &#8211;\u00a04 \u00d7330 ml pakki<\/strong><\/p>\n<p>Sisaldab 99,7% ehedat aaloelehe siseosa ja C-vitamiini, mis aitab immuuns\u00fcsteemi talitluse normaalsena hoida.<\/p>\n<p><span style=\"color: #99cc00;\"><strong>MILLE POOLEST ERINEB DX4 PROGRAMM TEISTEST?MIDA EI OLE TEISTES SARNASTES PROGRAMMIDES:\u00a0<\/strong><\/span><\/p>\n<ul>\n<li>aaloemahla<\/li>\n<li>sageli koondatakse t\u00e4helepanu ainult \u00fchele keha funktsioonile<\/li>\n<li>toidulisandid ei ole koosk\u00f5lastatud<\/li>\n<li>ei anta teadmisi, kuidas harmoonilisemalt elada<\/li>\n<li>ei pakuta viise, kuidas n\u00e4ljatunnet leevendada<\/li>\n<li>ei ole tervislike roogade ega vahepalade retsepte<\/li>\n<\/ul>\n<p><span style=\"color: #99cc00;\"><strong>M\u00d5ISTLIK TOITUMINE<\/strong><\/span><\/p>\n<ul>\n<li>Vabanemine negatiivsetest harjumustest ja m\u00f5tetest on individuaalne protsess.<\/li>\n<li>Kuulake oma keha. Kui tunnete p\u00e4rast tableti tarvitamist ebamugavust, ampsake midagi v\u00f5i v\u00f5tke j\u00e4rgmisel p\u00e4eval \u00fcks tablett v\u00e4hem.<\/li>\n<li>Tehke k\u00f5ik nii, nagu programmis on soovitatud.<\/li>\n<li>Arendage 2.\u20134. p\u00e4eval emotsionaalset intelligentsust ja s\u00f6\u00f6ge toitainerikkaid tooteid.<\/li>\n<\/ul>\n<p><span style=\"color: #99cc00;\"><strong>\u201cMe oleme see,mida tarvitame. Toit muudab meie keha, emotsioone ja m\u00f5tteid.&#8221;<\/strong><\/span><\/p>\n<p>Dr Mark W. Muesse, Rhodese kolled\u017e<\/p>\n","protected":false},"excerpt":{"rendered":"<p>ORGANISMI TASAKAALU TAASTUSPROGRAMM<\/p>\n<p>Neljap\u00e4evane programm aitab organismi tasakaalustada ja v\u00e4rskendada. Sellesse komplekti kuulub seitse toiduainet ja -lisandit, mis aitavad astuda esimesed sammud parema enesetunde poole. Peale toodete kuuluvad programmi harjutused, mis aitavad eesm\u00e4rke seada ja t\u00e4helepanelikkust treenida, ning lisatud\u00a0 ka tervislike roogade retseptid.<\/p>\n<p>Kood: 659<\/p>\n","protected":false},"featured_media":5036,"template":"","meta":[],"product_brand":[],"product_cat":[20,74],"product_tag":[],"class_list":{"0":"post-5035","1":"product","2":"type-product","3":"status-publish","4":"has-post-thumbnail","6":"product_cat-kehakaal-ja-toitumine","7":"product_cat-komplektid","9":"first","10":"instock","11":"taxable","12":"shipping-taxable","13":"purchasable","14":"product-type-simple"},"jetpack_sharing_enabled":true,"_links":{"self":[{"href":"https:\/\/aaloe.ee\/et\/wp-json\/wp\/v2\/product\/5035","targetHints":{"allow":["GET"]}}],"collection":[{"href":"https:\/\/aaloe.ee\/et\/wp-json\/wp\/v2\/product"}],"about":[{"href":"https:\/\/aaloe.ee\/et\/wp-json\/wp\/v2\/types\/product"}],"wp:featuredmedia":[{"embeddable":true,"href":"https:\/\/aaloe.ee\/et\/wp-json\/wp\/v2\/media\/5036"}],"wp:attachment":[{"href":"https:\/\/aaloe.ee\/et\/wp-json\/wp\/v2\/media?parent=5035"}],"wp:term":[{"taxonomy":"product_brand","embeddable":true,"href":"https:\/\/aaloe.ee\/et\/wp-json\/wp\/v2\/product_brand?post=5035"},{"taxonomy":"product_cat","embeddable":true,"href":"https:\/\/aaloe.ee\/et\/wp-json\/wp\/v2\/product_cat?post=5035"},{"taxonomy":"product_tag","embeddable":true,"href":"https:\/\/aaloe.ee\/et\/wp-json\/wp\/v2\/product_tag?post=5035"}],"curies":[{"name":"wp","href":"https:\/\/api.w.org\/{rel}","templated":true}]}}