{"id":5010,"date":"2022-09-01T00:43:09","date_gmt":"2022-08-31T21:43:09","guid":{"rendered":"http:\/\/aaloe.ee\/et\/?post_type=product&#038;p=5010"},"modified":"2024-01-06T19:08:13","modified_gmt":"2024-01-06T17:08:13","slug":"forever-ivision-silmadele-2","status":"publish","type":"product","link":"https:\/\/aaloe.ee\/et\/toode\/forever-ivision-silmadele-2\/","title":{"rendered":"Forever iVision &#8211; silmadele"},"content":{"rendered":"<p><span style=\"color: #99cc00;\"><strong>Tahvelarvuti n\u00e4gemise toetamiseks<\/strong><\/span><\/p>\n<p>Silmad on iga p\u00e4ev pinges.\u00a0Pilk peab keskenduma kaugele ja l\u00e4hedale, silmad peavad vastu pidama kuivale \u00f5hule ja arvuti taga istumisele&#8230; Igap\u00e4evatoimingutes peavad silmad ja n\u00e4gemine kohanema erinevate olukordadega \u00fcle 30 000 korra p\u00e4evas.\u00a0Seet\u00f5ttu v\u00e4\u00e4rivad silmad rohkem t\u00e4helepanu.<\/p>\n<p><span style=\"color: #99cc00;\"><strong>Kellele?<\/strong><\/span><\/p>\n<p>Sobib k\u00f5igile, kes soovivad silmadele m\u00f5eldud toidulisandit.<\/p>\n<p><span style=\"color: #99cc00;\"><strong>Silmade teenistuses<\/strong><\/span><\/p>\n<p>Forever iVision toidulisandis oleme keskendunud silmadele ja n\u00e4gemisele headele koostisosadele.<\/p>\n<p>Toidulisand sisaldab n\u00e4iteks A-vitamiini ja tsinki, mis m\u00f5lemad aitavad kaasa normaalse n\u00e4gemise s\u00e4ilitamisele.\u00a0C- ja E-vitamiin ning tsink aitavad kaitsta rakke oks\u00fcdatiivse stressi eest.<\/p>\n<p>Tsink soodustab ka normaalset A-vitamiini ainevahetust.<\/p>\n<p><span style=\"color: #99cc00;\"><strong>Lutemax\u00ae 2020<\/strong><\/span><\/p>\n<p>Forever iVision sisaldab nii luteiini kui ka zeaksantiini.\u00a0Koos moodustavad nad Lutemax\u00ae 2020 koostisosa, mis on p\u00e4lvinud NutrAwardi &#8220;Parim funktsionaalne koostisaine 2018&#8221; auhinna.\u00a0Luteiin ja zeaksantiin esinevad loomulikult silma kollat\u00e4hnis, mis asub v\u00f5rkkesta keskel.\u00a0M\u00f5lemad ained esinevad looduses, n\u00e4iteks lehtkapsas ja munas.\u00a0Forever iVision toidulisandi jaoks oleme sametlillest ekstraheerinud luteiini ja zeaksantiini.<\/p>\n<p><span style=\"color: #99cc00;\"><strong>N\u00e4pun\u00e4ide<\/strong><\/span><\/p>\n<p>Saate oma silmi treenida ja aidata neil l\u00f5\u00f5gastuda.\u00a0Alustuseks istuge mugavalt, pea otse ette.\u00a0P\u00e4rast seda vaadake 2-3 sekundit nii kaugele k\u00f5igis neljas suunas: \u00fcles, alla, vasakule ja paremale.\u00a0Korda kolm korda.\u00a0Lihtsalt liigutage silmi, \u00e4rge otsustage.\u00a0L\u00f5petuseks masseeri p\u00f6idlaotstega ringjate liigutustega kulmualust piirkonda \u2013 ninasillast kuni laugude v\u00e4lisservani.<\/p>\n<p>&nbsp;<\/p>\n<div class=\"o-faq__header js-toggle-content js-is-active\" aria-controls=\"ingredients\">\n<h4 class=\"o-faq__title\"><span style=\"color: #99cc00;\">Koostisained<\/span><\/h4>\n<div class=\"o-faq__header-icon\">P\u00e4evalille\u00f5li, \u017eelatiin (\u00a0<strong>kala<\/strong>\u00a0), niiskuses\u00e4ilitaja (gl\u00fctserool), Lutemax\u00ae 2020 \u2013 saialille ekstrakt (Tagetes erecta) [p\u00e4evalille\u00f5li, saialille ekstrakt, antioks\u00fcdant (tokoferooli sisaldavad ekstraktid)], C-vitamiin (askorbiinhape), E-vitamiin [d -alfa-tokoferool,\u00a0\u00a0<strong>soja\u00f5li<\/strong>\u00a0], stabilisaator (mesilasvaha), vesi, mustikaekstrakt (\u00a0<em>Vaccinium myrtillus<\/em>\u00a0) [mustikaekstrakt, maltodekstriin, porgandiseemne\u00f5li (\u00a0<em>Daucus carota subsp. sativus<\/em>\u00a0) porgandiseemne\u00f5li, rapsi\u00f5li, p\u00e4evalille\u00f5li], tsink (tsinkoksiid), lilla porgandimahl (\u00a0<em>Daucus carota subsp. sativus<\/em>) [lilla porgandimahl, happesuse regulaator (sidrunhape), s\u00e4ilitusaine (kaaliumsorbaat)], A-vitamiin [maisi\u00f5li, beetakaroteen, antioks\u00fcdant (dl-alfa-tokoferool)].\u00a0<strong>Allergeenid: vaata paksus kirjas.<\/strong><\/div>\n<\/div>\n<div><\/div>\n<div>\n<div class=\"o-faq__header js-toggle-content js-is-active\" aria-controls=\"nutritionalInformation\">\n<h4 class=\"o-faq__title\"><span style=\"color: #99cc00;\">Toitev\u00e4\u00e4rtus<\/span><\/h4>\n<div class=\"o-faq__header-icon\">Toitev\u00e4\u00e4rtus soovitatava p\u00e4evaannuse kohta (2 kapslit):<\/div>\n<\/div>\n<div id=\"nutritionalInformation\" class=\"o-faq__content js-is-visible\">\n<table border=\"1\" cellspacing=\"1\" cellpadding=\"1\">\n<tbody>\n<tr>\n<td><strong>Toitaine<\/strong><\/td>\n<td><strong>Summa<\/strong><\/td>\n<td><strong>% RI*<\/strong><\/td>\n<\/tr>\n<tr>\n<td>A-vitamiini (RE)<\/td>\n<td>250 \u03bcg<\/td>\n<td>31%<\/td>\n<\/tr>\n<tr>\n<td>E-vitamiini (\u03b1-TE)<\/td>\n<td>30 mg<\/td>\n<td>250%<\/td>\n<\/tr>\n<tr>\n<td>C-vitamiini<\/td>\n<td>80 mg<\/td>\n<td>100%<\/td>\n<\/tr>\n<tr>\n<td>Tsink<\/td>\n<td>12 mg<\/td>\n<td>120%<\/td>\n<\/tr>\n<tr>\n<td>Mustika ekstrakt (\u00a0<em>Vaccinium myrtillus<\/em>\u00a0), 10% antots\u00fcaniine<\/td>\n<td>30 mg<\/td>\n<td>&#8211;<\/td>\n<\/tr>\n<tr>\n<td>Lutemax\u00ae 2020 (isosamettikukkauute (<em>Tagetes erecta<\/em>))<\/p>\n<p>Luteiini<\/p>\n<p>Zeaksantiin<\/td>\n<td>100 mg<\/p>\n<p>20 mg<\/p>\n<p>4 mg<\/td>\n<td>&#8211;<\/td>\n<\/tr>\n<\/tbody>\n<\/table>\n<p>*RI = P\u00e4evase tarbimise kontrollv\u00e4\u00e4rtus<\/p>\n<\/div>\n<div class=\"o-faq__header js-toggle-content js-is-active\" aria-controls=\"instructions\">\n<h4 class=\"o-faq__title\"><span style=\"color: #99cc00;\">Juhised<\/span><\/h4>\n<\/div>\n<div id=\"instructions\" class=\"o-faq__content js-is-visible\">\n<p>Kaks tabletti p\u00e4evas, eelistatavalt koos toiduga.<\/p>\n<\/div>\n<\/div>\n","protected":false},"excerpt":{"rendered":"<p>Silmad on iga p\u00e4ev pinges.<\/p>\n<p>Sobib k\u00f5igile, kes soovivad silmadele m\u00f5eldud toidulisandit.<\/p>\n<p>60 kapslit<\/p>\n<p>Kood:\u00a0624<\/p>\n","protected":false},"featured_media":5011,"template":"","meta":[],"product_brand":[],"product_cat":[15],"product_tag":[],"class_list":{"0":"post-5010","1":"product","2":"type-product","3":"status-publish","4":"has-post-thumbnail","6":"product_cat-toidulisandid","8":"first","9":"instock","10":"taxable","11":"shipping-taxable","12":"purchasable","13":"product-type-simple"},"jetpack_sharing_enabled":true,"_links":{"self":[{"href":"https:\/\/aaloe.ee\/et\/wp-json\/wp\/v2\/product\/5010","targetHints":{"allow":["GET"]}}],"collection":[{"href":"https:\/\/aaloe.ee\/et\/wp-json\/wp\/v2\/product"}],"about":[{"href":"https:\/\/aaloe.ee\/et\/wp-json\/wp\/v2\/types\/product"}],"wp:featuredmedia":[{"embeddable":true,"href":"https:\/\/aaloe.ee\/et\/wp-json\/wp\/v2\/media\/5011"}],"wp:attachment":[{"href":"https:\/\/aaloe.ee\/et\/wp-json\/wp\/v2\/media?parent=5010"}],"wp:term":[{"taxonomy":"product_brand","embeddable":true,"href":"https:\/\/aaloe.ee\/et\/wp-json\/wp\/v2\/product_brand?post=5010"},{"taxonomy":"product_cat","embeddable":true,"href":"https:\/\/aaloe.ee\/et\/wp-json\/wp\/v2\/product_cat?post=5010"},{"taxonomy":"product_tag","embeddable":true,"href":"https:\/\/aaloe.ee\/et\/wp-json\/wp\/v2\/product_tag?post=5010"}],"curies":[{"name":"wp","href":"https:\/\/api.w.org\/{rel}","templated":true}]}}