{"id":494,"date":"2014-11-24T22:35:14","date_gmt":"2014-11-24T20:35:14","guid":{"rendered":"http:\/\/aaloe.ee\/?post_type=product&#038;p=494"},"modified":"2025-11-20T00:09:30","modified_gmt":"2025-11-19T22:09:30","slug":"forever-arctic-sea","status":"publish","type":"product","link":"https:\/\/aaloe.ee\/et\/toode\/forever-arctic-sea\/","title":{"rendered":"Forever Arctic Sea &#8211; Kala\u00f5li kapslid"},"content":{"rendered":"<h3><span style=\"color: #99cc00;\">Forever Arctic-Sea \u2122<\/span><\/h3>\n<p><span style=\"color: #999999;\">Rasvhapped on inimese organismile v\u00e4ga vajalikud. Need t\u00e4idavad mitut funktsiooni: see aine on oluline ehitusmaterjal membraanide ning meie siseelundeid kaitsva ja soojustpidava rasvkoe moodustumisel. Ent mitte k\u00f5ik rasvhapped ei ole kasulikud. Teaduslike uuringutega on t\u00f5estatud, et liiga suur kogus k\u00fcllastunud rasvhappeid, mida leidub k\u00f5ige enam loomses rasvas, t\u00f5stab kolesteroolitaset ja infarktiriski. Teine r\u00fchm k\u00fcllastumata rasvhapped teevad aga organismile head. Neid rasvhappeid ei saa inimese keha ise toota, seep\u00e4rast peab neid ilmtingimata saama toidust.<\/span><\/p>\n<p><span style=\"color: #999999;\">Uus Forever Arctic Sea\u00ae sisaldab k\u00fcllastumata rasvhapete patenditud segu, mis koosneb kalmaariras-vast, v\u00e4ga puhtast kala\u00f5list (milles on palju oomega-3-rasvhappeid) ja oleiinhapperikkast oliivi\u00f5list. Toidulisandis Forever Arctic Sea\u00ae on suurep\u00e4raselt tasakaalustatud oomega-3 rasvhapete dokosaheksaeen- ja eikosapentaeenhappe vahekord, mis on v\u00e4ga oluline, kui soovite olla terve ja end h\u00e4sti tunda. Kui kehas on piisav kogus oomega-3-rasvhappeid, arenevad ja talitlevad aju, v\u00f5rkkesta, s\u00fcdame ja teiste n\u00e4rvis\u00fcsteemi osade rakud terve elu \u00f5igesti. Peale selle arvatakse, et kui tarvitada rohkem dokosaheksaeenhapet, v\u00e4heneb vananemisprotsessist tingitud ajutegevush\u00e4irete risk. Puuduvad andmed, et \u00fckski teine rasvhape niimoodi m\u00f5juks.<\/span><\/p>\n<p><span style=\"color: #999999;\">Forever Arctic Sea\u00ae on tasakaalustatud toidulisand, mis aitab reguleerida kolesterooli ja trigl\u00fctseriidide taset, parandada vereringes\u00fcsteemi, aju ja liigeste talitlust ning toetab n\u00e4gemist.<\/span><\/p>\n<p><span style=\"color: #999999;\"><span style=\"color: #99cc00;\">KOOSTIS:<\/span> oomega-3 rasvhapped (kala\u00f5list), kalmaari\u00f5li, \u017eelatiin, oleiinhape (oliivi\u00f5list), niiskuses\u00e4ilitaja gl\u00fctserool, puhastatud vesi, sidruni\u00f5li, laimi\u00f5li, D-alfatokoferool.<\/span><br \/>\n<span style=\"color: #999999;\">Sisaldab kala (an\u0161oovist, l\u00f5het, turska).<\/span><\/p>\n<p><span style=\"color: #999999;\"><strong><span style=\"color: #99cc00;\">SOOVITUSLIK MANUSTAMINE:<\/span>\u00a0<\/strong><\/span><span lang=\"et\" style=\"color: #999999;\">Soovitatav p\u00e4evane annus: 3-4 kapslit, neelata tervelt koos veega. P\u00e4evase annuse v\u00f5ib jagada 1-2 korda p\u00e4evas.<\/span><\/p>\n<p><span style=\"color: #999999;\">\u00dche kapsli ning soovitusliku p\u00e4evase koguse (4 kapslit) sisaldus:<\/span><\/p>\n<table border=\"1\" cellspacing=\"1\" cellpadding=\"1\">\n<tbody>\n<tr>\n<td><span style=\"color: #999999;\"><strong>Koostis<\/strong><\/span><\/td>\n<td><span style=\"color: #999999;\"><strong>1 kapsel\u00a0<\/strong><\/span><\/td>\n<td><span style=\"color: #999999;\"><strong>4 kapselit\u00a0<\/strong><\/span><\/td>\n<\/tr>\n<tr>\n<td><span style=\"color: #999999;\">Kala\u00f5li<\/span><\/td>\n<td><span style=\"color: #999999;\">300 mg<\/span><\/td>\n<td><span style=\"color: #999999;\">1200 mg<\/span><\/td>\n<\/tr>\n<tr>\n<td><span style=\"color: #999999;\">Kaheksajala\u00f5li<\/span><\/td>\n<td><span style=\"color: #999999;\">110 mg<\/span><\/td>\n<td><span style=\"color: #999999;\">440 mg<\/span><\/td>\n<\/tr>\n<tr>\n<td><span style=\"color: #999999;\">\u00a0 millest omega-3-rasvahappeid\u00a0\u00a0<\/span><\/td>\n<td><span style=\"color: #999999;\">218 mg<\/span><\/td>\n<td><span style=\"color: #999999;\">872 mg<\/span><\/td>\n<\/tr>\n<tr>\n<td><span style=\"color: #999999;\">\u00a0 \u00a0 \u00a0millest EPA<\/span><\/td>\n<td><span style=\"color: #999999;\">100 mg<\/span><\/td>\n<td><span style=\"color: #999999;\">400 mg<\/span><\/td>\n<\/tr>\n<tr>\n<td><span style=\"color: #999999;\">\u00a0 \u00a0 \u00a0millest DHA<\/span><\/td>\n<td><span style=\"color: #999999;\">100 mg<\/span><\/td>\n<td><span style=\"color: #999999;\">400 mg<\/span><\/td>\n<\/tr>\n<tr>\n<td><span style=\"color: #999999;\">Oliiv\u00f5li<\/span><\/td>\n<td><span style=\"color: #999999;\">74 mg<\/span><\/td>\n<td><span style=\"color: #999999;\">296 mg<\/span><\/td>\n<\/tr>\n<\/tbody>\n<\/table>\n<p><span style=\"color: #999999;\">120 kapslit.<\/span><\/p>\n<p><span style=\"color: #999999;\">Kood : 376<\/span><\/p>\n<div class=\"jhH5U\">\n<div id=\"tw-ob\" class=\"tw-src-ltr\">\n<div class=\"oSioSc\">\n<div id=\"tw-target\">\n<div id=\"kAz1tf\" class=\"g9WsWb\">\n<div id=\"tw-target-text-container\" class=\"tw-ta-container hide-focus-ring tw-nfl\" tabindex=\"0\">\n<p id=\"tw-target-text\" class=\"tw-data-text tw-text-large XcVN5d tw-ta\" dir=\"ltr\" data-placeholder=\"T\u00f5lge\"><span lang=\"et\" style=\"color: #ff9900;\">See toode on toidulisand. Soovitatud p\u00e4evaannust ei tohi \u00fcletada. Toidulisand ei asenda mitmek\u00fclgset ja tasakaalustatud toitumist ega tervislikke eluviise. Kui te v\u00f5tate ravimeid (n\u00e4iteks verevedeldajaid), peate enne oomega-3 kala\u00f5li sisaldavate toidulisandite v\u00f5tmist alati n\u00f5u pidama oma arstiga. Hoida lastele k\u00e4ttesaamatus kohas.<\/span><\/p>\n<\/div>\n<div id=\"tw-target-rmn-container\" class=\"tw-ta-container hide-focus-ring tw-nfl\">\n<pre id=\"tw-target-rmn\" class=\"tw-data-placeholder tw-text-small tw-ta\" dir=\"ltr\" data-placeholder=\"\"><\/pre>\n<\/div>\n<div class=\"iYB33c\">\n<div class=\"dlJLJe\">\n<div data-cviv=\"false\" data-ved=\"2ahUKEwjz3pCmzfPtAhUQmYsKHR8PAAIQz_AEMAB6BAgCEA8\">\n<div class=\"U9URNb\"><img loading=\"lazy\" decoding=\"async\" id=\"dimg_12\" class=\"rISBZc M4dUYb\" src=\"data:image\/png;base64,iVBORw0KGgoAAAANSUhEUgAAABQAAAAUCAQAAAAngNWGAAAA\/0lEQVR4AYXNMSiEcRyA4cfmGHQbCZIipkuxnJgMStlMNmeyD2dwmc8+sZgxYJd9ErIZFHUyYYD7fkr6l4\/rnvmtl7+KitrqV\/fq2Y5eLY3Z9S48eRLe7BmVZ9qhTLhQ0algzZWQOVKSsCF8OjAnwbxDTWFDUhPK\/jMr1H6HE\/IqRky2DyvCefuwItwZzodVoYRiLqMkVCXrwpJ9twZ+sgfDYEFYl8wIWxZ9uFf7zkallxlJh4YrLGsKjZRx7VGHhLqwgFUN45DGdb8MeXGpgB4ABZdeDcpZEY51A+hyLKz4S1W4MQWm3AibWtgWmk6dyISa1pSdyWTOlLXVp0+eL9D\/ZPfBTNanAAAAAElFTkSuQmCC\" alt=\"Ikoon Kogukonna kinnitatud\" width=\"16\" height=\"16\" data-atf=\"0\" \/><\/div>\n<\/div>\n<\/div>\n<div id=\"tw-tmenu\" class=\"tw-menu\"><\/div>\n<\/div>\n<\/div>\n<\/div>\n<\/div>\n<\/div>\n<div id=\"tw-images\"><\/div>\n<div class=\"dURPtb\"><\/div>\n<div>\n<div><\/div>\n<\/div>\n<\/div>\n<h4><span style=\"color: #999999;\">Lae endale toote lisainfo PDF-s :<\/span><strong><span style=\"color: #999999;\">\u00a0<\/span><span style=\"color: #99cc00;\">\u00a0<\/span><\/strong><span style=\"color: #99cc00;\"><a style=\"color: #99cc00;\" href=\"http:\/\/aaloe.ee\/wp-content\/uploads\/2014\/11\/Kood-376.pdf\">Forever Arctic-Sea \u2122<\/a><\/span><strong><br \/>\n<\/strong><\/h4>\n","protected":false},"excerpt":{"rendered":"<h3><span style=\"color: #99cc00;\">Forever Arctic Sea\u00ae &#8211;<\/span>\u00a0<span style=\"color: #99cc00;\">Kala\u00f5li kapslid<\/span><\/h3>\n<p><span style=\"color: #999999;\">Oomega-3 rasvahapped, hoolikalt v\u00e4ljaarvutatud kogus, et organism saaks seda sama palju kui piisavalt kala s\u00fc\u00fces. Kapslid on tsitrusemaitselised, kalamaitset pole tunda. Tooraine ammutatakse keskkonnas\u00f5bralikult, kahjustamata ookeani \u00f6kos\u00fcsteemi. <\/span><span style=\"color: #999999;\">Ainulaadne oomega-3 ja omega-9 rasvhapete allikas, mis sisaldab patenditud k\u00fcllastumata rasvhapete segu (kalmaarirasv, v\u00e4ga puhas kala\u00f5li ja oliivi\u00f5li). Igasse kapslisse on k\u00e4tketud h\u00e4sti tasakaalustatud suhtes oomega-3 rasvhapped\u00a0 (200mg EPRi, 200mg DHRi, 100mg oleiinhapet ) , mis on t\u00e4htsad nii teie tervisele kui ka enesetundele. Rasvhapped, mis puuduvad t\u00e4nap\u00e4eval paljudest dieetidest, on meie tervisele v\u00e4ga kasulikud.<\/span><\/p>\n<p><span style=\"color: #999999;\">120\u00a0kapslit<\/span><\/p>\n<p><span style=\"color: #999999;\">KOOD 376<\/span><\/p>\n","protected":false},"featured_media":4655,"template":"","meta":[],"product_brand":[],"product_cat":[15],"product_tag":[],"class_list":{"0":"post-494","1":"product","2":"type-product","3":"status-publish","4":"has-post-thumbnail","6":"product_cat-toidulisandid","8":"first","9":"instock","10":"taxable","11":"shipping-taxable","12":"purchasable","13":"product-type-simple"},"jetpack_sharing_enabled":true,"_links":{"self":[{"href":"https:\/\/aaloe.ee\/et\/wp-json\/wp\/v2\/product\/494","targetHints":{"allow":["GET"]}}],"collection":[{"href":"https:\/\/aaloe.ee\/et\/wp-json\/wp\/v2\/product"}],"about":[{"href":"https:\/\/aaloe.ee\/et\/wp-json\/wp\/v2\/types\/product"}],"wp:featuredmedia":[{"embeddable":true,"href":"https:\/\/aaloe.ee\/et\/wp-json\/wp\/v2\/media\/4655"}],"wp:attachment":[{"href":"https:\/\/aaloe.ee\/et\/wp-json\/wp\/v2\/media?parent=494"}],"wp:term":[{"taxonomy":"product_brand","embeddable":true,"href":"https:\/\/aaloe.ee\/et\/wp-json\/wp\/v2\/product_brand?post=494"},{"taxonomy":"product_cat","embeddable":true,"href":"https:\/\/aaloe.ee\/et\/wp-json\/wp\/v2\/product_cat?post=494"},{"taxonomy":"product_tag","embeddable":true,"href":"https:\/\/aaloe.ee\/et\/wp-json\/wp\/v2\/product_tag?post=494"}],"curies":[{"name":"wp","href":"https:\/\/api.w.org\/{rel}","templated":true}]}}