{"id":4923,"date":"2022-05-09T23:00:48","date_gmt":"2022-05-09T20:00:48","guid":{"rendered":"http:\/\/aaloe.ee\/et\/?post_type=product&#038;p=4923"},"modified":"2025-10-30T19:53:44","modified_gmt":"2025-10-30T17:53:44","slug":"aaloega-ihupiim","status":"publish","type":"product","link":"https:\/\/aaloe.ee\/et\/toode\/aaloega-ihupiim\/","title":{"rendered":"Aaloega ihupiim"},"content":{"rendered":"<p>Aloe Body Lotion on ideaalne niisutaja, mida kasutada iga p\u00e4ev, et nahka pehmendada, muuta see siledaks ja niisutatuks.<\/p>\n<p>Aaloega ihupiim sobib suurep\u00e4raselt kuivale ja k\u00fcpsele nahale, sest see sisaldab makadaamia\u00f5li.\u00a0\u00a0Viimases leidub palju palmitoleiinhapet, mis aitab s\u00e4ilitada naha terve jume. Ent see toode ei ole m\u00f5eldud ainu\u00fcksi kuiva ja k\u00fcpse nahaga inimestele \u2013 Forever on selle silikoonivaba ihupiima v\u00e4lja t\u00f6\u00f6tanud k\u00f5ikide normaalse v\u00f5i kuiva nahaga inimeste jaoks. Toodet on rikastatud naatriumh\u00fcaluronaadiga, mis moodustab nahas kaitsebarj\u00e4\u00e4ri ja aitab niiskuse nahas hoida. Aaloega ihupiimal on m\u00f5nus kerge lillearoom, mis meeldib paljudele.<\/p>\n<p>&nbsp;<\/p>\n<p>&nbsp;<\/p>\n","protected":false},"excerpt":{"rendered":"<p>Aaloega ihupiim on v\u00f5rratu igap\u00e4evane niisutusvahend, mis pehmendab ja niisutab nahka ning loob terve jume. See kerge ihupiim imendub kiiresti, v\u00f5imaldades ehedal aaloel ja teistel niisutavatel koostisainetel kohe nahka j\u00f5uda.<\/p>\n<p>236ml<\/p>\n<p>Kood: 647<\/p>\n","protected":false},"featured_media":4926,"template":"","meta":[],"product_brand":[],"product_cat":[185],"product_tag":[],"class_list":{"0":"post-4923","1":"product","2":"type-product","3":"status-publish","4":"has-post-thumbnail","6":"product_cat-personaalhooldus","8":"first","9":"instock","10":"taxable","11":"shipping-taxable","12":"purchasable","13":"product-type-simple"},"jetpack_sharing_enabled":true,"_links":{"self":[{"href":"https:\/\/aaloe.ee\/et\/wp-json\/wp\/v2\/product\/4923","targetHints":{"allow":["GET"]}}],"collection":[{"href":"https:\/\/aaloe.ee\/et\/wp-json\/wp\/v2\/product"}],"about":[{"href":"https:\/\/aaloe.ee\/et\/wp-json\/wp\/v2\/types\/product"}],"wp:featuredmedia":[{"embeddable":true,"href":"https:\/\/aaloe.ee\/et\/wp-json\/wp\/v2\/media\/4926"}],"wp:attachment":[{"href":"https:\/\/aaloe.ee\/et\/wp-json\/wp\/v2\/media?parent=4923"}],"wp:term":[{"taxonomy":"product_brand","embeddable":true,"href":"https:\/\/aaloe.ee\/et\/wp-json\/wp\/v2\/product_brand?post=4923"},{"taxonomy":"product_cat","embeddable":true,"href":"https:\/\/aaloe.ee\/et\/wp-json\/wp\/v2\/product_cat?post=4923"},{"taxonomy":"product_tag","embeddable":true,"href":"https:\/\/aaloe.ee\/et\/wp-json\/wp\/v2\/product_tag?post=4923"}],"curies":[{"name":"wp","href":"https:\/\/api.w.org\/{rel}","templated":true}]}}