{"id":4842,"date":"2021-11-29T22:18:25","date_gmt":"2021-11-29T20:18:25","guid":{"rendered":"http:\/\/aaloe.ee\/et\/?post_type=product&#038;p=4842"},"modified":"2024-01-06T19:09:14","modified_gmt":"2024-01-06T17:09:14","slug":"forever-focus","status":"publish","type":"product","link":"https:\/\/aaloe.ee\/et\/toode\/forever-focus\/","title":{"rendered":"Forever Focus"},"content":{"rendered":"<div class=\"row\">\n<div id=\"longDescription\" class=\"col-12 scroll-links mt-100 ng-star-inserted\">\n<h4 class=\"text-center text-uppercase prod-desc pb-4\"><strong><span style=\"color: #ff9900;\">KIRJELDUS<\/span><\/strong><\/h4>\n<div id=\"product-detail-long-descption\" class=\"desc-container\" tabindex=\"0\">\n<p><strong><span style=\"color: #99cc00;\">Edendage vaimset selgust, keskendumist ja \u00fcldist kognitiivset tervist<\/span><\/strong><\/p>\n<p>\u2022 Omadused Cognizin\u00ae on kliiniliselt uuritud tsitikoliini vorm<br \/>\n\u2022 Toetab vaimset selgust<br \/>\n\u2022 Aitab korrastada m\u00f5tlemist<br \/>\n\u2022 Aitab t\u00f5sta keskendumist ja keskendumisv\u00f5imet<br \/>\n\u2022 Pakub toitumistuge t\u00e4helepanu ja ajuenergia jaoks<br \/>\n\u2022 Toetab kognitiivset funktsiooni<br \/>\n\u2022 Toetab aju DNA s\u00fcnteesi ja parandamist<\/p>\n<p>N\u00e4ib, et meie kiires tempos ja mitmek\u00fclgses \u00fchiskonnas on \u017eongleerida vaja rohkem kui kunagi varem.\u00a0K\u00f5igi etteheidetega toimetulemiseks on vaja teravat m\u00f5istust, suurep\u00e4rast m\u00e4lu ja teravat keskendumist.\u00a0Mis siis, kui saaksite midagi ette v\u00f5tta, et suurendada oma vaimset selgust ja aidata teil p\u00fcsida kursis k\u00f5igega, mida elu n\u00f5uab?\u00a0N\u00fc\u00fcd on see v\u00f5imalik Forever Focus\u2122-iga.<\/p>\n<p>Forever Focus sisaldab teaduslikku maitsetaimede ja vitamiinide segu, mis teadaolevalt t\u00f5stab vaimset teadlikkust.\u00a0See kasutab Cognizin\u00ae**, tsitikoliini kliiniliselt uuritud vormi, mis on ajus juba leitud toitaine, mis toetab kognitiivset funktsiooni, vaimset keskendumist ja t\u00e4helepanu.<\/p>\n<p>Forever Focus\u2122 on valmistatud ka bakopa ekstraktist, mis on saadud traditsioonilises Ayurveda meditsiinis kasutatavast \u00fcrdist, millel on m\u00e4lu ja t\u00e4helepanu edendavad adaptogeensed omadused.<\/p>\n<p>Arvatakse, et Huperzia serrata ekstrakt aitab loomulikult toetada keskendumist, t\u00e4helepanu ja \u00fcldist kognitiivset tervist.\u00a0Lisaks on B12- ja B6-vitamiinid tuntud oma v\u00e4simuse v\u00e4hendamise v\u00f5ime poolest.<\/p>\n<p>Kes peaks Forever Focus\u2122-i v\u00f5tma?\u00a0Me ei suuda m\u00f5elda kellelegi, kes ei saaks sellest suurep\u00e4rasest aju turgutavate koostisosade kombinatsioonist kasu.\u00a0\u00d5pilased saavad toetada oma akadeemilisi j\u00f5upingutusi, edendades keskendumist, keskendumist ja ajuenergiat.\u00a0Sportlastele meeldib see toode ka kui turvaline viis f\u00fc\u00fcsilise vormi ja treenimisv\u00f5ime parandamiseks intensiivsete treeningrutiinide jaoks.<\/p>\n<p>Spetsialistid saavad kasutada Forever Focus\u2122-i, et aidata t\u00f5sta t\u00f6\u00f6koha tootlikkust t\u00e4nu koostisosadele, mis teadaolevalt toetavad vaimset erksust ja m\u00e4lu.\u00a0Nii t\u00e4iskasvanud kui ka aktiivsed pension\u00e4rid saavad kasu meie t\u00e4iustatud valemist, mis toetab keskendumist, kognitiivset funktsiooni ja vaimset selgust.<\/p>\n<p>Kui soovite oma p\u00e4eva eest hoolitseda, muutke Forever Focus\u2122 oma tervisliku eluviisi osaks, et aidata teil p\u00fcsida terav ja keskendunud.<\/p>\n<p><span style=\"color: #ff9900;\"><strong>Taimsed koostisosad<\/strong><\/span><\/p>\n<p>Forever Focus sisaldab mitmeid kvaliteetseid taimseid koostisosi, nagu rohelise tee ja h\u00f5lmikpuu lehtede ekstrakt, guaraana seemne ekstrakt, roosijuure ekstrakt ja bakopayri ekstrakt.<\/p>\n<p>Guaraana sisaldab umbes kaks korda rohkem kofeiini kui kohvioad.<\/p>\n<p><em>Toidu- ja ravimiamet ei ole neid v\u00e4iteid hinnanud.\u00a0See toode ei ole ette n\u00e4htud \u00fchegi haiguse diagnoosimiseks, raviks ega ennetamiseks.<\/em><\/p>\n<\/div>\n<\/div>\n<\/div>\n<div class=\"row\">\n<div id=\"ProductUsage\" class=\"col-12 scroll-links mt-100 ng-star-inserted\">\n<h4 class=\"text-center text-uppercase prod-desc pb-4\"><span style=\"color: #ff9900;\">KASUTAMINE<\/span><\/h4>\n<div class=\"desc-container\" tabindex=\"0\">\n<p>V\u00f5tke 4 kapslit p\u00e4evas koos toiduga.\u00a0Parimate tulemuste saavutamiseks \u00e4rge v\u00f5tke enne magamaminekut.<\/p>\n<p><em>See toode on toidulisand.\u00a0Soovitatavat \u00f6\u00f6p\u00e4evast annust ei tohi \u00fcletada.\u00a0Toidulisand ei asenda mitmek\u00fclgset ja tasakaalustatud toitumist ega tervislikku eluviisi.\u00a0Sisaldab kofeiini (50 mg \/ p\u00e4evas) ja seet\u00f5ttu ei ole soovitatav lastele, rasedatele ja imetavatele naistele ega kofeiini suhtes tundlikele inimestele.\u00a0Hoida lastele k\u00e4ttesaamatus kohas.<\/em><\/p>\n<h4 class=\"additional-ingrediants\"><span style=\"color: #ff9900;\">KOOSTIS<\/span><\/h4>\n<div class=\"additional-content\">\n<p>B-fen\u00fc\u00fclet\u00fc\u00fclamiin L-t\u00fcrosiin Cognizin\u00ae** (tsitikoliin) Rhodiola Rosea Bacopa ekstrakt L-teaniini guaraana ekstrakt Ginkgo biloba ekstrakt tsinkgl\u00fctsinaat p\u00fcridoksiin HCl (vitamiin B6) huperzia serata ekstrakt ts\u00fcanokobalamiin (vitamiin B12) maltodekstriin, magneesium, maltodekstriin, magneesium, vitamiin B12 stearaat, puhastatud vesi, karrageen, kaaliumkloriid<\/p>\n<p>** Cognizin on ettev\u00f5tte KYOWA HAKKO BIO CO., LTD registreeritud kaubam\u00e4rk.<\/p>\n<div class=\"o-faq__header js-toggle-content js-is-active\" aria-controls=\"nutritionalInformation\">\n<h4 class=\"o-faq__title\"><span style=\"color: #ff9900;\">Toitev\u00e4\u00e4rtus<\/span><\/h4>\n<div class=\"o-faq__header-icon\">\n<table border=\"1\" cellspacing=\"1\" cellpadding=\"1\">\n<tbody>\n<tr>\n<td><strong>Toitaine<\/strong><\/td>\n<td><strong>4 kapslit<\/strong><\/td>\n<td><strong>% RI*<\/strong><\/td>\n<\/tr>\n<tr>\n<td>Pantoteenhape<\/td>\n<td>3 mg<\/td>\n<td>50%<\/td>\n<\/tr>\n<tr>\n<td>B6-vitamiini<\/td>\n<td>0,5 mg<\/td>\n<td>36%<\/td>\n<\/tr>\n<tr>\n<td>B12-vitamiini<\/td>\n<td>2,5 \u00b5g<\/td>\n<td>100%<\/td>\n<\/tr>\n<tr>\n<td>Tsink<\/td>\n<td>6 mg<\/td>\n<td>60%<\/td>\n<\/tr>\n<tr>\n<td>L-t\u00fcrosiini<\/td>\n<td>300 mg<\/td>\n<td>&#8211;<\/td>\n<\/tr>\n<tr>\n<td>Citicoline (Cognizin\u00ae)<\/td>\n<td>250 mg<\/td>\n<td>&#8211;<\/td>\n<\/tr>\n<tr>\n<td>Roosi juur<\/td>\n<td>200 mg<\/td>\n<td>&#8211;<\/td>\n<\/tr>\n<tr>\n<td>Bakopa<\/td>\n<td>320 mg<\/td>\n<td>&#8211;<\/td>\n<\/tr>\n<tr>\n<td>Roheline tee<\/td>\n<td>400 mg<\/td>\n<td>&#8211;<\/td>\n<\/tr>\n<tr>\n<td>h\u00f5lmikpuu<\/td>\n<td>24 mg<\/td>\n<td>&#8211;<\/td>\n<\/tr>\n<tr>\n<td>Guaraana<\/td>\n<td>54,5 mg<\/td>\n<td>&#8211;<\/td>\n<\/tr>\n<\/tbody>\n<\/table>\n<\/div>\n<\/div>\n<div id=\"nutritionalInformation\" class=\"o-faq__content js-is-visible\">\n<p>\u00a0* Ri = \u00f6\u00f6p\u00e4evase tarbimise kontrollv\u00e4\u00e4rtus<\/p>\n<\/div>\n<\/div>\n<\/div>\n<\/div>\n<\/div>\n","protected":false},"excerpt":{"rendered":"<p>Olge Forever Focus\u2122-iga vaimselt ergas.<\/p>\n<p>See ideaalne segu looduslikest ja kliiniliselt uuritud koostisosadest, soodustab vaimset erksust, keskendumist ja organiseeritud m\u00f5tlemist.<\/p>\n<p><strong>Kood:<\/strong> 622<\/p>\n<p><strong>Kogus:<\/strong> 120 kapslit<\/p>\n","protected":false},"featured_media":4947,"template":"","meta":[],"product_brand":[],"product_cat":[15],"product_tag":[],"class_list":{"0":"post-4842","1":"product","2":"type-product","3":"status-publish","4":"has-post-thumbnail","6":"product_cat-toidulisandid","8":"first","9":"instock","10":"taxable","11":"shipping-taxable","12":"purchasable","13":"product-type-simple"},"jetpack_sharing_enabled":true,"_links":{"self":[{"href":"https:\/\/aaloe.ee\/et\/wp-json\/wp\/v2\/product\/4842","targetHints":{"allow":["GET"]}}],"collection":[{"href":"https:\/\/aaloe.ee\/et\/wp-json\/wp\/v2\/product"}],"about":[{"href":"https:\/\/aaloe.ee\/et\/wp-json\/wp\/v2\/types\/product"}],"wp:featuredmedia":[{"embeddable":true,"href":"https:\/\/aaloe.ee\/et\/wp-json\/wp\/v2\/media\/4947"}],"wp:attachment":[{"href":"https:\/\/aaloe.ee\/et\/wp-json\/wp\/v2\/media?parent=4842"}],"wp:term":[{"taxonomy":"product_brand","embeddable":true,"href":"https:\/\/aaloe.ee\/et\/wp-json\/wp\/v2\/product_brand?post=4842"},{"taxonomy":"product_cat","embeddable":true,"href":"https:\/\/aaloe.ee\/et\/wp-json\/wp\/v2\/product_cat?post=4842"},{"taxonomy":"product_tag","embeddable":true,"href":"https:\/\/aaloe.ee\/et\/wp-json\/wp\/v2\/product_tag?post=4842"}],"curies":[{"name":"wp","href":"https:\/\/api.w.org\/{rel}","templated":true}]}}