{"id":484,"date":"2014-11-24T22:12:51","date_gmt":"2014-11-24T20:12:51","guid":{"rendered":"http:\/\/aaloe.ee\/?post_type=product&#038;p=484"},"modified":"2025-11-19T22:41:09","modified_gmt":"2025-11-19T20:41:09","slug":"nature-min","status":"publish","type":"product","link":"https:\/\/aaloe.ee\/et\/toode\/nature-min\/","title":{"rendered":"Nature Min"},"content":{"rendered":"<h3><span style=\"color: #99cc00;\">Nature-Min\u2122<\/span><\/h3>\n<h3 align=\"LEFT\"><span style=\"color: #ff9900;\">Mineraalide kompleks<\/span><\/h3>\n<p style=\"text-align: left;\" align=\"LEFT\"><span style=\"color: #999999;\">\u201eForever Nature-Min\u201c on\u00a0suurep\u00e4rane, t\u00e4iuslikult\u00a0tasakaalustatud mikro- ja\u00a0makroelementine <\/span><span style=\"color: #999999;\">\u00a0allikas. Need mineraalid on toodetud merep\u00f5hja setetest, mis on moodustunud lubjastunud merefaunast ja \u2013floorast. Merep\u00f5hja sette mineraalid on v\u00e4ga head mikroelementine allikad.\u00a0<\/span><\/p>\n<p style=\"text-align: left;\" align=\"LEFT\"><span style=\"color: #999999;\">Mineraalid moodustavad<\/span><span style=\"color: #999999;\"> tervelt 4 % meie kehast. Inimese organism ei ole v\u00f5imeline mineraale tootma, sellep\u00e4rast peame vajaliku mineraalikoguse saama toidust. \u201eForever Nature-Min\u201c varustab organismi mikro- ja makroelementidega tasakaalustatud proportsioonides, mis on v\u00e4ga oluline nendre omastamisel. Mineraalid m\u00e4ngivad inimorganismis \u00e4\u00e4retult t\u00e4htsat rolli alates vedelikutasakaalu reguleerimisest kuni geenide ja hormoonide aktiviseerimiseni. Mineraale on tarvis peaaegu k\u00f5ikideks organismi <\/span><span style=\"color: #999999;\">funktsioonideks. Mineraalid on vajalikud rakkude ainevahetuseks, n\u00e4rvis\u00fcsteemi talitlemiseks, \u00a0sisen\u00f5ren\u00e4\u00e4rmete normaalseks t\u00f6\u00f6ks, vedelikuringluseks, vereliblede tootmiseks, luustiku ja hammaste kujunemiseks ja kasvamiseks, hormoonide funktsioneerimiseks ning veel paljudeks muudeks inimorganismi elut\u00e4htsateks protsessideks. \u201eForever Nature-Min\u201c kasutamine tagab organismile k\u00f5ik terveks ja tasakaalustatud eluks vajalikud makro- ja mikroelemendid. Tabletid on valmistatud looduslikust toorainest, mist\u00f5ttu on organismil neid kerge omastada.<\/span><\/p>\n<p style=\"text-align: left;\" align=\"LEFT\"><span style=\"color: #99cc00;\">SOOVITUSLIK\u00a0TARVITAMINE:<\/span> <span style=\"color: #999999;\">2\u20136 tabletti\u00a0p\u00e4evas toidulisandina.<\/span><\/p>\n<p><span style=\"color: #999999;\">180 tabletti<\/span><\/p>\n<p><span style=\"color: #999999;\">Kood : 37<\/span><\/p>\n<h4><span style=\"color: #999999;\">Lae endale toote lisainfo PDF failina: \u00a0<\/span><span style=\"color: #99cc00;\"> <a style=\"color: #99cc00;\" href=\"http:\/\/aaloe.ee\/wp-content\/uploads\/2014\/11\/Kood-37.pdf\">Nature-Min\u2122<\/a><\/span><strong><br \/>\n<\/strong><\/h4>\n","protected":false},"excerpt":{"rendered":"<div>\n<h3 class=\"variant a1Pd0000002JUIeEAO\"><span style=\"color: #99cc00;\">Nature-Min<\/span><\/h3>\n<p class=\"intro variant a1Pd0000002JUIeEAO\"><span style=\"color: #999999;\">Mineraalide allikas, mis varustab organismi makro- ja mikroelementidega \u00f5igesti tasakaalustatud suhtes.<\/span><\/p>\n<p class=\"variant a1Pd0000002JUIeEAO\"><span style=\"color: #999999;\">Selle toidulisandi edulise valemi loomiseks on kasutatud mere settekivimite mineraale. Nature-Minis on sisuliselt k\u00f5ik inimorganismile vajalikud mikroelemendid.<\/span><\/p>\n<\/div>\n<div>\n<div class=\"price variant a1Pd0000002JUIeEAO\"><span style=\"color: #999999;\">KOGUS: 180 tabletti<\/span><\/div>\n<div class=\"price variant a1Pd0000002JUIeEAO\"><span style=\"color: #999999;\">KOOD: 037<\/span><\/div>\n<div class=\"price variant a1Pd0000002JUIeEAO\"><\/div>\n<\/div>\n","protected":false},"featured_media":4135,"template":"","meta":[],"product_brand":[],"product_cat":[15],"product_tag":[],"class_list":{"0":"post-484","1":"product","2":"type-product","3":"status-publish","4":"has-post-thumbnail","6":"product_cat-toidulisandid","8":"first","9":"instock","10":"taxable","11":"shipping-taxable","12":"purchasable","13":"product-type-simple"},"jetpack_sharing_enabled":true,"_links":{"self":[{"href":"https:\/\/aaloe.ee\/et\/wp-json\/wp\/v2\/product\/484","targetHints":{"allow":["GET"]}}],"collection":[{"href":"https:\/\/aaloe.ee\/et\/wp-json\/wp\/v2\/product"}],"about":[{"href":"https:\/\/aaloe.ee\/et\/wp-json\/wp\/v2\/types\/product"}],"wp:featuredmedia":[{"embeddable":true,"href":"https:\/\/aaloe.ee\/et\/wp-json\/wp\/v2\/media\/4135"}],"wp:attachment":[{"href":"https:\/\/aaloe.ee\/et\/wp-json\/wp\/v2\/media?parent=484"}],"wp:term":[{"taxonomy":"product_brand","embeddable":true,"href":"https:\/\/aaloe.ee\/et\/wp-json\/wp\/v2\/product_brand?post=484"},{"taxonomy":"product_cat","embeddable":true,"href":"https:\/\/aaloe.ee\/et\/wp-json\/wp\/v2\/product_cat?post=484"},{"taxonomy":"product_tag","embeddable":true,"href":"https:\/\/aaloe.ee\/et\/wp-json\/wp\/v2\/product_tag?post=484"}],"curies":[{"name":"wp","href":"https:\/\/api.w.org\/{rel}","templated":true}]}}