{"id":4836,"date":"2021-11-29T21:50:09","date_gmt":"2021-11-29T19:50:09","guid":{"rendered":"http:\/\/aaloe.ee\/et\/?post_type=product&#038;p=4836"},"modified":"2025-10-30T19:54:48","modified_gmt":"2025-10-30T17:54:48","slug":"aaloe-dusigeel","status":"publish","type":"product","link":"https:\/\/aaloe.ee\/et\/toode\/aaloe-dusigeel\/","title":{"rendered":"Aaloe-du\u0161igeel"},"content":{"rendered":"<div class=\"row\">\n<div id=\"longDescription\" class=\"col-12 scroll-links mt-100 ng-star-inserted\">\n<h4 class=\"text-center text-uppercase prod-desc pb-4\"><strong><span style=\"color: #ff9900;\">KIRJELDUS<\/span><\/strong><\/h4>\n<div id=\"product-detail-long-descption\" class=\"desc-container\" tabindex=\"0\">\n<p><strong><span style=\"color: #99cc00;\">\u00d5rn, v\u00f5imas puhastus nahka hooldava aaloega<\/span><\/strong><\/p>\n<p>\u2022 \u00d5rn, kuid v\u00f5imas puhastusvahend<br \/>\n\u2022 Eemaldab mustuse ja rasu, j\u00e4ttes naha puhta ja pehme tunde<br \/>\n\u2022 S\u00e4ilitab naha niiskuse<br \/>\n\u2022 S\u00e4ilitab ja soodustab naha h\u00fcdratsiooni<br \/>\n\u2022 J\u00e4tab naha puhta ja v\u00e4rske tunde<\/p>\n<p>Laske looduse parimal toita ja puhastada oma nahka Foreveri uue Aloe Body Washiga. See sulfaadivaba koostis sisaldab v\u00f5imsat, kuid \u00f5rna puhastust nahka hooldavate koostisosadega, mis pesevad mustuse maha ning j\u00e4tavad naha pehmeks ja v\u00e4rskendatuks.<\/p>\n<p>Aloe Body Wash on tasakaalustatud pH-tasemega, et aidata s\u00e4ilitada naha niiskust ja soodustada niisutust.\u00a0Peamine koostisosa, aloe vera, aitab vananemisvastast toimet, soodustades niisutamist, samas kui A-, C- ja E-vitamiinid toidavad ja toetavad terve v\u00e4limusega nahka.<\/p>\n<p>Meie koostis sisaldab rikkalikku kutsuvat metsa, merevaigu ja sooja \u00fcrtide segu, mis loob universaalselt ahvatleva l\u00f5hna.\u00a0V\u00f5ite m\u00e4rgata Aloe Body Washi ainulaadse v\u00e4rvi puhul midagi veidi teistsugust.\u00a0Meeldiv merevahuroheline toon tuleneb looduslikult saadud vaskklorof\u00fcllist!<\/p>\n<p>Tunnete erinevust kohe, kui Aloe Body Wash moodustub rikkalikuks kreemjaks vahuks, mis loputab kergesti nahalt niiskust eemaldamata.\u00a0\u00d5rn puhastamine on v\u00f5imalik t\u00e4nu sellistele koostisosadele nagu argaania\u00f5li, arnika lilleekstrakt ja h\u00fcdrol\u00fc\u00fcsitud jojobaestrid, mis aitavad nahka pehmendada, suurendades samal ajal niisutust ja siledust.<\/p>\n<p>\u00c4rge sirutage teist kehapesuvahendit, mis j\u00e4tab naha kuivaks v\u00f5i toitainetest t\u00fchjaks.\u00a0Aloe Body Wash&#8217;iga saate v\u00f5imsa puhastuse, mida otsite koos t\u00e4iusliku koostisainete seguga, et teie nahk n\u00e4eks v\u00e4lja ja tunneks end terve ja v\u00e4rskendatuna.<\/p>\n<p><span style=\"color: #ff9900;\"><strong>Aloe Body Wash sai <span style=\"color: #000000;\">Dermatest\u00ae<\/span>-i l\u00e4biviidud dermatoloogilistes testides pitseri <span style=\"color: #99cc00;\">SUUREP\u00c4RANE<\/span><\/strong><\/span><\/p>\n<\/div>\n<\/div>\n<\/div>\n<div class=\"row\">\n<div id=\"ProductUsage\" class=\"col-12 scroll-links mt-100 ng-star-inserted\">\n<h4 class=\"text-center text-uppercase prod-desc pb-4\"><span style=\"color: #99cc00;\">KASUTAMINE<\/span><\/h4>\n<div class=\"desc-container\" tabindex=\"0\">\n<p>Kandke du\u0161i all geeli k\u00e4snale ja lihtsalt h\u00f5\u00f5ruge \u00f5rnalt kogu keha ringjate liigutustega.\u00a0Loputage h\u00e4sti.<\/p>\n<\/div>\n<\/div>\n<\/div>\n<div id=\"KeyIncredients\" class=\"incredient-container\">\n<h4 class=\"text-uppercase text-center pb-4 bt-3 mt-190 ng-star-inserted\" tabindex=\"0\"><span style=\"color: #99cc00;\">PEAMISED KOOSTISOSAD<\/span><\/h4>\n<p>Aloe Barbadensise lehtede mahl (stabiliseeritud* Aloe Vera geel\/geel d&#8217;alo\u00e8s officinal stabilis\u00e9*), vesi (Aqua\/Eau), kokamidoprop\u00fc\u00fclbetain, kokamidoprop\u00fc\u00fclh\u00fcdroks\u00fcsultaiin, propaandiool, naatriummet\u00fc\u00fcl-2-sulfolauraat, naatriumkrosspol\u00fcatseetraat, cococinacry gelly -6, dinaatrium-2-sulfolauraat, laur\u00fc\u00fclgl\u00fckosiid, h\u00fcdrol\u00fc\u00fcsitud jojobaestrid, Chondrus Crispuse ekstrakt, argania spinosa tuuma\u00f5li, arnika Montana lilleekstrakt, gl\u00fctseriin, naatriumkoko\u00fc\u00fclglutamaat, naatriumlauro\u00fc\u00fcllakt\u00fclaat, naatriumlaur\u00fc\u00fcllakt\u00fclaat, naatriumh\u00fcdroaaluronaat, gl\u00fckoolh\u00fcdraat-4. Gl\u00fckool, h\u00fcdroks\u00fcatsetofenoon, dinaatrium-EDTA, sidrunhape, klorofenesiin, fenoks\u00fcetanool, sorbiinhape, kaaliumsorbaat, l\u00f5hnaaine (parfum), klorof\u00fclliini-vase kompleks (CI 75810).<\/p>\n<\/div>\n","protected":false},"excerpt":{"rendered":"<p>Aaloe-du\u0161igeeliga tunnetate erilist puhtust ja v\u00e4rskust. See peseb, pehmendades ja turgutades samal ajal nahka. Selles sisalduvad aaloe, rahustavad \u00f5lid ja taimeekstraktid puhastavad ning toidavad nahka pealaest jalatallani.<\/p>\n<p>Laske parimal, mida loodus pakub, toita ja puhastada oma nahka Foreveri uue Aaloe-du\u0161igeeliga.<\/p>\n<p><strong>Kood:<\/strong> 646<\/p>\n<p><strong>Kogus:\u00a0<\/strong> 236ml<\/p>\n","protected":false},"featured_media":4935,"template":"","meta":[],"product_brand":[],"product_cat":[171,185],"product_tag":[],"class_list":{"0":"post-4836","1":"product","2":"type-product","3":"status-publish","4":"has-post-thumbnail","6":"product_cat-hygieen-suuhooldus","7":"product_cat-personaalhooldus","9":"first","10":"instock","11":"taxable","12":"shipping-taxable","13":"purchasable","14":"product-type-simple"},"jetpack_sharing_enabled":true,"_links":{"self":[{"href":"https:\/\/aaloe.ee\/et\/wp-json\/wp\/v2\/product\/4836","targetHints":{"allow":["GET"]}}],"collection":[{"href":"https:\/\/aaloe.ee\/et\/wp-json\/wp\/v2\/product"}],"about":[{"href":"https:\/\/aaloe.ee\/et\/wp-json\/wp\/v2\/types\/product"}],"wp:featuredmedia":[{"embeddable":true,"href":"https:\/\/aaloe.ee\/et\/wp-json\/wp\/v2\/media\/4935"}],"wp:attachment":[{"href":"https:\/\/aaloe.ee\/et\/wp-json\/wp\/v2\/media?parent=4836"}],"wp:term":[{"taxonomy":"product_brand","embeddable":true,"href":"https:\/\/aaloe.ee\/et\/wp-json\/wp\/v2\/product_brand?post=4836"},{"taxonomy":"product_cat","embeddable":true,"href":"https:\/\/aaloe.ee\/et\/wp-json\/wp\/v2\/product_cat?post=4836"},{"taxonomy":"product_tag","embeddable":true,"href":"https:\/\/aaloe.ee\/et\/wp-json\/wp\/v2\/product_tag?post=4836"}],"curies":[{"name":"wp","href":"https:\/\/api.w.org\/{rel}","templated":true}]}}