{"id":4833,"date":"2021-11-29T21:42:43","date_gmt":"2021-11-29T19:42:43","guid":{"rendered":"http:\/\/aaloe.ee\/et\/?post_type=product&#038;p=4833"},"modified":"2025-04-01T23:35:25","modified_gmt":"2025-04-01T20:35:25","slug":"niisutav-seerum","status":"publish","type":"product","link":"https:\/\/aaloe.ee\/et\/toode\/niisutav-seerum\/","title":{"rendered":"Niisutav seerum"},"content":{"rendered":"<div class=\"row\">\n<div id=\"longDescription\" class=\"col-12 scroll-links mt-100 ng-star-inserted\">\n<div id=\"product-detail-long-descption\" class=\"desc-container\" tabindex=\"0\">\n<p><span style=\"color: #99cc00;\"><strong>Niisutamine on viidud uuele tasemele<\/strong><\/span><\/p>\n<p>Teie nahk puutub iga p\u00e4ev kokku v\u00e4lise stressiga, mis v\u00f5ib nahka enneaegselt kuivada ja vanandada.\u00a0Kui kasutate Foreveri niisutavat seerumit oma igap\u00e4evase nahahooldusrutiini osana, aitate oma nahal p\u00fcsida nooruslikuna, elastsena ja siidiselt siledana.\u00a0Neli t\u00fc\u00fcpi h\u00fcaluroonhapet niisutavad naha pinda ja hoiavad ka niiskust nahas.<\/p>\n<p><span style=\"color: #99cc00;\"><strong>Kellele?<\/strong><\/span><\/p>\n<p>Iga inimese nahk vajab niiskust, et s\u00e4ilitada oma s\u00e4ra ja elastsust.\u00a0Kui kasutate niisutavat seerumit igap\u00e4evaselt, saate tavalise niisutaja m\u00f5ju mitmekordistada.\u00a0Nii saad kinkida oma nahale unustamatu elamuse.<\/p>\n<p><span style=\"color: #99cc00;\"><strong>Mis on h\u00fcaluroonhape?<\/strong><\/span><\/p>\n<p>H\u00fcaluroonhape on organismis loomulikul teel ja see suudab vees siduda oma kaalust kuni 1000 korda rohkem.\u00a0Vaatamata oma nimele ei ole see hape, vaid teatud t\u00fc\u00fcpi suhkur, mida nimetatakse gl\u00fckoosaminogl\u00fckaaniks.<\/p>\n<p>Kui h\u00fcaluroonhape seob organismis vett, tekib geelitaoline aine, mis muuhulgas toimib niisutava m\u00e4\u00e4rdeainena ja l\u00f6\u00f6ke summutava t\u00e4iteainena naha elastsete kiudude, kollageeni ja elastiini vahel.<\/p>\n<p><span style=\"color: #99cc00;\"><strong>Neli erinevat t\u00fc\u00fcpi h\u00fcaluroonhappe<\/strong><\/span><br \/>\nniisutavat seerumit sisaldavad nelja erinevat t\u00fc\u00fcpi h\u00fcaluroonhapet.<\/p>\n<p><strong><span style=\"color: #ff9900;\"><em>See toimib j\u00e4rgmiselt:<\/em><\/span><\/strong><\/p>\n<ol>\n<li><span style=\"color: #ff9900;\"><strong>Sodium Hyaluronate Crosspolymer<\/strong><\/span>\u00a0<span style=\"color: #ff9900;\">&#8211;<\/span> Moodustab naha pinnale kaitsva kihi, mis seob niiskuse nahaga ja kaitseb nahka saaste eest.\u00a0Molekulid on keemiliselt seotud, seega moodustavad nad hea veesidumisv\u00f5imega v\u00f5rgustiku \u2013 kuni viis korda suurema kui tavalisel h\u00fcaluroonhappel.\u00a0See v\u00f5rk ladestub nahale ja annab sellele pideva niiskuse.<\/li>\n<li><span style=\"color: #ff9900;\"><strong>Naatriumh\u00fcaluronaat<\/strong><\/span>\u00a0<span style=\"color: #ff9900;\">&#8211;<\/span> Hoiab niiskust naha pinnal, kaitstes ja pehmendades.<\/li>\n<li><span style=\"color: #ff9900;\"><strong>Naatriumatset\u00fc\u00fclitud h\u00fcaluronaat<\/strong><\/span><span style=\"color: #ff9900;\">\u00a0&#8211;\u00a0<\/span>Ladestub naha v\u00e4liskihile niisutava kaitsekilena.\u00a0Molekul, mis seob palju vett ja v\u00e4hendab samal ajal t\u00f5husalt niiskuse aurustumist naha seest.\u00a0Lisaks sellele, et see aitab hoida nahka pikka aega niisutatuna, v\u00f5itleb see ka ebatasasuste vastu.<\/li>\n<li><span style=\"color: #ff9900;\"><strong>H\u00fcdrol\u00fc\u00fcsitud naatriumh\u00fcaluronaat &#8211;<\/strong><\/span>\u00a0See r\u00fchma v\u00e4ikseim minimolekul imendub s\u00fcgavale nahka.\u00a0V\u00e4ga kerge molekulmassiga h\u00fcaluroonhape imendub kiiresti naha pinnale ning niisutab ja uuendab nahka seestpoolt.<\/li>\n<\/ol>\n<p><span style=\"color: #99cc00;\"><strong>Heakskiidetud koostisained<\/strong><\/span><\/p>\n<p>Lisaks neile neljale niisutavale superkangelasele sisaldab Hydrating Serum tervet rida koostisosi, mis koos toetavad ja niisutavad nahka.\u00a0Valge puuvill seob niiskust ja aitab v\u00f5idelda v\u00e4liskeskkonna stressiga.\u00a0Seda on Aasia nahahoolduses kasutatud tuhandeid aastaid.\u00a0Mimoosiekstrakti ja valge tee looduslikud antioks\u00fcdandid v\u00f5itlevad vabade radikaalidega.\u00a0Tamarind t\u00f5stab naha niiskussisaldust, parandab naha elastsust ja siledust ning v\u00e4hendab naha karedust.\u00a0Ja loomulikult sisaldab niisutav seerum ka meie parimat Aloe verat, mis kroonib kogu ilu.<\/p>\n<p><span style=\"color: #99cc00;\"><strong>Imendub kiiresti<\/strong><\/span><\/p>\n<p>Et seerum oleks kerge peale kanda ja kiiresti nahka imenduks, sisaldab see muuhulgas kookosrasvhappeid.\u00a0Koos sheav\u00f5iga panevad need Hydrating seerumi kiiresti nahka imenduma, muutes naha siidiselt siledaks ja kiirgades uut s\u00e4ra.\u00a0Nahk ei tundu aga kleepuv ega rasune.<\/p>\n<p><span style=\"color: #ff00ff;\"><strong>Dermatestin\u00ae on dermatoloogilistes testides hinnanud niisutusseerumi SUUREP\u00c4RANE.\u00a0<\/strong><\/span><\/p>\n<p><span style=\"color: #99cc00;\"><strong>Sarja teised tooted<\/strong><\/span><br \/>\nMeie t\u00e4iustatud nahahooldussarja kuuluvad ka Smoothing koorija, Awakening silmakreem, tasakaalustav toonik, kaitsev p\u00e4evakreem, aaloe aktivaator ja aaloe biotselluloosimask.\u00a0Sobib h\u00e4sti ka Infinite by Forever sarja toodetega.<\/p>\n<p><span style=\"color: #99cc00;\"><strong>Suurendage niisutust nelja t\u00fc\u00fcpi h\u00fcaluroonhappega<\/strong><\/span><\/p>\n<p>Iga p\u00e4ev puutub teie nahk kokku keskkonnam\u00f5juritega, mis v\u00f5ivad p\u00f5hjustada kuivust ja soodustada vananemisilminguid.\u00a0Et nahk oleks noor, elastne ja noorenenud, lisage oma nahahooldusrutiini niisutust Foreveri niisutava seerumiga.\u00a0See mitte ainult ei \u00fcmbritse teie nahka siidise niiskusega, vaid suurendab eksponentsiaalselt ka teie lemmik Foreveri niisutaja eeliseid.<\/p>\n<p>Selle valemi taga olev j\u00f5ud tuleneb nelja t\u00fc\u00fcpi h\u00fcaluroonhappest, millest iga\u00fcks m\u00e4ngib h\u00fcdratsiooni s\u00e4ilitamisel v\u00f5tmerolli.\u00a0H\u00fcaluroonhape on intensiivne nahaniisutaja, mis hoiab vees oma kaalust 1000 korda rohkem.\u00a0K\u00f5ik neli t\u00fc\u00fcpi toimivad koos, et t\u00e4ita naha pinnal vett ja s\u00e4ilitada seestpoolt niiskust, parandades samal ajal elastsust, mille tulemuseks on n\u00e4htavalt t\u00e4idlane nahk.<\/p>\n<p>\u2022 \u00dclik\u00f5rgmolekulaarne naatriumh\u00fcaluronaat moodustab nahapinnale kaitsva tiheda kile, mis v\u00e4hendab veekadu seestpoolt, pakkudes samal ajal 24-tunnist niisutust ja saastevastast tuge.<br \/>\n\u2022 Naatriumh\u00fcaluronaat hoiab vett naha pinnal.<br \/>\n\u2022 Kiiresti imenduv naatriumh\u00fcaluronaat niisutab nahka, pakkudes suurep\u00e4rast niisutust.<br \/>\n\u2022 Madalmolekulaarne naatriumh\u00fcaluronaat imendub kiiresti naha pindmistesse kihtidesse, niisutades ja taastades nahka seestpoolt.<\/p>\n<p>Lisaks h\u00fcaluroonhappele kasutame koostisosi k\u00f5ikjalt maailmast Sahara-tagusest Aafrikast Aasiani.\u00a0See sisaldab niiskust s\u00e4ilitavat lumeseent, rikkalikke kookosrasvhappeid, pehmet sheav\u00f5id ja vabade radikaalidega v\u00f5itlevaid koostisosi nagu oliivi\u00f5li, valge tee ja mimoosikoor.<\/p>\n<p>Lisasime ka tamarindi, mis on n\u00e4idanud, et see aitab parandada niisutust, parandab naha elastsust ja siledust ning v\u00e4hendab kareda naha v\u00e4limust.<\/p>\n<p>Osana meie sihip\u00e4rasest nahahooldussarjast on see valem kergesti pealekantav, imendub kiiresti ja on erakordselt kerge tundega.\u00a0Niisutav seerum aitab teie nahal tunda end t\u00e4idlasena ja niisutatuna, v\u00e4hendades samal ajal peente joonte ja kortsude teket ning pakkudes t\u00e4iendavat kaitsekihti keskkonnastresside eest.<\/p>\n<p>Parimate tulemuste saavutamiseks puhastage ja patsutage nahk kuivaks, seej\u00e4rel kandke enne igap\u00e4evast niisutavat kreemi niisutavat seerumit.\u00a0Seerum on piisavalt kerge, et seda saaks kanda meigi, niisutaja ja p\u00e4ikesekaitsekreemi alla, muutes selle mitmek\u00fclgseks ja t\u00f5husaks.<\/p>\n<p>Kasutage niisutavat seerumit nii p\u00e4eval kui \u00f6\u00f6sel koos oma lemmik Foreveri niisutajaga, et suurendada naha niiskust ja minimeerida peente joonte ja kortsude teket!<\/p>\n<p class=\"text-center text-uppercase prod-desc pb-4\"><strong><span style=\"color: #ff9900;\">KASUTAMINE:<\/span><\/strong><\/p>\n<div class=\"desc-container\" tabindex=\"0\">\n<p>Naha niisutatuse suurendamiseks kandke 1-2 pumba vajutust\u00a0 s\u00f5rmedele ning kandke \u00f5rnalt ringjate liigutustega n\u00e4ole ja kaelale vahetult enne oma lemmik Foreveri niisutaja pealekandmist.<\/p>\n<\/div>\n<div class=\"additional-ingrediants\"><strong><span style=\"color: #ff9900;\">KOOSTIS:<\/span><\/strong><\/div>\n<div class=\"additional-content\">\n<p>Aloe Barbadensise lehtede mahl (stabiliseeritud aloe vera geel), vesi, propaandiool, prop\u00fc\u00fclhept\u00fc\u00fclkapr\u00fclaat, kokogl\u00fctseriidid, but\u00fcrospermum Parkii (shea) v\u00f5i, C9-12 alkane, tsetear\u00fc\u00fclalkohol, C12-16 gudro-A-alkoholid, g-h\u00fcdro-, ksantsiini-, kaprii-, palmihappealkohol. Letsitiin, kookapr\u00fclaat\/kaprate, sorbitaanoleaat, sorbitaanpalmitaat, tset\u00fc\u00fclpalmitaat, lauro\u00fc\u00fcll\u00fcsiin, gl\u00fckonolaktoon, tremella fuciformise (seene) ekstrakt, tamarindus indica seemnete pol\u00fcsahhariid, h\u00fcdrol\u00fc\u00fcsitud naatriumh\u00fcaluronaat, risth\u00fcdrol\u00fcaaluronaat, naatriumh\u00fcdraaluronaat, naatriumh\u00fcdraaluronaat, naatriumpent\u00fc\u00fclaaluronaat, naatriumpent\u00fc\u00fclaaluronaat. H\u00fcaluronaat, et\u00fc\u00fclheks\u00fc\u00fclgl\u00fctseriin, Camellia Sinensise lehtede ekstrakt, maltodekstriin, mimosa tenuiflora koore ekstrakt, naatriumaskorb\u00fc\u00fclfosfaat, klorofenesiin, dinaatrium<\/p>\n<\/div>\n<\/div>\n<\/div>\n<\/div>\n<div class=\"row\">\n<div id=\"ProductUsage\" class=\"col-12 scroll-links mt-100 ng-star-inserted\"><\/div>\n<\/div>\n","protected":false},"excerpt":{"rendered":"<p>Foreveri niisutav seerum sobib ideaalselt teie rutiinsesse p\u00e4eva, andes t\u00e4nu puhtale aloe verale ja nelja t\u00fc\u00fcpi h\u00fcaluroonhappele v\u00f5imsa t\u00f5uke niisutusele.<\/p>\n<ul>\n<li>Imendub kiiresti naha pindmistesse kihtidesse<\/li>\n<li>Parandab\u00a0naha\u00a0v\u00e4limust silmn\u00e4htavalt, parandades selle tekstuuri.<\/li>\n<li>Suurendab naha h\u00fcdratatsiooni<\/li>\n<li>Aitab v\u00f5idelda keskkonnam\u00f5jurite vastu<\/li>\n<li>Aitab minimeerida peente joonte ja kortsude\u00a0teket<\/li>\n<li>Suurendab teie lemmik Foreveri niisutaja efektiivsust<\/li>\n<li>Vegan<\/li>\n<li>Taimetoitlastele s\u00f5bralik<\/li>\n<\/ul>\n<p><strong>Kood:<\/strong> 618<\/p>\n<p><strong>Kogus:<\/strong> 50ml<\/p>\n<p>&nbsp;<\/p>\n","protected":false},"featured_media":5080,"template":"","meta":[],"product_brand":[],"product_cat":[170],"product_tag":[],"class_list":{"0":"post-4833","1":"product","2":"type-product","3":"status-publish","4":"has-post-thumbnail","6":"product_cat-eksklusiivsed-tooted","8":"first","9":"instock","10":"taxable","11":"shipping-taxable","12":"purchasable","13":"product-type-simple"},"jetpack_sharing_enabled":true,"_links":{"self":[{"href":"https:\/\/aaloe.ee\/et\/wp-json\/wp\/v2\/product\/4833","targetHints":{"allow":["GET"]}}],"collection":[{"href":"https:\/\/aaloe.ee\/et\/wp-json\/wp\/v2\/product"}],"about":[{"href":"https:\/\/aaloe.ee\/et\/wp-json\/wp\/v2\/types\/product"}],"wp:featuredmedia":[{"embeddable":true,"href":"https:\/\/aaloe.ee\/et\/wp-json\/wp\/v2\/media\/5080"}],"wp:attachment":[{"href":"https:\/\/aaloe.ee\/et\/wp-json\/wp\/v2\/media?parent=4833"}],"wp:term":[{"taxonomy":"product_brand","embeddable":true,"href":"https:\/\/aaloe.ee\/et\/wp-json\/wp\/v2\/product_brand?post=4833"},{"taxonomy":"product_cat","embeddable":true,"href":"https:\/\/aaloe.ee\/et\/wp-json\/wp\/v2\/product_cat?post=4833"},{"taxonomy":"product_tag","embeddable":true,"href":"https:\/\/aaloe.ee\/et\/wp-json\/wp\/v2\/product_tag?post=4833"}],"curies":[{"name":"wp","href":"https:\/\/api.w.org\/{rel}","templated":true}]}}