{"id":4811,"date":"2021-10-10T21:34:53","date_gmt":"2021-10-10T18:34:53","guid":{"rendered":"http:\/\/aaloe.ee\/et\/?post_type=product&#038;p=4811"},"modified":"2025-10-31T23:36:28","modified_gmt":"2025-10-31T21:36:28","slug":"aaloe-mangomahl","status":"publish","type":"product","link":"https:\/\/aaloe.ee\/et\/toode\/aaloe-mangomahl\/","title":{"rendered":"Aaloe mangomahl"},"content":{"rendered":"<p><span style=\"color: #ff9900;\"><strong>Kellele see on?<\/strong><\/span><\/p>\n<p>Forever Aloe Mango sobib suurep\u00e4raselt k\u00f5igile, kes soovivad alustada oma elus uut head harjumust.\u00a0Eriti hea, kui soovid p\u00fcsida terve ja energiline, kuna meie Aloe vera joogid sisaldavad C-vitamiini, mis aitab kaasa v\u00e4simuse ja kurnatuse v\u00e4hendamisele ning n\u00e4iteks immuuns\u00fcsteemi normaalsele talitlusele.\u00a0Aloe verat on omakorda kasutanud inimesed \u00fcle kogu maailma juba ammusest ajast.\u00a0V\u00f5ib-olla olete juba proovinud m\u00f5nda Aloe vera nahahooldustoodet ja tunnete huvi Aloe vera kui toidulisandi vastu?\u00a0Kui jah, siis olete heas seltskonnas.\u00a0Forever Aloe Mango on suvine uustulnuk, mis on kogu maailmas juba v\u00e4ga edukas.<\/p>\n<p><strong>Sa saad:<\/strong><\/p>\n<ul>\n<li>k\u00e4sitsi korjatud Aloe vera troopilise mango p\u00fcreega<\/li>\n<li>C-vitamiin, mis aitab v\u00e4hendada v\u00e4simust ja kurnatust ning aitab kaasa immuuns\u00fcsteemi normaalsele talitlusele, n\u00e4iteks<\/li>\n<li>toode, mis ei sisalda kunstlikke v\u00e4rvaineid ega s\u00e4ilitusaineid<\/li>\n<li>k\u00e4ep\u00e4rane, keskkonnas\u00f5bralik, taaskasutatav Tetra Pak karp<\/li>\n<li>Vegan ja taimetoitlane<\/li>\n<li>Gluteenivaba<\/li>\n<\/ul>\n<p>Mis on parem kui t\u00e4iuslikult k\u00fcps mango mahlane magusus? Kuidas oleks selle maitsva ja tervisliku puuvilja \u00fchendamine Foreveri enda aaloep\u00f5ldude puhta Aloe Veraga! T\u00e4iesti uus Forever Aloe Mango \u2122 lisab meie maitsvate ja tervislike aaloejookide joonele troopilise vindi, et tuua klaasi parimat loodust.<\/p>\n<p>Forever Aloe Mango \u2122 sisaldab k\u00f5iki meie lipulaeva Forever Aloe Vera Gel\u00ae eeliseid, sisaldades 86% puhast Aloe Verat ja lisades erinevaid toitaineid ja maitset looduslikust troopilisest mangop\u00fcreest. Mangod on t\u00e4is toitaineid ja sisaldavad olulisi vitamiine, n\u00e4iteks C -vitamiini. Forever Aloe Mango \u2122 viljad koristatakse k\u00f5rgeima k\u00fcpsusastmega, et tagada rikkalik maitse ja toitainete sisaldus \u00f5igel tasemel.<\/p>\n<p>Aloe Veral on looduslikud puhastusv\u00f5imed, mis aitavad teie kehal toitaineid omastada. Aaloes sisalduvad ainulaadsed pol\u00fcsahhariidid, acemannan ja muud toitained aitavad toetada seedimist ja immuuns\u00fcsteemi.<\/p>\n<p>Nagu k\u00f5ik meie Aloe Vera geelijoogid, on ka Forever Aloe Mango \u2122 aseptiliselt t\u00f6\u00f6deldud, mis v\u00f5imaldab valemil olla lisatud s\u00e4ilitusaineid ning pakendatud 100% taaskasutatavatest materjalidest valmistatud Tetra pakendisse, et saaksite nautida Aloe Vera geeli v\u00e4rsket maitset koos k\u00f5igi aaloe tugevate omadustega, nagu loodus on ette n\u00e4inud.<\/p>\n<div class=\"o-faq__header js-toggle-content js-is-active\" aria-controls=\"ingredients\">\n<h4 class=\"o-faq__title\"><span style=\"color: #ff9900;\">Koostisained<\/span><\/h4>\n<div class=\"o-faq__header-icon\">Stabiliseeritud Aloe vera-geel (\u00a0<em>Aloe barbadensis<\/em>\u00a0) [Aloe vera-geel (86%), C-vitamiin (askorbiinhape), antioks\u00fcdant (askorbiinhape), happesuse regulaator (sidrunhape)], mangop\u00fcree kontsentraat (\u00a0<em>Mangifera indica L.<\/em>\u00a0) ( 10%), fruktoos, mango maitse.<\/div>\n<\/div>\n<div id=\"ingredients\" class=\"o-faq__content js-is-visible\">\n<p><em>Pange t\u00e4hele, et sisu v\u00f5ib muutuda, kuid pakendil olev teave on alati kehtiv.<\/em><\/p>\n<div class=\"o-faq__header js-toggle-content js-is-active\" aria-controls=\"nutritionalInformation\">\n<h4 class=\"o-faq__title\"><span style=\"color: #ff9900;\">Toitumisalane teave<\/span><\/h4>\n<div class=\"o-faq__header-icon\"><strong><u>Toitainete kogus RI*<\/u><\/strong><\/div>\n<\/div>\n<div id=\"nutritionalInformation\" class=\"o-faq__content js-is-visible\">\n<p>Aloe vera geel 103 ml \u2013<\/p>\n<p>C-vitamiin 67,5 mg 84,4%<\/p>\n<p>* RI = p\u00e4evane v\u00f5rdluskogus<\/p>\n<div class=\"o-faq__header js-toggle-content js-is-active\" aria-controls=\"instructions\">\n<h4 class=\"o-faq__title\"><span style=\"color: #ff9900;\">Juhised<\/span><\/h4>\n<div class=\"o-faq__header-icon\">Enne kasutamist loksutada.\u00a0\u00c4rge kasutage, kui kaane all olev tihend puudub v\u00f5i on kahjustatud.<\/div>\n<\/div>\n<div id=\"instructions\" class=\"o-faq__content js-is-visible\">\n<p>Soovitatav p\u00e4evane annus: V\u00f5tke iga p\u00e4ev 3 portsjonit 40 ml.\u00a0Segage iga portsjon 240 ml vee v\u00f5i mahlaga.\u00a0\u00c4rge \u00fcletage soovitatavat \u00f6\u00f6p\u00e4evast annust.\u00a0Toidulisandid ei ole m\u00f5eldud mitmek\u00fclgse toitumise asendamiseks.\u00a0Hoida lastele k\u00e4ttesaamatus kohas.<\/p>\n<p>S\u00e4ilitamine: Avatuna hoida k\u00fclmkapis (max 7\u00b0C).\u00a0P\u00e4rast avamist s\u00e4ilib 30 p\u00e4eva, kuid mitte kauem kui m\u00e4rgitud k\u00f5lblikkusaega.<\/p>\n<p>Pidage meeles, et tooted ei sisalda s\u00e4ilitusaineid ja on seet\u00f5ttu tundlikud toidud, mida p\u00e4rast avamist hoida k\u00fclmas.\u00a0Pange pakend kohe p\u00e4rast kasutamist k\u00fclmkappi.\u00a0\u00c4rge kunagi jooge otse pakendist, kuna see v\u00f5ib soovimatuid mikroorganisme edasi kanduda ja l\u00fchendada s\u00e4ilivusaega.\u00a0Pakendis soovitatakse s\u00e4ilitustemperatuuri max.\u00a07\u00b0C, kuid ideaaljuhul hoida temperatuuril 4\u00b0C v\u00f5i k\u00fclmem.<\/p>\n<p><em>See toode on toidulisand.\u00a0\u00c4rge \u00fcletage soovitatavat \u00f6\u00f6p\u00e4evast annust.\u00a0Toidulisandid ei ole m\u00f5eldud mitmek\u00fclgse toitumise ja tervisliku eluviisi asendamiseks.\u00a0Hoida lastele k\u00e4ttesaamatus kohas.<\/em><\/p>\n<\/div>\n<\/div>\n<\/div>\n","protected":false},"excerpt":{"rendered":"<p><strong>Aloe vera jook C-vitamiini ja troopilise mango maitsega<\/strong><\/p>\n<p>Suvine variatsioon meie enimm\u00fc\u00fcdud Aloe vera joogist troopilise mango maitsega.\u00a0Nagu originaal, sisaldab Forever Aloe Mango k\u00e4sitsi korjatud k\u00f5rgeima kvaliteediga Aloe Vera parimat sisegeeli.<\/p>\n<p>Ja nagu meie teisedki Aloe vera joogid, sisaldab Forever Aloe Mango C-vitamiini ja on keskkonnas\u00f5bralikus pakendis.<\/p>\n<p>1 liiter<\/p>\n<p>Kood: 736<\/p>\n","protected":false},"featured_media":6328,"template":"","meta":[],"product_brand":[],"product_cat":[14],"product_tag":[],"class_list":{"0":"post-4811","1":"product","2":"type-product","3":"status-publish","4":"has-post-thumbnail","6":"product_cat-joogid","8":"first","9":"instock","10":"taxable","11":"shipping-taxable","12":"purchasable","13":"product-type-simple"},"jetpack_sharing_enabled":true,"_links":{"self":[{"href":"https:\/\/aaloe.ee\/et\/wp-json\/wp\/v2\/product\/4811","targetHints":{"allow":["GET"]}}],"collection":[{"href":"https:\/\/aaloe.ee\/et\/wp-json\/wp\/v2\/product"}],"about":[{"href":"https:\/\/aaloe.ee\/et\/wp-json\/wp\/v2\/types\/product"}],"wp:featuredmedia":[{"embeddable":true,"href":"https:\/\/aaloe.ee\/et\/wp-json\/wp\/v2\/media\/6328"}],"wp:attachment":[{"href":"https:\/\/aaloe.ee\/et\/wp-json\/wp\/v2\/media?parent=4811"}],"wp:term":[{"taxonomy":"product_brand","embeddable":true,"href":"https:\/\/aaloe.ee\/et\/wp-json\/wp\/v2\/product_brand?post=4811"},{"taxonomy":"product_cat","embeddable":true,"href":"https:\/\/aaloe.ee\/et\/wp-json\/wp\/v2\/product_cat?post=4811"},{"taxonomy":"product_tag","embeddable":true,"href":"https:\/\/aaloe.ee\/et\/wp-json\/wp\/v2\/product_tag?post=4811"}],"curies":[{"name":"wp","href":"https:\/\/api.w.org\/{rel}","templated":true}]}}