{"id":4808,"date":"2021-10-10T17:52:29","date_gmt":"2021-10-10T14:52:29","guid":{"rendered":"http:\/\/aaloe.ee\/et\/?post_type=product&#038;p=4808"},"modified":"2023-09-18T13:25:01","modified_gmt":"2023-09-18T10:25:01","slug":"aaloega-vedelseep","status":"publish","type":"product","link":"https:\/\/aaloe.ee\/et\/toode\/aaloega-vedelseep\/","title":{"rendered":"Aaloega vedelseep"},"content":{"rendered":"<p><span style=\"color: #ff9900;\"><strong>Igap\u00e4evane luksus\u00a0\u00a0<\/strong><\/span><\/p>\n<p>Aloe Liquid Soap kombineerib nahka konditsioneeritud aaloe vera ja argaania\u00f5li looduslike puhastusvahenditega, n\u00e4iteks kookosp\u00e4hklist.\u00a0Luba endale luksuslikult puhas ja v\u00e4rske tunne, ilma nahka kuivatamata.<\/p>\n<p><span style=\"color: #ff9900;\"><strong>Kellele see on?\u00a0\u00a0<\/strong><\/span><\/p>\n<p>Aloe vedelseep sobib suurep\u00e4raselt kogu perele, sealhulgas tundliku nahaga inimestele.\u00a0Seda saab kasutada kogu kehal ja sellel on armas, v\u00e4rske, kuid mitte liiga tugev l\u00f5hn.<\/p>\n<p><span style=\"color: #ff9900;\"><strong>Seep: ajalooga toode<\/strong><\/span><\/p>\n<p>Esimene seep sarnanes rohkem seebistatud m\u00e4nni\u00f5liga ja vanim teadaolev retsept p\u00e4rineb umbes 3000. aastast eKr.\u00a0Hiljem segati Vana-Egiptuses \u00f5lid tuhaga ja tehti t\u00fckkideks, mida kasutati puhastamiseks.\u00a0See k\u00f5lab kahtlaselt nagu seep, kas pole?\u00a0Seepi, mida me praegu teame, hakati L\u00e4his-Idas valmistama umbes aastal 500 pKr \u2013 ja kuigi seebi ja vee kasutamist \u00f6eldi aeg-ajalt patuks, oli seep siin, et j\u00e4\u00e4da.<\/p>\n<p><span style=\"color: #ff9900;\"><strong>\u00d5rnad, konditsioneerivad koostisained<\/strong><\/span><\/p>\n<p>Seep on midagi, mida kasutame iga p\u00e4ev, mitu korda p\u00e4evas.\u00a0Seega on oluline, et see ei muudaks nahka kuivaks, vaid puhastaks seda \u00f5rnalt, samal ajal konditsioneerides ja aidates s\u00e4ilitada niiskust.\u00a0Oma nahka hooldavate omadustega on meie Aloe vera ideaalne alus Aloe vedelseebi jaoks.<\/p>\n<p><span style=\"color: #ff9900;\"><strong>Puhta, siidiselt sileda tulemuse saamiseks<\/strong><\/span><\/p>\n<p>Seep sisaldab ka looduslikke kookosp\u00e4hkli puhastusaineid ja mitmeid nahka hooldavaid koostisosi.\u00a0Nende hulka kuuluvad argaania\u00f5li, kerge \u00f5li, mis imendub kiiresti ja j\u00e4tab naha pehmeks ja siledaks, aga ka jojobaestrid, kurgi ja arnika \u00f5ieekstrakt.\u00a0Kokkuv\u00f5ttes on see armas seep, millel on m\u00f5nus v\u00e4rske, kuid mitte liiga tugev l\u00f5hn.<\/p>\n<p><span style=\"color: #ff9900;\"><strong>Luba endale igap\u00e4evasemat luksust<\/strong><\/span><\/p>\n<p>Aloe vedelseep on piisavalt mahe, et seda saaks kasutada kogu kehal, isegi tundlikul nahal.\u00a0See tekitab siidise vahu ja j\u00e4tab naha luksuslikult puhtaks ja v\u00e4rskeks.\u00a0Aloe vedelseep on saadaval ka k\u00e4ep\u00e4rases, h\u00fcgieenilises pumppudelis, mis sobib ideaalselt kraanikausi k\u00f5rvale v\u00f5i du\u0161i alla.\u00a0Paljud inimesed ostavad kalleid kreeme, kuid ei arvesta, millist seepi pere kasutab.\u00a0Luba endale paremat seepi \u2013 ja tunneta erinevust.\u00a0Igap\u00e4evane luksus oma parimas vormis!<\/p>\n<p><span style=\"color: #ff9900;\"><strong>Aloe vedelseep p\u00e4lvis Dermatest\u00ae tehtud dermatoloogilistes testides hinnangu <span style=\"color: #99cc00;\">SUUREP\u00c4RANE.<\/span><\/strong><\/span><\/p>\n<div class=\"o-faq__header js-toggle-content js-is-active\" aria-controls=\"ingredients\">\n<h4 class=\"o-faq__title\"><span style=\"color: #ff9900;\">Koostisained<\/span><\/h4>\n<div class=\"o-faq__header-icon\">Aloe Barbadensise lehtede mahl, vesi, naatrium-C14-16 olefiinsulfonaat, kokamidoprop\u00fc\u00fclh\u00fcdroks\u00fcsultaiin, propaandiool, kokamidoprop\u00fc\u00fclbetain, arnika Montana lilleekstrakt, cucumis sativuse puuviljaekstrakt, h\u00fcdrol\u00fc\u00fcsitud jojoba estrid, met\u00fc\u00fclsulfonaat, argania P-2, soulurail2, Met\u00fc\u00fclgl\u00fckoosi dioleaat, dinaatriumkoko\u00fc\u00fclglutamaat, h\u00fcdroks\u00fcatsetofenoon, gl\u00fckooldistearaat, dinaatrium 2-sulfolauraat, kaaliumsorbaat, laureth-4, naatriumkloriid, dinaatrium EDTA, sidrunhape, gl\u00fctseriin, kapr\u00fc\u00fcl\u00fc\u00fclatsetofenoon, parfusooolbens\u00fc\u00fclgl\u00fckool, parfusooolbens\u00fc\u00fclgl\u00fckool, bensooolbens\u00fc\u00fcl. Salits\u00fclaat, fenoks\u00fcetanool, klorofenesiin, naatriumbensoaat, sorbiinhape.<\/div>\n<\/div>\n<div id=\"ingredients\" class=\"o-faq__content js-is-visible\">\n<p><em>Pange t\u00e4hele, et sisu v\u00f5ib muutuda, kuid pakendil olev teave on alati kehtiv.<\/em><\/p>\n<div class=\"o-faq__header js-toggle-content js-is-active\" aria-controls=\"instructions\">\n<h4 class=\"o-faq__title\"><span style=\"color: #ff9900;\">Juhised<\/span><\/h4>\n<div class=\"o-faq__header-icon\">Lisage m\u00e4rgadele k\u00e4tele v\u00e4ike kogus Aloe vedelseepi.\u00a0T\u00f6\u00f6tle \u00f5rnalt vahuks ja pese hoolikalt.\u00a0Aloe vedelseepi v\u00f5ib kasutada kogu kehale.\u00a0P\u00e4rast kasutamist loputage hoolikalt.<\/div>\n<\/div>\n<\/div>\n","protected":false},"excerpt":{"rendered":"<p>Aloe Liquid Soap kombineerib nahka konditsioneeritud aaloe vera ja argaania\u00f5li looduslike puhastusvahenditega, n\u00e4iteks kookosp\u00e4hklist.\u00a0Luba endale luksuslikult puhas ja v\u00e4rske tunne, ilma nahka kuivatamata.<\/p>\n<p><strong>Kood:<\/strong>\u00a0633<\/p>\n<p><strong>Kogus:<\/strong>\u00a0473 ml<\/p>\n","protected":false},"featured_media":4937,"template":"","meta":[],"product_brand":[],"product_cat":[171],"product_tag":[],"class_list":{"0":"post-4808","1":"product","2":"type-product","3":"status-publish","4":"has-post-thumbnail","6":"product_cat-hygieen-suuhooldus","8":"first","9":"instock","10":"taxable","11":"shipping-taxable","12":"purchasable","13":"product-type-simple"},"jetpack_sharing_enabled":true,"_links":{"self":[{"href":"https:\/\/aaloe.ee\/et\/wp-json\/wp\/v2\/product\/4808","targetHints":{"allow":["GET"]}}],"collection":[{"href":"https:\/\/aaloe.ee\/et\/wp-json\/wp\/v2\/product"}],"about":[{"href":"https:\/\/aaloe.ee\/et\/wp-json\/wp\/v2\/types\/product"}],"wp:featuredmedia":[{"embeddable":true,"href":"https:\/\/aaloe.ee\/et\/wp-json\/wp\/v2\/media\/4937"}],"wp:attachment":[{"href":"https:\/\/aaloe.ee\/et\/wp-json\/wp\/v2\/media?parent=4808"}],"wp:term":[{"taxonomy":"product_brand","embeddable":true,"href":"https:\/\/aaloe.ee\/et\/wp-json\/wp\/v2\/product_brand?post=4808"},{"taxonomy":"product_cat","embeddable":true,"href":"https:\/\/aaloe.ee\/et\/wp-json\/wp\/v2\/product_cat?post=4808"},{"taxonomy":"product_tag","embeddable":true,"href":"https:\/\/aaloe.ee\/et\/wp-json\/wp\/v2\/product_tag?post=4808"}],"curies":[{"name":"wp","href":"https:\/\/api.w.org\/{rel}","templated":true}]}}