{"id":4805,"date":"2021-10-10T16:59:50","date_gmt":"2021-10-10T13:59:50","guid":{"rendered":"http:\/\/aaloe.ee\/et\/?post_type=product&#038;p=4805"},"modified":"2025-10-30T19:56:12","modified_gmt":"2025-10-30T17:56:12","slug":"aaloe-jujuubipalsam","status":"publish","type":"product","link":"https:\/\/aaloe.ee\/et\/toode\/aaloe-jujuubipalsam\/","title":{"rendered":"Aaloe-jujuubipalsam"},"content":{"rendered":"<p><span style=\"color: #ff9900;\"><strong>T\u00e4idlasemate ja l\u00e4ikivamate juuste saamiseks<\/strong><\/span><\/p>\n<p>Aaloe-Jujuubi palsami koostis on v\u00f5imas, kuid \u00f5rn.\u00a0See j\u00e4tab teie juuksed pehmeks, l\u00e4ikivaks ja kergesti kammitavaks.\u00a0Sobib ideaalselt Aaloe-Jujuubi \u0161ampooniga.\u00a0Silikoonivaba ja nii mahe, et seda saab kasutada kogu pere iga p\u00e4ev.<\/p>\n<p><span style=\"color: #ff9900;\"><strong>Kellele see on?<\/strong><\/span><\/p>\n<p>Aaloe-Jujuubi palsam sobib k\u00f5ikidele juukset\u00fc\u00fcpidele.\u00a0Kerge valem, mis hooldab teie juukseid ilma neid koormamata, v\u00e4rske tulemuse ja rohke kehaga tulemuseks.\u00a0Sama v\u00e4rskendav troopiline l\u00f5hn koos t\u00e4hepuuviljade ja meloni nootidega nagu Aaloe-Jujuubi \u0161ampoon, muutes selle populaarseks nii meeste kui ka naiste seas.<\/p>\n<p><span style=\"color: #ff9900;\"><strong>Ilusad juuksed saavad alguse peanahast<\/strong><\/span><\/p>\n<p>Paljud juukseprobleemid saavad alguse kuivast, ketendavast v\u00f5i s\u00fcgelevast peanahast.\u00a0Peanahk on nahk ja nahk vajab tervena p\u00fcsimiseks niiskust.\u00a0Seet\u00f5ttu on oluline kasutada kvaliteetseid juuksehooldustooteid.\u00a0Aaloe-Jujuubi palsam sisaldab mahedaid, kuid t\u00f5husaid koostisosi, mis hoolitsevad teie juuste ja peanaha eest.<\/p>\n<p><span style=\"color: #ff9900;\"><strong>Kasvav meeskond<\/strong><\/span><\/p>\n<p>Aloe Vera jujuubiga on j\u00e4releproovitud kombinatsioon, mis hooldab nii nahka kui ka juukseid, samal ajal pehmendab ja niisutab.\u00a0Argaania\u00f5li tugevdab, niisutab ja pehmendab teie juukseid ning kibuvitsa\u00f5li tugevdab juukseid ja hooldab peanahka.\u00a0Samuti on C-vitamiini, mis aitab s\u00e4ilitada pH tasakaalu.\u00a0Need v\u00f5imsad koostisosad toetavad koos terveid juukseid ning hoiavad need pehmed ja taash\u00fcdreeritud.<\/p>\n<p><span style=\"color: #ff9900;\"><strong>Ideaalne tulemus<\/strong><\/span><\/p>\n<p>Tulemuseks on palsam, mis on piisavalt v\u00f5imas, et muuta teie juuksed pehmemaks, l\u00e4ikivamaks ja t\u00e4idlasemaks, ilma neid koormamata.\u00a0Aaloe-Jujuubi palsam sobib kogu perele ja on nii mahe, et v\u00f5ite seda kasutada iga p\u00e4ev.<\/p>\n<p><span style=\"color: #99cc00;\"><strong><span style=\"color: #ff9900;\">Aaloe-Jujuubi palsam p\u00e4lvis <span style=\"color: #000000;\">Dermatest\u00ae<\/span> l\u00e4biviidud dermatoloogilistes testides pitseri<\/span> <span style=\"color: #000000;\">SUUREP\u00c4RANE.<\/span><\/strong><\/span><\/p>\n<div class=\"o-faq__header js-toggle-content js-is-active\" aria-controls=\"ingredients\">\n<h4 class=\"o-faq__title\"><span style=\"color: #ff9900;\">Koostisained<\/span><\/h4>\n<div class=\"o-faq__header-icon\">Aloe Barbadensise lehemahl, vesi, tset\u00fc\u00fclalkohol, behentrimooniumkloriid, isoam\u00fc\u00fcllauraat, tsetear\u00fc\u00fclalkohol, 1,2-heksaandiool, rosa canina puuvilja\u00f5li, simmondsia chinensise seemne\u00f5li, argania spinosa tuuma\u00f5li, kapjol\u00fc\u00fcsgl\u00fckool, hedrol\u00fctser\u00fc\u00fclgl\u00fckol Et\u00fc\u00fclheks\u00fc\u00fclgl\u00fctseriin, isoprop\u00fc\u00fclalkohol, sidrunhape, askorbiinhape, parf\u00fc\u00fcm, bens\u00fc\u00fclbensoaat, heks\u00fc\u00fclkannaal, fenoks\u00fcetanool, kaaliumsorbaat, naatriumbensoaat.<\/div>\n<\/div>\n<div id=\"ingredients\" class=\"o-faq__content js-is-visible\">\n<p><em>Pange t\u00e4hele, et sisu v\u00f5ib muutuda, kuid pakendil olev teave on alati kehtiv.<\/em><\/p>\n<div class=\"o-faq__header js-toggle-content js-is-active\" aria-controls=\"instructions\">\n<h4 class=\"o-faq__title\"><span style=\"color: #ff9900;\">Juhised<\/span><\/h4>\n<div class=\"o-faq__header-icon\">Peale Aaloe-Jujuubi \u0161ampooniga pesemist masseerige Aaloe-Jujuubi palsamiga ja laske m\u00f5juda 2\u20133 minutit.\u00a0Loputage ja laske juustel kuivada.<\/div>\n<\/div>\n<\/div>\n","protected":false},"excerpt":{"rendered":"<p>Aaloe-jujuubipalsam on ilma sulfaatideta kerge toode, mis pehmendab ja silub juukseid ning muudab need kergemini viimistlusele alluvaks. Eheda aaloe ja muude v\u00e4\u00e4rtuslike komponentidega palsam sobib suurep\u00e4raselt igap\u00e4evaseks kasutuseks. Selles sisalduvad kolm \u00f5li seovad niiskust, muutmata juukseid raskeks. Hoolitsege juuste eest parimaga, mis loodusel pakkuda &#8211; kasutage aaloe-jujuubipalsamit.<\/p>\n","protected":false},"featured_media":4931,"template":"","meta":[],"product_brand":[],"product_cat":[171,185],"product_tag":[],"class_list":{"0":"post-4805","1":"product","2":"type-product","3":"status-publish","4":"has-post-thumbnail","6":"product_cat-hygieen-suuhooldus","7":"product_cat-personaalhooldus","9":"first","10":"instock","11":"taxable","12":"shipping-taxable","13":"purchasable","14":"product-type-simple"},"jetpack_sharing_enabled":true,"_links":{"self":[{"href":"https:\/\/aaloe.ee\/et\/wp-json\/wp\/v2\/product\/4805","targetHints":{"allow":["GET"]}}],"collection":[{"href":"https:\/\/aaloe.ee\/et\/wp-json\/wp\/v2\/product"}],"about":[{"href":"https:\/\/aaloe.ee\/et\/wp-json\/wp\/v2\/types\/product"}],"wp:featuredmedia":[{"embeddable":true,"href":"https:\/\/aaloe.ee\/et\/wp-json\/wp\/v2\/media\/4931"}],"wp:attachment":[{"href":"https:\/\/aaloe.ee\/et\/wp-json\/wp\/v2\/media?parent=4805"}],"wp:term":[{"taxonomy":"product_brand","embeddable":true,"href":"https:\/\/aaloe.ee\/et\/wp-json\/wp\/v2\/product_brand?post=4805"},{"taxonomy":"product_cat","embeddable":true,"href":"https:\/\/aaloe.ee\/et\/wp-json\/wp\/v2\/product_cat?post=4805"},{"taxonomy":"product_tag","embeddable":true,"href":"https:\/\/aaloe.ee\/et\/wp-json\/wp\/v2\/product_tag?post=4805"}],"curies":[{"name":"wp","href":"https:\/\/api.w.org\/{rel}","templated":true}]}}