{"id":4802,"date":"2021-10-10T16:58:22","date_gmt":"2021-10-10T13:58:22","guid":{"rendered":"http:\/\/aaloe.ee\/et\/?post_type=product&#038;p=4802"},"modified":"2025-10-30T19:57:14","modified_gmt":"2025-10-30T17:57:14","slug":"aaloe-jujuubisampoon","status":"publish","type":"product","link":"https:\/\/aaloe.ee\/et\/toode\/aaloe-jujuubisampoon\/","title":{"rendered":"Aaloe-jujuubi\u0161ampoon"},"content":{"rendered":"<h3><span style=\"color: #ff9900;\">Kirjeldus<\/span><\/h3>\n<p>S\u00fcgavpuhastav ja toitev j\u00f5ud k\u00f5ikidele juukset\u00fc\u00fcpidele.<\/p>\n<p>\u2022 Universaalne \u0161ampoon igale juukset\u00fc\u00fcbile<br \/>\n\u2022 \u00d5rn peanahale<br \/>\n\u2022 Looduslik vaht mustuse ja \u00f5li h\u00f5lpsaks loputamiseks<br \/>\n\u2022 Teeb juuksed pehmeks, kergesti\u00a0 kammitavateks<br \/>\n\u2022 Gluteenivaba<br \/>\n\u2022 Vegan ja taimetoitlastele<\/p>\n<p><span style=\"color: #ff9900;\"><strong>Toitev puhastus k\u00f5ikidele juukset\u00fc\u00fcpidele<\/strong><\/span><\/p>\n<p>Kreemjas ja niisutav.\u00a0Aloe-Jojoba Shampoo on luksuslik \u0161ampoon Aloe vera ja juukseid tugevdava jojoba\u00f5liga.\u00a0Sulfaatidevaba ja nii mahe, et seda saab kasutada kogu pere iga p\u00e4ev.<\/p>\n<p><span style=\"color: #ff9900;\"><strong>Kellele see on?<\/strong><\/span><\/p>\n<p>Aloe-Jojoba \u0161ampoon on m\u00f5eldud k\u00f5igile, kes pesevad juukseid \u2013 olenemata nende juukset\u00fc\u00fcbist.\u00a0Eriti sobiv, kui eelistate v\u00e4ltida sulfaate sisaldavaid tooteid.\u00a0V\u00e4rske troopiline aroom, millel on t\u00e4hepuuviljade ja meloni nootid, muutes selle populaarseks nii naiste kui ka meeste seas.<\/p>\n<p><span style=\"color: #ff9900;\"><strong>Ilusad juuksed saavad alguse peanahast<\/strong><\/span><\/p>\n<p>Paljud juukseprobleemid saavad alguse kuivast, ketendavast v\u00f5i s\u00fcgelevast peanahast.\u00a0Peanahk on nahk ja nahk vajab tervena p\u00fcsimiseks niiskust.\u00a0Seet\u00f5ttu on oluline kasutada kvaliteetseid juuksehooldustooteid.\u00a0Aloe-Jojoba \u0161ampoon sisaldab mahedaid, kuid t\u00f5husaid koostisosi, mis hoolitsevad teie juuste ja peanaha eest.<\/p>\n<p><span style=\"color: #ff9900;\"><strong>Puhastab ja konditsioneerib<\/strong><\/span><\/p>\n<p>Aloe vera jojobaga on proovitud ja testitud kombinatsioon, mis hooldab nii nahka kui ka peanahka, samal ajal pehmendab ja niisutab.\u00a0Argaania\u00f5li tugevdab, niisutab ja pehmendab teie juukseid ning kibuvitsa\u00f5li tugevdab juukseid ja hooldab peanahka.\u00a0Samuti on pantenool, vitamiin B5, paljude juuksehooldustoodete hinnatud koostisosa.\u00a0Need v\u00f5imsad koostisosad toetavad koos terveid juukseid ning hoiavad need pehmed ja taash\u00fcdreeritud.<\/p>\n<p>Foreveri Aloe-Jojoba \u0161ampoon on valmistatud puhtast aloe vera lehe sisemise geelist ja juukseid tugevdavast jojoba\u00f5list, mis sobib ideaalselt igap\u00e4evaseks kasutamiseks, et juustest parimat v\u00e4lja tuua. Nautige v\u00e4rskendavat troopiliste puuviljade aroomi koos magusa koorega, kuna rikkalik looduslik vaht aitab mustuse ja rasu kergesti maha loputada.<\/p>\n<p><span style=\"color: #ff9900;\"><strong>Sulfaate pole<\/strong><\/span><\/p>\n<p>Aloe-Jojoba \u0161ampoon, millele pole lisatud sulfaate, aitab s\u00e4ilitada peanaha niiskustasakaalu ja tugevdada juukseid, hoides need pehme ja hallatavana, lisades samal ajal vol\u00fc\u00fcmi ja hoolitsedes peanaha eest \u2013 ning loomulikult j\u00e4tab juuksed puhtaks ja s\u00e4ravaks. Foreveri enda stabiliseeritud aloe vera geel mitte ainult ei aita juustel niiskust s\u00e4ilitada, vaid toimib loodusliku emulgaatorina, mis j\u00e4tab juuksed puhtaks ja kauni s\u00e4raga.<\/p>\n<p>Lisaks juuste puhastamisele oleme lisanud jojoba\u00f5li, mis on rikas looduslike rasvade poolest, et suurendada tugevust ja paksust. See kerge \u00f5li on peanahka toitev, rahustav ja \u00f5rn. Forever suurendas selle \u0161ampooni tugevdavat j\u00f5udu veelgi argaania\u00f5li, B5 -vitamiini ja kibuvitsa\u00f5li abil. Need tugevad koostisosad pakuvad koos toitaineid, k\u00fcllastumata rasvhappeid ja antioks\u00fcdante, mis toetavad terveid juukseid ja aitavad hoida neid niisutatud ja pehmena.<\/p>\n<p>Foreveri Aloe-Jojoba \u0161ampoon sobib ideaalselt kogu teie perele. Kogege s\u00fcgavpuhastustunnet, mis j\u00e4tab juuksed otsima ja tundma oma parimat. Optimaalsete tulemuste saavutamiseks j\u00e4rgige oma \u0161ampooni Foreveri Aloe-Jojoba palsamiga!<\/p>\n<p><strong>Aloe-Jojoba \u0161ampoonile omistati Dermatest\u00ae l\u00e4biviidud dermatoloogilistes testides pitser <span style=\"color: #99cc00;\">SUUREP\u00c4RANE.<\/span><\/strong><\/p>\n<div class=\"o-faq__header js-toggle-content js-is-active\" aria-controls=\"ingredients\">\n<h4 class=\"o-faq__title\"><span style=\"color: #ff9900;\">Koostisained:<\/span><\/h4>\n<div class=\"o-faq__header-icon\">Aloe Barbadensise lehemahl, vesi, naatrium-C14-16 olefiinsulfonaat, kokamidoprop\u00fc\u00fclh\u00fcdroks\u00fcsultaiin, naatriumkarboks\u00fcmet\u00fc\u00fcl-C10-16 alk\u00fc\u00fclgl\u00fckosiid, laur\u00fc\u00fclgl\u00fckosiid, rosa Canina puuvilja\u00f5li, simmondsia chinensise seemne\u00f5li, krosspol\u00fcglukoosi seemne\u00f5li, soroatseetool, sorbiidi, sorbiidi oksiidhape Guarh\u00fcdroks\u00fcprop\u00fc\u00fcltrimooniumkloriid, kaaliumsorbaat, dimetikoon PG-diet\u00fc\u00fclmooniumkloriid, tsetrimooniumkloriid, pantenool, naatriumkloriid, dinaatrium-EDTA, gl\u00fctseriin, naatriumtsitraat, sidrunhape, propaandiool, askorbiinhape, naatriumklorobensoiin, sorfeensoiin, bensloodium, parfum.<\/div>\n<\/div>\n<div id=\"ingredients\" class=\"o-faq__content js-is-visible\">\n<p><em>Pange t\u00e4hele, et sisu v\u00f5ib muutuda, kuid pakendil olev teave on alati kehtiv.<\/em><\/p>\n<div class=\"o-faq__header js-toggle-content js-is-active\" aria-controls=\"instructions\">\n<h4 class=\"o-faq__title\"><span style=\"color: #ff9900;\">Juhised:<\/span><\/h4>\n<p class=\"o-faq__title\">Kandke m\u00e4rgadele juustele ja masseerige, et stimuleerida peanahka ja luua rikkalik vaht.\u00a0Loputage hoolikalt.\u00a0Parimate tulemuste saavutamiseks kasutage koos Aloe-Jojoba palsamiga.<\/p>\n<\/div>\n<\/div>\n<p>&nbsp;<\/p>\n","protected":false},"excerpt":{"rendered":"<p>Eheda aaloe sisegeeli ja juukseid tugevdava jujuubi\u00f5liga aaloe-jujuubishampoon sobib suurep\u00e4raselt igap\u00e4evaseks kasutamiseks. Muudab juuksed imeliselt kauniks. Nautige troopiliste viljade v\u00e4rskendavat kooreh\u00f5nguist aroomi, samal ajal kui tihe naturaalne vaht eemaldab h\u00f5lpsasti mustuse ja rasu. Sulfaadivaba shampoon aitab s\u00e4ilitada niiskustaseme ja pehmendab juukseid, et neid oleks kerge kammida.<\/p>\n<p>Kogus: 296ml<\/p>\n<p>Kood: 640<\/p>\n","protected":false},"featured_media":4928,"template":"","meta":[],"product_brand":[],"product_cat":[171,185],"product_tag":[],"class_list":{"0":"post-4802","1":"product","2":"type-product","3":"status-publish","4":"has-post-thumbnail","6":"product_cat-hygieen-suuhooldus","7":"product_cat-personaalhooldus","9":"first","10":"instock","11":"taxable","12":"shipping-taxable","13":"purchasable","14":"product-type-simple"},"jetpack_sharing_enabled":true,"_links":{"self":[{"href":"https:\/\/aaloe.ee\/et\/wp-json\/wp\/v2\/product\/4802","targetHints":{"allow":["GET"]}}],"collection":[{"href":"https:\/\/aaloe.ee\/et\/wp-json\/wp\/v2\/product"}],"about":[{"href":"https:\/\/aaloe.ee\/et\/wp-json\/wp\/v2\/types\/product"}],"wp:featuredmedia":[{"embeddable":true,"href":"https:\/\/aaloe.ee\/et\/wp-json\/wp\/v2\/media\/4928"}],"wp:attachment":[{"href":"https:\/\/aaloe.ee\/et\/wp-json\/wp\/v2\/media?parent=4802"}],"wp:term":[{"taxonomy":"product_brand","embeddable":true,"href":"https:\/\/aaloe.ee\/et\/wp-json\/wp\/v2\/product_brand?post=4802"},{"taxonomy":"product_cat","embeddable":true,"href":"https:\/\/aaloe.ee\/et\/wp-json\/wp\/v2\/product_cat?post=4802"},{"taxonomy":"product_tag","embeddable":true,"href":"https:\/\/aaloe.ee\/et\/wp-json\/wp\/v2\/product_tag?post=4802"}],"curies":[{"name":"wp","href":"https:\/\/api.w.org\/{rel}","templated":true}]}}