{"id":477,"date":"2014-11-24T22:02:49","date_gmt":"2014-11-24T20:02:49","guid":{"rendered":"http:\/\/aaloe.ee\/?post_type=product&#038;p=477"},"modified":"2025-11-19T23:05:05","modified_gmt":"2025-11-19T21:05:05","slug":"forever-lycium-plus","status":"publish","type":"product","link":"https:\/\/aaloe.ee\/et\/toode\/forever-lycium-plus\/","title":{"rendered":"Forever Lycium Plus- Antioks\u00fcdandid"},"content":{"rendered":"<h3><span style=\"color: #99cc00;\"><strong>Forever Lycium Plus\u2122<\/strong><\/span><\/h3>\n<p style=\"text-align: left;\"><span style=\"color: #999999;\">\u201eForever Lycium Plus\u201c on antioks\u00fcdantide, bioflavonoidide ja teiste kasulike f\u00fctotoitainete allikas. See toidulisand valmistatakse taral\u00f5nga viljadest ja magusjuure juurtest. Taral\u00f5ng ja magusjuur on ise\u00e4ranis populaarsed Aasias. Seal kasutatakse neid tervise tugevdamiseks juba aastatuhandeid. Taral\u00f5ng kasvab Hiinas. Selle taime viljades on paltu bioloogiliselt aktiivseid ained: vitamiine, mineraale, aminohappeid, pol\u00fcsahhariide, pol\u00fck\u00fcllastumata rasvhappeid jms. Taral\u00f5nga viljadega oli juba ammustest aegadest tavas eri haiguseid ravida. Neid kasutati n\u00e4gemise, samuti jume parandamiseks, organismi tugevdami-seks, toniseerimiseks ja vananemisprotsessi aeglustamiseks. Magusjuur on Hiina meditsiinis \u00fcks laialdasemalt kasutatav taim. See koosneb enam kui 150. keemilisest \u00fchendist, millel teatakse olevat mitmeid kasulikke toimeid. Magusjuure ekstraktai kasutatakse sageli t\u00e4iendava komponendina, et esile tost\u0105 teiste \u00fcrtide kasulikke toimeid. Magusjuure ekstrakt on magusjuure bioflavonoidide kontsentraat. Toidulisandis \u201eForever Lycium Plus\u201c on kasutatud patenditud protsessi abil toodetud magusjuure eks-trakti. Selle protsessi k\u00e4igus eemaldatakse suur osa gl\u00fcts\u00fcrritsiini \u2013 v\u00e4gamagusat koostisainet, mis v\u00f5ib esile kutsuda soovimatuid k\u00f5rvaln\u00e4hte. T\u00e4nap\u00e4eva uuringutele toetudes v\u00f5ib v\u00e4ita, et magusjuure bioflavonoidid kuuluvad tugevaimate antioks\u00fcdantide hulka.\u00a0<\/span><\/p>\n<p style=\"text-align: left;\"><span style=\"color: #99cc00;\">SOOVITUSLIK\u00a0TARVITAMINE:<\/span> <span style=\"color: #999999;\">\u00fcks tablett kuni\u00a0kolm korda p\u00e4evas toidulisandina.<\/span><\/p>\n<p style=\"text-align: left;\"><span style=\"color: #999999;\">100 tabletti<\/span><\/p>\n<p style=\"text-align: left;\"><span style=\"color: #999999;\">Kood : 72<\/span><\/p>\n<h4><span style=\"color: #999999;\">Lae endale toote lisainfo PDF failina:<\/span><strong><span style=\"color: #999999;\"> <span style=\"color: #99cc00;\">\u00a0<\/span><\/span><\/strong><span style=\"color: #99cc00;\"><a style=\"color: #99cc00;\" href=\"http:\/\/aaloe.ee\/wp-content\/uploads\/2014\/11\/Kood-72.pdf\">Forever Lycium Plus\u2122<\/a><\/span><strong><br \/>\n<\/strong><\/h4>\n","protected":false},"excerpt":{"rendered":"<div>\n<h3 class=\"variant a1Pd0000002JUKkEAO\"><span style=\"color: #99cc00;\">Forever Lycium Plus<\/span><\/h3>\n<p class=\"intro variant a1Pd0000002JUKkEAO\"><span style=\"color: #999999;\">Toidulisand valmistatakse taral\u00f5ngast ja magusjuurest. See on esmaklassiline antioks\u00fcdantide l\u00e4te.<\/span><\/p>\n<p class=\"variant a1Pd0000002JUKkEAO\"><span style=\"color: #999999;\">Hiinas on inimesed juba tuhandeid aastaid kasutanud tervise parandamiseks taral\u00f5nga vilju ja magusjuure ekstrakti.<\/span><\/p>\n<\/div>\n<div>\n<div class=\"price variant a1Pd0000002JUKkEAO\"><span style=\"color: #999999;\">KOGUS: 100 tabletti<\/span><\/div>\n<div class=\"price variant a1Pd0000002JUKkEAO\"><span style=\"color: #999999;\">KOOD: 072<\/span><\/div>\n<\/div>\n","protected":false},"featured_media":4137,"template":"","meta":[],"product_brand":[],"product_cat":[15],"product_tag":[],"class_list":{"0":"post-477","1":"product","2":"type-product","3":"status-publish","4":"has-post-thumbnail","6":"product_cat-toidulisandid","8":"first","9":"instock","10":"taxable","11":"shipping-taxable","12":"purchasable","13":"product-type-simple"},"jetpack_sharing_enabled":true,"_links":{"self":[{"href":"https:\/\/aaloe.ee\/et\/wp-json\/wp\/v2\/product\/477","targetHints":{"allow":["GET"]}}],"collection":[{"href":"https:\/\/aaloe.ee\/et\/wp-json\/wp\/v2\/product"}],"about":[{"href":"https:\/\/aaloe.ee\/et\/wp-json\/wp\/v2\/types\/product"}],"wp:featuredmedia":[{"embeddable":true,"href":"https:\/\/aaloe.ee\/et\/wp-json\/wp\/v2\/media\/4137"}],"wp:attachment":[{"href":"https:\/\/aaloe.ee\/et\/wp-json\/wp\/v2\/media?parent=477"}],"wp:term":[{"taxonomy":"product_brand","embeddable":true,"href":"https:\/\/aaloe.ee\/et\/wp-json\/wp\/v2\/product_brand?post=477"},{"taxonomy":"product_cat","embeddable":true,"href":"https:\/\/aaloe.ee\/et\/wp-json\/wp\/v2\/product_cat?post=477"},{"taxonomy":"product_tag","embeddable":true,"href":"https:\/\/aaloe.ee\/et\/wp-json\/wp\/v2\/product_tag?post=477"}],"curies":[{"name":"wp","href":"https:\/\/api.w.org\/{rel}","templated":true}]}}