{"id":4629,"date":"2020-12-17T14:15:49","date_gmt":"2020-12-17T12:15:49","guid":{"rendered":"http:\/\/aaloe.ee\/et\/?post_type=product&#038;p=4629"},"modified":"2023-09-19T16:34:53","modified_gmt":"2023-09-19T13:34:53","slug":"kontuurmaski-pulber","status":"publish","type":"product","link":"https:\/\/aaloe.ee\/et\/toode\/kontuurmaski-pulber\/","title":{"rendered":"Kontuurmaski pulber"},"content":{"rendered":"<h2><span style=\"color: #ff9900;\">Kirjeldus<\/span><\/h2>\n<p><strong><span style=\"color: #99cc00;\">N\u00e4omask<\/span><\/strong><br \/>\n\u201eMask Powder\u201c koosneb v\u00e4ga headest, nahka suurep\u00e4raselt hooldavatest ja poore puhastavatest komponentidest. Pulbri segamisel aaloeaktivaatoriga \u201eAloe Activator\u201c saate maski, mida on kerge \u00f5hukese kihina n\u00e4ole ja kaelale kanda. Valgud ja maisit\u00e4rklis t\u00f5mbavad kokku ja pinguldavad, kaoliin imab rasu \u00fclej\u00e4\u00e4gi. Allantoiin ja kummel toidavad ja noorendavad nahka. Puhastab poore, silub ja pinguldab nahka.<\/p>\n<p><strong><span style=\"color: #99cc00;\">KASUTAMINE:<\/span> <\/strong>V\u00f5tke\u00a0 v\u00e4ike maskisegamisanum (pits). Segage anumas kokku \u00fcks lusikat\u00e4is pulbrit ja \u00fcks lusikas aaloeaktivaatorit. Segage seni, kuni mass muutub \u00fchtlaseks. Kandke saadud mass pintsliga \u00f5hukese \u00fchtlase kihina nahale, alustades kaelast ja liikudes \u00fclesse n\u00e4o suunas. L\u00f5dvestuge ja istuge umbes 30 minutit, pea kuklas, et n\u00e4olihased liiguksid v\u00f5imalikult v\u00e4he. Esimesel korral soovitame maski peal hoida 10\u201315 minutit. Enne maski mahav\u00f5tmist asetage n\u00e4ole niiske r\u00e4tik, et maskikiht muutuks pehmeks. Seej\u00e4rel eemaldage \u00f5rnalt maskikiht ja peske nahk sooja veega puhtaks. Kandke n\u00e4ole toonikut ja omal valikul kreemi.<br \/>\n<span style=\"color: #ff6600;\">T\u00c4HELEPANU!<\/span> M\u00f5nikord v\u00f5ivad n\u00e4o lihased pisut t\u00f5mblema v\u00f5i nahk kihelema hakata. Sellisel juhul vajutage s\u00f5rmeotsaga kergelt sellele kohale, kuni kihelus kaob. \u00c4rge h\u00f5\u00f5ruge ega s\u00fcgage.<\/p>\n","protected":false},"excerpt":{"rendered":"<p>Suurep\u00e4raselt puhastavate koostisainete unikaalne kooslus. Pulber segatakse aktivaatoriga. Puhastab poore. Silub ja pinguldab nahka.<\/p>\n<p>Maski valmistamiseks segatakse pulber aktivaatoriga \u201eAloe Activator\u201c. Sisaldab kummelit, mis rahustab tundlikku nahka. Protseduuri t\u00f5hustamiseks segage maskisegusse pool teelusikat mett.<\/p>\n<p>Kood: 341<\/p>\n<p>Kogus: 29g<\/p>\n","protected":false},"featured_media":4630,"template":"","meta":[],"product_brand":[],"product_cat":[186],"product_tag":[],"class_list":{"0":"post-4629","1":"product","2":"type-product","3":"status-publish","4":"has-post-thumbnail","6":"product_cat-186","8":"first","9":"instock","10":"taxable","11":"shipping-taxable","12":"purchasable","13":"product-type-simple"},"jetpack_sharing_enabled":true,"_links":{"self":[{"href":"https:\/\/aaloe.ee\/et\/wp-json\/wp\/v2\/product\/4629","targetHints":{"allow":["GET"]}}],"collection":[{"href":"https:\/\/aaloe.ee\/et\/wp-json\/wp\/v2\/product"}],"about":[{"href":"https:\/\/aaloe.ee\/et\/wp-json\/wp\/v2\/types\/product"}],"wp:featuredmedia":[{"embeddable":true,"href":"https:\/\/aaloe.ee\/et\/wp-json\/wp\/v2\/media\/4630"}],"wp:attachment":[{"href":"https:\/\/aaloe.ee\/et\/wp-json\/wp\/v2\/media?parent=4629"}],"wp:term":[{"taxonomy":"product_brand","embeddable":true,"href":"https:\/\/aaloe.ee\/et\/wp-json\/wp\/v2\/product_brand?post=4629"},{"taxonomy":"product_cat","embeddable":true,"href":"https:\/\/aaloe.ee\/et\/wp-json\/wp\/v2\/product_cat?post=4629"},{"taxonomy":"product_tag","embeddable":true,"href":"https:\/\/aaloe.ee\/et\/wp-json\/wp\/v2\/product_tag?post=4629"}],"curies":[{"name":"wp","href":"https:\/\/api.w.org\/{rel}","templated":true}]}}