{"id":4624,"date":"2020-12-16T03:26:36","date_gmt":"2020-12-16T01:26:36","guid":{"rendered":"http:\/\/aaloe.ee\/et\/?post_type=product&#038;p=4624"},"modified":"2025-04-01T23:36:18","modified_gmt":"2025-04-01T20:36:18","slug":"sonya-sugavniisutav-aaloekreem","status":"publish","type":"product","link":"https:\/\/aaloe.ee\/et\/toode\/sonya-sugavniisutav-aaloekreem\/","title":{"rendered":"Sonya s\u00fcgavniisutav aaloekreem"},"content":{"rendered":"<h2><span style=\"color: #99cc00;\">Kirjeldus<\/span><\/h2>\n<p>M\u00e4nnikooreekstrakt sisaldab looduslikke aineid, oligomeerseid prots\u00fcaniide, mis on \u00fched tugevamad looduses leiduvad antioks\u00fcdandid. M\u00e4nnikooreekstrakt v\u00f5itleb aktiivselt vabade radikaalide vastu, kaitstes ja tugevdades n\u00f5nda naha kollageeni. Teadlased arvavad, et v\u00f5itlus vabade radikaalide vastu on \u00fcks paremaid viise vananemistundem\u00e4rkide neutraliseerimiseks. Meie uues kreemis \u201eSonya Aloe Deep Moisturizing Cream\u201c sisalduv m\u00e4nnikooreekstrakt aitab koos eheda stabiliseeritud aaloe, keramiidide ja uue p\u00f5lvkonna niisutajatega s\u00e4ilitada niiskuse ja k\u00fc\u00fcndida naha v\u00e4liskihtide s\u00fcgavusse, et taastada ja s\u00e4ilitada naha nooruslik s\u00e4ra.<\/p>\n<p><strong><span style=\"color: #99cc00;\">KASUTAMINE:<\/span> <\/strong>naha intensiivseks ja s\u00fcgavuti niisutuseks kasutage \u00f5htul seerumi \u201eSonya Aloe Nourishing Serum\u201c j\u00e4rel. V\u00f5tke kreemipurgi kaane alt v\u00e4lja plastspaatel ja plaat. Ammutage spaatliga purgist kreemi ja m\u00e4\u00e4rige plaadile. V\u00f5tke plaadilt s\u00f5rmeotstega kreemi ning masseerige \u00f5rnade ringjate liigutustega nahale. Peske spaatel ja plaat iga kasutuskorra j\u00e4rel hoolikalt kuuma veega puhtaks ja kuivatage enne tagasiasetamist purgi kaane alla.<\/p>\n","protected":false},"excerpt":{"rendered":"<p>Sonya\u00ae s\u00fcgavniisutav aaloekreem on Sonya\u00ae nahahooldussarja uusim toode, mis kustutab suurep\u00e4raselt teie naha niiskusejanu. Kreem sisaldab m\u00e4nnikooreekstrakti, mis v\u00f5itleb aktiivselt vabade radikaalide vastu, kaitstes ja tugevdades n\u00f5nda naha kollageeni. Aitab taastada ja s\u00e4ilitada naha noorusliku s\u00e4ra.<\/p>\n<p>kood: 651<\/p>\n<p>kogus: 71g<\/p>\n","protected":false},"featured_media":5640,"template":"","meta":[],"product_brand":[],"product_cat":[170],"product_tag":[],"class_list":{"0":"post-4624","1":"product","2":"type-product","3":"status-publish","4":"has-post-thumbnail","6":"product_cat-eksklusiivsed-tooted","8":"first","9":"instock","10":"taxable","11":"shipping-taxable","12":"purchasable","13":"product-type-simple"},"jetpack_sharing_enabled":true,"_links":{"self":[{"href":"https:\/\/aaloe.ee\/et\/wp-json\/wp\/v2\/product\/4624","targetHints":{"allow":["GET"]}}],"collection":[{"href":"https:\/\/aaloe.ee\/et\/wp-json\/wp\/v2\/product"}],"about":[{"href":"https:\/\/aaloe.ee\/et\/wp-json\/wp\/v2\/types\/product"}],"wp:featuredmedia":[{"embeddable":true,"href":"https:\/\/aaloe.ee\/et\/wp-json\/wp\/v2\/media\/5640"}],"wp:attachment":[{"href":"https:\/\/aaloe.ee\/et\/wp-json\/wp\/v2\/media?parent=4624"}],"wp:term":[{"taxonomy":"product_brand","embeddable":true,"href":"https:\/\/aaloe.ee\/et\/wp-json\/wp\/v2\/product_brand?post=4624"},{"taxonomy":"product_cat","embeddable":true,"href":"https:\/\/aaloe.ee\/et\/wp-json\/wp\/v2\/product_cat?post=4624"},{"taxonomy":"product_tag","embeddable":true,"href":"https:\/\/aaloe.ee\/et\/wp-json\/wp\/v2\/product_tag?post=4624"}],"curies":[{"name":"wp","href":"https:\/\/api.w.org\/{rel}","templated":true}]}}