{"id":4546,"date":"2020-10-02T21:29:25","date_gmt":"2020-10-02T18:29:25","guid":{"rendered":"http:\/\/aaloe.ee\/et\/?post_type=product&#038;p=4546"},"modified":"2023-09-18T13:25:37","modified_gmt":"2023-09-18T10:25:37","slug":"aaloega-katepuhasti-forever","status":"publish","type":"product","link":"https:\/\/aaloe.ee\/et\/toode\/aaloega-katepuhasti-forever\/","title":{"rendered":"Forever Instant Hand Cleanser"},"content":{"rendered":"<p><strong><span style=\"color: #ff9900;\">Aaloega k\u00e4tepuhastusvahend\u00a0<\/span><\/strong><\/p>\n<p><strong><span style=\"color: #99cc00;\">Kasutamine: <\/span><\/strong><\/p>\n<p>Kandke v\u00e4ike kogus\u00a0 geeljat puhastusvahendit otse k\u00e4tele ja h\u00f5\u00f5ruge 30 minutit, kuni toode on kuivanud.<\/p>\n<p>Eriti t\u00f5husaks puhastamiseks v\u00f5ite kasutada salvr\u00e4tikut.<\/p>\n<p>Niisutage salvr\u00e4tik puhastusvahendiga ja p\u00fchkige k\u00e4ed.<\/p>\n<p>&nbsp;<\/p>\n","protected":false},"excerpt":{"rendered":"<p>Aaloega k\u00e4tepuhastusvahend, alkoholi sisaldus 70%<\/p>\n<p>Geel on k\u00e4te\u00a0 puhastamiseks, desinfitseerimiseks ja kaitsmiseks ilma vee ja seebita.<\/p>\n<p>250 ml<\/p>\n<p>Kood: 3<\/p>\n","protected":false},"featured_media":4547,"template":"","meta":[],"product_brand":[],"product_cat":[171],"product_tag":[],"class_list":{"0":"post-4546","1":"product","2":"type-product","3":"status-publish","4":"has-post-thumbnail","6":"product_cat-hygieen-suuhooldus","8":"first","9":"instock","10":"taxable","11":"shipping-taxable","12":"purchasable","13":"product-type-simple"},"jetpack_sharing_enabled":true,"_links":{"self":[{"href":"https:\/\/aaloe.ee\/et\/wp-json\/wp\/v2\/product\/4546","targetHints":{"allow":["GET"]}}],"collection":[{"href":"https:\/\/aaloe.ee\/et\/wp-json\/wp\/v2\/product"}],"about":[{"href":"https:\/\/aaloe.ee\/et\/wp-json\/wp\/v2\/types\/product"}],"wp:featuredmedia":[{"embeddable":true,"href":"https:\/\/aaloe.ee\/et\/wp-json\/wp\/v2\/media\/4547"}],"wp:attachment":[{"href":"https:\/\/aaloe.ee\/et\/wp-json\/wp\/v2\/media?parent=4546"}],"wp:term":[{"taxonomy":"product_brand","embeddable":true,"href":"https:\/\/aaloe.ee\/et\/wp-json\/wp\/v2\/product_brand?post=4546"},{"taxonomy":"product_cat","embeddable":true,"href":"https:\/\/aaloe.ee\/et\/wp-json\/wp\/v2\/product_cat?post=4546"},{"taxonomy":"product_tag","embeddable":true,"href":"https:\/\/aaloe.ee\/et\/wp-json\/wp\/v2\/product_tag?post=4546"}],"curies":[{"name":"wp","href":"https:\/\/api.w.org\/{rel}","templated":true}]}}