{"id":4528,"date":"2020-09-17T00:30:34","date_gmt":"2020-09-16T21:30:34","guid":{"rendered":"http:\/\/aaloe.ee\/et\/?post_type=product&#038;p=4528"},"modified":"2025-04-01T23:44:48","modified_gmt":"2025-04-01T20:44:48","slug":"aloe-bio-cellulose-mask-biotselluloosi-mask-aaloega-2","status":"publish","type":"product","link":"https:\/\/aaloe.ee\/et\/toode\/aloe-bio-cellulose-mask-biotselluloosi-mask-aaloega-2\/","title":{"rendered":"Aaloe-biotselluloosimask 1tk"},"content":{"rendered":"<h2><span style=\"color: #ff9900;\">Biotselluloosi mask aaloega<\/span><\/h2>\n<p>\u2013 Niisutab ja taastab t\u00f5husalt nahka<\/p>\n<p>\u2013 V\u00e4rskendab nahatooni ja aitab v\u00f5idelda vananemise tunnustega<\/p>\n<p>\u2013 Rahustab nahka ja v\u00e4hendab punetust<\/p>\n<p>\u2013 Nahk n\u00e4eb v\u00e4lja pehme, pingul ja s\u00e4rav<\/p>\n<p>Foreveri uuenduslik looduslikest koostisainetest valmistatud aaloega biotselluloosmask niisutab ohtralt ja t\u00f5husalt. Uut sorti maski aluse moodustab biotselluloos. See aine kohandub kergesti n\u00e4okontuuridega, v\u00f5imaldades maskil imenduda s\u00fcgavale nii peenetesse kui ka n\u00e4htavamatesse kortsudesse, kuhu tavalised lehtmaskid ei j\u00f5ua.<\/p>\n<p>Aaloega biotselluloosmaskil on kahetine toime. Forever kasutab unikaalset meetodit, kus meie istanduste aaloegeel ja mererohi fermenteeruvad teatud bakterite m\u00f5jul ning muutuvad biotselluloosi kiuks, mis rahustab, pehmendab ja niisutab nahka. Rohelise tee ja hariliku hobukastaniga seerum v\u00e4rskendab v\u00e4sinud nahka ning kaitseb seda vabade radikaalide eest, aidates n\u00f5nda v\u00f5idelda vananemistundem\u00e4rkidega. \u00dchtlasi see rahustab ja v\u00e4hendab naha punetust. Sellisel moel t\u00e4idab \u00fcks mask kahte t\u00e4htsat funktsiooni.<\/p>\n<p>Meie biotselluloosi maski on lihtne kasutada. Seda ei ole vaja maha pesta \u2013 lihtsalt masseerige allesj\u00e4\u00e4nud seerum n\u00e4o- ja kaelanahka. Et biotselluloos v\u00f5imaldab seerumil harilike maskidega v\u00f5rreldes nahka tungida mitu korda s\u00fcgavamalt, p\u00fcsib teie nahk palju kauem niisutatuna.<\/p>\n<p><span style=\"color: #99cc00;\"><strong>KASUTUS:<\/strong><\/span><br \/>\n1. Avage kott ja v\u00f5tke mask lahti.<\/p>\n<p>2. Mask on m\u00f5lemalt poolt kaitstud kangakihiga. Eemaldage \u00fcks kiht ja visake \u00e4ra.<\/p>\n<p>3. Asetage mask n\u00e4ole. Suruge see \u00f5rnalt vastu nahka.<\/p>\n<p>4. Eemaldage teine kangakiht ja visake \u00e4ra.<\/p>\n<p>5. Umbes 20 minuti p\u00e4rast v\u00f5tke mask n\u00e4olt ja visake \u00e4ra. Nahka ei ole vaja pesta. Masseerige maski j\u00e4\u00e4k n\u00e4o- ja kaelanahka, et s\u00e4ilitada nooruslik jume.<\/p>\n<p><strong>Lisainfo :\u00a0<a href=\"http:\/\/aaloe.ee\/wp-content\/uploads\/2019\/04\/Bio-tselluloosi-mask-aaloega.pdf\">Bio-tselluloosi-mask-aaloega<\/a><\/strong><\/p>\n","protected":false},"excerpt":{"rendered":"<p class=\"intro variant a1P0V000003R0wKUAS\"><strong>V\u00f5tke istet, l\u00f5\u00f5gastuge ja laske sel uut sorti maskil oma naha eest hoolt kanda.<\/strong><\/p>\n<p class=\"intro variant a1P0V000003R0wKUAS\">See on suurep\u00e4rane valik neile, kellel on veidi k\u00fcpsem nahk ja kes tahavad s\u00e4ilitada selle noorusliku jume. Aaloega biotselluloosimask niisutab ohtralt ja taastab t\u00f5husalt nahka. Mask v\u00e4rskendab v\u00e4sinud nahka ja annab kauni nahatooni, aidates v\u00f5idelda vananemistunnuste vastu, rahustab nahka ja v\u00e4hendab punetust.\u00a0 Sinu nahk n\u00e4eb v\u00e4lja pehme, pingul ja s\u00e4rav &#8211; k\u00f5igest 20 minutiga .<\/p>\n<p>1 mask<\/p>\n","protected":false},"featured_media":5078,"template":"","meta":[],"product_brand":[],"product_cat":[170],"product_tag":[],"class_list":{"0":"post-4528","1":"product","2":"type-product","3":"status-publish","4":"has-post-thumbnail","6":"product_cat-eksklusiivsed-tooted","8":"first","9":"instock","10":"taxable","11":"shipping-taxable","12":"purchasable","13":"product-type-simple"},"jetpack_sharing_enabled":true,"_links":{"self":[{"href":"https:\/\/aaloe.ee\/et\/wp-json\/wp\/v2\/product\/4528","targetHints":{"allow":["GET"]}}],"collection":[{"href":"https:\/\/aaloe.ee\/et\/wp-json\/wp\/v2\/product"}],"about":[{"href":"https:\/\/aaloe.ee\/et\/wp-json\/wp\/v2\/types\/product"}],"wp:featuredmedia":[{"embeddable":true,"href":"https:\/\/aaloe.ee\/et\/wp-json\/wp\/v2\/media\/5078"}],"wp:attachment":[{"href":"https:\/\/aaloe.ee\/et\/wp-json\/wp\/v2\/media?parent=4528"}],"wp:term":[{"taxonomy":"product_brand","embeddable":true,"href":"https:\/\/aaloe.ee\/et\/wp-json\/wp\/v2\/product_brand?post=4528"},{"taxonomy":"product_cat","embeddable":true,"href":"https:\/\/aaloe.ee\/et\/wp-json\/wp\/v2\/product_cat?post=4528"},{"taxonomy":"product_tag","embeddable":true,"href":"https:\/\/aaloe.ee\/et\/wp-json\/wp\/v2\/product_tag?post=4528"}],"curies":[{"name":"wp","href":"https:\/\/api.w.org\/{rel}","templated":true}]}}