{"id":4411,"date":"2020-04-23T20:32:11","date_gmt":"2020-04-23T17:32:11","guid":{"rendered":"http:\/\/aaloe.ee\/et\/?post_type=product&#038;p=4411"},"modified":"2025-10-31T23:40:34","modified_gmt":"2025-10-31T21:40:34","slug":"aaloe-johvikamahl-330ml","status":"publish","type":"product","link":"https:\/\/aaloe.ee\/et\/toode\/aaloe-johvikamahl-330ml\/","title":{"rendered":"Aaloe-j\u00f5hvikamahl 330ml"},"content":{"rendered":"<div>\n<p><span style=\"color: #ff9900;\"><strong>Forever Aloe Berry Nectar miniformaadis<\/strong><\/span><\/p>\n<p>Meie maitsev Forever Aloe Berry Nectar on n\u00fc\u00fcd saadaval ka minipakendis.\u00a0Nagu Forever Aloe Vera Gel, sisaldab ka Forever Aloe Berry Nectar k\u00e4sitsi korjatud k\u00f5rgeima kvaliteediga Aloe vera sisemist geeli, mis on koristatud t\u00e4iusliku k\u00fcpsusena.\u00a0See sisaldab C-vitamiini ja on keskkonnas\u00f5bralikus karbis.<\/p>\n<p class=\"intro variant a1P0V000003R0Y9UAK\">V\u00e4rske j\u00f5hvikas ja magus \u00f5un. V\u00e4rske j\u00f5hvikas ja magus \u00f5un muudavad meie k\u00f5igi hinnatud aaloemahla erilise maitsega joogiks, mis aitab seedimise korras hoida ning varustab keha mitmesuguste vitamiinide ja f\u00fctotoitainetega.<\/p>\n<p><span style=\"color: #ff9900;\"><strong>Kellele see on?<\/strong><\/span><\/p>\n<p>Forever Aloe Berry Nectar on suurep\u00e4rane k\u00f5igile, kes soovivad alustada oma elus uut head harjumust.\u00a0Eriti hea, kui soovid p\u00fcsida terve ja energiline, kuna meie Aloe vera joogid sisaldavad C-vitamiini, mis aitab kaasa v\u00e4simuse ja kurnatuse v\u00e4hendamisele ning n\u00e4iteks immuuns\u00fcsteemi normaalsele talitlusele.\u00a0Aloe verat on omakorda kasutanud inimesed \u00fcle kogu maailma juba ammusest ajast.\u00a0V\u00f5ib-olla olete juba proovinud m\u00f5nda Aloe vera nahahooldustoodet ja tunnete huvi Aloe vera kui toidulisandi vastu?\u00a0Kui jah, siis olete heas seltskonnas.\u00a0Forever Aloe Berry Nectarit armastavad juba miljonid inimesed \u00fcle kogu maailma.<\/p>\n<section class=\"u-section-spacing\">\n<div class=\"u-container u-container--narrow\">\n<p><span style=\"color: #ff9900;\"><strong>P\u00e4ikesek\u00fcps Aloe vera viljakast pinnasest<\/strong><\/span><\/p>\n<p>Halbadest koostisosadest ei saa head toodet teha.\u00a0Seet\u00f5ttu kasvatatakse meie Aloe verat\u00a0<em>Aloe barbadensis<\/em>\u00a0Miller k\u00fclvikorras viljakal pinnasel kliimas, kus aastas on \u00fcle 2000 p\u00e4ikesepaistelise tunni.\u00a0Kui aloe vera on t\u00e4iesti k\u00fcps, korjatakse see k\u00e4sitsi.\u00a0Kasutame ainult parimat sisegeeli, mis stabiliseeritakse enne Forever Aloe Berry Nectariks valmistamist.\u00a0K\u00f5rgeima kvaliteediga toote turvalisuse tagamiseks l\u00e4bib meie Aloe vera oma teekonnal toorainest valmistooteni mitmeid hoolikaid kontrolle.\u00a0Meie Aloe vera on isegi sertifitseeritud Rahvusvahelise Aloe Teadusn\u00f5ukogu (IASC) poolt, mis t\u00f5estab, et see on omaette liigas.<\/p>\n<p><span style=\"color: #ff9900;\"><strong>Keha ja vaimu energiaks<\/strong><\/span><\/p>\n<p>Forever Aloe Berry Nectar sisaldab C-vitamiini, mis on oluline vitamiin nii seest kui v\u00e4ljast.\u00a0N\u00e4iteks aitab see kaasa rakkude kaitsmisele oks\u00fcdatiivse stressi eest ning ka v\u00e4simuse ja kurnatuse v\u00e4hendamisele ning aitab kaasa ka immuuns\u00fcsteemi normaalsele talitlusele.\u00a0Immuuns\u00fcsteem on keha kaitses\u00fcsteem infektsioonide vastu.\u00a0C-vitamiin aitab kaasa ka normaalsele vaimsele funktsioonile ehk meie m\u00e4lule ja keskendumisv\u00f5imele, \u00f5ppimisv\u00f5imele, arutlemisele ja loogilisele m\u00f5tlemisele.<\/p>\n<p><span style=\"color: #ff9900;\"><strong>Energia metabolismi ja n\u00e4rvis\u00fcsteemi jaoks<\/strong><\/span><\/p>\n<p>C-vitamiin aitab kaasa ka n\u00e4rvis\u00fcsteemi normaalsele talitlusele.\u00a0N\u00e4rvis\u00fcsteem peab korralikult toimima, et k\u00f5ik meie keha erinevad osad saaksid omavahel suhelda ja t\u00f6\u00f6tada koos \u00fchtse \u00fcksusena.\u00a0Energia metabolism meie kehas koosneb kahest osast: p\u00f5hiainevahetusest (kiirus, millega keha kasutab energiat puhkeolekus) ja energiast, mida me kasutame, kui meie keha t\u00f6\u00f6tab f\u00fc\u00fcsiliselt.\u00a0Kuni meie energiasisend on v\u00f5rdne v\u00e4ljundiga ja kehakaal on konstantne, on k\u00f5ik tasakaalus.\u00a0Kui aga tarbimine on vajalikust suurem v\u00f5i v\u00e4iksem, v\u00f5ib energiavahetus h\u00e4irida, mis omakorda v\u00f5ib muuta organismi koostist, mis v\u00f5ib viia alatoitumuse v\u00f5i rasvumiseni.\u00a0C-vitamiin aitab kaasa normaalsele energiavahetusele.<\/p>\n<p><span style=\"color: #ff9900;\"><strong>Vereringe, naha ja luude struktuuri jaoks<\/strong><\/span><\/p>\n<p>Kollageen on meie kehas oluline valk.\u00a0Keha toodab kollageeni ise, kuid tootmine aeglustub vananedes.\u00a0C-vitamiin aitab kaasa normaalsele kollageeni moodustumisele, mis on oluline luustruktuuri, naha, hammaste ja igemete ning veresoonte normaalseks talitluseks.\u00a0C-vitamiin suurendab ka raua imendumist meie kehas, mis on omakorda oluline vereringele.\u00a0Seda seet\u00f5ttu, et mineraalraud on oluline vereloomes ja normaalses hapniku transpordis kogu kehas.<\/p>\n<p><span style=\"color: #ff9900;\"><strong>Hooli kogu tee<\/strong><\/span><\/p>\n<p>Forever Aloe Berry Nectari jaoks kasutame ainult meie enda Aloe vera parimat sisegeeli, mis l\u00e4bib erinevaid teste ja anal\u00fc\u00fcse, et saaksite alati loota meie toote ohutusele.\u00a0Jook on looduslikult magustatud j\u00f5hvika, \u00f5una ja fruktoosiga ning ei sisalda s\u00e4ilitusaineid ega kunstlikke v\u00e4rvaineid.\u00a0Keskkonnakaalutlustel on see pakendatud taaskasutatavasse Tetra Pak karpi, mille materjal ja kuju t\u00e4hendab, et see kasutab transpordil v\u00e4hem ressursse.\u00a0Seet\u00f5ttu v\u00f5ite olla kindel, et meie Aloe vera joogid on valmistatud suurima hoolega, alates taimest kuni valmistooteni.<\/p>\n<\/div>\n<\/section>\n<section class=\"u-section-spacing\">\n<div class=\"u-container u-container--narrow\">\n<div class=\"o-faq\">\n<div class=\"o-faq__header js-toggle-content\" aria-controls=\"ingredients\">\n<h4 class=\"o-faq__title\"><span style=\"color: #ff9900;\">Koostisained<\/span><\/h4>\n<p>Stabiliseeritud Aloe vera geel [Aloe vera geel (90,7%), antioks\u00fcdant (askorbiinhape\/C-vitamiin), happesuse regulaator (sidrunhape)], \u00f5unamahla kontsentraat (4%), fruktoos, j\u00f5hvikamahla kontsentraat (2%).<\/p>\n<p><em>Pange t\u00e4hele, et sisu v\u00f5ib muutuda, kuid pakendil olev teave on alati kehtiv.<\/em><\/p>\n<div class=\"o-faq__header js-toggle-content js-is-active\" aria-controls=\"nutritionalInformation\">\n<h4 class=\"o-faq__title\"><span style=\"color: #ff9900;\">Toitumisalane teave<\/span><\/h4>\n<div class=\"o-faq__header-icon\">Toitev\u00e4\u00e4rtus soovitatava p\u00e4evaannuse (120 ml) kohta:<\/div>\n<\/div>\n<div id=\"nutritionalInformation\" class=\"o-faq__content js-is-visible\">\n<table border=\"1\" cellspacing=\"0\" cellpadding=\"0\">\n<tbody>\n<tr>\n<td><strong>Komponent<\/strong><\/td>\n<td><strong>Kogus<\/strong><\/td>\n<td><strong>RI*<\/strong><\/td>\n<\/tr>\n<tr>\n<td>C-vitamiin<\/td>\n<td>67 mg<\/td>\n<td>84%<\/td>\n<\/tr>\n<\/tbody>\n<\/table>\n<p>* RI = p\u00e4evane v\u00f5rdluskogus<\/p>\n<div class=\"o-faq__header js-toggle-content js-is-active\" aria-controls=\"instructions\">\n<h4 class=\"o-faq__title\"><span style=\"color: #ff9900;\">Juhised<\/span><\/h4>\n<div class=\"o-faq__header-icon\">Enne kasutamist loksutada.\u00a0\u00c4rge kasutage, kui kaane all olev tihend puudub v\u00f5i on kahjustatud.<\/div>\n<\/div>\n<div id=\"instructions\" class=\"o-faq__content js-is-visible\">\n<p><span style=\"color: #99cc00;\"><strong>Soovitatav p\u00e4evane annus:<\/strong><\/span><span style=\"color: #99cc00;\">\u00a0\u00a0<\/span>V\u00f5tke iga p\u00e4ev 3 portsjonit 40 ml.\u00a0Segage iga portsjon 240 ml vee v\u00f5i mahlaga.\u00a0\u00c4rge \u00fcletage soovitatavat \u00f6\u00f6p\u00e4evast annust.\u00a0Toidulisandid ei ole m\u00f5eldud mitmek\u00fclgse toitumise asendamiseks.\u00a0Hoida lastele k\u00e4ttesaamatus kohas.<\/p>\n<p><span style=\"color: #99cc00;\"><strong>S\u00e4ilitamine:<\/strong><\/span><span style=\"color: #99cc00;\">\u00a0\u00a0<\/span>Avatuna hoida k\u00fclmkapis (max 7\u00b0C).\u00a0P\u00e4rast avamist s\u00e4ilib 30 p\u00e4eva, kuid mitte kauem kui m\u00e4rgitud k\u00f5lblikkusaega.<\/p>\n<p>Pidage meeles, et tooted ei sisalda s\u00e4ilitusaineid ja on seet\u00f5ttu tundlikud toidud, mida p\u00e4rast avamist hoida k\u00fclmas.\u00a0Pange pakend kohe p\u00e4rast kasutamist k\u00fclmkappi.\u00a0\u00c4rge kunagi jooge otse pakendist, kuna see v\u00f5ib soovimatuid mikroorganisme edasi kanduda ja l\u00fchendada s\u00e4ilivusaega.\u00a0Pakendis soovitatakse s\u00e4ilitustemperatuuri max.\u00a07\u00b0C, kuid ideaaljuhul hoida temperatuuril 4\u00b0C v\u00f5i k\u00fclmem.<\/p>\n<p><em>See toode on toidulisand.\u00a0\u00c4rge \u00fcletage soovitatavat \u00f6\u00f6p\u00e4evast annust.\u00a0Toidulisandid ei ole m\u00f5eldud mitmek\u00fclgse toitumise ja tervisliku eluviisi asendamiseks.\u00a0Hoida lastele k\u00e4ttesaamatus kohas.<\/em><\/p>\n<\/div>\n<\/div>\n<\/div>\n<\/div>\n<\/div>\n<\/section>\n<p>VEGAN<\/p>\n<\/div>\n<div>\n<div class=\"price variant a1P0V000003R0Y9UAK\">KOGUS: 330ml<\/div>\n<\/div>\n","protected":false},"excerpt":{"rendered":"<div>\n<p>Me ei liialda sugugi, kui \u00fctleme, et aaloe-j\u00f5hvikamahlas on rohkelt meie aaloed. See sisaldab 90,7% stabiliseeritud aaloelehe sisemuse geeli ja naturaalset mahlakontsentraati, mis aitavad immuuns\u00fcsteemi tugevana ja energiataseme loomulikuna hoida.<\/p>\n<p>VEGAN<\/p>\n<\/div>\n<div>\n<div class=\"price variant a1P0V000003R0Y9UAK\">KOGUS: 330ml<\/div>\n<\/div>\n","protected":false},"featured_media":4940,"template":"","meta":[],"product_brand":[],"product_cat":[14,20],"product_tag":[],"class_list":{"0":"post-4411","1":"product","2":"type-product","3":"status-publish","4":"has-post-thumbnail","6":"product_cat-joogid","7":"product_cat-kehakaal-ja-toitumine","9":"first","10":"instock","11":"taxable","12":"shipping-taxable","13":"purchasable","14":"product-type-simple"},"jetpack_sharing_enabled":true,"_links":{"self":[{"href":"https:\/\/aaloe.ee\/et\/wp-json\/wp\/v2\/product\/4411","targetHints":{"allow":["GET"]}}],"collection":[{"href":"https:\/\/aaloe.ee\/et\/wp-json\/wp\/v2\/product"}],"about":[{"href":"https:\/\/aaloe.ee\/et\/wp-json\/wp\/v2\/types\/product"}],"wp:featuredmedia":[{"embeddable":true,"href":"https:\/\/aaloe.ee\/et\/wp-json\/wp\/v2\/media\/4940"}],"wp:attachment":[{"href":"https:\/\/aaloe.ee\/et\/wp-json\/wp\/v2\/media?parent=4411"}],"wp:term":[{"taxonomy":"product_brand","embeddable":true,"href":"https:\/\/aaloe.ee\/et\/wp-json\/wp\/v2\/product_brand?post=4411"},{"taxonomy":"product_cat","embeddable":true,"href":"https:\/\/aaloe.ee\/et\/wp-json\/wp\/v2\/product_cat?post=4411"},{"taxonomy":"product_tag","embeddable":true,"href":"https:\/\/aaloe.ee\/et\/wp-json\/wp\/v2\/product_tag?post=4411"}],"curies":[{"name":"wp","href":"https:\/\/api.w.org\/{rel}","templated":true}]}}